{"id":3050,"date":"2022-01-29T14:17:23","date_gmt":"2022-01-29T11:17:23","guid":{"rendered":"https:\/\/klinik19.com\/?page_id=3050"},"modified":"2022-02-17T00:04:52","modified_gmt":"2022-02-16T21:04:52","slug":"dijital-olcu","status":"publish","type":"page","link":"https:\/\/klinik19.com\/de\/digitales-mab\/","title":{"rendered":"Digitales Ma\u00df"},"content":{"rendered":"<div id=\"pl-3050\"  class=\"panel-layout\" ><div id=\"pg-3050-0\"  class=\"panel-grid panel-has-style\" ><div class=\"divider-no-animation tablet-default mobile-default desktop-default custom panel-row-style panel-row-style-for-3050-0\" ><div id=\"pgc-3050-0-0\"  class=\"panel-grid-cell\" ><div class=\"custom panel-cell-style panel-cell-style-for-3050-0-0\" ><div id=\"panel-3050-0-0-0\" class=\"so-panel widget widget_sow-editor panel-first-child panel-last-child\" data-index=\"0\" ><div class=\"orion custom default panel-widget-style panel-widget-style-for-3050-0-0-0\" ><div\n\t\t\t\n\t\t\tclass=\"so-widget-sow-editor so-widget-sow-editor-base\"\n\t\t\t\n\t\t>\n<div class=\"siteorigin-widget-tinymce textwidget\">\n\t<p>In der Zahnmedizin sollten vor Eingriffen wie prothetischen Behandlungen, kieferorthop\u00e4dischen Behandlungen, F\u00fchrungspr\u00e4parationen vor chirurgischen Eingriffen und Schutzplaques Zahnmessungen am Patienten vorgenommen werden. Zur Abformung werden konventionelle (traditionelle Methoden) und digitale Methoden verwendet.<span class=\"Apple-converted-space\">\u00a0<\/span><\/p>\n<p>W\u00e4hrend Messungen mit Silikonen vorgenommen wurden, die in L\u00f6ffel gegeben und von Patienten als Teig beschrieben werden, wurde der digitale Workflow in den letzten Jahren mit der sich entwickelnden Technologie in die Zahnmedizin integriert.<span class=\"Apple-converted-space\">\u00a0<\/span><\/p>\n<h2>Was ist eine digitale Ma\u00dfnahme?<\/h2>\n<p>Es ist die Scanmethode, die die Z\u00e4hne der Patienten mit einem intelligenten Ger\u00e4t misst, das Computersoftware mit einer intraoralen Scannerspitze enth\u00e4lt.<\/p>\n<h2>Was sind die Vorteile der digitalen Ma\u00dfnahme?<\/h2>\n<ul>\n<li>Bietet eine einfache Bedienung bei Patienten mit \u00dcbelkeitsreflex.<\/li>\n<li>Die Messgenauigkeit erlaubt das Arbeiten im Mikrometerbereich.<\/li>\n<li>Die Messungen k\u00f6nnen am Computer aufgezeichnet und bei Bedarf erneut \u00fcberpr\u00fcft werden.<span class=\"Apple-converted-space\">\u00a0<\/span><\/li>\n<li>Die Fehlerquote bei der Modellerstellung ist geringer als bei der klassischen Methode.<\/li>\n<li>Es verk\u00fcrzt die Bauzeit von Restaurationen.<\/li>\n<\/ul>\n<h3>Welchen Platz hat der digitale Scanner im Smile-Design?<\/h3>\n<p>In dem von uns verwendeten digitalen Messger\u00e4t wird dem Patienten eine Simulation der herzustellenden Restaurationen mit den vor der Bearbeitung der Z\u00e4hne des Patienten aufgenommenen Fotos gezeigt. Der Patient bekommt einen ersten Eindruck davon, wie seine Z\u00e4hne am Ende aussehen werden. Durch die Ver\u00e4nderung von Form und Farbe der Z\u00e4hne zusammen mit dem Zahnarzt kann das gew\u00fcnschte Ergebnis erzielt werden.<\/p>\n<p>Nachdem die Z\u00e4hne pr\u00e4pariert sind, werden die Abmessungen der Z\u00e4hne mit der optischen Scannerspitze erfasst. Im Labor werden die vom Patienten gew\u00fcnschten Modellz\u00e4hne mit computergest\u00fctzten Schabeger\u00e4ten hergestellt und dem Patienten appliziert.<\/p>\n<h3>Welche Operationen k\u00f6nnen mit einem digitalen Scanner durchgef\u00fchrt werden?<\/h3>\n<ul>\n<li>Z\u00e4hne aus Porzellanlaminat<\/li>\n<li>Zirkonia-Kronen<\/li>\n<li>Kronen aus Glaskeramik<\/li>\n<li>Inlay-\/Onlay-Restaurationen<\/li>\n<li>Implantatprothesen<\/li>\n<li>Transparente Plaques f\u00fcr die Kieferorthop\u00e4die und Behandlungsplanung<\/li>\n<li>Chirurgische F\u00fchrungsplatten vor dem Implantationsverfahren<\/li>\n<\/ul>\n<\/div>\n<\/div><\/div><\/div><\/div><\/div><div id=\"pgc-3050-0-1\"  class=\"panel-grid-cell\" ><div class=\"custom panel-cell-style panel-cell-style-for-3050-0-1\" ><div id=\"panel-3050-0-1-0\" class=\"so-panel widget widget_sow-image panel-first-child\" data-index=\"1\" ><div class=\"orion custom default panel-widget-style panel-widget-style-for-3050-0-1-0\" ><div\n\t\t\t\n\t\t\tclass=\"so-widget-sow-image so-widget-sow-image-default-8b5b6f678277-3050\"\n\t\t\t\n\t\t>\n<div class=\"sow-image-container\">\n\t\t<img \n\tsrc=\"https:\/\/klinik19.com\/wp-content\/uploads\/2022\/01\/Smile-Design-2019-1-min-2048x1365-1.jpeg\" width=\"2048\" height=\"1365\" srcset=\"https:\/\/klinik19.com\/wp-content\/uploads\/2022\/01\/Smile-Design-2019-1-min-2048x1365-1.jpeg 2048w, https:\/\/klinik19.com\/wp-content\/uploads\/2022\/01\/Smile-Design-2019-1-min-2048x1365-1-300x200.jpeg 300w, https:\/\/klinik19.com\/wp-content\/uploads\/2022\/01\/Smile-Design-2019-1-min-2048x1365-1-1024x683.jpeg 1024w, https:\/\/klinik19.com\/wp-content\/uploads\/2022\/01\/Smile-Design-2019-1-min-2048x1365-1-768x512.jpeg 768w, https:\/\/klinik19.com\/wp-content\/uploads\/2022\/01\/Smile-Design-2019-1-min-2048x1365-1-1536x1024.jpeg 1536w, https:\/\/klinik19.com\/wp-content\/uploads\/2022\/01\/Smile-Design-2019-1-min-2048x1365-1-750x500.jpeg 750w, https:\/\/klinik19.com\/wp-content\/uploads\/2022\/01\/Smile-Design-2019-1-min-2048x1365-1-272x182.jpeg 272w\" sizes=\"(max-width: 2048px) 100vw, 2048px\" title=\"Smile-Design-2019-1-min-2048&#215;1365\" alt=\"Smile-Design-2019-1-min-2048x1365\" \t\tclass=\"so-widget-image\"\/>\n\t<\/div>\n\n<\/div><\/div><\/div><div id=\"panel-3050-0-1-1\" class=\"so-panel widget widget_orion_image_w panel-last-child\" data-index=\"2\" ><div class=\"orion custom default panel-widget-style panel-widget-style-for-3050-0-1-1\" ><div\n\t\t\t\n\t\t\tclass=\"so-widget-orion_image_w so-widget-orion_image_w-base\"\n\t\t\t\n\t\t>\r\n<div class=\"image-w relative\">\r\n\r\n\t\t\t\t\t\t\t<div class=\"overlay-none overlay-hover-none\">\r\n\t\t\r\n\t\t\t\t\t<img loading=\"lazy\" decoding=\"async\" width=\"1112\" height=\"1045\" src=\"https:\/\/klinik19.com\/wp-content\/uploads\/2022\/01\/dijital-olcu.jpeg\" class=\"attachment- size-\" alt=\"dijital-olcu\" \/>\t\t\t<div class=\"overlay\"><\/div>\r\n\t\t\r\n\t\t\t\t\t<\/div>\r\n\t\t\t\r\n\t\r\n\t<div class=\"absolute\">\r\n\t\t<div class=\"hover-desc table-wrap\">\r\n\t\t\t<div class=\"cell-wrap\">\r\n\t\t\t\t<h4 class=\"text-light\"><\/h4>\r\n\t\t\t<\/div>\r\n\t\t<\/div>\r\n\t<\/div>\t\t\t\t\t\r\n<\/div>\r\n\r\n<\/div><\/div><\/div><\/div><\/div><\/div><\/div><\/div>","protected":false},"excerpt":{"rendered":"<p>Di\u015f hekimli\u011finde protetik tedaviler, ortodonti tedavileri, cerrahi i\u015flemler \u00f6ncesi rehber haz\u0131rl\u0131klar\u0131, koruyucu plaklar\u0131n yap\u0131lmas\u0131 gibi i\u015flemler \u00f6ncesinde hastadan di\u015f \u00f6l\u00e7\u00fcleri al\u0131nmas\u0131 gerekmektedir. \u00d6l\u00e7\u00fc al\u0131m\u0131nda konvansiyonel (geleneksel y\u00f6ntemler ) ve dijital y\u00f6ntemler kullan\u0131lmaktad\u0131r.\u00a0 G\u00fcn\u00fcm\u00fcze kadar ka\u015f\u0131klar i\u00e7ine koyulan ve hastalar\u0131n hamur gibi tabir etti\u011fi silikonlar ile \u00f6l\u00e7\u00fcler al\u0131n\u0131rken son y\u0131llarda geli\u015fen teknoloji ile dijital i\u015f ak\u0131\u015f\u0131<\/p>","protected":false},"author":1,"featured_media":3051,"parent":0,"menu_order":0,"comment_status":"closed","ping_status":"closed","template":"","meta":{"footnotes":""},"class_list":["post-3050","page","type-page","status-publish","has-post-thumbnail","hentry"],"yoast_head":"<!-- This site is optimized with the Yoast SEO plugin v27.5 - https:\/\/yoast.com\/product\/yoast-seo-wordpress\/ -->\n<title>Dijital \u00d6l\u00e7\u00fc - Klinik19 &Ccedil;orum - A\u011f\u0131z ve Di\u015f Sa\u011fl\u0131\u011f\u0131 Klini\u011fi<\/title>\n<meta name=\"robots\" content=\"index, follow, max-snippet:-1, max-image-preview:large, max-video-preview:-1\" \/>\n<link rel=\"canonical\" href=\"https:\/\/klinik19.com\/de\/digitales-mab\/\" \/>\n<meta property=\"og:locale\" content=\"de_DE\" \/>\n<meta property=\"og:type\" content=\"article\" \/>\n<meta property=\"og:title\" content=\"Dijital \u00d6l\u00e7\u00fc - Klinik19 &Ccedil;orum - A\u011f\u0131z ve Di\u015f Sa\u011fl\u0131\u011f\u0131 Klini\u011fi\" \/>\n<meta property=\"og:description\" content=\"Di\u015f hekimli\u011finde protetik tedaviler, ortodonti tedavileri, cerrahi i\u015flemler \u00f6ncesi rehber haz\u0131rl\u0131klar\u0131, koruyucu plaklar\u0131n yap\u0131lmas\u0131 gibi i\u015flemler \u00f6ncesinde hastadan di\u015f \u00f6l\u00e7\u00fcleri al\u0131nmas\u0131 gerekmektedir. \u00d6l\u00e7\u00fc al\u0131m\u0131nda konvansiyonel (geleneksel y\u00f6ntemler ) ve dijital y\u00f6ntemler kullan\u0131lmaktad\u0131r.\u00a0 G\u00fcn\u00fcm\u00fcze kadar ka\u015f\u0131klar i\u00e7ine koyulan ve hastalar\u0131n hamur gibi tabir etti\u011fi silikonlar ile \u00f6l\u00e7\u00fcler al\u0131n\u0131rken son y\u0131llarda geli\u015fen teknoloji ile dijital i\u015f ak\u0131\u015f\u0131\" \/>\n<meta property=\"og:url\" content=\"https:\/\/klinik19.com\/de\/digitales-mab\/\" \/>\n<meta property=\"og:site_name\" content=\"Klinik19 &Ccedil;orum - A\u011f\u0131z ve Di\u015f Sa\u011fl\u0131\u011f\u0131 Klini\u011fi\" \/>\n<meta property=\"article:publisher\" content=\"https:\/\/www.facebook.com\/klinik19corum\/\" \/>\n<meta property=\"article:modified_time\" content=\"2022-02-16T21:04:52+00:00\" \/>\n<meta property=\"og:image\" content=\"https:\/\/klinik19.com\/wp-content\/uploads\/2022\/01\/dijital-olcu.jpeg\" \/>\n\t<meta property=\"og:image:width\" content=\"1112\" \/>\n\t<meta property=\"og:image:height\" content=\"1045\" \/>\n\t<meta property=\"og:image:type\" content=\"image\/jpeg\" \/>\n<meta name=\"twitter:card\" content=\"summary_large_image\" \/>\n<meta name=\"twitter:label1\" content=\"Gesch\u00e4tzte Lesezeit\" \/>\n\t<meta name=\"twitter:data1\" content=\"2\u00a0Minuten\" \/>\n<script type=\"application\/ld+json\" class=\"yoast-schema-graph\">{\"@context\":\"https:\\\/\\\/schema.org\",\"@graph\":[{\"@type\":\"WebPage\",\"@id\":\"https:\\\/\\\/klinik19.com\\\/dijital-olcu\\\/\",\"url\":\"https:\\\/\\\/klinik19.com\\\/dijital-olcu\\\/\",\"name\":\"Dijital \u00d6l\u00e7\u00fc - Klinik19 &Ccedil;orum - A\u011f\u0131z ve Di\u015f Sa\u011fl\u0131\u011f\u0131 Klini\u011fi\",\"isPartOf\":{\"@id\":\"https:\\\/\\\/klinik19.com\\\/#website\"},\"primaryImageOfPage\":{\"@id\":\"https:\\\/\\\/klinik19.com\\\/dijital-olcu\\\/#primaryimage\"},\"image\":{\"@id\":\"https:\\\/\\\/klinik19.com\\\/dijital-olcu\\\/#primaryimage\"},\"thumbnailUrl\":\"https:\\\/\\\/klinik19.com\\\/wp-content\\\/uploads\\\/2022\\\/01\\\/dijital-olcu.jpeg\",\"datePublished\":\"2022-01-29T11:17:23+00:00\",\"dateModified\":\"2022-02-16T21:04:52+00:00\",\"breadcrumb\":{\"@id\":\"https:\\\/\\\/klinik19.com\\\/dijital-olcu\\\/#breadcrumb\"},\"inLanguage\":\"de\",\"potentialAction\":[{\"@type\":\"ReadAction\",\"target\":[\"https:\\\/\\\/klinik19.com\\\/dijital-olcu\\\/\"]}]},{\"@type\":\"ImageObject\",\"inLanguage\":\"de\",\"@id\":\"https:\\\/\\\/klinik19.com\\\/dijital-olcu\\\/#primaryimage\",\"url\":\"https:\\\/\\\/klinik19.com\\\/wp-content\\\/uploads\\\/2022\\\/01\\\/dijital-olcu.jpeg\",\"contentUrl\":\"https:\\\/\\\/klinik19.com\\\/wp-content\\\/uploads\\\/2022\\\/01\\\/dijital-olcu.jpeg\",\"width\":1112,\"height\":1045,\"caption\":\"dijital-olcu\"},{\"@type\":\"BreadcrumbList\",\"@id\":\"https:\\\/\\\/klinik19.com\\\/dijital-olcu\\\/#breadcrumb\",\"itemListElement\":[{\"@type\":\"ListItem\",\"position\":1,\"name\":\"Anasayfa\",\"item\":\"https:\\\/\\\/klinik19.com\\\/\"},{\"@type\":\"ListItem\",\"position\":2,\"name\":\"Dijital \u00d6l\u00e7\u00fc\"}]},{\"@type\":\"WebSite\",\"@id\":\"https:\\\/\\\/klinik19.com\\\/#website\",\"url\":\"https:\\\/\\\/klinik19.com\\\/\",\"name\":\"Klinik19 &Ccedil;orum - A\u011f\u0131z ve Di\u015f Sa\u011fl\u0131\u011f\u0131 Klini\u011fi\",\"description\":\"De\u011fi\u015fimi G&uuml;l&uuml;msemende Hisset\",\"publisher\":{\"@id\":\"https:\\\/\\\/klinik19.com\\\/#organization\"},\"potentialAction\":[{\"@type\":\"SearchAction\",\"target\":{\"@type\":\"EntryPoint\",\"urlTemplate\":\"https:\\\/\\\/klinik19.com\\\/?s={search_term_string}\"},\"query-input\":{\"@type\":\"PropertyValueSpecification\",\"valueRequired\":true,\"valueName\":\"search_term_string\"}}],\"inLanguage\":\"de\"},{\"@type\":\"Organization\",\"@id\":\"https:\\\/\\\/klinik19.com\\\/#organization\",\"name\":\"Klinik19 - A\u011f\u0131z ve Di\u015f Sa\u011fl\u0131\u011f\u0131 Poliklini\u011fi\",\"url\":\"https:\\\/\\\/klinik19.com\\\/\",\"logo\":{\"@type\":\"ImageObject\",\"inLanguage\":\"de\",\"@id\":\"https:\\\/\\\/klinik19.com\\\/#\\\/schema\\\/logo\\\/image\\\/\",\"url\":\"https:\\\/\\\/klinik19.com\\\/wp-content\\\/uploads\\\/2022\\\/02\\\/klinik19-logobg.png\",\"contentUrl\":\"https:\\\/\\\/klinik19.com\\\/wp-content\\\/uploads\\\/2022\\\/02\\\/klinik19-logobg.png\",\"width\":706,\"height\":431,\"caption\":\"Klinik19 - A\u011f\u0131z ve Di\u015f Sa\u011fl\u0131\u011f\u0131 Poliklini\u011fi\"},\"image\":{\"@id\":\"https:\\\/\\\/klinik19.com\\\/#\\\/schema\\\/logo\\\/image\\\/\"},\"sameAs\":[\"https:\\\/\\\/www.facebook.com\\\/klinik19corum\\\/\",\"https:\\\/\\\/www.instagram.com\\\/klinik.19\\\/\"]}]}<\/script>\n<!-- \/ Yoast SEO plugin. -->","yoast_head_json":{"title":"Dijital \u00d6l\u00e7\u00fc - Klinik19 &Ccedil;orum - A\u011f\u0131z ve Di\u015f Sa\u011fl\u0131\u011f\u0131 Klini\u011fi","robots":{"index":"index","follow":"follow","max-snippet":"max-snippet:-1","max-image-preview":"max-image-preview:large","max-video-preview":"max-video-preview:-1"},"canonical":"https:\/\/klinik19.com\/de\/digitales-mab\/","og_locale":"de_DE","og_type":"article","og_title":"Dijital \u00d6l\u00e7\u00fc - Klinik19 &Ccedil;orum - A\u011f\u0131z ve Di\u015f Sa\u011fl\u0131\u011f\u0131 Klini\u011fi","og_description":"Di\u015f hekimli\u011finde protetik tedaviler, ortodonti tedavileri, cerrahi i\u015flemler \u00f6ncesi rehber haz\u0131rl\u0131klar\u0131, koruyucu plaklar\u0131n yap\u0131lmas\u0131 gibi i\u015flemler \u00f6ncesinde hastadan di\u015f \u00f6l\u00e7\u00fcleri al\u0131nmas\u0131 gerekmektedir. \u00d6l\u00e7\u00fc al\u0131m\u0131nda konvansiyonel (geleneksel y\u00f6ntemler ) ve dijital y\u00f6ntemler kullan\u0131lmaktad\u0131r.\u00a0 G\u00fcn\u00fcm\u00fcze kadar ka\u015f\u0131klar i\u00e7ine koyulan ve hastalar\u0131n hamur gibi tabir etti\u011fi silikonlar ile \u00f6l\u00e7\u00fcler al\u0131n\u0131rken son y\u0131llarda geli\u015fen teknoloji ile dijital i\u015f ak\u0131\u015f\u0131","og_url":"https:\/\/klinik19.com\/de\/digitales-mab\/","og_site_name":"Klinik19 &Ccedil;orum - A\u011f\u0131z ve Di\u015f Sa\u011fl\u0131\u011f\u0131 Klini\u011fi","article_publisher":"https:\/\/www.facebook.com\/klinik19corum\/","article_modified_time":"2022-02-16T21:04:52+00:00","og_image":[{"width":1112,"height":1045,"url":"https:\/\/klinik19.com\/wp-content\/uploads\/2022\/01\/dijital-olcu.jpeg","type":"image\/jpeg"}],"twitter_card":"summary_large_image","twitter_misc":{"Gesch\u00e4tzte Lesezeit":"2\u00a0Minuten"},"schema":{"@context":"https:\/\/schema.org","@graph":[{"@type":"WebPage","@id":"https:\/\/klinik19.com\/dijital-olcu\/","url":"https:\/\/klinik19.com\/dijital-olcu\/","name":"Dijital \u00d6l\u00e7\u00fc - Klinik19 &Ccedil;orum - A\u011f\u0131z ve Di\u015f Sa\u011fl\u0131\u011f\u0131 Klini\u011fi","isPartOf":{"@id":"https:\/\/klinik19.com\/#website"},"primaryImageOfPage":{"@id":"https:\/\/klinik19.com\/dijital-olcu\/#primaryimage"},"image":{"@id":"https:\/\/klinik19.com\/dijital-olcu\/#primaryimage"},"thumbnailUrl":"https:\/\/klinik19.com\/wp-content\/uploads\/2022\/01\/dijital-olcu.jpeg","datePublished":"2022-01-29T11:17:23+00:00","dateModified":"2022-02-16T21:04:52+00:00","breadcrumb":{"@id":"https:\/\/klinik19.com\/dijital-olcu\/#breadcrumb"},"inLanguage":"de","potentialAction":[{"@type":"ReadAction","target":["https:\/\/klinik19.com\/dijital-olcu\/"]}]},{"@type":"ImageObject","inLanguage":"de","@id":"https:\/\/klinik19.com\/dijital-olcu\/#primaryimage","url":"https:\/\/klinik19.com\/wp-content\/uploads\/2022\/01\/dijital-olcu.jpeg","contentUrl":"https:\/\/klinik19.com\/wp-content\/uploads\/2022\/01\/dijital-olcu.jpeg","width":1112,"height":1045,"caption":"dijital-olcu"},{"@type":"BreadcrumbList","@id":"https:\/\/klinik19.com\/dijital-olcu\/#breadcrumb","itemListElement":[{"@type":"ListItem","position":1,"name":"Anasayfa","item":"https:\/\/klinik19.com\/"},{"@type":"ListItem","position":2,"name":"Dijital \u00d6l\u00e7\u00fc"}]},{"@type":"WebSite","@id":"https:\/\/klinik19.com\/#website","url":"https:\/\/klinik19.com\/","name":"Klinik19 &Ccedil;orum - A\u011f\u0131z ve Di\u015f Sa\u011fl\u0131\u011f\u0131 Klini\u011fi","description":"De\u011fi\u015fimi G&uuml;l&uuml;msemende Hisset","publisher":{"@id":"https:\/\/klinik19.com\/#organization"},"potentialAction":[{"@type":"SearchAction","target":{"@type":"EntryPoint","urlTemplate":"https:\/\/klinik19.com\/?s={search_term_string}"},"query-input":{"@type":"PropertyValueSpecification","valueRequired":true,"valueName":"search_term_string"}}],"inLanguage":"de"},{"@type":"Organization","@id":"https:\/\/klinik19.com\/#organization","name":"Klinik19 - A\u011f\u0131z ve Di\u015f Sa\u011fl\u0131\u011f\u0131 Poliklini\u011fi","url":"https:\/\/klinik19.com\/","logo":{"@type":"ImageObject","inLanguage":"de","@id":"https:\/\/klinik19.com\/#\/schema\/logo\/image\/","url":"https:\/\/klinik19.com\/wp-content\/uploads\/2022\/02\/klinik19-logobg.png","contentUrl":"https:\/\/klinik19.com\/wp-content\/uploads\/2022\/02\/klinik19-logobg.png","width":706,"height":431,"caption":"Klinik19 - A\u011f\u0131z ve Di\u015f Sa\u011fl\u0131\u011f\u0131 Poliklini\u011fi"},"image":{"@id":"https:\/\/klinik19.com\/#\/schema\/logo\/image\/"},"sameAs":["https:\/\/www.facebook.com\/klinik19corum\/","https:\/\/www.instagram.com\/klinik.19\/"]}]}},"_links":{"self":[{"href":"https:\/\/klinik19.com\/de\/wp-json\/wp\/v2\/pages\/3050","targetHints":{"allow":["GET"]}}],"collection":[{"href":"https:\/\/klinik19.com\/de\/wp-json\/wp\/v2\/pages"}],"about":[{"href":"https:\/\/klinik19.com\/de\/wp-json\/wp\/v2\/types\/page"}],"author":[{"embeddable":true,"href":"https:\/\/klinik19.com\/de\/wp-json\/wp\/v2\/users\/1"}],"replies":[{"embeddable":true,"href":"https:\/\/klinik19.com\/de\/wp-json\/wp\/v2\/comments?post=3050"}],"version-history":[{"count":23,"href":"https:\/\/klinik19.com\/de\/wp-json\/wp\/v2\/pages\/3050\/revisions"}],"predecessor-version":[{"id":3440,"href":"https:\/\/klinik19.com\/de\/wp-json\/wp\/v2\/pages\/3050\/revisions\/3440"}],"wp:featuredmedia":[{"embeddable":true,"href":"https:\/\/klinik19.com\/de\/wp-json\/wp\/v2\/media\/3051"}],"wp:attachment":[{"href":"https:\/\/klinik19.com\/de\/wp-json\/wp\/v2\/media?parent=3050"}],"curies":[{"name":"wp","href":"https:\/\/api.w.org\/{rel}","templated":true}]}}