{"id":3075,"date":"2022-01-29T14:51:48","date_gmt":"2022-01-29T11:51:48","guid":{"rendered":"https:\/\/klinik19.com\/?page_id=3075"},"modified":"2022-02-17T00:14:16","modified_gmt":"2022-02-16T21:14:16","slug":"lazer","status":"publish","type":"page","link":"https:\/\/klinik19.com\/de\/laser\/","title":{"rendered":"Laser"},"content":{"rendered":"<div id=\"pl-3075\"  class=\"panel-layout\" ><div id=\"pg-3075-0\"  class=\"panel-grid panel-has-style\" ><div class=\"divider-no-animation tablet-default mobile-default desktop-default custom panel-row-style panel-row-style-for-3075-0\" ><div id=\"pgc-3075-0-0\"  class=\"panel-grid-cell\" ><div class=\"custom panel-cell-style panel-cell-style-for-3075-0-0\" ><div id=\"panel-3075-0-0-0\" class=\"so-panel widget widget_sow-editor panel-first-child panel-last-child\" data-index=\"0\" ><div class=\"orion custom default panel-widget-style panel-widget-style-for-3075-0-0-0\" ><div\n\t\t\t\n\t\t\tclass=\"so-widget-sow-editor so-widget-sow-editor-base\"\n\t\t\t\n\t\t>\n<div class=\"siteorigin-widget-tinymce textwidget\">\n\t<h2>WO KANN DER LASER EINGESETZT WERDEN?<\/h2>\n<p class=\"translation-block\"><strong>1-Orale Vorbereitung vor dem F\u00fcllen mit Laser-Kariesentfernung:<\/strong> Es ist eine effektive Methode zur Entfernung von Karies. Da der gereinigte Bereich aufgrund der Art der Laserenergie steril ist, werden sp\u00e4tere Bluterg\u00fcsse verhindert.<\/p>\n<p class=\"translation-block\"><strong>2-Laser:<\/strong> Wurzelkanalbehandlung mit<\/strong> Da es eine gute Sterilisation in stark infizierten Kan\u00e4len bietet, ist die Heilung schnell.<\/p>\n<p class=\"translation-block\"><strong>3-Laser-Zahnfleischbehandlungen:<\/strong> <\/strong> Es wird zur Korrektur und Nivellierung der Zahnfleisch\u00e4sthetik, zur Behandlung von Zahnfleischerkrankungen, zur Korrektur von Verf\u00e4rbungen im Weichgewebe (Depigmentierung) und zur Entfernung von Zahnfleisch verwendet Gewebel\u00e4sionen.<\/p>\n<p class=\"translation-block\"><strong>4-Laser-Herpes- und Herpesbehandlungen:<\/strong> W\u00e4hrend der Heilungsprozess normalerweise eine Woche dauert, wurde nach der Bestrahlung der Aphthen und Herpes beobachtet, dass der Heilungsprozess, der im normalen Prozess 7 Tage dauert, beschleunigt und Aphthen und Herpes treten nicht wieder im selben Bereich auf.<\/p>\n<p class=\"translation-block\"><strong>5-Laser-Sensibilit\u00e4tsbehandlung:<\/strong>\u00a0 Schlie\u00dfen der Dentinkan\u00e4le in der Dentinschicht und Entfernen der Empfindlichkeit durch Anwenden von Laserstrahlen auf den empfindlichen Zahn.<\/p>\n<p class=\"translation-block\"><strong>6-Laser-Bleaching: <\/strong>\u00a0W\u00e4hrend der Aufhellungsprozess bei der normalen Aufhellungsmethode mehrere Sitzungen erfordert, werden beim Laser-Bleaching effektive Ergebnisse in einer Sitzung erzielt.<\/p>\n<p class=\"translation-block\"><strong>Chirurgische Behandlungen mit 7-Laser:<\/strong>\u00a0Der Laserstrahl wird in einigen Phasen chirurgischer Eingriffe verwendet, da er Blutungen reduziert und das Gewebe weniger sch\u00e4digt. Die Risiken von Komplikationen wie postoperative Schwellungen, Bluterg\u00fcsse und Schmerzen werden nach Laserunterst\u00fctzung bei Implantaten, Knochenoperationen, Weichteiloperationen, Weisheitszahnoperationen und nach einigen chirurgischen Eingriffen reduziert.<\/p>\n<\/div>\n<\/div><\/div><\/div><\/div><\/div><div id=\"pgc-3075-0-1\"  class=\"panel-grid-cell\" ><div id=\"panel-3075-0-1-0\" class=\"so-panel widget widget_orion_image_w panel-first-child\" data-index=\"1\" ><div class=\"orion custom default panel-widget-style panel-widget-style-for-3075-0-1-0\" ><div\n\t\t\t\n\t\t\tclass=\"so-widget-orion_image_w so-widget-orion_image_w-base\"\n\t\t\t\n\t\t>\r\n<div class=\"image-w relative\">\r\n\r\n\t\t\t\t\t\t\t<div class=\"orion_carousel overlay-none overlay-hover-none\">\r\n\t\t\r\n\t\t\t\t\t<img loading=\"lazy\" decoding=\"async\" width=\"664\" height=\"354\" src=\"https:\/\/klinik19.com\/wp-content\/uploads\/2022\/01\/klinik19_dis_lazer.jpeg\" class=\"attachment-orion_carousel size-orion_carousel\" alt=\"klinik19_dis_lazer\" \/>\t\t\t<div class=\"overlay\"><\/div>\r\n\t\t\r\n\t\t\t\t\t<\/div>\r\n\t\t\t\r\n\t\r\n\t<div class=\"absolute\">\r\n\t\t<div class=\"hover-desc table-wrap\">\r\n\t\t\t<div class=\"cell-wrap\">\r\n\t\t\t\t<h4 class=\"text-light\"><\/h4>\r\n\t\t\t<\/div>\r\n\t\t<\/div>\r\n\t<\/div>\t\t\t\t\t\r\n<\/div>\r\n\r\n<\/div><\/div><\/div><div id=\"panel-3075-0-1-1\" class=\"so-panel widget widget_orion_image_w panel-last-child\" data-index=\"2\" ><div class=\"orion custom default panel-widget-style panel-widget-style-for-3075-0-1-1\" ><div\n\t\t\t\n\t\t\tclass=\"so-widget-orion_image_w so-widget-orion_image_w-base\"\n\t\t\t\n\t\t>\r\n<div class=\"image-w relative\">\r\n\r\n\t\t\t\t\t\t\t<div class=\"orion_carousel overlay-none overlay-hover-none\">\r\n\t\t\r\n\t\t\t\t\t<img loading=\"lazy\" decoding=\"async\" width=\"650\" height=\"325\" src=\"https:\/\/klinik19.com\/wp-content\/uploads\/2022\/01\/dis_lazer_klinik_19.jpeg\" class=\"attachment-orion_carousel size-orion_carousel\" alt=\"dis_lazer_klinik_19\" \/>\t\t\t<div class=\"overlay\"><\/div>\r\n\t\t\r\n\t\t\t\t\t<\/div>\r\n\t\t\t\r\n\t\r\n\t<div class=\"absolute\">\r\n\t\t<div class=\"hover-desc table-wrap\">\r\n\t\t\t<div class=\"cell-wrap\">\r\n\t\t\t\t<h4 class=\"text-light\"><\/h4>\r\n\t\t\t<\/div>\r\n\t\t<\/div>\r\n\t<\/div>\t\t\t\t\t\r\n<\/div>\r\n\r\n<\/div><\/div><\/div><\/div><\/div><\/div><\/div>","protected":false},"excerpt":{"rendered":"<p>LAZER NERELERDE KULLANILAB\u0130L\u0130R 1-Lazer ile dolgu \u00f6ncesi a\u011f\u0131z haz\u0131rl\u0131\u011f\u0131-\u00e7\u00fcr\u00fck temizlenmesi:\u00a0\u00e7\u00fcr\u00fck dokular\u0131n kald\u0131r\u0131lmas\u0131nda etkili bir y\u00f6ntemdir. Lazer enerjisinin \u00f6zelli\u011finden dolay\u0131 temizlenen yer steril oldugundan daha sonra olu\u015fabilicek \u00e7\u00fcr\u00fcklerde \u00f6nlenmi\u015f olur. 2-Lazer ile kanal tedavisi:\u00a0 yo\u011fun enfeksiyonlu kanallarda iyi bir sterilizasyon sa\u011flad\u0131\u011f\u0131 i\u00e7in iyile\u015fme h\u0131zl\u0131 olur. 3-Lazer ile di\u015f eti tedavileri:\u00a0di\u015f eti esteti\u011finin d\u00fczeltilmesi ve seviyelendirilmesi, di\u015f<\/p>","protected":false},"author":1,"featured_media":3077,"parent":0,"menu_order":0,"comment_status":"closed","ping_status":"closed","template":"","meta":{"footnotes":""},"class_list":["post-3075","page","type-page","status-publish","has-post-thumbnail","hentry"],"yoast_head":"<!-- This site is optimized with the Yoast SEO plugin v27.5 - https:\/\/yoast.com\/product\/yoast-seo-wordpress\/ -->\n<title>Lazer - Klinik19 &Ccedil;orum - A\u011f\u0131z ve Di\u015f Sa\u011fl\u0131\u011f\u0131 Klini\u011fi<\/title>\n<meta name=\"robots\" content=\"index, follow, max-snippet:-1, max-image-preview:large, max-video-preview:-1\" \/>\n<link rel=\"canonical\" href=\"https:\/\/klinik19.com\/de\/laser\/\" \/>\n<meta property=\"og:locale\" content=\"de_DE\" \/>\n<meta property=\"og:type\" content=\"article\" \/>\n<meta property=\"og:title\" content=\"Lazer - Klinik19 &Ccedil;orum - A\u011f\u0131z ve Di\u015f Sa\u011fl\u0131\u011f\u0131 Klini\u011fi\" \/>\n<meta property=\"og:description\" content=\"LAZER NERELERDE KULLANILAB\u0130L\u0130R 1-Lazer ile dolgu \u00f6ncesi a\u011f\u0131z haz\u0131rl\u0131\u011f\u0131-\u00e7\u00fcr\u00fck temizlenmesi:\u00a0\u00e7\u00fcr\u00fck dokular\u0131n kald\u0131r\u0131lmas\u0131nda etkili bir y\u00f6ntemdir. Lazer enerjisinin \u00f6zelli\u011finden dolay\u0131 temizlenen yer steril oldugundan daha sonra olu\u015fabilicek \u00e7\u00fcr\u00fcklerde \u00f6nlenmi\u015f olur. 2-Lazer ile kanal tedavisi:\u00a0 yo\u011fun enfeksiyonlu kanallarda iyi bir sterilizasyon sa\u011flad\u0131\u011f\u0131 i\u00e7in iyile\u015fme h\u0131zl\u0131 olur. 3-Lazer ile di\u015f eti tedavileri:\u00a0di\u015f eti esteti\u011finin d\u00fczeltilmesi ve seviyelendirilmesi, di\u015f\" \/>\n<meta property=\"og:url\" content=\"https:\/\/klinik19.com\/de\/laser\/\" \/>\n<meta property=\"og:site_name\" content=\"Klinik19 &Ccedil;orum - A\u011f\u0131z ve Di\u015f Sa\u011fl\u0131\u011f\u0131 Klini\u011fi\" \/>\n<meta property=\"article:publisher\" content=\"https:\/\/www.facebook.com\/klinik19corum\/\" \/>\n<meta property=\"article:modified_time\" content=\"2022-02-16T21:14:16+00:00\" \/>\n<meta property=\"og:image\" content=\"https:\/\/klinik19.com\/wp-content\/uploads\/2022\/01\/klinik19_dis_lazer.jpeg\" \/>\n\t<meta property=\"og:image:width\" content=\"664\" \/>\n\t<meta property=\"og:image:height\" content=\"354\" \/>\n\t<meta property=\"og:image:type\" content=\"image\/jpeg\" \/>\n<meta name=\"twitter:card\" content=\"summary_large_image\" \/>\n<meta name=\"twitter:label1\" content=\"Gesch\u00e4tzte Lesezeit\" \/>\n\t<meta name=\"twitter:data1\" content=\"1\u00a0Minute\" \/>\n<script type=\"application\/ld+json\" class=\"yoast-schema-graph\">{\"@context\":\"https:\\\/\\\/schema.org\",\"@graph\":[{\"@type\":\"WebPage\",\"@id\":\"https:\\\/\\\/klinik19.com\\\/lazer\\\/\",\"url\":\"https:\\\/\\\/klinik19.com\\\/lazer\\\/\",\"name\":\"Lazer - Klinik19 &Ccedil;orum - A\u011f\u0131z ve Di\u015f Sa\u011fl\u0131\u011f\u0131 Klini\u011fi\",\"isPartOf\":{\"@id\":\"https:\\\/\\\/klinik19.com\\\/#website\"},\"primaryImageOfPage\":{\"@id\":\"https:\\\/\\\/klinik19.com\\\/lazer\\\/#primaryimage\"},\"image\":{\"@id\":\"https:\\\/\\\/klinik19.com\\\/lazer\\\/#primaryimage\"},\"thumbnailUrl\":\"https:\\\/\\\/klinik19.com\\\/wp-content\\\/uploads\\\/2022\\\/01\\\/klinik19_dis_lazer.jpeg\",\"datePublished\":\"2022-01-29T11:51:48+00:00\",\"dateModified\":\"2022-02-16T21:14:16+00:00\",\"breadcrumb\":{\"@id\":\"https:\\\/\\\/klinik19.com\\\/lazer\\\/#breadcrumb\"},\"inLanguage\":\"de\",\"potentialAction\":[{\"@type\":\"ReadAction\",\"target\":[\"https:\\\/\\\/klinik19.com\\\/lazer\\\/\"]}]},{\"@type\":\"ImageObject\",\"inLanguage\":\"de\",\"@id\":\"https:\\\/\\\/klinik19.com\\\/lazer\\\/#primaryimage\",\"url\":\"https:\\\/\\\/klinik19.com\\\/wp-content\\\/uploads\\\/2022\\\/01\\\/klinik19_dis_lazer.jpeg\",\"contentUrl\":\"https:\\\/\\\/klinik19.com\\\/wp-content\\\/uploads\\\/2022\\\/01\\\/klinik19_dis_lazer.jpeg\",\"width\":664,\"height\":354,\"caption\":\"klinik19_dis_lazer\"},{\"@type\":\"BreadcrumbList\",\"@id\":\"https:\\\/\\\/klinik19.com\\\/lazer\\\/#breadcrumb\",\"itemListElement\":[{\"@type\":\"ListItem\",\"position\":1,\"name\":\"Anasayfa\",\"item\":\"https:\\\/\\\/klinik19.com\\\/\"},{\"@type\":\"ListItem\",\"position\":2,\"name\":\"Lazer\"}]},{\"@type\":\"WebSite\",\"@id\":\"https:\\\/\\\/klinik19.com\\\/#website\",\"url\":\"https:\\\/\\\/klinik19.com\\\/\",\"name\":\"Klinik19 &Ccedil;orum - A\u011f\u0131z ve Di\u015f Sa\u011fl\u0131\u011f\u0131 Klini\u011fi\",\"description\":\"De\u011fi\u015fimi G&uuml;l&uuml;msemende Hisset\",\"publisher\":{\"@id\":\"https:\\\/\\\/klinik19.com\\\/#organization\"},\"potentialAction\":[{\"@type\":\"SearchAction\",\"target\":{\"@type\":\"EntryPoint\",\"urlTemplate\":\"https:\\\/\\\/klinik19.com\\\/?s={search_term_string}\"},\"query-input\":{\"@type\":\"PropertyValueSpecification\",\"valueRequired\":true,\"valueName\":\"search_term_string\"}}],\"inLanguage\":\"de\"},{\"@type\":\"Organization\",\"@id\":\"https:\\\/\\\/klinik19.com\\\/#organization\",\"name\":\"Klinik19 - A\u011f\u0131z ve Di\u015f Sa\u011fl\u0131\u011f\u0131 Poliklini\u011fi\",\"url\":\"https:\\\/\\\/klinik19.com\\\/\",\"logo\":{\"@type\":\"ImageObject\",\"inLanguage\":\"de\",\"@id\":\"https:\\\/\\\/klinik19.com\\\/#\\\/schema\\\/logo\\\/image\\\/\",\"url\":\"https:\\\/\\\/klinik19.com\\\/wp-content\\\/uploads\\\/2022\\\/02\\\/klinik19-logobg.png\",\"contentUrl\":\"https:\\\/\\\/klinik19.com\\\/wp-content\\\/uploads\\\/2022\\\/02\\\/klinik19-logobg.png\",\"width\":706,\"height\":431,\"caption\":\"Klinik19 - A\u011f\u0131z ve Di\u015f Sa\u011fl\u0131\u011f\u0131 Poliklini\u011fi\"},\"image\":{\"@id\":\"https:\\\/\\\/klinik19.com\\\/#\\\/schema\\\/logo\\\/image\\\/\"},\"sameAs\":[\"https:\\\/\\\/www.facebook.com\\\/klinik19corum\\\/\",\"https:\\\/\\\/www.instagram.com\\\/klinik.19\\\/\"]}]}<\/script>\n<!-- \/ Yoast SEO plugin. -->","yoast_head_json":{"title":"Lazer - Klinik19 &Ccedil;orum - A\u011f\u0131z ve Di\u015f Sa\u011fl\u0131\u011f\u0131 Klini\u011fi","robots":{"index":"index","follow":"follow","max-snippet":"max-snippet:-1","max-image-preview":"max-image-preview:large","max-video-preview":"max-video-preview:-1"},"canonical":"https:\/\/klinik19.com\/de\/laser\/","og_locale":"de_DE","og_type":"article","og_title":"Lazer - Klinik19 &Ccedil;orum - A\u011f\u0131z ve Di\u015f Sa\u011fl\u0131\u011f\u0131 Klini\u011fi","og_description":"LAZER NERELERDE KULLANILAB\u0130L\u0130R 1-Lazer ile dolgu \u00f6ncesi a\u011f\u0131z haz\u0131rl\u0131\u011f\u0131-\u00e7\u00fcr\u00fck temizlenmesi:\u00a0\u00e7\u00fcr\u00fck dokular\u0131n kald\u0131r\u0131lmas\u0131nda etkili bir y\u00f6ntemdir. Lazer enerjisinin \u00f6zelli\u011finden dolay\u0131 temizlenen yer steril oldugundan daha sonra olu\u015fabilicek \u00e7\u00fcr\u00fcklerde \u00f6nlenmi\u015f olur. 2-Lazer ile kanal tedavisi:\u00a0 yo\u011fun enfeksiyonlu kanallarda iyi bir sterilizasyon sa\u011flad\u0131\u011f\u0131 i\u00e7in iyile\u015fme h\u0131zl\u0131 olur. 3-Lazer ile di\u015f eti tedavileri:\u00a0di\u015f eti esteti\u011finin d\u00fczeltilmesi ve seviyelendirilmesi, di\u015f","og_url":"https:\/\/klinik19.com\/de\/laser\/","og_site_name":"Klinik19 &Ccedil;orum - A\u011f\u0131z ve Di\u015f Sa\u011fl\u0131\u011f\u0131 Klini\u011fi","article_publisher":"https:\/\/www.facebook.com\/klinik19corum\/","article_modified_time":"2022-02-16T21:14:16+00:00","og_image":[{"width":664,"height":354,"url":"https:\/\/klinik19.com\/wp-content\/uploads\/2022\/01\/klinik19_dis_lazer.jpeg","type":"image\/jpeg"}],"twitter_card":"summary_large_image","twitter_misc":{"Gesch\u00e4tzte Lesezeit":"1\u00a0Minute"},"schema":{"@context":"https:\/\/schema.org","@graph":[{"@type":"WebPage","@id":"https:\/\/klinik19.com\/lazer\/","url":"https:\/\/klinik19.com\/lazer\/","name":"Lazer - Klinik19 &Ccedil;orum - A\u011f\u0131z ve Di\u015f Sa\u011fl\u0131\u011f\u0131 Klini\u011fi","isPartOf":{"@id":"https:\/\/klinik19.com\/#website"},"primaryImageOfPage":{"@id":"https:\/\/klinik19.com\/lazer\/#primaryimage"},"image":{"@id":"https:\/\/klinik19.com\/lazer\/#primaryimage"},"thumbnailUrl":"https:\/\/klinik19.com\/wp-content\/uploads\/2022\/01\/klinik19_dis_lazer.jpeg","datePublished":"2022-01-29T11:51:48+00:00","dateModified":"2022-02-16T21:14:16+00:00","breadcrumb":{"@id":"https:\/\/klinik19.com\/lazer\/#breadcrumb"},"inLanguage":"de","potentialAction":[{"@type":"ReadAction","target":["https:\/\/klinik19.com\/lazer\/"]}]},{"@type":"ImageObject","inLanguage":"de","@id":"https:\/\/klinik19.com\/lazer\/#primaryimage","url":"https:\/\/klinik19.com\/wp-content\/uploads\/2022\/01\/klinik19_dis_lazer.jpeg","contentUrl":"https:\/\/klinik19.com\/wp-content\/uploads\/2022\/01\/klinik19_dis_lazer.jpeg","width":664,"height":354,"caption":"klinik19_dis_lazer"},{"@type":"BreadcrumbList","@id":"https:\/\/klinik19.com\/lazer\/#breadcrumb","itemListElement":[{"@type":"ListItem","position":1,"name":"Anasayfa","item":"https:\/\/klinik19.com\/"},{"@type":"ListItem","position":2,"name":"Lazer"}]},{"@type":"WebSite","@id":"https:\/\/klinik19.com\/#website","url":"https:\/\/klinik19.com\/","name":"Klinik19 &Ccedil;orum - A\u011f\u0131z ve Di\u015f Sa\u011fl\u0131\u011f\u0131 Klini\u011fi","description":"De\u011fi\u015fimi G&uuml;l&uuml;msemende Hisset","publisher":{"@id":"https:\/\/klinik19.com\/#organization"},"potentialAction":[{"@type":"SearchAction","target":{"@type":"EntryPoint","urlTemplate":"https:\/\/klinik19.com\/?s={search_term_string}"},"query-input":{"@type":"PropertyValueSpecification","valueRequired":true,"valueName":"search_term_string"}}],"inLanguage":"de"},{"@type":"Organization","@id":"https:\/\/klinik19.com\/#organization","name":"Klinik19 - A\u011f\u0131z ve Di\u015f Sa\u011fl\u0131\u011f\u0131 Poliklini\u011fi","url":"https:\/\/klinik19.com\/","logo":{"@type":"ImageObject","inLanguage":"de","@id":"https:\/\/klinik19.com\/#\/schema\/logo\/image\/","url":"https:\/\/klinik19.com\/wp-content\/uploads\/2022\/02\/klinik19-logobg.png","contentUrl":"https:\/\/klinik19.com\/wp-content\/uploads\/2022\/02\/klinik19-logobg.png","width":706,"height":431,"caption":"Klinik19 - A\u011f\u0131z ve Di\u015f Sa\u011fl\u0131\u011f\u0131 Poliklini\u011fi"},"image":{"@id":"https:\/\/klinik19.com\/#\/schema\/logo\/image\/"},"sameAs":["https:\/\/www.facebook.com\/klinik19corum\/","https:\/\/www.instagram.com\/klinik.19\/"]}]}},"_links":{"self":[{"href":"https:\/\/klinik19.com\/de\/wp-json\/wp\/v2\/pages\/3075","targetHints":{"allow":["GET"]}}],"collection":[{"href":"https:\/\/klinik19.com\/de\/wp-json\/wp\/v2\/pages"}],"about":[{"href":"https:\/\/klinik19.com\/de\/wp-json\/wp\/v2\/types\/page"}],"author":[{"embeddable":true,"href":"https:\/\/klinik19.com\/de\/wp-json\/wp\/v2\/users\/1"}],"replies":[{"embeddable":true,"href":"https:\/\/klinik19.com\/de\/wp-json\/wp\/v2\/comments?post=3075"}],"version-history":[{"count":8,"href":"https:\/\/klinik19.com\/de\/wp-json\/wp\/v2\/pages\/3075\/revisions"}],"predecessor-version":[{"id":3456,"href":"https:\/\/klinik19.com\/de\/wp-json\/wp\/v2\/pages\/3075\/revisions\/3456"}],"wp:featuredmedia":[{"embeddable":true,"href":"https:\/\/klinik19.com\/de\/wp-json\/wp\/v2\/media\/3077"}],"wp:attachment":[{"href":"https:\/\/klinik19.com\/de\/wp-json\/wp\/v2\/media?parent=3075"}],"curies":[{"name":"wp","href":"https:\/\/api.w.org\/{rel}","templated":true}]}}