{"id":3099,"date":"2022-01-29T23:29:38","date_gmt":"2022-01-29T20:29:38","guid":{"rendered":"https:\/\/klinik19.com\/?page_id=3099"},"modified":"2022-02-17T00:04:16","modified_gmt":"2022-02-16T21:04:16","slug":"dental-radyoloji","status":"publish","type":"page","link":"https:\/\/klinik19.com\/de\/zahnarztliche-radiologie\/","title":{"rendered":"Zahn\u00e4rztliche Radiologie"},"content":{"rendered":"<div id=\"pl-3099\"  class=\"panel-layout\" ><div id=\"pg-3099-0\"  class=\"panel-grid panel-has-style\" ><div class=\"divider-no-animation tablet-default mobile-default desktop-default custom panel-row-style panel-row-style-for-3099-0\" ><div id=\"pgc-3099-0-0\"  class=\"panel-grid-cell\" ><div id=\"panel-3099-0-0-0\" class=\"so-panel widget widget_sow-editor panel-first-child panel-last-child\" data-index=\"0\" ><div class=\"orion custom default panel-widget-style panel-widget-style-for-3099-0-0-0\" ><div\n\t\t\t\n\t\t\tclass=\"so-widget-sow-editor so-widget-sow-editor-base\"\n\t\t\t\n\t\t>\n<div class=\"siteorigin-widget-tinymce textwidget\">\n\t<h2><strong>Was ist dentale Radiologie?<\/strong><\/h2>\n<p>Es ist ein Prozess, der dem Arzt bei der Diagnose, Behandlungsplanung und Behandlung hilft, die Z\u00e4hne und das umgebende Gewebe zu betrachten. R\u00f6ntgenaufnahmen helfen dem Arzt bei der Diagnose von Zahn- und Kieferproblemen, indem sie die Bereiche bildlich darstellen, die bei der visuellen Untersuchung nicht erkennbar sind. Sie sind hilfreich bei der Diagnose des Vorhandenseins und des Ausma\u00dfes von Zahnkaries, Ver\u00e4nderungen des Kieferknochens, Zahnabszessen, retinierten Z\u00e4hnen, Frakturen des Kieferknochens und der Z\u00e4hne und anderer St\u00f6rungen w\u00e4hrend der Untersuchung und des Eingriffs.<\/p>\n<h2><strong>Was macht ein digitales Panorama-R\u00f6ntgen?<\/strong><\/h2>\n<p>Das Panorama-R\u00f6ntgen ist eine Art tomographisches R\u00f6ntgen, bei dem alle Z\u00e4hne, Kiefergelenke, Nebenh\u00f6hlenbereiche und Kieferknochen zusammen mit weniger Strahlung betrachtet werden k\u00f6nnen. Es dient dazu, die Teile der Z\u00e4hne und des Kieferknochens darzustellen, die bei der klinischen Untersuchung nicht sichtbar sind. Mit dem digitalen System erh\u00f6ht sich sowohl die Bildqualit\u00e4t als auch die von der Person empfangene Strahlungsmenge wird stark reduziert.<\/p>\n<\/div>\n<\/div><\/div><\/div><\/div><div id=\"pgc-3099-0-1\"  class=\"panel-grid-cell\" ><div id=\"panel-3099-0-1-0\" class=\"so-panel widget widget_orion_image_w panel-first-child panel-last-child\" data-index=\"1\" ><div class=\"orion custom default panel-widget-style panel-widget-style-for-3099-0-1-0\" ><div\n\t\t\t\n\t\t\tclass=\"so-widget-orion_image_w so-widget-orion_image_w-base\"\n\t\t\t\n\t\t>\r\n<div class=\"image-w relative\">\r\n\r\n\t\t\t\t\t\t\t<div class=\"orion_carousel overlay-none overlay-hover-none\">\r\n\t\t\r\n\t\t\t\t\t<img loading=\"lazy\" decoding=\"async\" width=\"750\" height=\"415\" src=\"https:\/\/klinik19.com\/wp-content\/uploads\/2022\/01\/dental-radyoloji-klinik19-corum-750x415.jpeg\" class=\"attachment-orion_carousel size-orion_carousel\" alt=\"dental-radyoloji-klinik19-corum\" \/>\t\t\t<div class=\"overlay\"><\/div>\r\n\t\t\r\n\t\t\t\t\t<\/div>\r\n\t\t\t\r\n\t\r\n\t<div class=\"absolute\">\r\n\t\t<div class=\"hover-desc table-wrap\">\r\n\t\t\t<div class=\"cell-wrap\">\r\n\t\t\t\t<h4 class=\"text-light\"><\/h4>\r\n\t\t\t<\/div>\r\n\t\t<\/div>\r\n\t<\/div>\t\t\t\t\t\r\n<\/div>\r\n\r\n<\/div><\/div><\/div><\/div><\/div><\/div><\/div>","protected":false},"excerpt":{"rendered":"<p>Dental radyoloji nedir? Te\u015fhis, tedavi planlamas\u0131 ve tedavi i\u00e7in hekime yard\u0131mc\u0131 olan di\u015f ve \u00e7evre dokular\u0131n\u0131 g\u00f6r\u00fcnt\u00fclemeye yarayan bir i\u015flemdir. R\u00f6ntgenler, g\u00f6zle yap\u0131lan muayenede fark edilemeyen b\u00f6lgelerin g\u00f6r\u00fcnt\u00fclenerek hekimin di\u015flerde ve \u00e7enelerdeki sorunlar\u0131 te\u015fhis etmesine yard\u0131mc\u0131 olur. Di\u015f \u00e7\u00fcr\u00fckleri, \u00e7ene kemi\u011findeki de\u011fi\u015fiklikler, di\u015f apseleri, g\u00f6m\u00fck di\u015fler ile \u00e7ene kemi\u011fi ve di\u015fteki k\u0131r\u0131klar ve di\u011fer bozukluklar\u0131n\u0131n<\/p>","protected":false},"author":1,"featured_media":3100,"parent":0,"menu_order":0,"comment_status":"closed","ping_status":"closed","template":"","meta":{"footnotes":""},"class_list":["post-3099","page","type-page","status-publish","has-post-thumbnail","hentry"],"yoast_head":"<!-- This site is optimized with the Yoast SEO plugin v27.5 - https:\/\/yoast.com\/product\/yoast-seo-wordpress\/ -->\n<title>Dental Radyoloji - Klinik19 &Ccedil;orum - A\u011f\u0131z ve Di\u015f Sa\u011fl\u0131\u011f\u0131 Klini\u011fi<\/title>\n<meta name=\"robots\" content=\"index, follow, max-snippet:-1, max-image-preview:large, max-video-preview:-1\" \/>\n<link rel=\"canonical\" href=\"https:\/\/klinik19.com\/de\/zahnarztliche-radiologie\/\" \/>\n<meta property=\"og:locale\" content=\"de_DE\" \/>\n<meta property=\"og:type\" content=\"article\" \/>\n<meta property=\"og:title\" content=\"Dental Radyoloji - Klinik19 &Ccedil;orum - A\u011f\u0131z ve Di\u015f Sa\u011fl\u0131\u011f\u0131 Klini\u011fi\" \/>\n<meta property=\"og:description\" content=\"Dental radyoloji nedir? Te\u015fhis, tedavi planlamas\u0131 ve tedavi i\u00e7in hekime yard\u0131mc\u0131 olan di\u015f ve \u00e7evre dokular\u0131n\u0131 g\u00f6r\u00fcnt\u00fclemeye yarayan bir i\u015flemdir. R\u00f6ntgenler, g\u00f6zle yap\u0131lan muayenede fark edilemeyen b\u00f6lgelerin g\u00f6r\u00fcnt\u00fclenerek hekimin di\u015flerde ve \u00e7enelerdeki sorunlar\u0131 te\u015fhis etmesine yard\u0131mc\u0131 olur. Di\u015f \u00e7\u00fcr\u00fckleri, \u00e7ene kemi\u011findeki de\u011fi\u015fiklikler, di\u015f apseleri, g\u00f6m\u00fck di\u015fler ile \u00e7ene kemi\u011fi ve di\u015fteki k\u0131r\u0131klar ve di\u011fer bozukluklar\u0131n\u0131n\" \/>\n<meta property=\"og:url\" content=\"https:\/\/klinik19.com\/de\/zahnarztliche-radiologie\/\" \/>\n<meta property=\"og:site_name\" content=\"Klinik19 &Ccedil;orum - A\u011f\u0131z ve Di\u015f Sa\u011fl\u0131\u011f\u0131 Klini\u011fi\" \/>\n<meta property=\"article:publisher\" content=\"https:\/\/www.facebook.com\/klinik19corum\/\" \/>\n<meta property=\"article:modified_time\" content=\"2022-02-16T21:04:16+00:00\" \/>\n<meta property=\"og:image\" content=\"https:\/\/klinik19.com\/wp-content\/uploads\/2022\/01\/dental-radyoloji-klinik19-corum.jpeg\" \/>\n\t<meta property=\"og:image:width\" content=\"830\" \/>\n\t<meta property=\"og:image:height\" content=\"415\" \/>\n\t<meta property=\"og:image:type\" content=\"image\/jpeg\" \/>\n<meta name=\"twitter:card\" content=\"summary_large_image\" \/>\n<meta name=\"twitter:label1\" content=\"Gesch\u00e4tzte Lesezeit\" \/>\n\t<meta name=\"twitter:data1\" content=\"1\u00a0Minute\" \/>\n<script type=\"application\/ld+json\" class=\"yoast-schema-graph\">{\"@context\":\"https:\\\/\\\/schema.org\",\"@graph\":[{\"@type\":\"WebPage\",\"@id\":\"https:\\\/\\\/klinik19.com\\\/dental-radyoloji\\\/\",\"url\":\"https:\\\/\\\/klinik19.com\\\/dental-radyoloji\\\/\",\"name\":\"Dental Radyoloji - Klinik19 &Ccedil;orum - A\u011f\u0131z ve Di\u015f Sa\u011fl\u0131\u011f\u0131 Klini\u011fi\",\"isPartOf\":{\"@id\":\"https:\\\/\\\/klinik19.com\\\/#website\"},\"primaryImageOfPage\":{\"@id\":\"https:\\\/\\\/klinik19.com\\\/dental-radyoloji\\\/#primaryimage\"},\"image\":{\"@id\":\"https:\\\/\\\/klinik19.com\\\/dental-radyoloji\\\/#primaryimage\"},\"thumbnailUrl\":\"https:\\\/\\\/klinik19.com\\\/wp-content\\\/uploads\\\/2022\\\/01\\\/dental-radyoloji-klinik19-corum.jpeg\",\"datePublished\":\"2022-01-29T20:29:38+00:00\",\"dateModified\":\"2022-02-16T21:04:16+00:00\",\"breadcrumb\":{\"@id\":\"https:\\\/\\\/klinik19.com\\\/dental-radyoloji\\\/#breadcrumb\"},\"inLanguage\":\"de\",\"potentialAction\":[{\"@type\":\"ReadAction\",\"target\":[\"https:\\\/\\\/klinik19.com\\\/dental-radyoloji\\\/\"]}]},{\"@type\":\"ImageObject\",\"inLanguage\":\"de\",\"@id\":\"https:\\\/\\\/klinik19.com\\\/dental-radyoloji\\\/#primaryimage\",\"url\":\"https:\\\/\\\/klinik19.com\\\/wp-content\\\/uploads\\\/2022\\\/01\\\/dental-radyoloji-klinik19-corum.jpeg\",\"contentUrl\":\"https:\\\/\\\/klinik19.com\\\/wp-content\\\/uploads\\\/2022\\\/01\\\/dental-radyoloji-klinik19-corum.jpeg\",\"width\":830,\"height\":415,\"caption\":\"dental-radyoloji-klinik19-corum\"},{\"@type\":\"BreadcrumbList\",\"@id\":\"https:\\\/\\\/klinik19.com\\\/dental-radyoloji\\\/#breadcrumb\",\"itemListElement\":[{\"@type\":\"ListItem\",\"position\":1,\"name\":\"Anasayfa\",\"item\":\"https:\\\/\\\/klinik19.com\\\/\"},{\"@type\":\"ListItem\",\"position\":2,\"name\":\"Dental Radyoloji\"}]},{\"@type\":\"WebSite\",\"@id\":\"https:\\\/\\\/klinik19.com\\\/#website\",\"url\":\"https:\\\/\\\/klinik19.com\\\/\",\"name\":\"Klinik19 &Ccedil;orum - A\u011f\u0131z ve Di\u015f Sa\u011fl\u0131\u011f\u0131 Klini\u011fi\",\"description\":\"De\u011fi\u015fimi G&uuml;l&uuml;msemende Hisset\",\"publisher\":{\"@id\":\"https:\\\/\\\/klinik19.com\\\/#organization\"},\"potentialAction\":[{\"@type\":\"SearchAction\",\"target\":{\"@type\":\"EntryPoint\",\"urlTemplate\":\"https:\\\/\\\/klinik19.com\\\/?s={search_term_string}\"},\"query-input\":{\"@type\":\"PropertyValueSpecification\",\"valueRequired\":true,\"valueName\":\"search_term_string\"}}],\"inLanguage\":\"de\"},{\"@type\":\"Organization\",\"@id\":\"https:\\\/\\\/klinik19.com\\\/#organization\",\"name\":\"Klinik19 - A\u011f\u0131z ve Di\u015f Sa\u011fl\u0131\u011f\u0131 Poliklini\u011fi\",\"url\":\"https:\\\/\\\/klinik19.com\\\/\",\"logo\":{\"@type\":\"ImageObject\",\"inLanguage\":\"de\",\"@id\":\"https:\\\/\\\/klinik19.com\\\/#\\\/schema\\\/logo\\\/image\\\/\",\"url\":\"https:\\\/\\\/klinik19.com\\\/wp-content\\\/uploads\\\/2022\\\/02\\\/klinik19-logobg.png\",\"contentUrl\":\"https:\\\/\\\/klinik19.com\\\/wp-content\\\/uploads\\\/2022\\\/02\\\/klinik19-logobg.png\",\"width\":706,\"height\":431,\"caption\":\"Klinik19 - A\u011f\u0131z ve Di\u015f Sa\u011fl\u0131\u011f\u0131 Poliklini\u011fi\"},\"image\":{\"@id\":\"https:\\\/\\\/klinik19.com\\\/#\\\/schema\\\/logo\\\/image\\\/\"},\"sameAs\":[\"https:\\\/\\\/www.facebook.com\\\/klinik19corum\\\/\",\"https:\\\/\\\/www.instagram.com\\\/klinik.19\\\/\"]}]}<\/script>\n<!-- \/ Yoast SEO plugin. -->","yoast_head_json":{"title":"Dental Radyoloji - Klinik19 &Ccedil;orum - A\u011f\u0131z ve Di\u015f Sa\u011fl\u0131\u011f\u0131 Klini\u011fi","robots":{"index":"index","follow":"follow","max-snippet":"max-snippet:-1","max-image-preview":"max-image-preview:large","max-video-preview":"max-video-preview:-1"},"canonical":"https:\/\/klinik19.com\/de\/zahnarztliche-radiologie\/","og_locale":"de_DE","og_type":"article","og_title":"Dental Radyoloji - Klinik19 &Ccedil;orum - A\u011f\u0131z ve Di\u015f Sa\u011fl\u0131\u011f\u0131 Klini\u011fi","og_description":"Dental radyoloji nedir? Te\u015fhis, tedavi planlamas\u0131 ve tedavi i\u00e7in hekime yard\u0131mc\u0131 olan di\u015f ve \u00e7evre dokular\u0131n\u0131 g\u00f6r\u00fcnt\u00fclemeye yarayan bir i\u015flemdir. R\u00f6ntgenler, g\u00f6zle yap\u0131lan muayenede fark edilemeyen b\u00f6lgelerin g\u00f6r\u00fcnt\u00fclenerek hekimin di\u015flerde ve \u00e7enelerdeki sorunlar\u0131 te\u015fhis etmesine yard\u0131mc\u0131 olur. Di\u015f \u00e7\u00fcr\u00fckleri, \u00e7ene kemi\u011findeki de\u011fi\u015fiklikler, di\u015f apseleri, g\u00f6m\u00fck di\u015fler ile \u00e7ene kemi\u011fi ve di\u015fteki k\u0131r\u0131klar ve di\u011fer bozukluklar\u0131n\u0131n","og_url":"https:\/\/klinik19.com\/de\/zahnarztliche-radiologie\/","og_site_name":"Klinik19 &Ccedil;orum - A\u011f\u0131z ve Di\u015f Sa\u011fl\u0131\u011f\u0131 Klini\u011fi","article_publisher":"https:\/\/www.facebook.com\/klinik19corum\/","article_modified_time":"2022-02-16T21:04:16+00:00","og_image":[{"width":830,"height":415,"url":"https:\/\/klinik19.com\/wp-content\/uploads\/2022\/01\/dental-radyoloji-klinik19-corum.jpeg","type":"image\/jpeg"}],"twitter_card":"summary_large_image","twitter_misc":{"Gesch\u00e4tzte Lesezeit":"1\u00a0Minute"},"schema":{"@context":"https:\/\/schema.org","@graph":[{"@type":"WebPage","@id":"https:\/\/klinik19.com\/dental-radyoloji\/","url":"https:\/\/klinik19.com\/dental-radyoloji\/","name":"Dental Radyoloji - Klinik19 &Ccedil;orum - A\u011f\u0131z ve Di\u015f Sa\u011fl\u0131\u011f\u0131 Klini\u011fi","isPartOf":{"@id":"https:\/\/klinik19.com\/#website"},"primaryImageOfPage":{"@id":"https:\/\/klinik19.com\/dental-radyoloji\/#primaryimage"},"image":{"@id":"https:\/\/klinik19.com\/dental-radyoloji\/#primaryimage"},"thumbnailUrl":"https:\/\/klinik19.com\/wp-content\/uploads\/2022\/01\/dental-radyoloji-klinik19-corum.jpeg","datePublished":"2022-01-29T20:29:38+00:00","dateModified":"2022-02-16T21:04:16+00:00","breadcrumb":{"@id":"https:\/\/klinik19.com\/dental-radyoloji\/#breadcrumb"},"inLanguage":"de","potentialAction":[{"@type":"ReadAction","target":["https:\/\/klinik19.com\/dental-radyoloji\/"]}]},{"@type":"ImageObject","inLanguage":"de","@id":"https:\/\/klinik19.com\/dental-radyoloji\/#primaryimage","url":"https:\/\/klinik19.com\/wp-content\/uploads\/2022\/01\/dental-radyoloji-klinik19-corum.jpeg","contentUrl":"https:\/\/klinik19.com\/wp-content\/uploads\/2022\/01\/dental-radyoloji-klinik19-corum.jpeg","width":830,"height":415,"caption":"dental-radyoloji-klinik19-corum"},{"@type":"BreadcrumbList","@id":"https:\/\/klinik19.com\/dental-radyoloji\/#breadcrumb","itemListElement":[{"@type":"ListItem","position":1,"name":"Anasayfa","item":"https:\/\/klinik19.com\/"},{"@type":"ListItem","position":2,"name":"Dental Radyoloji"}]},{"@type":"WebSite","@id":"https:\/\/klinik19.com\/#website","url":"https:\/\/klinik19.com\/","name":"Klinik19 &Ccedil;orum - A\u011f\u0131z ve Di\u015f Sa\u011fl\u0131\u011f\u0131 Klini\u011fi","description":"De\u011fi\u015fimi G&uuml;l&uuml;msemende Hisset","publisher":{"@id":"https:\/\/klinik19.com\/#organization"},"potentialAction":[{"@type":"SearchAction","target":{"@type":"EntryPoint","urlTemplate":"https:\/\/klinik19.com\/?s={search_term_string}"},"query-input":{"@type":"PropertyValueSpecification","valueRequired":true,"valueName":"search_term_string"}}],"inLanguage":"de"},{"@type":"Organization","@id":"https:\/\/klinik19.com\/#organization","name":"Klinik19 - A\u011f\u0131z ve Di\u015f Sa\u011fl\u0131\u011f\u0131 Poliklini\u011fi","url":"https:\/\/klinik19.com\/","logo":{"@type":"ImageObject","inLanguage":"de","@id":"https:\/\/klinik19.com\/#\/schema\/logo\/image\/","url":"https:\/\/klinik19.com\/wp-content\/uploads\/2022\/02\/klinik19-logobg.png","contentUrl":"https:\/\/klinik19.com\/wp-content\/uploads\/2022\/02\/klinik19-logobg.png","width":706,"height":431,"caption":"Klinik19 - A\u011f\u0131z ve Di\u015f Sa\u011fl\u0131\u011f\u0131 Poliklini\u011fi"},"image":{"@id":"https:\/\/klinik19.com\/#\/schema\/logo\/image\/"},"sameAs":["https:\/\/www.facebook.com\/klinik19corum\/","https:\/\/www.instagram.com\/klinik.19\/"]}]}},"_links":{"self":[{"href":"https:\/\/klinik19.com\/de\/wp-json\/wp\/v2\/pages\/3099","targetHints":{"allow":["GET"]}}],"collection":[{"href":"https:\/\/klinik19.com\/de\/wp-json\/wp\/v2\/pages"}],"about":[{"href":"https:\/\/klinik19.com\/de\/wp-json\/wp\/v2\/types\/page"}],"author":[{"embeddable":true,"href":"https:\/\/klinik19.com\/de\/wp-json\/wp\/v2\/users\/1"}],"replies":[{"embeddable":true,"href":"https:\/\/klinik19.com\/de\/wp-json\/wp\/v2\/comments?post=3099"}],"version-history":[{"count":4,"href":"https:\/\/klinik19.com\/de\/wp-json\/wp\/v2\/pages\/3099\/revisions"}],"predecessor-version":[{"id":3438,"href":"https:\/\/klinik19.com\/de\/wp-json\/wp\/v2\/pages\/3099\/revisions\/3438"}],"wp:featuredmedia":[{"embeddable":true,"href":"https:\/\/klinik19.com\/de\/wp-json\/wp\/v2\/media\/3100"}],"wp:attachment":[{"href":"https:\/\/klinik19.com\/de\/wp-json\/wp\/v2\/media?parent=3099"}],"curies":[{"name":"wp","href":"https:\/\/api.w.org\/{rel}","templated":true}]}}