{"id":3141,"date":"2022-01-30T10:43:51","date_gmt":"2022-01-30T07:43:51","guid":{"rendered":"https:\/\/klinik19.com\/?page_id=3141"},"modified":"2022-02-17T00:14:41","modified_gmt":"2022-02-16T21:14:41","slug":"periodontoloji","status":"publish","type":"page","link":"https:\/\/klinik19.com\/de\/parodontologie\/","title":{"rendered":"Parodontologie"},"content":{"rendered":"<div id=\"pl-3141\"  class=\"panel-layout\" ><div id=\"pg-3141-0\"  class=\"panel-grid panel-has-style\" ><div class=\"divider-no-animation tablet-default mobile-default desktop-default custom panel-row-style panel-row-style-for-3141-0\" ><div id=\"pgc-3141-0-0\"  class=\"panel-grid-cell\" ><div id=\"panel-3141-0-0-0\" class=\"so-panel widget widget_sow-editor panel-first-child panel-last-child\" data-index=\"0\" ><div class=\"orion custom default panel-widget-style panel-widget-style-for-3141-0-0-0\" ><div\n\t\t\t\n\t\t\tclass=\"so-widget-sow-editor so-widget-sow-editor-base\"\n\t\t\t\n\t\t>\n<div class=\"siteorigin-widget-tinymce textwidget\">\n\t<p class=\"translation-block\"><strong>Parodontologie<\/strong> ist ein Zweig der Zahnheilkunde, der den Gesundheits- und Krankheitszustand der Z\u00e4hne und des sie umgebenden Gewebes untersucht und darauf abzielt, die in diesen Geweben auftretenden Krankheiten zu diagnostizieren und zu behandeln und die nach der Behandlung erlangte Gesundheit zu sch\u00fctzen.<\/p>\n<p>Eine unzureichende oder unwirksame Mund- und Zahnpflege beschleunigt die Entstehung von Zahnfleischproblemen. Zahnfleischerkrankungen sind mit einem hohen Anteil von 75 % in der Gesellschaft sehr verbreitet. Wenn die Gingivitis zunimmt, schmilzt das Knochengewebe, das die Z\u00e4hne h\u00e4lt, und die Z\u00e4hne lockern sich und gehen verloren, auch wenn sie keine Karies sind. Wenn Zahnfleischerkrankungen fortschreiten, wirkt sich dies auch negativ auf unsere allgemeine Gesundheit aus.<\/p>\n<p>Die erste Stufe der intraoralen Untersuchung beginnt mit visuellen und manuellen Untersuchungsmethoden. Eine darauf beschr\u00e4nkte Untersuchung reicht jedoch nie aus, unser gr\u00f6\u00dfter Helfer dabei stellen intraorale R\u00f6ntgenaufnahmen dar. Wird bei einem Problem im Zusammenhang mit einem einzelnen Zahn eine Aufnahme ben\u00f6tigt, werden kleine Aufnahmen angefertigt, die wir als periapikale Aufnahmen bezeichnen von 2 Arten je nach Fall.<\/p>\n<\/div>\n<\/div><\/div><\/div><\/div><\/div><\/div><div id=\"pg-3141-1\"  class=\"panel-grid panel-has-style\" ><div class=\"divider-no-animation tablet-default mobile-default desktop-default custom panel-row-style panel-row-style-for-3141-1\" ><div id=\"pgc-3141-1-0\"  class=\"panel-grid-cell\" ><div id=\"panel-3141-1-0-0\" class=\"so-panel widget widget_sow-editor panel-first-child panel-last-child\" data-index=\"1\" ><div class=\"orion custom default panel-widget-style panel-widget-style-for-3141-1-0-0\" ><div\n\t\t\t\n\t\t\tclass=\"so-widget-sow-editor so-widget-sow-editor-base\"\n\t\t\t\n\t\t>\n<div class=\"siteorigin-widget-tinymce textwidget\">\n\t<figure class=\"wp-block-image\"><\/figure>\n<h2>Was ist Parodontitis?<\/h2>\n<p>Parodontalerkrankungen sind entz\u00fcndliche Erkrankungen, die das Zahnfleisch und andere Gewebe betreffen, die die Z\u00e4hne st\u00fctzen. Parodontale Erkrankungen sind f\u00fcr 70 % des Zahnverlustes bei Erwachsenen verantwortlich. Diese Erkrankungen lassen sich bei fr\u00fchzeitiger Diagnose einfach und erfolgreich behandeln. Vorbeugung oder Behandlung von Zahnfleischerkrankungen; Es bringt auch andere Vorteile mit sich, wie den Schutz der nat\u00fcrlichen Z\u00e4hne, angenehmeres Kauen und eine bessere Verdauung.<\/p>\n<h3>Gesundes Zahnfleisch<\/h3>\n<p>Es hat das Aussehen einer Orangenschale, die den Zahn umh\u00fcllt, rosa und harte Konsistenz.<\/p>\n<h3>Zahnfleischentz\u00fcndung<\/h3>\n<p>Durch den weichen Bakterienbelag entz\u00fcndet sich das Zahnfleisch. W\u00e4hrend dieser Zeit beginnt es zu bluten. Wenn Plaque nicht entfernt wird, verh\u00e4rtet sie sich und verwandelt sich in Zahnstein.<\/p>\n<h3>Parodontitis<\/h3>\n<p>Weichteile schwellen an, Fasern brechen, Zahnfleisch l\u00f6st sich vom Zahn und Knochen beginnt sich aufzul\u00f6sen.<\/p>\n<p>Behandlungsmethoden<\/p>\n<h3>K\u00fcretaj<\/h3>\n<p>Tiefe Zahnfleischtaschen werden mit K\u00fcrettage gereinigt und die Oberfl\u00e4che, die ihre Gleitf\u00e4higkeit verloren hat, wird mit einer Gl\u00e4ttung der Wurzeloberfl\u00e4che behandelt.<\/p>\n<h3>Klappenoperationen<\/h3>\n<p>Bei Zahnfleischerkrankungen, die in das Knochengewebe fortgeschritten sind, kann eine Lappenoperation unter begrenzter An\u00e4sthesie durchgef\u00fchrt werden.<\/p>\n<h3>Gingivektomie und Gingivoplastik<\/h3>\n<p>Dar\u00fcber hinaus k\u00f6nnen zu \u00e4sthetischen oder therapeutischen Zwecken Zahnfleischverk\u00fcrzungen (Gingivektomie) und formende (Gingivoplastiken) Behandlungen durchgef\u00fchrt werden.<\/p>\n<\/div>\n<\/div><\/div><\/div><\/div><div id=\"pgc-3141-1-1\"  class=\"panel-grid-cell\" ><div id=\"panel-3141-1-1-0\" class=\"so-panel widget widget_orion_image_w panel-first-child\" data-index=\"2\" ><div class=\"orion custom default panel-widget-style panel-widget-style-for-3141-1-1-0\" ><div\n\t\t\t\n\t\t\tclass=\"so-widget-orion_image_w so-widget-orion_image_w-base\"\n\t\t\t\n\t\t>\r\n<div class=\"image-w relative\">\r\n\r\n\t\t\t\t\t\t\t<div class=\"overlay-none overlay-hover-none\">\r\n\t\t\r\n\t\t\t\t\t<img loading=\"lazy\" decoding=\"async\" width=\"1200\" height=\"800\" src=\"https:\/\/klinik19.com\/wp-content\/uploads\/2022\/01\/periodontoloji-tedavisi.png\" class=\"attachment- size-\" alt=\"periodontoloji tedavisi\" \/>\t\t\t<div class=\"overlay\"><\/div>\r\n\t\t\r\n\t\t\t\t\t<\/div>\r\n\t\t\t\r\n\t\r\n\t<div class=\"absolute\">\r\n\t\t<div class=\"hover-desc table-wrap\">\r\n\t\t\t<div class=\"cell-wrap\">\r\n\t\t\t\t<h4 class=\"text-light\"><\/h4>\r\n\t\t\t<\/div>\r\n\t\t<\/div>\r\n\t<\/div>\t\t\t\t\t\r\n<\/div>\r\n\r\n<\/div><\/div><\/div><div id=\"panel-3141-1-1-1\" class=\"so-panel widget widget_orion_image_w panel-last-child\" data-index=\"3\" ><div class=\"orion custom default panel-widget-style panel-widget-style-for-3141-1-1-1\" ><div\n\t\t\t\n\t\t\tclass=\"so-widget-orion_image_w so-widget-orion_image_w-base\"\n\t\t\t\n\t\t>\r\n<div class=\"image-w relative\">\r\n\r\n\t\t\t\t\t\t\t<div class=\"overlay-none overlay-hover-none\">\r\n\t\t\r\n\t\t\t\t\t<img loading=\"lazy\" decoding=\"async\" width=\"1500\" height=\"1001\" src=\"https:\/\/klinik19.com\/wp-content\/uploads\/2022\/01\/periodontoloji.png\" class=\"attachment- size-\" alt=\"periodontoloji\" \/>\t\t\t<div class=\"overlay\"><\/div>\r\n\t\t\r\n\t\t\t\t\t<\/div>\r\n\t\t\t\r\n\t\r\n\t<div class=\"absolute\">\r\n\t\t<div class=\"hover-desc table-wrap\">\r\n\t\t\t<div class=\"cell-wrap\">\r\n\t\t\t\t<h4 class=\"text-light\"><\/h4>\r\n\t\t\t<\/div>\r\n\t\t<\/div>\r\n\t<\/div>\t\t\t\t\t\r\n<\/div>\r\n\r\n<\/div><\/div><\/div><\/div><\/div><\/div><\/div>","protected":false},"excerpt":{"rendered":"<p>Periodontoloji, di\u015fler ve di\u015flerin etraf\u0131nda bulunan dokular\u0131n sa\u011fl\u0131k ve hastal\u0131ktaki durumlar\u0131n\u0131 inceleyen, bu dokularda meydana gelen hastal\u0131klar\u0131n te\u015fhisi, tedavisi ve tedavi sonras\u0131nda elde edilen sa\u011fl\u0131\u011f\u0131n korunmas\u0131n\u0131 ama\u00e7layan bir di\u015f hekimli\u011fi dal\u0131d\u0131r. A\u011f\u0131z di\u015f bak\u0131m\u0131m\u0131z\u0131n yetersiz veya etkin olmamas\u0131 di\u015f eti problemlerinin olu\u015fumunu h\u0131zland\u0131r\u0131r. Di\u015f eti hastal\u0131klar\u0131na toplumda %75 gibi y\u00fcksek d\u00fczeyde olduk\u00e7a yayg\u0131n rastlan\u0131r. Di\u015f<\/p>","protected":false},"author":1,"featured_media":3146,"parent":0,"menu_order":0,"comment_status":"closed","ping_status":"closed","template":"","meta":{"footnotes":""},"class_list":["post-3141","page","type-page","status-publish","has-post-thumbnail","hentry"],"yoast_head":"<!-- This site is optimized with the Yoast SEO plugin v27.4 - https:\/\/yoast.com\/product\/yoast-seo-wordpress\/ -->\n<title>Periodontoloji - Klinik19 &Ccedil;orum - A\u011f\u0131z ve Di\u015f Sa\u011fl\u0131\u011f\u0131 Klini\u011fi<\/title>\n<meta name=\"robots\" content=\"index, follow, max-snippet:-1, max-image-preview:large, max-video-preview:-1\" \/>\n<link rel=\"canonical\" href=\"https:\/\/klinik19.com\/de\/parodontologie\/\" \/>\n<meta property=\"og:locale\" content=\"de_DE\" \/>\n<meta property=\"og:type\" content=\"article\" \/>\n<meta property=\"og:title\" content=\"Periodontoloji - Klinik19 &Ccedil;orum - A\u011f\u0131z ve Di\u015f Sa\u011fl\u0131\u011f\u0131 Klini\u011fi\" \/>\n<meta property=\"og:description\" content=\"Periodontoloji, di\u015fler ve di\u015flerin etraf\u0131nda bulunan dokular\u0131n sa\u011fl\u0131k ve hastal\u0131ktaki durumlar\u0131n\u0131 inceleyen, bu dokularda meydana gelen hastal\u0131klar\u0131n te\u015fhisi, tedavisi ve tedavi sonras\u0131nda elde edilen sa\u011fl\u0131\u011f\u0131n korunmas\u0131n\u0131 ama\u00e7layan bir di\u015f hekimli\u011fi dal\u0131d\u0131r. A\u011f\u0131z di\u015f bak\u0131m\u0131m\u0131z\u0131n yetersiz veya etkin olmamas\u0131 di\u015f eti problemlerinin olu\u015fumunu h\u0131zland\u0131r\u0131r. Di\u015f eti hastal\u0131klar\u0131na toplumda %75 gibi y\u00fcksek d\u00fczeyde olduk\u00e7a yayg\u0131n rastlan\u0131r. Di\u015f\" \/>\n<meta property=\"og:url\" content=\"https:\/\/klinik19.com\/de\/parodontologie\/\" \/>\n<meta property=\"og:site_name\" content=\"Klinik19 &Ccedil;orum - A\u011f\u0131z ve Di\u015f Sa\u011fl\u0131\u011f\u0131 Klini\u011fi\" \/>\n<meta property=\"article:publisher\" content=\"https:\/\/www.facebook.com\/klinik19corum\/\" \/>\n<meta property=\"article:modified_time\" content=\"2022-02-16T21:14:41+00:00\" \/>\n<meta property=\"og:image\" content=\"https:\/\/klinik19.com\/wp-content\/uploads\/2022\/01\/periodontoloji.png\" \/>\n\t<meta property=\"og:image:width\" content=\"1500\" \/>\n\t<meta property=\"og:image:height\" content=\"1001\" \/>\n\t<meta property=\"og:image:type\" content=\"image\/png\" \/>\n<meta name=\"twitter:card\" content=\"summary_large_image\" \/>\n<meta name=\"twitter:label1\" content=\"Gesch\u00e4tzte Lesezeit\" \/>\n\t<meta name=\"twitter:data1\" content=\"2\u00a0Minuten\" \/>\n<script type=\"application\/ld+json\" class=\"yoast-schema-graph\">{\"@context\":\"https:\\\/\\\/schema.org\",\"@graph\":[{\"@type\":\"WebPage\",\"@id\":\"https:\\\/\\\/klinik19.com\\\/periodontoloji\\\/\",\"url\":\"https:\\\/\\\/klinik19.com\\\/periodontoloji\\\/\",\"name\":\"Periodontoloji - Klinik19 &Ccedil;orum - A\u011f\u0131z ve Di\u015f Sa\u011fl\u0131\u011f\u0131 Klini\u011fi\",\"isPartOf\":{\"@id\":\"https:\\\/\\\/klinik19.com\\\/#website\"},\"primaryImageOfPage\":{\"@id\":\"https:\\\/\\\/klinik19.com\\\/periodontoloji\\\/#primaryimage\"},\"image\":{\"@id\":\"https:\\\/\\\/klinik19.com\\\/periodontoloji\\\/#primaryimage\"},\"thumbnailUrl\":\"https:\\\/\\\/klinik19.com\\\/wp-content\\\/uploads\\\/2022\\\/01\\\/periodontoloji.png\",\"datePublished\":\"2022-01-30T07:43:51+00:00\",\"dateModified\":\"2022-02-16T21:14:41+00:00\",\"breadcrumb\":{\"@id\":\"https:\\\/\\\/klinik19.com\\\/periodontoloji\\\/#breadcrumb\"},\"inLanguage\":\"de\",\"potentialAction\":[{\"@type\":\"ReadAction\",\"target\":[\"https:\\\/\\\/klinik19.com\\\/periodontoloji\\\/\"]}]},{\"@type\":\"ImageObject\",\"inLanguage\":\"de\",\"@id\":\"https:\\\/\\\/klinik19.com\\\/periodontoloji\\\/#primaryimage\",\"url\":\"https:\\\/\\\/klinik19.com\\\/wp-content\\\/uploads\\\/2022\\\/01\\\/periodontoloji.png\",\"contentUrl\":\"https:\\\/\\\/klinik19.com\\\/wp-content\\\/uploads\\\/2022\\\/01\\\/periodontoloji.png\",\"width\":1500,\"height\":1001,\"caption\":\"periodontoloji\"},{\"@type\":\"BreadcrumbList\",\"@id\":\"https:\\\/\\\/klinik19.com\\\/periodontoloji\\\/#breadcrumb\",\"itemListElement\":[{\"@type\":\"ListItem\",\"position\":1,\"name\":\"Anasayfa\",\"item\":\"https:\\\/\\\/klinik19.com\\\/\"},{\"@type\":\"ListItem\",\"position\":2,\"name\":\"Periodontoloji\"}]},{\"@type\":\"WebSite\",\"@id\":\"https:\\\/\\\/klinik19.com\\\/#website\",\"url\":\"https:\\\/\\\/klinik19.com\\\/\",\"name\":\"Klinik19 &Ccedil;orum - A\u011f\u0131z ve Di\u015f Sa\u011fl\u0131\u011f\u0131 Klini\u011fi\",\"description\":\"De\u011fi\u015fimi G&uuml;l&uuml;msemende Hisset\",\"publisher\":{\"@id\":\"https:\\\/\\\/klinik19.com\\\/#organization\"},\"potentialAction\":[{\"@type\":\"SearchAction\",\"target\":{\"@type\":\"EntryPoint\",\"urlTemplate\":\"https:\\\/\\\/klinik19.com\\\/?s={search_term_string}\"},\"query-input\":{\"@type\":\"PropertyValueSpecification\",\"valueRequired\":true,\"valueName\":\"search_term_string\"}}],\"inLanguage\":\"de\"},{\"@type\":\"Organization\",\"@id\":\"https:\\\/\\\/klinik19.com\\\/#organization\",\"name\":\"Klinik19 - A\u011f\u0131z ve Di\u015f Sa\u011fl\u0131\u011f\u0131 Poliklini\u011fi\",\"url\":\"https:\\\/\\\/klinik19.com\\\/\",\"logo\":{\"@type\":\"ImageObject\",\"inLanguage\":\"de\",\"@id\":\"https:\\\/\\\/klinik19.com\\\/#\\\/schema\\\/logo\\\/image\\\/\",\"url\":\"https:\\\/\\\/klinik19.com\\\/wp-content\\\/uploads\\\/2022\\\/02\\\/klinik19-logobg.png\",\"contentUrl\":\"https:\\\/\\\/klinik19.com\\\/wp-content\\\/uploads\\\/2022\\\/02\\\/klinik19-logobg.png\",\"width\":706,\"height\":431,\"caption\":\"Klinik19 - A\u011f\u0131z ve Di\u015f Sa\u011fl\u0131\u011f\u0131 Poliklini\u011fi\"},\"image\":{\"@id\":\"https:\\\/\\\/klinik19.com\\\/#\\\/schema\\\/logo\\\/image\\\/\"},\"sameAs\":[\"https:\\\/\\\/www.facebook.com\\\/klinik19corum\\\/\",\"https:\\\/\\\/www.instagram.com\\\/klinik.19\\\/\"]}]}<\/script>\n<!-- \/ Yoast SEO plugin. -->","yoast_head_json":{"title":"Periodontoloji - Klinik19 &Ccedil;orum - A\u011f\u0131z ve Di\u015f Sa\u011fl\u0131\u011f\u0131 Klini\u011fi","robots":{"index":"index","follow":"follow","max-snippet":"max-snippet:-1","max-image-preview":"max-image-preview:large","max-video-preview":"max-video-preview:-1"},"canonical":"https:\/\/klinik19.com\/de\/parodontologie\/","og_locale":"de_DE","og_type":"article","og_title":"Periodontoloji - Klinik19 &Ccedil;orum - A\u011f\u0131z ve Di\u015f Sa\u011fl\u0131\u011f\u0131 Klini\u011fi","og_description":"Periodontoloji, di\u015fler ve di\u015flerin etraf\u0131nda bulunan dokular\u0131n sa\u011fl\u0131k ve hastal\u0131ktaki durumlar\u0131n\u0131 inceleyen, bu dokularda meydana gelen hastal\u0131klar\u0131n te\u015fhisi, tedavisi ve tedavi sonras\u0131nda elde edilen sa\u011fl\u0131\u011f\u0131n korunmas\u0131n\u0131 ama\u00e7layan bir di\u015f hekimli\u011fi dal\u0131d\u0131r. A\u011f\u0131z di\u015f bak\u0131m\u0131m\u0131z\u0131n yetersiz veya etkin olmamas\u0131 di\u015f eti problemlerinin olu\u015fumunu h\u0131zland\u0131r\u0131r. Di\u015f eti hastal\u0131klar\u0131na toplumda %75 gibi y\u00fcksek d\u00fczeyde olduk\u00e7a yayg\u0131n rastlan\u0131r. Di\u015f","og_url":"https:\/\/klinik19.com\/de\/parodontologie\/","og_site_name":"Klinik19 &Ccedil;orum - A\u011f\u0131z ve Di\u015f Sa\u011fl\u0131\u011f\u0131 Klini\u011fi","article_publisher":"https:\/\/www.facebook.com\/klinik19corum\/","article_modified_time":"2022-02-16T21:14:41+00:00","og_image":[{"width":1500,"height":1001,"url":"https:\/\/klinik19.com\/wp-content\/uploads\/2022\/01\/periodontoloji.png","type":"image\/png"}],"twitter_card":"summary_large_image","twitter_misc":{"Gesch\u00e4tzte Lesezeit":"2\u00a0Minuten"},"schema":{"@context":"https:\/\/schema.org","@graph":[{"@type":"WebPage","@id":"https:\/\/klinik19.com\/periodontoloji\/","url":"https:\/\/klinik19.com\/periodontoloji\/","name":"Periodontoloji - Klinik19 &Ccedil;orum - A\u011f\u0131z ve Di\u015f Sa\u011fl\u0131\u011f\u0131 Klini\u011fi","isPartOf":{"@id":"https:\/\/klinik19.com\/#website"},"primaryImageOfPage":{"@id":"https:\/\/klinik19.com\/periodontoloji\/#primaryimage"},"image":{"@id":"https:\/\/klinik19.com\/periodontoloji\/#primaryimage"},"thumbnailUrl":"https:\/\/klinik19.com\/wp-content\/uploads\/2022\/01\/periodontoloji.png","datePublished":"2022-01-30T07:43:51+00:00","dateModified":"2022-02-16T21:14:41+00:00","breadcrumb":{"@id":"https:\/\/klinik19.com\/periodontoloji\/#breadcrumb"},"inLanguage":"de","potentialAction":[{"@type":"ReadAction","target":["https:\/\/klinik19.com\/periodontoloji\/"]}]},{"@type":"ImageObject","inLanguage":"de","@id":"https:\/\/klinik19.com\/periodontoloji\/#primaryimage","url":"https:\/\/klinik19.com\/wp-content\/uploads\/2022\/01\/periodontoloji.png","contentUrl":"https:\/\/klinik19.com\/wp-content\/uploads\/2022\/01\/periodontoloji.png","width":1500,"height":1001,"caption":"periodontoloji"},{"@type":"BreadcrumbList","@id":"https:\/\/klinik19.com\/periodontoloji\/#breadcrumb","itemListElement":[{"@type":"ListItem","position":1,"name":"Anasayfa","item":"https:\/\/klinik19.com\/"},{"@type":"ListItem","position":2,"name":"Periodontoloji"}]},{"@type":"WebSite","@id":"https:\/\/klinik19.com\/#website","url":"https:\/\/klinik19.com\/","name":"Klinik19 &Ccedil;orum - A\u011f\u0131z ve Di\u015f Sa\u011fl\u0131\u011f\u0131 Klini\u011fi","description":"De\u011fi\u015fimi G&uuml;l&uuml;msemende Hisset","publisher":{"@id":"https:\/\/klinik19.com\/#organization"},"potentialAction":[{"@type":"SearchAction","target":{"@type":"EntryPoint","urlTemplate":"https:\/\/klinik19.com\/?s={search_term_string}"},"query-input":{"@type":"PropertyValueSpecification","valueRequired":true,"valueName":"search_term_string"}}],"inLanguage":"de"},{"@type":"Organization","@id":"https:\/\/klinik19.com\/#organization","name":"Klinik19 - A\u011f\u0131z ve Di\u015f Sa\u011fl\u0131\u011f\u0131 Poliklini\u011fi","url":"https:\/\/klinik19.com\/","logo":{"@type":"ImageObject","inLanguage":"de","@id":"https:\/\/klinik19.com\/#\/schema\/logo\/image\/","url":"https:\/\/klinik19.com\/wp-content\/uploads\/2022\/02\/klinik19-logobg.png","contentUrl":"https:\/\/klinik19.com\/wp-content\/uploads\/2022\/02\/klinik19-logobg.png","width":706,"height":431,"caption":"Klinik19 - A\u011f\u0131z ve Di\u015f Sa\u011fl\u0131\u011f\u0131 Poliklini\u011fi"},"image":{"@id":"https:\/\/klinik19.com\/#\/schema\/logo\/image\/"},"sameAs":["https:\/\/www.facebook.com\/klinik19corum\/","https:\/\/www.instagram.com\/klinik.19\/"]}]}},"_links":{"self":[{"href":"https:\/\/klinik19.com\/de\/wp-json\/wp\/v2\/pages\/3141","targetHints":{"allow":["GET"]}}],"collection":[{"href":"https:\/\/klinik19.com\/de\/wp-json\/wp\/v2\/pages"}],"about":[{"href":"https:\/\/klinik19.com\/de\/wp-json\/wp\/v2\/types\/page"}],"author":[{"embeddable":true,"href":"https:\/\/klinik19.com\/de\/wp-json\/wp\/v2\/users\/1"}],"replies":[{"embeddable":true,"href":"https:\/\/klinik19.com\/de\/wp-json\/wp\/v2\/comments?post=3141"}],"version-history":[{"count":12,"href":"https:\/\/klinik19.com\/de\/wp-json\/wp\/v2\/pages\/3141\/revisions"}],"predecessor-version":[{"id":3460,"href":"https:\/\/klinik19.com\/de\/wp-json\/wp\/v2\/pages\/3141\/revisions\/3460"}],"wp:featuredmedia":[{"embeddable":true,"href":"https:\/\/klinik19.com\/de\/wp-json\/wp\/v2\/media\/3146"}],"wp:attachment":[{"href":"https:\/\/klinik19.com\/de\/wp-json\/wp\/v2\/media?parent=3141"}],"curies":[{"name":"wp","href":"https:\/\/api.w.org\/{rel}","templated":true}]}}