{"id":3160,"date":"2022-01-30T11:10:31","date_gmt":"2022-01-30T08:10:31","guid":{"rendered":"https:\/\/klinik19.com\/?page_id=3160"},"modified":"2022-10-24T20:22:57","modified_gmt":"2022-10-24T17:22:57","slug":"protetik-tedavi","status":"publish","type":"page","link":"https:\/\/klinik19.com\/de\/prothetische-behandlung\/","title":{"rendered":"Prothetische Behandlung"},"content":{"rendered":"<div id=\"pl-3160\"  class=\"panel-layout\" ><div id=\"pg-3160-0\"  class=\"panel-grid panel-has-style\" ><div class=\"divider-no-animation tablet-default mobile-default desktop-default custom panel-row-style panel-row-style-for-3160-0\" ><div id=\"pgc-3160-0-0\"  class=\"panel-grid-cell\" ><div id=\"panel-3160-0-0-0\" class=\"so-panel widget widget_sow-editor panel-first-child panel-last-child\" data-index=\"0\" ><div class=\"orion custom default panel-widget-style panel-widget-style-for-3160-0-0-0\" ><div\n\t\t\t\n\t\t\tclass=\"so-widget-sow-editor so-widget-sow-editor-base\"\n\t\t\t\n\t\t>\n<div class=\"siteorigin-widget-tinymce textwidget\">\n\t<h2><strong>Was ist eine Prothese?<\/strong><\/h2>\n<p class=\"translation-block\">Prothesen, die im Volksmund Veneers oder Prothesen genannt werden, sind k\u00fcnstliche Z\u00e4hne, die zum Ersatz von Z\u00e4hnen hergestellt werden, die aus verschiedenen Gr\u00fcnden verloren gegangen sind, oder um \u00e4sthetische St\u00f6rungen zu beseitigen, damit die Person Kau- und Sprechfunktionen ausf\u00fchren kann.<br>\nWenn die L\u00f6cher im Mund die Z\u00e4hne \u00fcberm\u00e4\u00dfig gesch\u00e4digt haben und die Z\u00e4hne nicht mehr gef\u00fcllt werden konnten, ist Porzellanverblendung eine der Hauptanwendungen, um den gesunden Hauptzahn zu erhalten.<\/p>\n<h2><strong>Wozu dienen prothetische Anwendungen?<\/strong><\/h2>\n<p>Der Zweck von Prothesenanwendungen besteht darin, k\u00fcnstliche Z\u00e4hne herzustellen, die mit dem Gesicht der Person kompatibel sind und die die Kau- und Sprechfunktion erf\u00fcllen k\u00f6nnen, die der nat\u00fcrlichen am n\u00e4chsten kommt.<\/p>\n<h3><strong>Bei wem kann Porzellan Veneer angewendet werden?<\/strong><\/h3>\n<ul>\n<li>Aus irgendeinem Grund einen oder mehrere Z\u00e4hne verloren<\/li>\n<li>Z\u00e4hne haben, die gebrochen, verf\u00e4rbt oder entstellt sind<\/li>\n<li>Diejenigen, die sich keiner kieferorthop\u00e4dischen Behandlung unterziehen m\u00f6chten<\/li>\n<li>Porzellanfurnier kann bei Personen \u00fcber 18 Jahren angewendet werden.<\/li>\n<\/ul>\n<\/div>\n<\/div><\/div><\/div><\/div><div id=\"pgc-3160-0-1\"  class=\"panel-grid-cell\" ><div id=\"panel-3160-0-1-0\" class=\"so-panel widget widget_orion_image_w panel-first-child panel-last-child\" data-index=\"1\" ><div class=\"orion custom default panel-widget-style panel-widget-style-for-3160-0-1-0\" ><div\n\t\t\t\n\t\t\tclass=\"so-widget-orion_image_w so-widget-orion_image_w-base\"\n\t\t\t\n\t\t>\r\n<div class=\"image-w relative\">\r\n\r\n\t\t\t\t\t\t\t<div class=\"overlay-none overlay-hover-none\">\r\n\t\t\r\n\t\t\t\t\t<img loading=\"lazy\" decoding=\"async\" width=\"1600\" height=\"1600\" src=\"https:\/\/klinik19.com\/wp-content\/uploads\/2022\/01\/porselen-kaplama-dis\u0327.png\" class=\"attachment- size-\" alt=\"porselen kaplama dis\u0327\" \/>\t\t\t<div class=\"overlay\"><\/div>\r\n\t\t\r\n\t\t\t\t\t<\/div>\r\n\t\t\t\r\n\t\r\n\t<div class=\"absolute\">\r\n\t\t<div class=\"hover-desc table-wrap\">\r\n\t\t\t<div class=\"cell-wrap\">\r\n\t\t\t\t<h4 class=\"text-light\"><\/h4>\r\n\t\t\t<\/div>\r\n\t\t<\/div>\r\n\t<\/div>\t\t\t\t\t\r\n<\/div>\r\n\r\n<\/div><\/div><\/div><\/div><\/div><\/div><div id=\"pg-3160-1\"  class=\"panel-grid panel-has-style\" ><div class=\"divider-no-animation panel-row-style panel-row-style-for-3160-1\" ><div id=\"pgc-3160-1-0\"  class=\"panel-grid-cell\" ><div id=\"panel-3160-1-0-0\" class=\"so-panel widget widget_sow-editor panel-first-child panel-last-child\" data-index=\"2\" ><div class=\"orion custom default panel-widget-style panel-widget-style-for-3160-1-0-0\" ><div\n\t\t\t\n\t\t\tclass=\"so-widget-sow-editor so-widget-sow-editor-base\"\n\t\t\t\n\t\t>\n<div class=\"siteorigin-widget-tinymce textwidget\">\n\t<h2><strong>K\u00f6nnen Sie uns etwas \u00fcber metallgest\u00fctzte Porzellanveneers erz\u00e4hlen?<\/strong><\/h2>\n<p>Metallgest\u00fctzte Porzellanfurniere werden, wie der Name schon sagt, hergestellt, indem w\u00e4hrend der Konstruktion Metalllegierungen unter das Porzellan gelegt werden. Bei metallunterst\u00fctzten Beschichtungen aus Chrom-Kobalt- oder Chrom-Nickel-Legierungen, die f\u00fcr das Zahngewebe geeignet sind und die notwendige Haltbarkeit aufweisen, wird die auf das Metall aufgebrachte Keramik durch das darunter liegende Metall angegriffen. Da das Metall im Ger\u00fcst kein Licht durchl\u00e4sst, erzeugt es ein mattes Erscheinungsbild und eine dunkle Linie auf Gingivaniveau. Aus diesem Grund sind metallgest\u00fctzte Veneers aus \u00e4sthetischen Gr\u00fcnden insbesondere f\u00fcr Z\u00e4hne im Frontzahnbereich nicht zu empfehlen.<\/p>\n<\/div>\n<\/div><\/div><\/div><\/div><\/div><\/div><\/div>","protected":false},"excerpt":{"rendered":"<p>Protez nedir? Halk aras\u0131nda kaplama veya takma di\u015f olarak adland\u0131r\u0131lan protezler \u00e7e\u015fitli nedenlerle kaybedilmi\u015f di\u015flerin yerine ya da estetik bozukluklar\u0131n giderilmesi i\u00e7in, ki\u015finin \u00e7i\u011fneme, konu\u015fma fonksiyonlar\u0131n\u0131 ger\u00e7ekle\u015ftirebilmesi i\u00e7in yap\u0131lan yapay di\u015flerdir. A\u011f\u0131z i\u00e7indeki \u00e7\u00fcr\u00fckler, di\u015flerde a\u015f\u0131r\u0131 harabiyete neden olmu\u015f ve di\u015flerin dolgu yap\u0131lamayacak duruma gelmesine sebep olmu\u015fsa sa\u011flam ana di\u015fi kurtarmak ad\u0131na porselen kaplama ba\u015fl\u0131ca<\/p>","protected":false},"author":1,"featured_media":3163,"parent":0,"menu_order":0,"comment_status":"closed","ping_status":"closed","template":"","meta":{"footnotes":""},"class_list":["post-3160","page","type-page","status-publish","has-post-thumbnail","hentry"],"yoast_head":"<!-- This site is optimized with the Yoast SEO plugin v27.4 - https:\/\/yoast.com\/product\/yoast-seo-wordpress\/ -->\n<title>Protetik Tedavi - Klinik19 &Ccedil;orum - A\u011f\u0131z ve Di\u015f Sa\u011fl\u0131\u011f\u0131 Klini\u011fi<\/title>\n<meta name=\"robots\" content=\"index, follow, max-snippet:-1, max-image-preview:large, max-video-preview:-1\" \/>\n<link rel=\"canonical\" href=\"https:\/\/klinik19.com\/de\/prothetische-behandlung\/\" \/>\n<meta property=\"og:locale\" content=\"de_DE\" \/>\n<meta property=\"og:type\" content=\"article\" \/>\n<meta property=\"og:title\" content=\"Protetik Tedavi - Klinik19 &Ccedil;orum - A\u011f\u0131z ve Di\u015f Sa\u011fl\u0131\u011f\u0131 Klini\u011fi\" \/>\n<meta property=\"og:description\" content=\"Protez nedir? Halk aras\u0131nda kaplama veya takma di\u015f olarak adland\u0131r\u0131lan protezler \u00e7e\u015fitli nedenlerle kaybedilmi\u015f di\u015flerin yerine ya da estetik bozukluklar\u0131n giderilmesi i\u00e7in, ki\u015finin \u00e7i\u011fneme, konu\u015fma fonksiyonlar\u0131n\u0131 ger\u00e7ekle\u015ftirebilmesi i\u00e7in yap\u0131lan yapay di\u015flerdir. A\u011f\u0131z i\u00e7indeki \u00e7\u00fcr\u00fckler, di\u015flerde a\u015f\u0131r\u0131 harabiyete neden olmu\u015f ve di\u015flerin dolgu yap\u0131lamayacak duruma gelmesine sebep olmu\u015fsa sa\u011flam ana di\u015fi kurtarmak ad\u0131na porselen kaplama ba\u015fl\u0131ca\" \/>\n<meta property=\"og:url\" content=\"https:\/\/klinik19.com\/de\/prothetische-behandlung\/\" \/>\n<meta property=\"og:site_name\" content=\"Klinik19 &Ccedil;orum - A\u011f\u0131z ve Di\u015f Sa\u011fl\u0131\u011f\u0131 Klini\u011fi\" \/>\n<meta property=\"article:publisher\" content=\"https:\/\/www.facebook.com\/klinik19corum\/\" \/>\n<meta property=\"article:modified_time\" content=\"2022-10-24T17:22:57+00:00\" \/>\n<meta property=\"og:image\" content=\"https:\/\/klinik19.com\/wp-content\/uploads\/2022\/01\/porselen-kaplama-dis\u0327-1024x1024.png\" \/>\n\t<meta property=\"og:image:width\" content=\"1024\" \/>\n\t<meta property=\"og:image:height\" content=\"1024\" \/>\n\t<meta property=\"og:image:type\" content=\"image\/png\" \/>\n<meta name=\"twitter:card\" content=\"summary_large_image\" \/>\n<meta name=\"twitter:label1\" content=\"Gesch\u00e4tzte Lesezeit\" \/>\n\t<meta name=\"twitter:data1\" content=\"6\u00a0Minuten\" \/>\n<script type=\"application\/ld+json\" class=\"yoast-schema-graph\">{\"@context\":\"https:\\\/\\\/schema.org\",\"@graph\":[{\"@type\":\"WebPage\",\"@id\":\"https:\\\/\\\/klinik19.com\\\/protetik-tedavi\\\/\",\"url\":\"https:\\\/\\\/klinik19.com\\\/protetik-tedavi\\\/\",\"name\":\"Protetik Tedavi - Klinik19 &Ccedil;orum - A\u011f\u0131z ve Di\u015f Sa\u011fl\u0131\u011f\u0131 Klini\u011fi\",\"isPartOf\":{\"@id\":\"https:\\\/\\\/klinik19.com\\\/#website\"},\"primaryImageOfPage\":{\"@id\":\"https:\\\/\\\/klinik19.com\\\/protetik-tedavi\\\/#primaryimage\"},\"image\":{\"@id\":\"https:\\\/\\\/klinik19.com\\\/protetik-tedavi\\\/#primaryimage\"},\"thumbnailUrl\":\"https:\\\/\\\/klinik19.com\\\/wp-content\\\/uploads\\\/2022\\\/01\\\/porselen-kaplama-dis\u0327.png\",\"datePublished\":\"2022-01-30T08:10:31+00:00\",\"dateModified\":\"2022-10-24T17:22:57+00:00\",\"breadcrumb\":{\"@id\":\"https:\\\/\\\/klinik19.com\\\/protetik-tedavi\\\/#breadcrumb\"},\"inLanguage\":\"de\",\"potentialAction\":[{\"@type\":\"ReadAction\",\"target\":[\"https:\\\/\\\/klinik19.com\\\/protetik-tedavi\\\/\"]}]},{\"@type\":\"ImageObject\",\"inLanguage\":\"de\",\"@id\":\"https:\\\/\\\/klinik19.com\\\/protetik-tedavi\\\/#primaryimage\",\"url\":\"https:\\\/\\\/klinik19.com\\\/wp-content\\\/uploads\\\/2022\\\/01\\\/porselen-kaplama-dis\u0327.png\",\"contentUrl\":\"https:\\\/\\\/klinik19.com\\\/wp-content\\\/uploads\\\/2022\\\/01\\\/porselen-kaplama-dis\u0327.png\",\"width\":1600,\"height\":1600,\"caption\":\"porselen kaplama dis\u0327\"},{\"@type\":\"BreadcrumbList\",\"@id\":\"https:\\\/\\\/klinik19.com\\\/protetik-tedavi\\\/#breadcrumb\",\"itemListElement\":[{\"@type\":\"ListItem\",\"position\":1,\"name\":\"Anasayfa\",\"item\":\"https:\\\/\\\/klinik19.com\\\/\"},{\"@type\":\"ListItem\",\"position\":2,\"name\":\"Protetik Tedavi\"}]},{\"@type\":\"WebSite\",\"@id\":\"https:\\\/\\\/klinik19.com\\\/#website\",\"url\":\"https:\\\/\\\/klinik19.com\\\/\",\"name\":\"Klinik19 &Ccedil;orum - A\u011f\u0131z ve Di\u015f Sa\u011fl\u0131\u011f\u0131 Klini\u011fi\",\"description\":\"De\u011fi\u015fimi G&uuml;l&uuml;msemende Hisset\",\"publisher\":{\"@id\":\"https:\\\/\\\/klinik19.com\\\/#organization\"},\"potentialAction\":[{\"@type\":\"SearchAction\",\"target\":{\"@type\":\"EntryPoint\",\"urlTemplate\":\"https:\\\/\\\/klinik19.com\\\/?s={search_term_string}\"},\"query-input\":{\"@type\":\"PropertyValueSpecification\",\"valueRequired\":true,\"valueName\":\"search_term_string\"}}],\"inLanguage\":\"de\"},{\"@type\":\"Organization\",\"@id\":\"https:\\\/\\\/klinik19.com\\\/#organization\",\"name\":\"Klinik19 - A\u011f\u0131z ve Di\u015f Sa\u011fl\u0131\u011f\u0131 Poliklini\u011fi\",\"url\":\"https:\\\/\\\/klinik19.com\\\/\",\"logo\":{\"@type\":\"ImageObject\",\"inLanguage\":\"de\",\"@id\":\"https:\\\/\\\/klinik19.com\\\/#\\\/schema\\\/logo\\\/image\\\/\",\"url\":\"https:\\\/\\\/klinik19.com\\\/wp-content\\\/uploads\\\/2022\\\/02\\\/klinik19-logobg.png\",\"contentUrl\":\"https:\\\/\\\/klinik19.com\\\/wp-content\\\/uploads\\\/2022\\\/02\\\/klinik19-logobg.png\",\"width\":706,\"height\":431,\"caption\":\"Klinik19 - A\u011f\u0131z ve Di\u015f Sa\u011fl\u0131\u011f\u0131 Poliklini\u011fi\"},\"image\":{\"@id\":\"https:\\\/\\\/klinik19.com\\\/#\\\/schema\\\/logo\\\/image\\\/\"},\"sameAs\":[\"https:\\\/\\\/www.facebook.com\\\/klinik19corum\\\/\",\"https:\\\/\\\/www.instagram.com\\\/klinik.19\\\/\"]}]}<\/script>\n<!-- \/ Yoast SEO plugin. -->","yoast_head_json":{"title":"Protetik Tedavi - Klinik19 &Ccedil;orum - A\u011f\u0131z ve Di\u015f Sa\u011fl\u0131\u011f\u0131 Klini\u011fi","robots":{"index":"index","follow":"follow","max-snippet":"max-snippet:-1","max-image-preview":"max-image-preview:large","max-video-preview":"max-video-preview:-1"},"canonical":"https:\/\/klinik19.com\/de\/prothetische-behandlung\/","og_locale":"de_DE","og_type":"article","og_title":"Protetik Tedavi - Klinik19 &Ccedil;orum - A\u011f\u0131z ve Di\u015f Sa\u011fl\u0131\u011f\u0131 Klini\u011fi","og_description":"Protez nedir? Halk aras\u0131nda kaplama veya takma di\u015f olarak adland\u0131r\u0131lan protezler \u00e7e\u015fitli nedenlerle kaybedilmi\u015f di\u015flerin yerine ya da estetik bozukluklar\u0131n giderilmesi i\u00e7in, ki\u015finin \u00e7i\u011fneme, konu\u015fma fonksiyonlar\u0131n\u0131 ger\u00e7ekle\u015ftirebilmesi i\u00e7in yap\u0131lan yapay di\u015flerdir. A\u011f\u0131z i\u00e7indeki \u00e7\u00fcr\u00fckler, di\u015flerde a\u015f\u0131r\u0131 harabiyete neden olmu\u015f ve di\u015flerin dolgu yap\u0131lamayacak duruma gelmesine sebep olmu\u015fsa sa\u011flam ana di\u015fi kurtarmak ad\u0131na porselen kaplama ba\u015fl\u0131ca","og_url":"https:\/\/klinik19.com\/de\/prothetische-behandlung\/","og_site_name":"Klinik19 &Ccedil;orum - A\u011f\u0131z ve Di\u015f Sa\u011fl\u0131\u011f\u0131 Klini\u011fi","article_publisher":"https:\/\/www.facebook.com\/klinik19corum\/","article_modified_time":"2022-10-24T17:22:57+00:00","og_image":[{"width":1024,"height":1024,"url":"https:\/\/klinik19.com\/wp-content\/uploads\/2022\/01\/porselen-kaplama-dis\u0327-1024x1024.png","type":"image\/png"}],"twitter_card":"summary_large_image","twitter_misc":{"Gesch\u00e4tzte Lesezeit":"6\u00a0Minuten"},"schema":{"@context":"https:\/\/schema.org","@graph":[{"@type":"WebPage","@id":"https:\/\/klinik19.com\/protetik-tedavi\/","url":"https:\/\/klinik19.com\/protetik-tedavi\/","name":"Protetik Tedavi - Klinik19 &Ccedil;orum - A\u011f\u0131z ve Di\u015f Sa\u011fl\u0131\u011f\u0131 Klini\u011fi","isPartOf":{"@id":"https:\/\/klinik19.com\/#website"},"primaryImageOfPage":{"@id":"https:\/\/klinik19.com\/protetik-tedavi\/#primaryimage"},"image":{"@id":"https:\/\/klinik19.com\/protetik-tedavi\/#primaryimage"},"thumbnailUrl":"https:\/\/klinik19.com\/wp-content\/uploads\/2022\/01\/porselen-kaplama-dis\u0327.png","datePublished":"2022-01-30T08:10:31+00:00","dateModified":"2022-10-24T17:22:57+00:00","breadcrumb":{"@id":"https:\/\/klinik19.com\/protetik-tedavi\/#breadcrumb"},"inLanguage":"de","potentialAction":[{"@type":"ReadAction","target":["https:\/\/klinik19.com\/protetik-tedavi\/"]}]},{"@type":"ImageObject","inLanguage":"de","@id":"https:\/\/klinik19.com\/protetik-tedavi\/#primaryimage","url":"https:\/\/klinik19.com\/wp-content\/uploads\/2022\/01\/porselen-kaplama-dis\u0327.png","contentUrl":"https:\/\/klinik19.com\/wp-content\/uploads\/2022\/01\/porselen-kaplama-dis\u0327.png","width":1600,"height":1600,"caption":"porselen kaplama dis\u0327"},{"@type":"BreadcrumbList","@id":"https:\/\/klinik19.com\/protetik-tedavi\/#breadcrumb","itemListElement":[{"@type":"ListItem","position":1,"name":"Anasayfa","item":"https:\/\/klinik19.com\/"},{"@type":"ListItem","position":2,"name":"Protetik Tedavi"}]},{"@type":"WebSite","@id":"https:\/\/klinik19.com\/#website","url":"https:\/\/klinik19.com\/","name":"Klinik19 &Ccedil;orum - A\u011f\u0131z ve Di\u015f Sa\u011fl\u0131\u011f\u0131 Klini\u011fi","description":"De\u011fi\u015fimi G&uuml;l&uuml;msemende Hisset","publisher":{"@id":"https:\/\/klinik19.com\/#organization"},"potentialAction":[{"@type":"SearchAction","target":{"@type":"EntryPoint","urlTemplate":"https:\/\/klinik19.com\/?s={search_term_string}"},"query-input":{"@type":"PropertyValueSpecification","valueRequired":true,"valueName":"search_term_string"}}],"inLanguage":"de"},{"@type":"Organization","@id":"https:\/\/klinik19.com\/#organization","name":"Klinik19 - A\u011f\u0131z ve Di\u015f Sa\u011fl\u0131\u011f\u0131 Poliklini\u011fi","url":"https:\/\/klinik19.com\/","logo":{"@type":"ImageObject","inLanguage":"de","@id":"https:\/\/klinik19.com\/#\/schema\/logo\/image\/","url":"https:\/\/klinik19.com\/wp-content\/uploads\/2022\/02\/klinik19-logobg.png","contentUrl":"https:\/\/klinik19.com\/wp-content\/uploads\/2022\/02\/klinik19-logobg.png","width":706,"height":431,"caption":"Klinik19 - A\u011f\u0131z ve Di\u015f Sa\u011fl\u0131\u011f\u0131 Poliklini\u011fi"},"image":{"@id":"https:\/\/klinik19.com\/#\/schema\/logo\/image\/"},"sameAs":["https:\/\/www.facebook.com\/klinik19corum\/","https:\/\/www.instagram.com\/klinik.19\/"]}]}},"_links":{"self":[{"href":"https:\/\/klinik19.com\/de\/wp-json\/wp\/v2\/pages\/3160","targetHints":{"allow":["GET"]}}],"collection":[{"href":"https:\/\/klinik19.com\/de\/wp-json\/wp\/v2\/pages"}],"about":[{"href":"https:\/\/klinik19.com\/de\/wp-json\/wp\/v2\/types\/page"}],"author":[{"embeddable":true,"href":"https:\/\/klinik19.com\/de\/wp-json\/wp\/v2\/users\/1"}],"replies":[{"embeddable":true,"href":"https:\/\/klinik19.com\/de\/wp-json\/wp\/v2\/comments?post=3160"}],"version-history":[{"count":21,"href":"https:\/\/klinik19.com\/de\/wp-json\/wp\/v2\/pages\/3160\/revisions"}],"predecessor-version":[{"id":3164,"href":"https:\/\/klinik19.com\/de\/wp-json\/wp\/v2\/pages\/3160\/revisions\/3164"}],"wp:featuredmedia":[{"embeddable":true,"href":"https:\/\/klinik19.com\/de\/wp-json\/wp\/v2\/media\/3163"}],"wp:attachment":[{"href":"https:\/\/klinik19.com\/de\/wp-json\/wp\/v2\/media?parent=3160"}],"curies":[{"name":"wp","href":"https:\/\/api.w.org\/{rel}","templated":true}]}}