{"id":3192,"date":"2022-01-30T11:26:34","date_gmt":"2022-01-30T08:26:34","guid":{"rendered":"https:\/\/klinik19.com\/?page_id=3192"},"modified":"2022-02-17T00:13:32","modified_gmt":"2022-02-16T21:13:32","slug":"konservatif-tedaviler","status":"publish","type":"page","link":"https:\/\/klinik19.com\/de\/konservative-behandlungen\/","title":{"rendered":"Konservative Behandlungen"},"content":{"rendered":"<div id=\"pl-3192\"  class=\"panel-layout\" ><div id=\"pg-3192-0\"  class=\"panel-grid panel-has-style\" ><div class=\"divider-no-animation tablet-default mobile-default desktop-default custom panel-row-style panel-row-style-for-3192-0\" ><div id=\"pgc-3192-0-0\"  class=\"panel-grid-cell\" ><div id=\"panel-3192-0-0-0\" class=\"so-panel widget widget_sow-editor panel-first-child panel-last-child\" data-index=\"0\" ><div class=\"orion custom default panel-widget-style panel-widget-style-for-3192-0-0-0\" ><div\n\t\t\t\n\t\t\tclass=\"so-widget-sow-editor so-widget-sow-editor-base\"\n\t\t\t\n\t\t>\n<div class=\"siteorigin-widget-tinymce textwidget\">\n\t<p class=\"translation-block\">Die <strong>konservative Behandlung<\/strong> in der Zahnheilkunde beginnt mit den Bem\u00fchungen des Zahnarztes, Karies vorzubeugen, und reicht bis zur Behandlung der Karies, bevor sie fortschreitet, oder der Wiederherstellung des verlorenen Zahngewebes durch Reinigung der Karies. Die Anamnese des Patienten beim ersten Besuch (Beschwerdegeschichte und allgemeiner Gesundheitszustand), die aufgrund der R\u00f6ntgenaufnahmen gestellte Diagnose, der Arzt konservativ oder <a href=\"https:\/\/klinik19.com\/de\/endodonti\/\" target=\"_self\"><strong>Endodontie f\u00fchrt zu einer Wahl der Behandlung<\/strong><\/a>.<\/p>\n<p>Die einfachste konservative Behandlung; Empfehlungen zur Vermeidung von Kariesbildung. Am bekanntesten und gebr\u00e4uchlichsten ist die Wiederherstellung eines kari\u00f6sen Zahns mit Hilfe von F\u00fcllungsmaterialien.<\/p>\n<p class=\"translation-block\">Um eine Zahnf\u00fcllung vornehmen zu k\u00f6nnen, muss aus verschiedenen Gr\u00fcnden (Karies, Abrasion, Farb- und Strukturst\u00f6rung, Entwicklungsst\u00f6rung, Trauma etc.) das Zahngewebe abgebaut werden. Mit Hilfe der F\u00fcllung soll die verlorene \u00c4sthetik und Funktion des nat\u00fcrlichen Zahnes wiederhergestellt werden. F\u00fcr die F\u00fcllkonstruktion werden verschiedene Materialien verwendet. Heute verwendete F\u00fcllmaterialien; Amalgam, Kompositmaterialien (\u00c4sthetische F\u00fcllung) und Porzellan. W\u00e4hrend heute die Verwendung von Amalgamf\u00fcllungen (silberhaltige und silberfarbene) zur\u00fcckgeht, wird die Verwendung von nat\u00fcrlichem zahnfarbenem Komposit und <a href=\"https:\/\/klinik19.com\/de\/prosthetic-treatment\/\" target=\" _self\">Porzellanf\u00fcllungen<\/a> nimmt zu. .<\/p>\n<\/div>\n<\/div><\/div><\/div><\/div><div id=\"pgc-3192-0-1\"  class=\"panel-grid-cell\" ><div id=\"panel-3192-0-1-0\" class=\"so-panel widget widget_sow-image panel-first-child panel-last-child\" data-index=\"1\" ><div class=\"orion custom default panel-widget-style panel-widget-style-for-3192-0-1-0\" ><div\n\t\t\t\n\t\t\tclass=\"so-widget-sow-image so-widget-sow-image-default-8b5b6f678277-3192\"\n\t\t\t\n\t\t>\n<div class=\"sow-image-container\">\n\t\t<img \n\tsrc=\"https:\/\/klinik19.com\/wp-content\/uploads\/2022\/01\/koruyucu-dis-hekimligi-klinik19-c\u0327orum.jpeg\" width=\"800\" height=\"500\" srcset=\"https:\/\/klinik19.com\/wp-content\/uploads\/2022\/01\/koruyucu-dis-hekimligi-klinik19-c\u0327orum.jpeg 800w, https:\/\/klinik19.com\/wp-content\/uploads\/2022\/01\/koruyucu-dis-hekimligi-klinik19-c\u0327orum-300x188.jpeg 300w, https:\/\/klinik19.com\/wp-content\/uploads\/2022\/01\/koruyucu-dis-hekimligi-klinik19-c\u0327orum-768x480.jpeg 768w, https:\/\/klinik19.com\/wp-content\/uploads\/2022\/01\/koruyucu-dis-hekimligi-klinik19-c\u0327orum-750x469.jpeg 750w\" sizes=\"(max-width: 800px) 100vw, 800px\" alt=\"koruyucu-dis-hekimligi-klinik19-c\u0327orum\" \t\tclass=\"so-widget-image\"\/>\n\t<\/div>\n\n<\/div><\/div><\/div><\/div><\/div><\/div><\/div>","protected":false},"excerpt":{"rendered":"<p>Di\u015f hekimli\u011finde konservatif tedavi, di\u015f hekiminin \u00e7\u00fcr\u00fck olu\u015fmas\u0131n\u0131 engelleme \u00e7abalar\u0131ndan ba\u015flar, olu\u015fan \u00e7\u00fcr\u00fc\u011f\u00fc fazla ilerlemeden tedavi etmeye veya \u00e7\u00fcr\u00fc\u011f\u00fc temizleyerek kaybolan di\u015f dokusunu onarmaya kadar uzan\u0131r. Hastan\u0131n, ilk ziyaretinde al\u0131nan anamnezi (\u015fik\u00e2yetinin ve genel sa\u011fl\u0131k durumunun hik\u00e2yesi), \u00e7ekilen r\u00f6ntgenler sonucunda konulan tan\u0131, hekimi konservatif veya endodontik tedavi konusunda bir se\u00e7im yapmaya g\u00f6t\u00fcr\u00fcr. En basit konservatif<\/p>","protected":false},"author":1,"featured_media":2958,"parent":0,"menu_order":0,"comment_status":"closed","ping_status":"closed","template":"","meta":{"footnotes":""},"class_list":["post-3192","page","type-page","status-publish","has-post-thumbnail","hentry"],"yoast_head":"<!-- This site is optimized with the Yoast SEO plugin v27.5 - https:\/\/yoast.com\/product\/yoast-seo-wordpress\/ -->\n<title>Konservatif Tedaviler - Klinik19 &Ccedil;orum - A\u011f\u0131z ve Di\u015f Sa\u011fl\u0131\u011f\u0131 Klini\u011fi<\/title>\n<meta name=\"robots\" content=\"index, follow, max-snippet:-1, max-image-preview:large, max-video-preview:-1\" \/>\n<link rel=\"canonical\" href=\"https:\/\/klinik19.com\/de\/konservative-behandlungen\/\" \/>\n<meta property=\"og:locale\" content=\"de_DE\" \/>\n<meta property=\"og:type\" content=\"article\" \/>\n<meta property=\"og:title\" content=\"Konservatif Tedaviler - Klinik19 &Ccedil;orum - A\u011f\u0131z ve Di\u015f Sa\u011fl\u0131\u011f\u0131 Klini\u011fi\" \/>\n<meta property=\"og:description\" content=\"Di\u015f hekimli\u011finde konservatif tedavi, di\u015f hekiminin \u00e7\u00fcr\u00fck olu\u015fmas\u0131n\u0131 engelleme \u00e7abalar\u0131ndan ba\u015flar, olu\u015fan \u00e7\u00fcr\u00fc\u011f\u00fc fazla ilerlemeden tedavi etmeye veya \u00e7\u00fcr\u00fc\u011f\u00fc temizleyerek kaybolan di\u015f dokusunu onarmaya kadar uzan\u0131r. Hastan\u0131n, ilk ziyaretinde al\u0131nan anamnezi (\u015fik\u00e2yetinin ve genel sa\u011fl\u0131k durumunun hik\u00e2yesi), \u00e7ekilen r\u00f6ntgenler sonucunda konulan tan\u0131, hekimi konservatif veya endodontik tedavi konusunda bir se\u00e7im yapmaya g\u00f6t\u00fcr\u00fcr. En basit konservatif\" \/>\n<meta property=\"og:url\" content=\"https:\/\/klinik19.com\/de\/konservative-behandlungen\/\" \/>\n<meta property=\"og:site_name\" content=\"Klinik19 &Ccedil;orum - A\u011f\u0131z ve Di\u015f Sa\u011fl\u0131\u011f\u0131 Klini\u011fi\" \/>\n<meta property=\"article:publisher\" content=\"https:\/\/www.facebook.com\/klinik19corum\/\" \/>\n<meta property=\"article:modified_time\" content=\"2022-02-16T21:13:32+00:00\" \/>\n<meta property=\"og:image\" content=\"https:\/\/klinik19.com\/wp-content\/uploads\/2022\/01\/Fotolia_84275319_Subscription_Monthly_XXL-scaled.jpeg\" \/>\n\t<meta property=\"og:image:width\" content=\"2560\" \/>\n\t<meta property=\"og:image:height\" content=\"1707\" \/>\n\t<meta property=\"og:image:type\" content=\"image\/jpeg\" \/>\n<meta name=\"twitter:card\" content=\"summary_large_image\" \/>\n<meta name=\"twitter:label1\" content=\"Gesch\u00e4tzte Lesezeit\" \/>\n\t<meta name=\"twitter:data1\" content=\"1\u00a0Minute\" \/>\n<script type=\"application\/ld+json\" class=\"yoast-schema-graph\">{\"@context\":\"https:\\\/\\\/schema.org\",\"@graph\":[{\"@type\":\"WebPage\",\"@id\":\"https:\\\/\\\/klinik19.com\\\/konservatif-tedaviler\\\/\",\"url\":\"https:\\\/\\\/klinik19.com\\\/konservatif-tedaviler\\\/\",\"name\":\"Konservatif Tedaviler - Klinik19 &Ccedil;orum - A\u011f\u0131z ve Di\u015f Sa\u011fl\u0131\u011f\u0131 Klini\u011fi\",\"isPartOf\":{\"@id\":\"https:\\\/\\\/klinik19.com\\\/#website\"},\"primaryImageOfPage\":{\"@id\":\"https:\\\/\\\/klinik19.com\\\/konservatif-tedaviler\\\/#primaryimage\"},\"image\":{\"@id\":\"https:\\\/\\\/klinik19.com\\\/konservatif-tedaviler\\\/#primaryimage\"},\"thumbnailUrl\":\"https:\\\/\\\/klinik19.com\\\/wp-content\\\/uploads\\\/2022\\\/01\\\/Fotolia_84275319_Subscription_Monthly_XXL-scaled.jpeg\",\"datePublished\":\"2022-01-30T08:26:34+00:00\",\"dateModified\":\"2022-02-16T21:13:32+00:00\",\"breadcrumb\":{\"@id\":\"https:\\\/\\\/klinik19.com\\\/konservatif-tedaviler\\\/#breadcrumb\"},\"inLanguage\":\"de\",\"potentialAction\":[{\"@type\":\"ReadAction\",\"target\":[\"https:\\\/\\\/klinik19.com\\\/konservatif-tedaviler\\\/\"]}]},{\"@type\":\"ImageObject\",\"inLanguage\":\"de\",\"@id\":\"https:\\\/\\\/klinik19.com\\\/konservatif-tedaviler\\\/#primaryimage\",\"url\":\"https:\\\/\\\/klinik19.com\\\/wp-content\\\/uploads\\\/2022\\\/01\\\/Fotolia_84275319_Subscription_Monthly_XXL-scaled.jpeg\",\"contentUrl\":\"https:\\\/\\\/klinik19.com\\\/wp-content\\\/uploads\\\/2022\\\/01\\\/Fotolia_84275319_Subscription_Monthly_XXL-scaled.jpeg\",\"width\":2560,\"height\":1707},{\"@type\":\"BreadcrumbList\",\"@id\":\"https:\\\/\\\/klinik19.com\\\/konservatif-tedaviler\\\/#breadcrumb\",\"itemListElement\":[{\"@type\":\"ListItem\",\"position\":1,\"name\":\"Anasayfa\",\"item\":\"https:\\\/\\\/klinik19.com\\\/\"},{\"@type\":\"ListItem\",\"position\":2,\"name\":\"Konservatif Tedaviler\"}]},{\"@type\":\"WebSite\",\"@id\":\"https:\\\/\\\/klinik19.com\\\/#website\",\"url\":\"https:\\\/\\\/klinik19.com\\\/\",\"name\":\"Klinik19 &Ccedil;orum - A\u011f\u0131z ve Di\u015f Sa\u011fl\u0131\u011f\u0131 Klini\u011fi\",\"description\":\"De\u011fi\u015fimi G&uuml;l&uuml;msemende Hisset\",\"publisher\":{\"@id\":\"https:\\\/\\\/klinik19.com\\\/#organization\"},\"potentialAction\":[{\"@type\":\"SearchAction\",\"target\":{\"@type\":\"EntryPoint\",\"urlTemplate\":\"https:\\\/\\\/klinik19.com\\\/?s={search_term_string}\"},\"query-input\":{\"@type\":\"PropertyValueSpecification\",\"valueRequired\":true,\"valueName\":\"search_term_string\"}}],\"inLanguage\":\"de\"},{\"@type\":\"Organization\",\"@id\":\"https:\\\/\\\/klinik19.com\\\/#organization\",\"name\":\"Klinik19 - A\u011f\u0131z ve Di\u015f Sa\u011fl\u0131\u011f\u0131 Poliklini\u011fi\",\"url\":\"https:\\\/\\\/klinik19.com\\\/\",\"logo\":{\"@type\":\"ImageObject\",\"inLanguage\":\"de\",\"@id\":\"https:\\\/\\\/klinik19.com\\\/#\\\/schema\\\/logo\\\/image\\\/\",\"url\":\"https:\\\/\\\/klinik19.com\\\/wp-content\\\/uploads\\\/2022\\\/02\\\/klinik19-logobg.png\",\"contentUrl\":\"https:\\\/\\\/klinik19.com\\\/wp-content\\\/uploads\\\/2022\\\/02\\\/klinik19-logobg.png\",\"width\":706,\"height\":431,\"caption\":\"Klinik19 - A\u011f\u0131z ve Di\u015f Sa\u011fl\u0131\u011f\u0131 Poliklini\u011fi\"},\"image\":{\"@id\":\"https:\\\/\\\/klinik19.com\\\/#\\\/schema\\\/logo\\\/image\\\/\"},\"sameAs\":[\"https:\\\/\\\/www.facebook.com\\\/klinik19corum\\\/\",\"https:\\\/\\\/www.instagram.com\\\/klinik.19\\\/\"]}]}<\/script>\n<!-- \/ Yoast SEO plugin. -->","yoast_head_json":{"title":"Konservatif Tedaviler - Klinik19 &Ccedil;orum - A\u011f\u0131z ve Di\u015f Sa\u011fl\u0131\u011f\u0131 Klini\u011fi","robots":{"index":"index","follow":"follow","max-snippet":"max-snippet:-1","max-image-preview":"max-image-preview:large","max-video-preview":"max-video-preview:-1"},"canonical":"https:\/\/klinik19.com\/de\/konservative-behandlungen\/","og_locale":"de_DE","og_type":"article","og_title":"Konservatif Tedaviler - Klinik19 &Ccedil;orum - A\u011f\u0131z ve Di\u015f Sa\u011fl\u0131\u011f\u0131 Klini\u011fi","og_description":"Di\u015f hekimli\u011finde konservatif tedavi, di\u015f hekiminin \u00e7\u00fcr\u00fck olu\u015fmas\u0131n\u0131 engelleme \u00e7abalar\u0131ndan ba\u015flar, olu\u015fan \u00e7\u00fcr\u00fc\u011f\u00fc fazla ilerlemeden tedavi etmeye veya \u00e7\u00fcr\u00fc\u011f\u00fc temizleyerek kaybolan di\u015f dokusunu onarmaya kadar uzan\u0131r. Hastan\u0131n, ilk ziyaretinde al\u0131nan anamnezi (\u015fik\u00e2yetinin ve genel sa\u011fl\u0131k durumunun hik\u00e2yesi), \u00e7ekilen r\u00f6ntgenler sonucunda konulan tan\u0131, hekimi konservatif veya endodontik tedavi konusunda bir se\u00e7im yapmaya g\u00f6t\u00fcr\u00fcr. En basit konservatif","og_url":"https:\/\/klinik19.com\/de\/konservative-behandlungen\/","og_site_name":"Klinik19 &Ccedil;orum - A\u011f\u0131z ve Di\u015f Sa\u011fl\u0131\u011f\u0131 Klini\u011fi","article_publisher":"https:\/\/www.facebook.com\/klinik19corum\/","article_modified_time":"2022-02-16T21:13:32+00:00","og_image":[{"width":2560,"height":1707,"url":"https:\/\/klinik19.com\/wp-content\/uploads\/2022\/01\/Fotolia_84275319_Subscription_Monthly_XXL-scaled.jpeg","type":"image\/jpeg"}],"twitter_card":"summary_large_image","twitter_misc":{"Gesch\u00e4tzte Lesezeit":"1\u00a0Minute"},"schema":{"@context":"https:\/\/schema.org","@graph":[{"@type":"WebPage","@id":"https:\/\/klinik19.com\/konservatif-tedaviler\/","url":"https:\/\/klinik19.com\/konservatif-tedaviler\/","name":"Konservatif Tedaviler - Klinik19 &Ccedil;orum - A\u011f\u0131z ve Di\u015f Sa\u011fl\u0131\u011f\u0131 Klini\u011fi","isPartOf":{"@id":"https:\/\/klinik19.com\/#website"},"primaryImageOfPage":{"@id":"https:\/\/klinik19.com\/konservatif-tedaviler\/#primaryimage"},"image":{"@id":"https:\/\/klinik19.com\/konservatif-tedaviler\/#primaryimage"},"thumbnailUrl":"https:\/\/klinik19.com\/wp-content\/uploads\/2022\/01\/Fotolia_84275319_Subscription_Monthly_XXL-scaled.jpeg","datePublished":"2022-01-30T08:26:34+00:00","dateModified":"2022-02-16T21:13:32+00:00","breadcrumb":{"@id":"https:\/\/klinik19.com\/konservatif-tedaviler\/#breadcrumb"},"inLanguage":"de","potentialAction":[{"@type":"ReadAction","target":["https:\/\/klinik19.com\/konservatif-tedaviler\/"]}]},{"@type":"ImageObject","inLanguage":"de","@id":"https:\/\/klinik19.com\/konservatif-tedaviler\/#primaryimage","url":"https:\/\/klinik19.com\/wp-content\/uploads\/2022\/01\/Fotolia_84275319_Subscription_Monthly_XXL-scaled.jpeg","contentUrl":"https:\/\/klinik19.com\/wp-content\/uploads\/2022\/01\/Fotolia_84275319_Subscription_Monthly_XXL-scaled.jpeg","width":2560,"height":1707},{"@type":"BreadcrumbList","@id":"https:\/\/klinik19.com\/konservatif-tedaviler\/#breadcrumb","itemListElement":[{"@type":"ListItem","position":1,"name":"Anasayfa","item":"https:\/\/klinik19.com\/"},{"@type":"ListItem","position":2,"name":"Konservatif Tedaviler"}]},{"@type":"WebSite","@id":"https:\/\/klinik19.com\/#website","url":"https:\/\/klinik19.com\/","name":"Klinik19 &Ccedil;orum - A\u011f\u0131z ve Di\u015f Sa\u011fl\u0131\u011f\u0131 Klini\u011fi","description":"De\u011fi\u015fimi G&uuml;l&uuml;msemende Hisset","publisher":{"@id":"https:\/\/klinik19.com\/#organization"},"potentialAction":[{"@type":"SearchAction","target":{"@type":"EntryPoint","urlTemplate":"https:\/\/klinik19.com\/?s={search_term_string}"},"query-input":{"@type":"PropertyValueSpecification","valueRequired":true,"valueName":"search_term_string"}}],"inLanguage":"de"},{"@type":"Organization","@id":"https:\/\/klinik19.com\/#organization","name":"Klinik19 - A\u011f\u0131z ve Di\u015f Sa\u011fl\u0131\u011f\u0131 Poliklini\u011fi","url":"https:\/\/klinik19.com\/","logo":{"@type":"ImageObject","inLanguage":"de","@id":"https:\/\/klinik19.com\/#\/schema\/logo\/image\/","url":"https:\/\/klinik19.com\/wp-content\/uploads\/2022\/02\/klinik19-logobg.png","contentUrl":"https:\/\/klinik19.com\/wp-content\/uploads\/2022\/02\/klinik19-logobg.png","width":706,"height":431,"caption":"Klinik19 - A\u011f\u0131z ve Di\u015f Sa\u011fl\u0131\u011f\u0131 Poliklini\u011fi"},"image":{"@id":"https:\/\/klinik19.com\/#\/schema\/logo\/image\/"},"sameAs":["https:\/\/www.facebook.com\/klinik19corum\/","https:\/\/www.instagram.com\/klinik.19\/"]}]}},"_links":{"self":[{"href":"https:\/\/klinik19.com\/de\/wp-json\/wp\/v2\/pages\/3192","targetHints":{"allow":["GET"]}}],"collection":[{"href":"https:\/\/klinik19.com\/de\/wp-json\/wp\/v2\/pages"}],"about":[{"href":"https:\/\/klinik19.com\/de\/wp-json\/wp\/v2\/types\/page"}],"author":[{"embeddable":true,"href":"https:\/\/klinik19.com\/de\/wp-json\/wp\/v2\/users\/1"}],"replies":[{"embeddable":true,"href":"https:\/\/klinik19.com\/de\/wp-json\/wp\/v2\/comments?post=3192"}],"version-history":[{"count":6,"href":"https:\/\/klinik19.com\/de\/wp-json\/wp\/v2\/pages\/3192\/revisions"}],"predecessor-version":[{"id":3452,"href":"https:\/\/klinik19.com\/de\/wp-json\/wp\/v2\/pages\/3192\/revisions\/3452"}],"wp:featuredmedia":[{"embeddable":true,"href":"https:\/\/klinik19.com\/de\/wp-json\/wp\/v2\/media\/2958"}],"wp:attachment":[{"href":"https:\/\/klinik19.com\/de\/wp-json\/wp\/v2\/media?parent=3192"}],"curies":[{"name":"wp","href":"https:\/\/api.w.org\/{rel}","templated":true}]}}