{"id":3537,"date":"2022-02-23T00:52:11","date_gmt":"2022-02-22T21:52:11","guid":{"rendered":"https:\/\/klinik19.com\/?page_id=3537"},"modified":"2022-02-23T00:52:11","modified_gmt":"2022-02-22T21:52:11","slug":"merzifon-dis-klink","status":"publish","type":"page","link":"https:\/\/klinik19.com\/de\/merzifon-zahnklinik\/","title":{"rendered":"Merzifon Zahnklinik"},"content":{"rendered":"<div id=\"pl-3537\"  class=\"panel-layout\" ><div id=\"pg-3537-0\"  class=\"panel-grid panel-has-style\" ><div class=\"divider-no-animation panel-row-style panel-row-style-for-3537-0\" ><div id=\"pgc-3537-0-0\"  class=\"panel-grid-cell\" ><div id=\"panel-3537-0-0-0\" class=\"so-panel widget widget_sow-editor panel-first-child\" data-index=\"0\" ><div class=\"orion custom default panel-widget-style panel-widget-style-for-3537-0-0-0\" ><div\n\t\t\t\n\t\t\tclass=\"so-widget-sow-editor so-widget-sow-editor-base\"\n\t\t\t\n\t\t>\n<div class=\"siteorigin-widget-tinymce textwidget\">\n\t<p>Merzifon hat die Zahnklinik bekommen, die es verdient!<\/p>\n<p>Die Klinik 19 arbeitet mit ihrem dynamischen und gut ausgebildeten Personal, das die Entwicklungen auf dem Gebiet der Zahnheilkunde und der Zahngesundheit f\u00fcr die Patienten aus Merzifon aufmerksam verfolgt, an der Patientenzufriedenheit, die ihr gr\u00f6\u00dftes Ziel ist. Die Klinik 19 in \u00c7orum bietet auch Dienstleistungen f\u00fcr Merzifon an. Unsere Zahnklinik ist eine Poliklinik f\u00fcr Mund- und Zahngesundheit der Klasse A. Sie k\u00f6nnen uns f\u00fcr ein gesundes L\u00e4cheln im Leben kontaktieren.<\/p>\n<p>Klinik 19 bietet viele Behandlungsm\u00f6glichkeiten f\u00fcr Merzifon, vom Smile-Design bis zur \u00e4sthetischen Zahnheilkunde, von der Implantatbehandlung bis zur prothetischen Behandlung.<\/p>\n<h2><strong>Leistungen der Zahnklinik Klinik19 Merzifon<\/strong><\/h2>\n<ul>\n<li><a href=\"https:\/\/klinik19.com\/de\/all-on-four\/\">All on Four<\/a> \u2013 Zahnklinik Merzifon<\/li>\n<li><a href=\"https:\/\/klinik19.com\/de\/gulus-tasarimi\/\">L\u00e4cheln-Design<\/a> \u2013 Zahnklinik Merzifon<\/li>\n<li><a href=\"https:\/\/klinik19.com\/de\/laser\/\">Laser<\/a> \u2013 Zahnklinik Merzifon<\/li>\n<li><a href=\"https:\/\/klinik19.com\/de\/asthetische-zahnheilkunde\/\">\u00c4sthetische Zahnheilkunde<\/a> \u2013 Zahnklinik Merzifon<\/li>\n<li><a href=\"https:\/\/klinik19.com\/de\/zahnarztliche-radiologie\/\">Zahn\u00e4rztliche Radiologie<\/a> \u2013 Zahnklinik Merzifon<\/li>\n<li><a href=\"https:\/\/klinik19.com\/de\/tedaviler\/implant-tedavisi\/\">Implantatbehandlung<\/a> \u2013 Zahnklinik Merzifon<\/li>\n<li><a href=\"https:\/\/klinik19.com\/de\/zahnaufhellung\/\">Zahnaufhellung<\/a> \u2013 Zahnklinik Merzifon<\/li>\n<li><a href=\"https:\/\/klinik19.com\/de\/kieferorthopadische-behandlung\/\">Kieferorthop\u00e4dische Behandlung<\/a> \u2013 Zahnklinik Merzifon<\/li>\n<li><a href=\"https:\/\/klinik19.com\/de\/parodontologie\/\">Parodontologie<\/a> \u2013 Zahnklinik Merzifon<\/li>\n<li><a href=\"https:\/\/klinik19.com\/de\/munderkrankungen-und-kiefer-und-gesichtschirurgie\/\">Munderkrankungen und Kiefer- und Gesichtschirurgie<\/a> \u2013 Zahnklinik Merzifon<\/li>\n<li><a href=\"https:\/\/klinik19.com\/de\/prothetische-behandlung\/\">Prothetische Behandlung<\/a> \u2013 Zahnklinik Merzifon<\/li>\n<li><a href=\"https:\/\/klinik19.com\/de\/endodonti\/\">Endodontie<\/a> \u2013 Zahnklinik Merzifon<\/li>\n<li><a href=\"https:\/\/klinik19.com\/de\/konservative-behandlungen\/\">Konservative Behandlungen<\/a> \u2013 Zahnklinik Merzifon<\/li>\n<\/ul>\n<\/div>\n<\/div><\/div><\/div><div id=\"panel-3537-0-0-1\" class=\"so-panel widget widget_sow-post-carousel panel-last-child\" data-index=\"1\" ><div class=\"orion custom default panel-widget-style panel-widget-style-for-3537-0-0-1\" ><div\n\t\t\t\n\t\t\tclass=\"so-widget-sow-post-carousel so-widget-sow-post-carousel-base-028244467132-3537\"\n\t\t\t\n\t\t>\t<div\n\t\tclass=\"sow-post-carousel-wrapper sow-post-carousel-theme-base\"\n\t\tstyle=\"overflow: hidden; max-width: 100%; min-height: 300px\"\n\t>\n\t\t<div class=\"sow-carousel-title\">\n\t\t\t<div class=\"sow-carousel-navigation\">\n\t\t\t\t\t\t<a href=\"#\" class=\"sow-carousel-next\" title=\"Next\" aria-label=\"Next Posts\" role=\"button\"><\/a>\n\t\t\t\t\t\t<a href=\"#\" class=\"sow-carousel-previous\" title=\"Previous\" aria-label=\"Previous Posts\" role=\"button\"><\/a>\n\t\t\t\t\t<\/div>\n\t<\/div>\n\n<div class=\"sow-carousel-container\">\n\t\t<div class=\"sow-carousel-wrapper\"\n\t\tdata-dir=\"ltr\"\n\t\tstyle=\"opacity: 0;\"\n\t\tdata-widget=\"post\" data-fetching=\"false\" data-page=\"1\" data-ajax-url=\"https:\/\/klinik19.com\/wp-admin\/admin-ajax.php?_widgets_nonce=2c350f6f6f\" data-item_count=\"6\" data-carousel_settings=\"{&quot;loop&quot;:true,&quot;animation&quot;:&quot;Ease&quot;,&quot;animation_speed&quot;:400,&quot;autoplay&quot;:&quot;&quot;,&quot;pauseOnHover&quot;:&quot;&quot;,&quot;autoplaySpeed&quot;:8000,&quot;item_overflow&quot;:true,&quot;autoplay_continuous_scroll&quot;:false}\" data-responsive=\"{&quot;desktop_slides_to_scroll&quot;:1,&quot;tablet_landscape_breakpoint&quot;:1366,&quot;tablet_landscape_slides_to_scroll&quot;:2,&quot;tablet_portrait_breakpoint&quot;:1025,&quot;tablet_portrait_slides_to_scroll&quot;:2,&quot;mobile_breakpoint&quot;:480,&quot;mobile_slides_to_scroll&quot;:1}\" data-variable_width=\"true\" \t>\n\t\t<div\n\t\t\tclass=\"sow-carousel-items\"\n\t\t\t\t\t>\n\t\t\t\t<div class=\"sow-carousel-item\" tabindex=\"-1\" style=\"float: left;\">\n\t\t<div class=\"sow-carousel-thumbnail\">\n\t\t\t\t\t\t\t<a\n\t\t\t\t\thref=\"https:\/\/klinik19.com\/de\/hekimler\/dt-ali-okan-sular\/\"\n\t\t\t\t\t\t\t\t\t\tstyle=\"background-image: url( https:\/\/klinik19.com\/wp-content\/uploads\/2024\/10\/Ali-Okan-Sular-200x300.jpg )\"\n\t\t\t\t\taria-labelledby=\"sow-carousel-id-1036\"\n\t\t\t\t\ttabindex=\"-1\"\n\t\t\t\t>\n\t\t\t\t\t<span class=\"overlay\"><\/span>\n\t\t\t\t<\/a>\n\t\t\t\t\t<\/div>\n\t\t<h3 class=\"sow-carousel-item-title\">\n\t\t\t<a\n\t\t\t\thref=\"https:\/\/klinik19.com\/de\/hekimler\/dt-ali-okan-sular\/\"\n\t\t\t\tid=\"sow-carousel-id-1036\"\n\t\t\t\t\t\t\t\ttabindex=\"-1\"\n\t\t\t>\n\n\t\t\t\tDt. Ali Okan Sular\t\t\t<\/a>\n\t\t<\/h3>\n\t<\/div>\n\t\t<div class=\"sow-carousel-item\" tabindex=\"-1\" style=\"float: left;\">\n\t\t<div class=\"sow-carousel-thumbnail\">\n\t\t\t\t\t\t\t<a\n\t\t\t\t\thref=\"https:\/\/klinik19.com\/de\/hekimler\/uzm-dt-gozde-sular\/\"\n\t\t\t\t\t\t\t\t\t\tstyle=\"background-image: url( https:\/\/klinik19.com\/wp-content\/uploads\/2024\/10\/Go\u0308zde-Sular-200x300.jpg )\"\n\t\t\t\t\taria-labelledby=\"sow-carousel-id-1038\"\n\t\t\t\t\ttabindex=\"-1\"\n\t\t\t\t>\n\t\t\t\t\t<span class=\"overlay\"><\/span>\n\t\t\t\t<\/a>\n\t\t\t\t\t<\/div>\n\t\t<h3 class=\"sow-carousel-item-title\">\n\t\t\t<a\n\t\t\t\thref=\"https:\/\/klinik19.com\/de\/hekimler\/uzm-dt-gozde-sular\/\"\n\t\t\t\tid=\"sow-carousel-id-1038\"\n\t\t\t\t\t\t\t\ttabindex=\"-1\"\n\t\t\t>\n\n\t\t\t\tUzm. Dt. G\u00f6zde Sular\t\t\t<\/a>\n\t\t<\/h3>\n\t<\/div>\n\t\t<div class=\"sow-carousel-item\" tabindex=\"-1\" style=\"float: left;\">\n\t\t<div class=\"sow-carousel-thumbnail\">\n\t\t\t\t\t\t\t<a\n\t\t\t\t\thref=\"https:\/\/klinik19.com\/de\/hekimler\/can-daldiran\/\"\n\t\t\t\t\t\t\t\t\t\tstyle=\"background-image: url( https:\/\/klinik19.com\/wp-content\/uploads\/2026\/03\/can-daldiran-200x300.jpeg )\"\n\t\t\t\t\taria-labelledby=\"sow-carousel-id-4672\"\n\t\t\t\t\ttabindex=\"-1\"\n\t\t\t\t>\n\t\t\t\t\t<span class=\"overlay\"><\/span>\n\t\t\t\t<\/a>\n\t\t\t\t\t<\/div>\n\t\t<h3 class=\"sow-carousel-item-title\">\n\t\t\t<a\n\t\t\t\thref=\"https:\/\/klinik19.com\/de\/hekimler\/can-daldiran\/\"\n\t\t\t\tid=\"sow-carousel-id-4672\"\n\t\t\t\t\t\t\t\ttabindex=\"-1\"\n\t\t\t>\n\n\t\t\t\tCan DALDIRAN\t\t\t<\/a>\n\t\t<\/h3>\n\t<\/div>\n\t\t<div class=\"sow-carousel-item\" tabindex=\"-1\" style=\"float: left;\">\n\t\t<div class=\"sow-carousel-thumbnail\">\n\t\t\t\t\t\t\t<a\n\t\t\t\t\thref=\"https:\/\/klinik19.com\/de\/hekimler\/dt-kamil-ufuk-ozturk\/\"\n\t\t\t\t\t\t\t\t\t\tstyle=\"background-image: url( https:\/\/klinik19.com\/wp-content\/uploads\/2024\/10\/Kamil-Ufuk-O\u0308ztu\u0308rk-200x300.jpg )\"\n\t\t\t\t\taria-labelledby=\"sow-carousel-id-4224\"\n\t\t\t\t\ttabindex=\"-1\"\n\t\t\t\t>\n\t\t\t\t\t<span class=\"overlay\"><\/span>\n\t\t\t\t<\/a>\n\t\t\t\t\t<\/div>\n\t\t<h3 class=\"sow-carousel-item-title\">\n\t\t\t<a\n\t\t\t\thref=\"https:\/\/klinik19.com\/de\/hekimler\/dt-kamil-ufuk-ozturk\/\"\n\t\t\t\tid=\"sow-carousel-id-4224\"\n\t\t\t\t\t\t\t\ttabindex=\"-1\"\n\t\t\t>\n\n\t\t\t\tDt. Kamil Ufuk \u00d6zt\u00fcrk\t\t\t<\/a>\n\t\t<\/h3>\n\t<\/div>\n\t\t<div class=\"sow-carousel-item\" tabindex=\"-1\" style=\"float: left;\">\n\t\t<div class=\"sow-carousel-thumbnail\">\n\t\t\t\t\t\t\t<a\n\t\t\t\t\thref=\"https:\/\/klinik19.com\/de\/hekimler\/huseyin-cakici\/\"\n\t\t\t\t\t\t\t\t\t\tstyle=\"background-image: url( https:\/\/klinik19.com\/wp-content\/uploads\/2024\/10\/Hu\u0308seyin-C\u0327akici-200x300.jpg )\"\n\t\t\t\t\taria-labelledby=\"sow-carousel-id-4312\"\n\t\t\t\t\ttabindex=\"-1\"\n\t\t\t\t>\n\t\t\t\t\t<span class=\"overlay\"><\/span>\n\t\t\t\t<\/a>\n\t\t\t\t\t<\/div>\n\t\t<h3 class=\"sow-carousel-item-title\">\n\t\t\t<a\n\t\t\t\thref=\"https:\/\/klinik19.com\/de\/hekimler\/huseyin-cakici\/\"\n\t\t\t\tid=\"sow-carousel-id-4312\"\n\t\t\t\t\t\t\t\ttabindex=\"-1\"\n\t\t\t>\n\n\t\t\t\tH\u00fcseyin \u00c7ak\u0131c\u0131\t\t\t<\/a>\n\t\t<\/h3>\n\t<\/div>\n\t\t<div class=\"sow-carousel-item\" tabindex=\"-1\" style=\"float: left;\">\n\t\t<div class=\"sow-carousel-thumbnail\">\n\t\t\t\t\t\t\t<a\n\t\t\t\t\thref=\"https:\/\/klinik19.com\/de\/hekimler\/mustafa-umut-bozkurt\/\"\n\t\t\t\t\t\t\t\t\t\tstyle=\"background-image: url( https:\/\/klinik19.com\/wp-content\/uploads\/2025\/09\/DSC_0320-200x300.jpg )\"\n\t\t\t\t\taria-labelledby=\"sow-carousel-id-4636\"\n\t\t\t\t\ttabindex=\"-1\"\n\t\t\t\t>\n\t\t\t\t\t<span class=\"overlay\"><\/span>\n\t\t\t\t<\/a>\n\t\t\t\t\t<\/div>\n\t\t<h3 class=\"sow-carousel-item-title\">\n\t\t\t<a\n\t\t\t\thref=\"https:\/\/klinik19.com\/de\/hekimler\/mustafa-umut-bozkurt\/\"\n\t\t\t\tid=\"sow-carousel-id-4636\"\n\t\t\t\t\t\t\t\ttabindex=\"-1\"\n\t\t\t>\n\n\t\t\t\tMustafa Umut Bozkurt\t\t\t<\/a>\n\t\t<\/h3>\n\t<\/div>\n\t\t\t<\/div>\n\t\t\t<\/div>\n\n\t<\/div>\n\t\t<input type=\"hidden\" name=\"instance_hash\" value=\"29730a38\"\/>\n\t<\/div>\n<\/div><\/div><\/div><\/div><\/div><\/div><div id=\"pg-3537-1\"  class=\"panel-grid panel-has-style\" ><div class=\"divider-no-animation tablet-default mobile-default desktop-default custom panel-row-style panel-row-style-for-3537-1\" ><div id=\"pgc-3537-1-0\"  class=\"panel-grid-cell\" ><div id=\"panel-3537-1-0-0\" class=\"so-panel widget widget_sow-image panel-first-child\" data-index=\"2\" ><div class=\"orion custom default panel-widget-style panel-widget-style-for-3537-1-0-0\" ><div\n\t\t\t\n\t\t\tclass=\"so-widget-sow-image so-widget-sow-image-default-8b5b6f678277-4636\"\n\t\t\t\n\t\t>\n<div class=\"sow-image-container\">\n\t\t<img \n\tsrc=\"https:\/\/klinik19.com\/wp-content\/uploads\/2022\/02\/klinik19-logobg.png\" width=\"706\" height=\"431\" srcset=\"https:\/\/klinik19.com\/wp-content\/uploads\/2022\/02\/klinik19-logobg.png 706w, https:\/\/klinik19.com\/wp-content\/uploads\/2022\/02\/klinik19-logobg-300x183.png 300w\" sizes=\"(max-width: 706px) 100vw, 706px\" title=\"klinik19 logo\" alt=\"klinik19 logo\" \t\tclass=\"so-widget-image\"\/>\n\t<\/div>\n\n<\/div><\/div><\/div><div id=\"panel-3537-1-0-1\" class=\"so-panel widget widget_sow-editor panel-last-child\" data-index=\"3\" ><div class=\"orion custom default panel-widget-style panel-widget-style-for-3537-1-0-1\" ><div\n\t\t\t\n\t\t\tclass=\"so-widget-sow-editor so-widget-sow-editor-base\"\n\t\t\t\n\t\t>\n<div class=\"siteorigin-widget-tinymce textwidget\">\n\t<div class=\"wpb_text_column wpb_content_element\">\n<div class=\"wpb_wrapper\">\n<h3>\u201cLEBENSGESUND L\u00c4CHELN\u201c<\/h3>\n<\/div>\n<\/div>\n<div class=\"wpb_text_column wpb_content_element\">\n<div class=\"wpb_wrapper\">\n<p>Klinik19 verfolgt laufend die Entwicklungen im Bereich Zahn und Zahngesundheit und aktualisiert sich laufend.<\/p>\n<p>Sie hat Sterilisation und Sanitation als Arbeitsdisziplin verinnerlicht.<\/p>\n<p>Es ist eine Poliklinik in \u00c7orum, in der alle Behandlungen im Bereich der Mund- und Zahngesundheit mit einem dynamischen und geschulten Team von einem einzigen Ort aus durchgef\u00fchrt werden.<\/p>\n<p>Unsere Klinik, die auch Patienten aus den umliegenden Provinzen aufnimmt, behandelt auch Patienten aus der Region Sungurlu.<\/p>\n<\/div>\n<\/div>\n<\/div>\n<\/div><\/div><\/div><\/div><div id=\"pgc-3537-1-1\"  class=\"panel-grid-cell\" ><div id=\"panel-3537-1-1-0\" class=\"so-panel widget widget_sow-image panel-first-child\" data-index=\"4\" ><div class=\"orion custom default panel-widget-style panel-widget-style-for-3537-1-1-0\" ><div\n\t\t\t\n\t\t\tclass=\"so-widget-sow-image so-widget-sow-image-default-8b5b6f678277-4636\"\n\t\t\t\n\t\t>\n<div class=\"sow-image-container\">\n\t\t<img \n\tsrc=\"https:\/\/klinik19.com\/wp-content\/uploads\/2022\/01\/klinik19.png\" width=\"800\" height=\"800\" srcset=\"https:\/\/klinik19.com\/wp-content\/uploads\/2022\/01\/klinik19.png 800w, https:\/\/klinik19.com\/wp-content\/uploads\/2022\/01\/klinik19-300x300.png 300w, https:\/\/klinik19.com\/wp-content\/uploads\/2022\/01\/klinik19-150x150.png 150w, https:\/\/klinik19.com\/wp-content\/uploads\/2022\/01\/klinik19-768x768.png 768w, https:\/\/klinik19.com\/wp-content\/uploads\/2022\/01\/klinik19-750x750.png 750w\" sizes=\"(max-width: 800px) 100vw, 800px\" alt=\"klinik19\" \t\tclass=\"so-widget-image\"\/>\n\t<\/div>\n\n<\/div><\/div><\/div><div id=\"panel-3537-1-1-1\" class=\"so-panel widget widget_sow-editor panel-last-child\" data-index=\"5\" ><div class=\"orion custom default panel-widget-style panel-widget-style-for-3537-1-1-1\" ><div\n\t\t\t\n\t\t\tclass=\"so-widget-sow-editor so-widget-sow-editor-base\"\n\t\t\t\n\t\t>\n<div class=\"siteorigin-widget-tinymce textwidget\">\n\t<div class=\"wpb_text_column wpb_content_element\">\n<div class=\"wpb_wrapper\">\n<div class=\"wpb_text_column wpb_content_element\">\n<div class=\"wpb_wrapper\">\n<div class=\"wpb_text_column wpb_content_element\">\n<div class=\"wpb_wrapper\">\n<h3>TEAM MACHT DEN UNTERSCHIED!<\/h3>\n<\/div>\n<\/div>\n<div class=\"wpb_text_column wpb_content_element\">\n<div class=\"wpb_wrapper\">\n<p class=\"translation-block\">Klinik19, Gr\u00fcnder <a href=\"https:\/\/klinik19.com\/de\/hekimler\/uzm-dt-gozde-sular\/\" target=\"_self\">Dr.Dt G\u00f6zde Sular<\/a> und <a href=\"https:\/\/klinik19.com\/de\/hekimler\/dt-ali-okan-sular\/\" target=\"_self\">Dt. Es verf\u00fcgt \u00fcber ein sorgf\u00e4ltig ausgew\u00e4hltes und geschultes Team mit der dynamischen Vision von Okan Sular<\/a>.<\/p>\n<p>Mit seiner von Tag zu Tag wachsenden dynamischen Struktur w\u00e4chst unser Anhang von Tag zu Tag proportional zur steigenden Kundenzufriedenheit.<\/p>\n<\/div>\n<\/div>\n<\/div>\n<\/div>\n<\/div>\n<\/div>\n<\/div>\n<\/div><\/div><\/div><\/div><div id=\"pgc-3537-1-2\"  class=\"panel-grid-cell\" ><div id=\"panel-3537-1-2-0\" class=\"so-panel widget widget_sow-image panel-first-child\" data-index=\"6\" ><div class=\"orion custom default panel-widget-style panel-widget-style-for-3537-1-2-0\" ><div\n\t\t\t\n\t\t\tclass=\"so-widget-sow-image so-widget-sow-image-default-8b5b6f678277-4636\"\n\t\t\t\n\t\t>\n<div class=\"sow-image-container\">\n\t\t<img \n\tsrc=\"https:\/\/klinik19.com\/wp-content\/uploads\/2022\/02\/neden-klinik19.png\" width=\"706\" height=\"431\" srcset=\"https:\/\/klinik19.com\/wp-content\/uploads\/2022\/02\/neden-klinik19.png 706w, https:\/\/klinik19.com\/wp-content\/uploads\/2022\/02\/neden-klinik19-300x183.png 300w\" sizes=\"(max-width: 706px) 100vw, 706px\" title=\"neden klinik19\" alt=\"neden klinik19\" \t\tclass=\"so-widget-image\"\/>\n\t<\/div>\n\n<\/div><\/div><\/div><div id=\"panel-3537-1-2-1\" class=\"so-panel widget widget_sow-editor panel-last-child\" data-index=\"7\" ><div class=\"orion custom default panel-widget-style panel-widget-style-for-3537-1-2-1\" ><div\n\t\t\t\n\t\t\tclass=\"so-widget-sow-editor so-widget-sow-editor-base\"\n\t\t\t\n\t\t>\n<div class=\"siteorigin-widget-tinymce textwidget\">\n\t<div class=\"wpb_text_column wpb_content_element\">\n<div class=\"wpb_wrapper\">\n<div class=\"wpb_text_column wpb_content_element\">\n<div class=\"wpb_wrapper\">\n<div class=\"wpb_text_column wpb_content_element\">\n<div class=\"wpb_wrapper\">\n<div class=\"wpb_text_column wpb_content_element\">\n<div class=\"wpb_wrapper\">\n<h3>WARUM KLINIK 19<\/h3>\n<\/div>\n<\/div>\n<div class=\"wpb_text_column wpb_content_element\">\n<div class=\"wpb_wrapper\">\n<p>Klinik19 \u00c7orum ist die erste und einzige Poliklinik f\u00fcr Mund- und Zahngesundheit der Klasse A in der Provinz \u00c7orum.<\/p>\n<p class=\"translation-block\">Ziel ist es, mit seinem qualifizierten und freundlichen Team und seiner Servicequalit\u00e4t auf hohem Niveau <em>Make Life Smile to Life<\/em> zu machen.<\/p>\n<\/div>\n<\/div>\n<\/div>\n<\/div>\n<\/div>\n<\/div>\n<\/div>\n<\/div>\n<\/div>\n<\/div><\/div><\/div><\/div><\/div><\/div><\/div>","protected":false},"excerpt":{"rendered":"","protected":false},"author":1,"featured_media":0,"parent":0,"menu_order":0,"comment_status":"closed","ping_status":"closed","template":"","meta":{"footnotes":""},"class_list":["post-3537","page","type-page","status-publish","hentry"],"yoast_head":"<!-- This site is optimized with the Yoast SEO plugin v27.5 - https:\/\/yoast.com\/product\/yoast-seo-wordpress\/ -->\n<title>Merzifon Di\u015f Klini\u011fi - Klinik19 &Ccedil;orum - A\u011f\u0131z ve Di\u015f Sa\u011fl\u0131\u011f\u0131 Klini\u011fi<\/title>\n<meta name=\"robots\" content=\"index, follow, max-snippet:-1, max-image-preview:large, max-video-preview:-1\" \/>\n<link rel=\"canonical\" href=\"https:\/\/klinik19.com\/de\/merzifon-zahnklinik\/\" \/>\n<meta property=\"og:locale\" content=\"de_DE\" \/>\n<meta property=\"og:type\" content=\"article\" \/>\n<meta property=\"og:title\" content=\"Merzifon Di\u015f Klini\u011fi - Klinik19 &Ccedil;orum - A\u011f\u0131z ve Di\u015f Sa\u011fl\u0131\u011f\u0131 Klini\u011fi\" \/>\n<meta property=\"og:url\" content=\"https:\/\/klinik19.com\/de\/merzifon-zahnklinik\/\" \/>\n<meta property=\"og:site_name\" content=\"Klinik19 &Ccedil;orum - A\u011f\u0131z ve Di\u015f Sa\u011fl\u0131\u011f\u0131 Klini\u011fi\" \/>\n<meta property=\"article:publisher\" content=\"https:\/\/www.facebook.com\/klinik19corum\/\" \/>\n<meta name=\"twitter:card\" content=\"summary_large_image\" \/>\n<meta name=\"twitter:label1\" content=\"Gesch\u00e4tzte Lesezeit\" \/>\n\t<meta name=\"twitter:data1\" content=\"2\u00a0Minuten\" \/>\n<script type=\"application\/ld+json\" class=\"yoast-schema-graph\">{\"@context\":\"https:\\\/\\\/schema.org\",\"@graph\":[{\"@type\":\"WebPage\",\"@id\":\"https:\\\/\\\/klinik19.com\\\/merzifon-dis-klink\\\/\",\"url\":\"https:\\\/\\\/klinik19.com\\\/merzifon-dis-klink\\\/\",\"name\":\"Merzifon Di\u015f Klini\u011fi - Klinik19 &Ccedil;orum - A\u011f\u0131z ve Di\u015f Sa\u011fl\u0131\u011f\u0131 Klini\u011fi\",\"isPartOf\":{\"@id\":\"https:\\\/\\\/klinik19.com\\\/#website\"},\"datePublished\":\"2022-02-22T21:52:11+00:00\",\"breadcrumb\":{\"@id\":\"https:\\\/\\\/klinik19.com\\\/merzifon-dis-klink\\\/#breadcrumb\"},\"inLanguage\":\"de\",\"potentialAction\":[{\"@type\":\"ReadAction\",\"target\":[\"https:\\\/\\\/klinik19.com\\\/merzifon-dis-klink\\\/\"]}]},{\"@type\":\"BreadcrumbList\",\"@id\":\"https:\\\/\\\/klinik19.com\\\/merzifon-dis-klink\\\/#breadcrumb\",\"itemListElement\":[{\"@type\":\"ListItem\",\"position\":1,\"name\":\"Anasayfa\",\"item\":\"https:\\\/\\\/klinik19.com\\\/\"},{\"@type\":\"ListItem\",\"position\":2,\"name\":\"Merzifon Di\u015f Klini\u011fi\"}]},{\"@type\":\"WebSite\",\"@id\":\"https:\\\/\\\/klinik19.com\\\/#website\",\"url\":\"https:\\\/\\\/klinik19.com\\\/\",\"name\":\"Klinik19 &Ccedil;orum - A\u011f\u0131z ve Di\u015f Sa\u011fl\u0131\u011f\u0131 Klini\u011fi\",\"description\":\"De\u011fi\u015fimi G&uuml;l&uuml;msemende Hisset\",\"publisher\":{\"@id\":\"https:\\\/\\\/klinik19.com\\\/#organization\"},\"potentialAction\":[{\"@type\":\"SearchAction\",\"target\":{\"@type\":\"EntryPoint\",\"urlTemplate\":\"https:\\\/\\\/klinik19.com\\\/?s={search_term_string}\"},\"query-input\":{\"@type\":\"PropertyValueSpecification\",\"valueRequired\":true,\"valueName\":\"search_term_string\"}}],\"inLanguage\":\"de\"},{\"@type\":\"Organization\",\"@id\":\"https:\\\/\\\/klinik19.com\\\/#organization\",\"name\":\"Klinik19 - A\u011f\u0131z ve Di\u015f Sa\u011fl\u0131\u011f\u0131 Poliklini\u011fi\",\"url\":\"https:\\\/\\\/klinik19.com\\\/\",\"logo\":{\"@type\":\"ImageObject\",\"inLanguage\":\"de\",\"@id\":\"https:\\\/\\\/klinik19.com\\\/#\\\/schema\\\/logo\\\/image\\\/\",\"url\":\"https:\\\/\\\/klinik19.com\\\/wp-content\\\/uploads\\\/2022\\\/02\\\/klinik19-logobg.png\",\"contentUrl\":\"https:\\\/\\\/klinik19.com\\\/wp-content\\\/uploads\\\/2022\\\/02\\\/klinik19-logobg.png\",\"width\":706,\"height\":431,\"caption\":\"Klinik19 - A\u011f\u0131z ve Di\u015f Sa\u011fl\u0131\u011f\u0131 Poliklini\u011fi\"},\"image\":{\"@id\":\"https:\\\/\\\/klinik19.com\\\/#\\\/schema\\\/logo\\\/image\\\/\"},\"sameAs\":[\"https:\\\/\\\/www.facebook.com\\\/klinik19corum\\\/\",\"https:\\\/\\\/www.instagram.com\\\/klinik.19\\\/\"]}]}<\/script>\n<!-- \/ Yoast SEO plugin. -->","yoast_head_json":{"title":"Merzifon Di\u015f Klini\u011fi - Klinik19 &Ccedil;orum - A\u011f\u0131z ve Di\u015f Sa\u011fl\u0131\u011f\u0131 Klini\u011fi","robots":{"index":"index","follow":"follow","max-snippet":"max-snippet:-1","max-image-preview":"max-image-preview:large","max-video-preview":"max-video-preview:-1"},"canonical":"https:\/\/klinik19.com\/de\/merzifon-zahnklinik\/","og_locale":"de_DE","og_type":"article","og_title":"Merzifon Di\u015f Klini\u011fi - Klinik19 &Ccedil;orum - A\u011f\u0131z ve Di\u015f Sa\u011fl\u0131\u011f\u0131 Klini\u011fi","og_url":"https:\/\/klinik19.com\/de\/merzifon-zahnklinik\/","og_site_name":"Klinik19 &Ccedil;orum - A\u011f\u0131z ve Di\u015f Sa\u011fl\u0131\u011f\u0131 Klini\u011fi","article_publisher":"https:\/\/www.facebook.com\/klinik19corum\/","twitter_card":"summary_large_image","twitter_misc":{"Gesch\u00e4tzte Lesezeit":"2\u00a0Minuten"},"schema":{"@context":"https:\/\/schema.org","@graph":[{"@type":"WebPage","@id":"https:\/\/klinik19.com\/merzifon-dis-klink\/","url":"https:\/\/klinik19.com\/merzifon-dis-klink\/","name":"Merzifon Di\u015f Klini\u011fi - Klinik19 &Ccedil;orum - A\u011f\u0131z ve Di\u015f Sa\u011fl\u0131\u011f\u0131 Klini\u011fi","isPartOf":{"@id":"https:\/\/klinik19.com\/#website"},"datePublished":"2022-02-22T21:52:11+00:00","breadcrumb":{"@id":"https:\/\/klinik19.com\/merzifon-dis-klink\/#breadcrumb"},"inLanguage":"de","potentialAction":[{"@type":"ReadAction","target":["https:\/\/klinik19.com\/merzifon-dis-klink\/"]}]},{"@type":"BreadcrumbList","@id":"https:\/\/klinik19.com\/merzifon-dis-klink\/#breadcrumb","itemListElement":[{"@type":"ListItem","position":1,"name":"Anasayfa","item":"https:\/\/klinik19.com\/"},{"@type":"ListItem","position":2,"name":"Merzifon Di\u015f Klini\u011fi"}]},{"@type":"WebSite","@id":"https:\/\/klinik19.com\/#website","url":"https:\/\/klinik19.com\/","name":"Klinik19 &Ccedil;orum - A\u011f\u0131z ve Di\u015f Sa\u011fl\u0131\u011f\u0131 Klini\u011fi","description":"De\u011fi\u015fimi G&uuml;l&uuml;msemende Hisset","publisher":{"@id":"https:\/\/klinik19.com\/#organization"},"potentialAction":[{"@type":"SearchAction","target":{"@type":"EntryPoint","urlTemplate":"https:\/\/klinik19.com\/?s={search_term_string}"},"query-input":{"@type":"PropertyValueSpecification","valueRequired":true,"valueName":"search_term_string"}}],"inLanguage":"de"},{"@type":"Organization","@id":"https:\/\/klinik19.com\/#organization","name":"Klinik19 - A\u011f\u0131z ve Di\u015f Sa\u011fl\u0131\u011f\u0131 Poliklini\u011fi","url":"https:\/\/klinik19.com\/","logo":{"@type":"ImageObject","inLanguage":"de","@id":"https:\/\/klinik19.com\/#\/schema\/logo\/image\/","url":"https:\/\/klinik19.com\/wp-content\/uploads\/2022\/02\/klinik19-logobg.png","contentUrl":"https:\/\/klinik19.com\/wp-content\/uploads\/2022\/02\/klinik19-logobg.png","width":706,"height":431,"caption":"Klinik19 - A\u011f\u0131z ve Di\u015f Sa\u011fl\u0131\u011f\u0131 Poliklini\u011fi"},"image":{"@id":"https:\/\/klinik19.com\/#\/schema\/logo\/image\/"},"sameAs":["https:\/\/www.facebook.com\/klinik19corum\/","https:\/\/www.instagram.com\/klinik.19\/"]}]}},"_links":{"self":[{"href":"https:\/\/klinik19.com\/de\/wp-json\/wp\/v2\/pages\/3537","targetHints":{"allow":["GET"]}}],"collection":[{"href":"https:\/\/klinik19.com\/de\/wp-json\/wp\/v2\/pages"}],"about":[{"href":"https:\/\/klinik19.com\/de\/wp-json\/wp\/v2\/types\/page"}],"author":[{"embeddable":true,"href":"https:\/\/klinik19.com\/de\/wp-json\/wp\/v2\/users\/1"}],"replies":[{"embeddable":true,"href":"https:\/\/klinik19.com\/de\/wp-json\/wp\/v2\/comments?post=3537"}],"version-history":[{"count":2,"href":"https:\/\/klinik19.com\/de\/wp-json\/wp\/v2\/pages\/3537\/revisions"}],"predecessor-version":[{"id":3558,"href":"https:\/\/klinik19.com\/de\/wp-json\/wp\/v2\/pages\/3537\/revisions\/3558"}],"wp:attachment":[{"href":"https:\/\/klinik19.com\/de\/wp-json\/wp\/v2\/media?parent=3537"}],"curies":[{"name":"wp","href":"https:\/\/api.w.org\/{rel}","templated":true}]}}