{"id":3977,"date":"2022-10-18T23:13:32","date_gmt":"2022-10-18T20:13:32","guid":{"rendered":"https:\/\/klinik19.com\/?page_id=3977"},"modified":"2022-10-18T23:51:45","modified_gmt":"2022-10-18T20:51:45","slug":"contact","status":"publish","type":"page","link":"https:\/\/klinik19.com\/de\/contact\/","title":{"rendered":"Contact"},"content":{"rendered":"<div id=\"pl-3977\"  class=\"panel-layout\" ><div id=\"pg-3977-0\"  class=\"panel-grid panel-has-style\" ><div class=\"siteorigin-panels-stretch divider-notresponsive divider-no-animation tablet-default mobile-1-in-row desktop-default custom panel-row-style panel-row-style-for-3977-0\" data-stretch-type=\"full-stretched\" ><div id=\"pgc-3977-0-0\"  class=\"panel-grid-cell\" ><div id=\"panel-3977-0-0-0\" class=\"so-panel widget widget_sow-google-map panel-first-child panel-last-child\" data-index=\"0\" ><div class=\"orion custom default panel-widget-style panel-widget-style-for-3977-0-0-0\" ><div\n\t\t\t\n\t\t\tclass=\"so-widget-sow-google-map so-widget-sow-google-map-default-6c14f7777699-3977\"\n\t\t\t\n\t\t>\n<div class=\"sow-google-map-canvas\"\n\tstyle=\"\"\n\tid=\"map-canvas-2c5e0dfd1894aab9d5dfdb10409495e7\"\n\tdata-options=\"{&quot;address&quot;:&quot;\\u00dc\\u00e7tutlar, KL\\u0130N\\u0130K 19, E\\u015fref Hoca Caddesi, \\u00c7orum Merkez\\\/\\u00c7orum, T\\u00fcrkiye, &quot;,&quot;zoom&quot;:18,&quot;mobileZoom&quot;:13,&quot;gestureHandling&quot;:&quot;cooperative&quot;,&quot;disableUi&quot;:false,&quot;markerIcon&quot;:&quot;https:\\\/\\\/klinik19.com\\\/wp-content\\\/uploads\\\/2016\\\/09\\\/dentalia-demo-marker-1.png&quot;,&quot;markersDraggable&quot;:false,&quot;markerAtCenter&quot;:false,&quot;markerInfoDisplay&quot;:&quot;always&quot;,&quot;markerInfoMultiple&quot;:true,&quot;markerPositions&quot;:[{&quot;place&quot;:&quot;40.5653698, 34.96293189999999&quot;,&quot;info&quot;:&quot;&lt;p&gt;&lt;strong&gt;Klinik19 Oral and Dental Health Polyclinic&lt;\\\/strong&gt;&lt;\\\/p&gt;\\n&lt;p&gt;\\u00dc\\u00e7tutlar Mah. E\\u015fref Hoca Cd.&lt;br \\\/&gt;\\nNo:56-B, 19030 Merkez\\\/\\u00c7orum&lt;\\\/p&gt;\\n&lt;p&gt;&lt;a href=\\&quot;https:\\\/\\\/www.google.com.tr\\\/maps\\\/place\\\/KL%C4%B0N%C4%B0K+19\\\/@40.5653698,34.9607432,17z\\\/data=!3m1!4b1!4m5!3m4!1s0x40872b6359b5641d:0x6a6f849366ab49e7!8m2!3d40.5653698!4d34.9629319?hl=tr\\&quot; target=\\&quot;_blank\\&quot; rel=\\&quot;noopener\\&quot;&gt;Click and Get Directions&lt;\\\/a&gt;&lt;\\\/p&gt;\\n&quot;,&quot;infoSelectedEditor&quot;:&quot;tinymce&quot;,&quot;infoMaxWidth&quot;:&quot;&quot;,&quot;customMarkerIcon&quot;:&quot;https:\\\/\\\/klinik19.com\\\/wp-content\\\/uploads\\\/2016\\\/09\\\/dentalia-demo-marker-1.png&quot;,&quot;customMarkerIconSize&quot;:&quot;full&quot;}],&quot;mapName&quot;:false,&quot;mapStyles&quot;:false,&quot;directions&quot;:&quot;&quot;,&quot;apiKey&quot;:&quot;AIzaSyB1NqOH5TyRNIW2cVUXc-gzjg9IgeCwQKI&quot;,&quot;breakpoint&quot;:780,&quot;id&quot;:&quot;69ea23&quot;}\"\n\tdata-fallback-image=\"{&quot;img&quot;:&quot;&quot;}\"><\/div>\n<\/div><\/div><\/div><\/div><\/div><\/div><div id=\"pg-3977-1\"  class=\"panel-grid panel-has-style\" ><div class=\"siteorigin-panels-stretch divider-no-animation tablet-1-in-row mobile-1-in-row desktop-default bg-altsitebg panel-row-style panel-row-style-for-3977-1\" data-stretch-type=\"full\" ><div id=\"pgc-3977-1-0\"  class=\"panel-grid-cell\" ><div class=\"custom panel-cell-style panel-cell-style-for-3977-1-0\" style=\"background-position: center center; background-repeat: no-repeat; background-size:contain;\" ><div id=\"panel-3977-1-0-0\" class=\"so-panel widget widget_orion_image_w panel-first-child panel-last-child\" data-index=\"1\" ><div class=\"orion custom default panel-widget-style panel-widget-style-for-3977-1-0-0\" ><div\n\t\t\t\n\t\t\tclass=\"so-widget-orion_image_w so-widget-orion_image_w-base\"\n\t\t\t\n\t\t>\r\n<div class=\"image-w relative  img-frame shadow-4 rounded\">\r\n\r\n\t\t\t\t\t\t\t<div class=\"orion_circle image-wrap rounded overlay-none overlay-hover-none\">\r\n\t\t\r\n\t\t\t\t<div class=\"circle-wrap\">\r\n\t\t\t\t\t<img loading=\"lazy\" decoding=\"async\" width=\"750\" height=\"750\" src=\"https:\/\/klinik19.com\/wp-content\/uploads\/2022\/08\/yadigar-gu\u0308llu\u0308-foto-750x750.jpeg\" class=\"attachment-orion_square size-orion_square\" alt=\"Yadigar Gu\u0308llu\u0308\" \/>\t\t\t<div class=\"overlay\"><\/div>\r\n\t\t\t\t<\/div>\r\n\t\t\r\n\t\t\t\t\t<\/div>\r\n\t\t\t\r\n\t\r\n\t<div class=\"absolute\">\r\n\t\t<div class=\"hover-desc table-wrap\">\r\n\t\t\t<div class=\"cell-wrap\">\r\n\t\t\t\t<h4 class=\"text-light\"><\/h4>\r\n\t\t\t<\/div>\r\n\t\t<\/div>\r\n\t<\/div>\t\t\t\t\t\r\n<\/div>\r\n\r\n<\/div><\/div><\/div><\/div><\/div><div id=\"pgc-3977-1-1\"  class=\"panel-grid-cell\" ><div class=\"custom panel-cell-style panel-cell-style-for-3977-1-1\" ><div id=\"panel-3977-1-1-0\" class=\"so-panel widget widget_orion_heading_w panel-first-child\" data-index=\"2\" ><div class=\"orion custom mobile-text-center tablets-text-center default panel-widget-style panel-widget-style-for-3977-1-1-0\" ><div\n\t\t\t\n\t\t\tclass=\"so-widget-orion_heading_w so-widget-orion_heading_w-base\"\n\t\t\t\n\t\t> \r\n\t\t\t<div class=\"row orion-heading\" style=\"margin-bottom:0px;\">\r\n\t\t<div class=\"col-md-12   text-left style-display-3 style-primary-color\">\r\n\t\t\t<h4 class=\"primary-color text-uppercase display-3\">\r\n\t\t\t\tHealth Tourism Specialist\t\t\t<\/h4>\r\n\t\t<\/div>\r\n\t<\/div>\r\n\r\n\t<\/div><\/div><\/div><div id=\"panel-3977-1-1-1\" class=\"so-panel widget widget_orion_heading_w\" data-index=\"3\" ><div class=\"orion custom mobile-text-center tablets-text-center default panel-widget-style panel-widget-style-for-3977-1-1-1\" ><div\n\t\t\t\n\t\t\tclass=\"so-widget-orion_heading_w so-widget-orion_heading_w-base\"\n\t\t\t\n\t\t> \r\n\t\t\t<div class=\"row orion-heading\" style=\"margin-bottom:0px;\">\r\n\t\t<div class=\"col-md-12  separator-style-2 text-left style-h1 style-text-default\">\r\n\t\t\t<h1 class=\"text-default text-bold\">\r\n\t\t\t\tYadigar G\u00dcLL\u00dc\t\t\t<\/h1>\r\n\t\t<\/div>\r\n\t<\/div>\r\n\r\n\t<\/div><\/div><\/div><div id=\"panel-3977-1-1-2\" class=\"so-panel widget widget_orion_icon_text_w panel-last-child\" data-index=\"4\" ><div class=\"orion custom default panel-widget-style panel-widget-style-for-3977-1-1-2\" ><div\n\t\t\t\n\t\t\tclass=\"so-widget-orion_icon_text_w so-widget-orion_icon_text_w-base\"\n\t\t\t\n\t\t>\r\n<div class=\"row icon-box-items-wrap grid short\">\r\n \r\n\t\r\n\t\t\r\n\t\t\r\n\t\t\t\t\r\n\t\t\r\n\t\t<div class=\"icon-box-wrap clearfix col-lg-12 col-sm-12 no_desc vertical-center\" style=\"margin-bottom:36px;\">\t\t\r\n\r\n\t\t\t<a class=\"title-link\" href=\"tel:+905335111718\"><h4 class=\"item-title h6\">+90 533 511 17 18<\/h4><\/a>\t\t\t\t\t\t\t<a href=\"tel:+905335111718\"  class=\"icon-wrap absolute square\">\r\n\t\t\t\t\t<span class=\"sow-icon-ionicons\" data-sow-icon=\"&#xf3a2;\"\n\t\tstyle=\"color: #fff; background-color: #ff9300\" \n\t\taria-hidden=\"true\"><\/span>\t\t\t\t\t\t\t\t\t<\/a>\r\n\t\t\t\r\n\t\t\t\t\t\t\r\n\r\n\t\t\t\r\n\t\t<\/div>\r\n\t\r\n\t\t\r\n\t\t\r\n\t\t\t\t\r\n\t\t\r\n\t\t<div class=\"icon-box-wrap clearfix col-lg-12 col-sm-12 no_desc vertical-center\" style=\"margin-bottom:36px;\">\t\t\r\n\r\n\t\t\t<a class=\"title-link\" href=\"https:\/\/api.whatsapp.com\/send?phone=905335111718&#038;text=Hello,%20I&#039;m%20accessing%20through%20the%20website.\"><h4 class=\"item-title h6\">Reach me on Whatsapp !<\/h4><\/a>\t\t\t\t\t\t\t<a href=\"https:\/\/api.whatsapp.com\/send?phone=905335111718&#038;text=Hello,%20I&#039;m%20accessing%20through%20the%20website.\"  class=\"icon-wrap absolute square\">\r\n\t\t\t\t\t<span class=\"sow-icon-fontawesome sow-fab\" data-sow-icon=\"&#xf232;\"\n\t\tstyle=\"color: #fff; background-color: #25d366\" \n\t\taria-hidden=\"true\"><\/span>\t\t\t\t\t\t\t\t\t<\/a>\r\n\t\t\t\r\n\t\t\t\t\t\t\r\n\r\n\t\t\t\r\n\t\t<\/div>\r\n\t\r\n<\/div><\/div><\/div><\/div><\/div><\/div><\/div><\/div><div id=\"pg-3977-2\"  class=\"panel-grid panel-has-style\" ><div class=\"siteorigin-panels-stretch divider-no-animation tablet-default mobile-1-in-row desktop-default custom panel-row-style panel-row-style-for-3977-2\" data-stretch-type=\"full\" ><div id=\"pgc-3977-2-0\"  class=\"panel-grid-cell panel-grid-cell-empty\" ><\/div><div id=\"pgc-3977-2-1\"  class=\"panel-grid-cell panel-grid-cell-mobile-last\" ><div id=\"panel-3977-2-1-0\" class=\"so-panel widget widget_orion_heading_w panel-first-child\" data-index=\"5\" ><div class=\"orion custom default panel-widget-style panel-widget-style-for-3977-2-1-0\" ><div\n\t\t\t\n\t\t\tclass=\"so-widget-orion_heading_w so-widget-orion_heading_w-base\"\n\t\t\t\n\t\t> \r\n\t\t\t<div class=\"row orion-heading\" style=\"margin-bottom:0px;\">\r\n\t\t<div class=\"col-md-12  separator-style-1 text-center style-h1 style-primary-color\">\r\n\t\t\t<h1 class=\"primary-color\">\r\n\t\t\t\tContact\t\t\t<\/h1>\r\n\t\t<\/div>\r\n\t<\/div>\r\n\r\n\t<\/div><\/div><\/div><div id=\"panel-3977-2-1-1\" class=\"so-panel widget widget_sow-social-media-buttons\" data-index=\"6\" ><div class=\"orion custom tablets-text-center default panel-widget-style panel-widget-style-for-3977-2-1-1\" ><div\n\t\t\t\n\t\t\tclass=\"so-widget-sow-social-media-buttons so-widget-sow-social-media-buttons-wire-171eae58d4d3-3977\"\n\t\t\t\n\t\t>\n\n<div class=\"social-media-button-container\">\n\t\n\t\t<a \n\t\tclass=\"ow-button-hover sow-social-media-button-facebook-0 sow-social-media-button\" title=\"Contact us via Facebook!\" aria-label=\"Contact us via Facebook!\" target=\"_blank\" rel=\"noopener noreferrer\" href=\"https:\/\/www.facebook.com\/\" \t\t>\n\t\t\t<span>\n\t\t\t\t\t\t\t\t<span class=\"sow-icon-fontawesome sow-fab\" data-sow-icon=\"&#xf39e;\"\n\t\t \n\t\taria-hidden=\"true\"><\/span>\t\t\t\t\t\t\t<\/span>\n\t\t<\/a>\n\t\n\t\t<a \n\t\tclass=\"ow-button-hover sow-social-media-button-instagram-0 sow-social-media-button\" title=\"Contact us via Instagram!\" aria-label=\"Contact us via Instagram!\" target=\"_blank\" rel=\"noopener noreferrer\" href=\"https:\/\/instagram.com\/klinik.19\/\" \t\t>\n\t\t\t<span>\n\t\t\t\t\t\t\t\t<span class=\"sow-icon-fontawesome sow-fab\" data-sow-icon=\"&#xf16d;\"\n\t\t \n\t\taria-hidden=\"true\"><\/span>\t\t\t\t\t\t\t<\/span>\n\t\t<\/a>\n\t\n\t\t<a \n\t\tclass=\"ow-button-hover sow-social-media-button-whatsapp-0 sow-social-media-button\" title=\"Contact us via WhatsApp!\" aria-label=\"Contact us via WhatsApp!\" target=\"_blank\" rel=\"noopener noreferrer\" href=\"https:\/\/web.whatsapp.com\/send\/?phone=905335111718&#038;text=Hello,%20I%20am%20accessing%20through%20the%20website.\" \t\t>\n\t\t\t<span>\n\t\t\t\t\t\t\t\t<span class=\"sow-icon-fontawesome sow-fab\" data-sow-icon=\"&#xf232;\"\n\t\t \n\t\taria-hidden=\"true\"><\/span>\t\t\t\t\t\t\t<\/span>\n\t\t<\/a>\n\t<\/div>\n<\/div><\/div><\/div><div id=\"panel-3977-2-1-2\" class=\"so-panel widget widget_orion_heading_w\" data-index=\"7\" ><div class=\"orion custom default panel-widget-style panel-widget-style-for-3977-2-1-2\" ><div\n\t\t\t\n\t\t\tclass=\"so-widget-orion_heading_w so-widget-orion_heading_w-base\"\n\t\t\t\n\t\t> \r\n\t\t\t<div class=\"row orion-heading\" style=\"margin-bottom:0px;\">\r\n\t\t<div class=\"col-md-12   text-center style-h2 style-text-dark\">\r\n\t\t\t<h2 class=\"text-dark\">\r\n\t\t\t\tContact us now!\t\t\t<\/h2>\r\n\t\t<\/div>\r\n\t<\/div>\r\n\r\n\t<\/div><\/div><\/div><div id=\"panel-3977-2-1-3\" class=\"so-panel widget widget_sow-editor\" data-index=\"8\" ><div class=\"orion custom default panel-widget-style panel-widget-style-for-3977-2-1-3\" ><div\n\t\t\t\n\t\t\tclass=\"so-widget-sow-editor so-widget-sow-editor-base\"\n\t\t\t\n\t\t>\n<div class=\"siteorigin-widget-tinymce textwidget\">\n\t<p style=\"text-align: center;\">Fill in the form below and we will contact you during our working hours.<br \/>\nIf you have an emergency, call us right away.<\/p>\n<\/div>\n<\/div><\/div><\/div><div id=\"panel-3977-2-1-4\" class=\"so-panel widget widget_orion_cf7_w panel-last-child\" data-index=\"9\" ><div class=\"orion custom default panel-widget-style panel-widget-style-for-3977-2-1-4\" ><div\n\t\t\t\n\t\t\tclass=\"so-widget-orion_cf7_w so-widget-orion_cf7_w-base\"\n\t\t\t\n\t\t>\n<div class=\"wpcf7 no-js\" id=\"wpcf7-f11-o1\" lang=\"tr-TR\" dir=\"ltr\" data-wpcf7-id=\"11\">\n<div class=\"screen-reader-response\"><p role=\"status\" aria-live=\"polite\" aria-atomic=\"true\"><\/p> <ul><\/ul><\/div>\n<form action=\"\/de\/wp-json\/wp\/v2\/pages\/3977#wpcf7-f11-o1\" method=\"post\" class=\"wpcf7-form init\" aria-label=\"\u0130leti\u015fim Formu\" novalidate=\"novalidate\" data-status=\"init\" data-trp-original-action=\"\/de\/wp-json\/wp\/v2\/pages\/3977#wpcf7-f11-o1\">\n<div style=\"display: none;\">\n<input type=\"hidden\" name=\"_wpcf7\" value=\"11\" \/>\n<input type=\"hidden\" name=\"_wpcf7_version\" value=\"6.0.6\" \/>\n<input type=\"hidden\" name=\"_wpcf7_locale\" value=\"tr_TR\" \/>\n<input type=\"hidden\" name=\"_wpcf7_unit_tag\" value=\"wpcf7-f11-o1\" \/>\n<input type=\"hidden\" name=\"_wpcf7_container_post\" value=\"0\" \/>\n<input type=\"hidden\" name=\"_wpcf7_posted_data_hash\" value=\"\" \/>\n<\/div>\n<div class=\"cf7-form row\">\n\t<div class=\"col-md-6 name\">\n\t\t<p><span class=\"wpcf7-form-control-wrap\" data-name=\"firstName\"><input size=\"40\" maxlength=\"400\" class=\"wpcf7-form-control wpcf7-text wpcf7-validates-as-required\" aria-required=\"true\" aria-invalid=\"false\" placeholder=\"Anzeige\" value=\"\" type=\"text\" name=\"firstName\" \/><\/span>\n\t\t<\/p>\n\t<\/div>\n\t<div class=\"col-md-6 name\">\n\t\t<p><span class=\"wpcf7-form-control-wrap\" data-name=\"lastName\"><input size=\"40\" maxlength=\"400\" class=\"wpcf7-form-control wpcf7-text wpcf7-validates-as-required\" aria-required=\"true\" aria-invalid=\"false\" placeholder=\"Familien-oder Nachname\" value=\"\" type=\"text\" name=\"lastName\" \/><\/span>\n\t\t<\/p>\n\t<\/div>\n\t<div class=\"col-md-6 phone\">\n\t\t<p><span class=\"wpcf7-form-control-wrap\" data-name=\"mobile\"><input size=\"40\" maxlength=\"400\" class=\"wpcf7-form-control wpcf7-text wpcf7-validates-as-required\" aria-required=\"true\" aria-invalid=\"false\" placeholder=\"Telefonnummer\" value=\"\" type=\"text\" name=\"mobile\" \/><\/span>\n\t\t<\/p>\n\t<\/div>\n\t<div class=\"col-md-6 email\">\n\t\t<p><span class=\"wpcf7-form-control-wrap\" data-name=\"eMail\"><input size=\"40\" maxlength=\"400\" class=\"wpcf7-form-control wpcf7-email wpcf7-validates-as-required wpcf7-text wpcf7-validates-as-email\" aria-required=\"true\" aria-invalid=\"false\" placeholder=\"Email\" value=\"\" type=\"email\" name=\"eMail\" \/><\/span>\n\t\t<\/p>\n\t<\/div>\n\t<div class=\"col-md-12\">\n\t\t<p><span class=\"wpcf7-form-control-wrap\" data-name=\"message\"><textarea cols=\"40\" rows=\"10\" maxlength=\"2000\" class=\"wpcf7-form-control wpcf7-textarea\" aria-invalid=\"false\" placeholder=\"Bitte teilen Sie uns Ihre Nachricht mit.\" name=\"message\"><\/textarea><\/span>\n\t\t<\/p>\n\t<\/div>\n\t<div class=\"col-md-12 text-center\">\n\t\t<p><input class=\"wpcf7-form-control wpcf7-submit has-spinner btn btn-c1 btn-lg\" type=\"submit\" value=\"SCHICKEN\" \/>\n\t\t<\/p>\n\t<\/div>\n<\/div><div class=\"wpcf7-response-output\" aria-hidden=\"true\"><\/div>\n<input type=\"hidden\" name=\"trp-form-language\" value=\"de\"\/><\/form>\n<\/div>\n<\/div><\/div><\/div><\/div><div id=\"pgc-3977-2-2\"  class=\"panel-grid-cell panel-grid-cell-empty\" ><\/div><\/div><\/div><\/div>","protected":false},"excerpt":{"rendered":"<p>Health Tourism Specialist Yadigar G\u00dcLL\u00dc +90 533 511 17 18 Reach me on Whatsapp ! Contact Contact us now! Fill in the form below and we will contact you during our working hours. If you have an emergency, call us right away.<\/p>","protected":false},"author":1,"featured_media":0,"parent":0,"menu_order":0,"comment_status":"closed","ping_status":"closed","template":"","meta":{"footnotes":""},"class_list":["post-3977","page","type-page","status-publish","hentry"],"yoast_head":"<!-- This site is optimized with the Yoast SEO plugin v27.4 - https:\/\/yoast.com\/product\/yoast-seo-wordpress\/ -->\n<title>Contact - Klinik19 &Ccedil;orum - A\u011f\u0131z ve Di\u015f Sa\u011fl\u0131\u011f\u0131 Klini\u011fi<\/title>\n<meta name=\"robots\" content=\"index, follow, max-snippet:-1, max-image-preview:large, max-video-preview:-1\" \/>\n<link rel=\"canonical\" href=\"https:\/\/klinik19.com\/de\/contact\/\" \/>\n<meta property=\"og:locale\" content=\"de_DE\" \/>\n<meta property=\"og:type\" content=\"article\" \/>\n<meta property=\"og:title\" content=\"Contact - Klinik19 &Ccedil;orum - A\u011f\u0131z ve Di\u015f Sa\u011fl\u0131\u011f\u0131 Klini\u011fi\" \/>\n<meta property=\"og:description\" content=\"Health Tourism Specialist Yadigar G\u00dcLL\u00dc +90 533 511 17 18 Reach me on Whatsapp ! Contact Contact us now! Fill in the form below and we will contact you during our working hours. If you have an emergency, call us right away.\" \/>\n<meta property=\"og:url\" content=\"https:\/\/klinik19.com\/de\/contact\/\" \/>\n<meta property=\"og:site_name\" content=\"Klinik19 &Ccedil;orum - A\u011f\u0131z ve Di\u015f Sa\u011fl\u0131\u011f\u0131 Klini\u011fi\" \/>\n<meta property=\"article:publisher\" content=\"https:\/\/www.facebook.com\/klinik19corum\/\" \/>\n<meta property=\"article:modified_time\" content=\"2022-10-18T20:51:45+00:00\" \/>\n<meta name=\"twitter:card\" content=\"summary_large_image\" \/>\n<meta name=\"twitter:label1\" content=\"Gesch\u00e4tzte Lesezeit\" \/>\n\t<meta name=\"twitter:data1\" content=\"3\u00a0Minuten\" \/>\n<script type=\"application\/ld+json\" class=\"yoast-schema-graph\">{\"@context\":\"https:\\\/\\\/schema.org\",\"@graph\":[{\"@type\":\"WebPage\",\"@id\":\"https:\\\/\\\/klinik19.com\\\/contact\\\/\",\"url\":\"https:\\\/\\\/klinik19.com\\\/contact\\\/\",\"name\":\"Contact - Klinik19 &Ccedil;orum - A\u011f\u0131z ve Di\u015f Sa\u011fl\u0131\u011f\u0131 Klini\u011fi\",\"isPartOf\":{\"@id\":\"https:\\\/\\\/klinik19.com\\\/#website\"},\"datePublished\":\"2022-10-18T20:13:32+00:00\",\"dateModified\":\"2022-10-18T20:51:45+00:00\",\"breadcrumb\":{\"@id\":\"https:\\\/\\\/klinik19.com\\\/contact\\\/#breadcrumb\"},\"inLanguage\":\"de\",\"potentialAction\":[{\"@type\":\"ReadAction\",\"target\":[\"https:\\\/\\\/klinik19.com\\\/contact\\\/\"]}]},{\"@type\":\"BreadcrumbList\",\"@id\":\"https:\\\/\\\/klinik19.com\\\/contact\\\/#breadcrumb\",\"itemListElement\":[{\"@type\":\"ListItem\",\"position\":1,\"name\":\"Anasayfa\",\"item\":\"https:\\\/\\\/klinik19.com\\\/\"},{\"@type\":\"ListItem\",\"position\":2,\"name\":\"Contact\"}]},{\"@type\":\"WebSite\",\"@id\":\"https:\\\/\\\/klinik19.com\\\/#website\",\"url\":\"https:\\\/\\\/klinik19.com\\\/\",\"name\":\"Klinik19 &Ccedil;orum - A\u011f\u0131z ve Di\u015f Sa\u011fl\u0131\u011f\u0131 Klini\u011fi\",\"description\":\"De\u011fi\u015fimi G&uuml;l&uuml;msemende Hisset\",\"publisher\":{\"@id\":\"https:\\\/\\\/klinik19.com\\\/#organization\"},\"potentialAction\":[{\"@type\":\"SearchAction\",\"target\":{\"@type\":\"EntryPoint\",\"urlTemplate\":\"https:\\\/\\\/klinik19.com\\\/?s={search_term_string}\"},\"query-input\":{\"@type\":\"PropertyValueSpecification\",\"valueRequired\":true,\"valueName\":\"search_term_string\"}}],\"inLanguage\":\"de\"},{\"@type\":\"Organization\",\"@id\":\"https:\\\/\\\/klinik19.com\\\/#organization\",\"name\":\"Klinik19 - A\u011f\u0131z ve Di\u015f Sa\u011fl\u0131\u011f\u0131 Poliklini\u011fi\",\"url\":\"https:\\\/\\\/klinik19.com\\\/\",\"logo\":{\"@type\":\"ImageObject\",\"inLanguage\":\"de\",\"@id\":\"https:\\\/\\\/klinik19.com\\\/#\\\/schema\\\/logo\\\/image\\\/\",\"url\":\"https:\\\/\\\/klinik19.com\\\/wp-content\\\/uploads\\\/2022\\\/02\\\/klinik19-logobg.png\",\"contentUrl\":\"https:\\\/\\\/klinik19.com\\\/wp-content\\\/uploads\\\/2022\\\/02\\\/klinik19-logobg.png\",\"width\":706,\"height\":431,\"caption\":\"Klinik19 - A\u011f\u0131z ve Di\u015f Sa\u011fl\u0131\u011f\u0131 Poliklini\u011fi\"},\"image\":{\"@id\":\"https:\\\/\\\/klinik19.com\\\/#\\\/schema\\\/logo\\\/image\\\/\"},\"sameAs\":[\"https:\\\/\\\/www.facebook.com\\\/klinik19corum\\\/\",\"https:\\\/\\\/www.instagram.com\\\/klinik.19\\\/\"]}]}<\/script>\n<!-- \/ Yoast SEO plugin. -->","yoast_head_json":{"title":"Contact - Klinik19 &Ccedil;orum - A\u011f\u0131z ve Di\u015f Sa\u011fl\u0131\u011f\u0131 Klini\u011fi","robots":{"index":"index","follow":"follow","max-snippet":"max-snippet:-1","max-image-preview":"max-image-preview:large","max-video-preview":"max-video-preview:-1"},"canonical":"https:\/\/klinik19.com\/de\/contact\/","og_locale":"de_DE","og_type":"article","og_title":"Contact - Klinik19 &Ccedil;orum - A\u011f\u0131z ve Di\u015f Sa\u011fl\u0131\u011f\u0131 Klini\u011fi","og_description":"Health Tourism Specialist Yadigar G\u00dcLL\u00dc +90 533 511 17 18 Reach me on Whatsapp ! Contact Contact us now! Fill in the form below and we will contact you during our working hours. If you have an emergency, call us right away.","og_url":"https:\/\/klinik19.com\/de\/contact\/","og_site_name":"Klinik19 &Ccedil;orum - A\u011f\u0131z ve Di\u015f Sa\u011fl\u0131\u011f\u0131 Klini\u011fi","article_publisher":"https:\/\/www.facebook.com\/klinik19corum\/","article_modified_time":"2022-10-18T20:51:45+00:00","twitter_card":"summary_large_image","twitter_misc":{"Gesch\u00e4tzte Lesezeit":"3\u00a0Minuten"},"schema":{"@context":"https:\/\/schema.org","@graph":[{"@type":"WebPage","@id":"https:\/\/klinik19.com\/contact\/","url":"https:\/\/klinik19.com\/contact\/","name":"Contact - Klinik19 &Ccedil;orum - A\u011f\u0131z ve Di\u015f Sa\u011fl\u0131\u011f\u0131 Klini\u011fi","isPartOf":{"@id":"https:\/\/klinik19.com\/#website"},"datePublished":"2022-10-18T20:13:32+00:00","dateModified":"2022-10-18T20:51:45+00:00","breadcrumb":{"@id":"https:\/\/klinik19.com\/contact\/#breadcrumb"},"inLanguage":"de","potentialAction":[{"@type":"ReadAction","target":["https:\/\/klinik19.com\/contact\/"]}]},{"@type":"BreadcrumbList","@id":"https:\/\/klinik19.com\/contact\/#breadcrumb","itemListElement":[{"@type":"ListItem","position":1,"name":"Anasayfa","item":"https:\/\/klinik19.com\/"},{"@type":"ListItem","position":2,"name":"Contact"}]},{"@type":"WebSite","@id":"https:\/\/klinik19.com\/#website","url":"https:\/\/klinik19.com\/","name":"Klinik19 &Ccedil;orum - A\u011f\u0131z ve Di\u015f Sa\u011fl\u0131\u011f\u0131 Klini\u011fi","description":"De\u011fi\u015fimi G&uuml;l&uuml;msemende Hisset","publisher":{"@id":"https:\/\/klinik19.com\/#organization"},"potentialAction":[{"@type":"SearchAction","target":{"@type":"EntryPoint","urlTemplate":"https:\/\/klinik19.com\/?s={search_term_string}"},"query-input":{"@type":"PropertyValueSpecification","valueRequired":true,"valueName":"search_term_string"}}],"inLanguage":"de"},{"@type":"Organization","@id":"https:\/\/klinik19.com\/#organization","name":"Klinik19 - A\u011f\u0131z ve Di\u015f Sa\u011fl\u0131\u011f\u0131 Poliklini\u011fi","url":"https:\/\/klinik19.com\/","logo":{"@type":"ImageObject","inLanguage":"de","@id":"https:\/\/klinik19.com\/#\/schema\/logo\/image\/","url":"https:\/\/klinik19.com\/wp-content\/uploads\/2022\/02\/klinik19-logobg.png","contentUrl":"https:\/\/klinik19.com\/wp-content\/uploads\/2022\/02\/klinik19-logobg.png","width":706,"height":431,"caption":"Klinik19 - A\u011f\u0131z ve Di\u015f Sa\u011fl\u0131\u011f\u0131 Poliklini\u011fi"},"image":{"@id":"https:\/\/klinik19.com\/#\/schema\/logo\/image\/"},"sameAs":["https:\/\/www.facebook.com\/klinik19corum\/","https:\/\/www.instagram.com\/klinik.19\/"]}]}},"_links":{"self":[{"href":"https:\/\/klinik19.com\/de\/wp-json\/wp\/v2\/pages\/3977","targetHints":{"allow":["GET"]}}],"collection":[{"href":"https:\/\/klinik19.com\/de\/wp-json\/wp\/v2\/pages"}],"about":[{"href":"https:\/\/klinik19.com\/de\/wp-json\/wp\/v2\/types\/page"}],"author":[{"embeddable":true,"href":"https:\/\/klinik19.com\/de\/wp-json\/wp\/v2\/users\/1"}],"replies":[{"embeddable":true,"href":"https:\/\/klinik19.com\/de\/wp-json\/wp\/v2\/comments?post=3977"}],"version-history":[{"count":33,"href":"https:\/\/klinik19.com\/de\/wp-json\/wp\/v2\/pages\/3977\/revisions"}],"predecessor-version":[{"id":3982,"href":"https:\/\/klinik19.com\/de\/wp-json\/wp\/v2\/pages\/3977\/revisions\/3982"}],"wp:attachment":[{"href":"https:\/\/klinik19.com\/de\/wp-json\/wp\/v2\/media?parent=3977"}],"curies":[{"name":"wp","href":"https:\/\/api.w.org\/{rel}","templated":true}]}}