{"id":4248,"date":"2024-03-09T12:12:57","date_gmt":"2024-03-09T09:12:57","guid":{"rendered":"https:\/\/klinik19.com\/?page_id=4248"},"modified":"2024-03-09T12:19:59","modified_gmt":"2024-03-09T09:19:59","slug":"dijital-tomografi","status":"publish","type":"page","link":"https:\/\/klinik19.com\/de\/dijital-tomografi\/","title":{"rendered":"Dijital Tomografi"},"content":{"rendered":"<div id=\"pl-4248\"  class=\"panel-layout\" ><div id=\"pg-4248-0\"  class=\"panel-grid panel-has-style\" ><div class=\"divider-no-animation panel-row-style panel-row-style-for-4248-0\" ><div id=\"pgc-4248-0-0\"  class=\"panel-grid-cell\" ><div id=\"panel-4248-0-0-0\" class=\"so-panel widget widget_sow-editor panel-first-child\" data-index=\"0\" ><div class=\"orion custom default panel-widget-style panel-widget-style-for-4248-0-0-0\" ><div\n\t\t\t\n\t\t\tclass=\"so-widget-sow-editor so-widget-sow-editor-base\"\n\t\t\t\n\t\t>\n<div class=\"siteorigin-widget-tinymce textwidget\">\n\t<h2><strong>\u00c7orum'da Dijital Tomografi: Yeni Bir Ba\u015flang\u0131\u00e7<\/strong><\/h2>\n<p><img loading=\"lazy\" decoding=\"async\" class=\"wp-image-4251 alignright\" src=\"https:\/\/klinik19.com\/wp-content\/uploads\/2024\/03\/152-555x740.jpg\" alt=\"\" width=\"192\" height=\"256\" \/>T\u0131p teknolojilerindeki s\u00fcrekli ilerlemeler, sa\u011fl\u0131k hizmetlerinin kalitesini art\u0131rmak ve hastalar\u0131n tedavi s\u00fcre\u00e7lerini iyile\u015ftirmek i\u00e7in \u00f6nemli f\u0131rsatlar sunmaktad\u0131r. Bu ilerlemelerden biri olan <strong>dijital tomografi<\/strong>, tan\u0131sal g\u00f6r\u00fcnt\u00fcleme alan\u0131nda \u00e7\u0131\u011f\u0131r a\u00e7an bir geli\u015fme olarak kabul edilmektedir. \u00c7orum'da, bu yenilik\u00e7i teknolojinin klinik ortamlarda kullan\u0131lmas\u0131yla, sa\u011fl\u0131k hizmetlerinde \u00f6nemli bir d\u00f6n\u00fc\u015f\u00fcm ya\u015fanmaktad\u0131r.<\/p>\n<p>&nbsp;<\/p>\n<p>\u00c7orum'daki sa\u011fl\u0131k sekt\u00f6r\u00fc, son zamanlarda dijital tomografi aleti al\u0131m\u0131yla \u00f6nemli bir ad\u0131m atm\u0131\u015ft\u0131r. Bu b\u00f6lgedeki kliniklerden biri olarak, teknolojik yenilikleri ve hastalar\u0131n sa\u011fl\u0131\u011f\u0131na olan ba\u011fl\u0131l\u0131\u011f\u0131yla bilinen kurulu\u015flardan biri haline gelmi\u015f bulunmaktay\u0131z. Dijital tomografi, y\u00fcksek \u00e7\u00f6z\u00fcn\u00fcrl\u00fckl\u00fc g\u00f6r\u00fcnt\u00fcler sa\u011flayarak, daha do\u011fru te\u015fhislerin konulmas\u0131na ve tedavi planlar\u0131n\u0131n daha etkin bir \u015fekilde uygulanmas\u0131na olanak tan\u0131maktad\u0131r. Bu sayede, hastalar\u0131m\u0131z\u0131n sa\u011fl\u0131k durumunu daha h\u0131zl\u0131 ve hassas bir \u015fekilde de\u011ferlendirebilmekte ve gereken m\u00fcdahaleleri zaman\u0131nda ger\u00e7ekle\u015ftirebilmekteyiz.<\/p>\n<p>&nbsp;<\/p>\n<p><img loading=\"lazy\" decoding=\"async\" class=\"size-full wp-image-4252 alignright\" src=\"https:\/\/klinik19.com\/wp-content\/uploads\/2024\/03\/177.jpg\" alt=\"\" width=\"232\" height=\"232\" srcset=\"https:\/\/klinik19.com\/wp-content\/uploads\/2024\/03\/177.jpg 232w, https:\/\/klinik19.com\/wp-content\/uploads\/2024\/03\/177-150x150.jpg 150w, https:\/\/klinik19.com\/wp-content\/uploads\/2024\/03\/177-12x12.jpg 12w\" sizes=\"auto, (max-width: 232px) 100vw, 232px\" \/>Dijital tomografinin getirdi\u011fi avantajlar aras\u0131nda, radyasyon dozunun azalt\u0131lmas\u0131 da bulunmaktad\u0131r. Geleneksel r\u00f6ntgen cihazlar\u0131na k\u0131yasla daha d\u00fc\u015f\u00fck radyasyon seviyeleri ile \u00e7al\u0131\u015fan dijital tomografi, hastalar\u0131n maruz kald\u0131\u011f\u0131 riskleri minimize etmektedir. Bu da, tedavi s\u00fcre\u00e7lerinin daha g\u00fcvenli bir \u015fekilde y\u00fcr\u00fct\u00fclmesini sa\u011flamaktad\u0131r.<\/p>\n<p>&nbsp;<\/p>\n<p>Ancak, teknolojik yeniliklerin sa\u011flad\u0131\u011f\u0131 faydalar\u0131 elde etmek i\u00e7in sadece cihaz\u0131n sahip olmas\u0131 yeterli de\u011fildir. Bu noktada, deneyimli ve uzman bir sa\u011fl\u0131k ekibi ile birlikte \u00e7al\u0131\u015fmak da \u00f6nem ta\u015f\u0131maktad\u0131r. \u00c7orum'daki klini\u011fimiz, alan\u0131nda uzman hekimler ve deneyimli teknisyenlerden olu\u015fan bir ekip ile hizmet vermektedir. Hastalar\u0131m\u0131z\u0131n ihtiya\u00e7lar\u0131na uygun, ki\u015fiye \u00f6zel tedavi planlar\u0131 olu\u015fturmak i\u00e7in bir araya geliyor ve her bir hasta i\u00e7in en etkili ve g\u00fcvenli tedaviyi sa\u011flamak i\u00e7in \u00e7al\u0131\u015f\u0131yoruz.<\/p>\n<p>&nbsp;<\/p>\n<p>Sa\u011fl\u0131k sekt\u00f6r\u00fcnde teknolojik yeniliklerin \u00f6nemi her ge\u00e7en g\u00fcn artmaktad\u0131r. Bu nedenle, \u00c7orum'daki klinik olarak dijital tomografi gibi modern tan\u0131 ve tedavi y\u00f6ntemlerini hastalar\u0131m\u0131z\u0131n hizmetine sunmaktan b\u00fcy\u00fck bir memnuniyet duyuyoruz. Yenilik\u00e7i teknolojilerle donat\u0131lm\u0131\u015f bir sa\u011fl\u0131k hizmeti sunarak, toplumumuzun sa\u011fl\u0131k ve refah\u0131na katk\u0131da bulunmay\u0131 ama\u00e7l\u0131yoruz.<\/p>\n<p>&nbsp;<\/p>\n<p>Sonu\u00e7 olarak, \u00c7orum'da dijital tomografi aletiyle tan\u0131\u015fman\u0131n, sa\u011fl\u0131k hizmetlerindeki kalite ve etkinli\u011fi art\u0131rmak ad\u0131na \u00f6nemli bir ad\u0131m oldu\u011funu d\u00fc\u015f\u00fcn\u00fcyoruz. Teknolojik yeniliklerle donat\u0131lm\u0131\u015f bir sa\u011fl\u0131k sistemi, hastalar\u0131m\u0131za daha h\u0131zl\u0131, daha g\u00fcvenli ve daha etkili bir tedavi deneyimi sunmam\u0131za olanak tan\u0131maktad\u0131r. Bu do\u011frultuda, \u00c7orum'daki klini\u011fimiz olarak, teknoloji ve insan odakl\u0131 bir yakla\u015f\u0131mla, hastalar\u0131m\u0131za en iyi sa\u011fl\u0131k hizmetini sunmak i\u00e7in \u00e7al\u0131\u015fmaya devam edece\u011fiz.<\/p>\n<\/div>\n<\/div><\/div><\/div><div id=\"panel-4248-0-0-1\" class=\"so-panel widget widget_orion_dividers_w\" data-index=\"1\" ><div class=\"orion custom default panel-widget-style panel-widget-style-for-4248-0-0-1\" ><div\n\t\t\t\n\t\t\tclass=\"so-widget-orion_dividers_w so-widget-orion_dividers_w-base\"\n\t\t\t\n\t\t>\t<hr style=\"border-top-width:2px; border-top-color:rgba(242,242,242,1); border-style: solid; width: 100%;  margin-top: 0;\"><\/div><\/div><\/div><div id=\"panel-4248-0-0-2\" class=\"so-panel widget widget_orion_simple_gallery panel-last-child\" data-index=\"2\" ><div class=\"orion custom default panel-widget-style panel-widget-style-for-4248-0-0-2\" ><div\n\t\t\t\n\t\t\tclass=\"so-widget-orion_simple_gallery so-widget-orion_simple_gallery-base\"\n\t\t\t\n\t\t><div class=\"row orion-simple-gallery grid\">\r\n\r\n\r\n\t<div class=\"wrapper\">\t\r\n\t\t\t\t\t\t\t\t\t\t\t\t\t<div class=\"col-lg-3 col-md-3 col-sm-6 col-xs-12\">\r\n\t\t\t\t<div class=\"image-w relative\">\r\n\r\n\t\t\t\t\t\t\t\t\t\t\t\t\t\t\t\t\t\t\t\t<a rel=\"69f48d2c8b295\" data-fancybox=\"69f48d2c8b295\" class=\"overlay-none overlay-hover-none scale-none\" href=\"https:\/\/klinik19.com\/wp-content\/uploads\/2024\/03\/264.jpg\" data-caption=\"\" title=\"\" >\r\n\t\t\t\t\t\t\t\t\t\t\t\t\t\r\n\t\t\t\t\t\t\t\t\t\t\t\t\t<img loading=\"lazy\" decoding=\"async\" width=\"478\" height=\"259\" src=\"https:\/\/klinik19.com\/wp-content\/uploads\/2024\/03\/264.jpg\" class=\"attachment-orion_square size-orion_square\" alt=\"\" \/>\t\t\t\t\t\t\t<div class=\"overlay\"><\/div>\r\n\t\t\t\t\t\t\r\n\t\t\t\t\t\t\t\t\t\t\t\t\t<\/a>\r\n\t\t\t\t\t\t\t\r\n\t\t\t\t\t\r\n\t\t\t\t\t<div class=\"absolute\">\r\n\t\t\t\t\t\t\r\n\t\t\t\t\t<\/div>\t\t\t\t\t\r\n\t\t\t\t<\/div>\r\n\t\t\t<\/div>\r\n\t\t\t\t\t\t\t\t<div class=\"col-lg-3 col-md-3 col-sm-6 col-xs-12\">\r\n\t\t\t\t<div class=\"image-w relative\">\r\n\r\n\t\t\t\t\t\t\t\t\t\t\t\t\t\t\t\t\t\t\t\t<a rel=\"69f48d2c8b295\" data-fancybox=\"69f48d2c8b295\" class=\"overlay-none overlay-hover-none scale-none\" href=\"https:\/\/klinik19.com\/wp-content\/uploads\/2024\/03\/258.jpg\" data-caption=\"\" title=\"\" >\r\n\t\t\t\t\t\t\t\t\t\t\t\t\t\r\n\t\t\t\t\t\t\t\t\t\t\t\t\t<img loading=\"lazy\" decoding=\"async\" width=\"398\" height=\"353\" src=\"https:\/\/klinik19.com\/wp-content\/uploads\/2024\/03\/258.jpg\" class=\"attachment-orion_square size-orion_square\" alt=\"\" \/>\t\t\t\t\t\t\t<div class=\"overlay\"><\/div>\r\n\t\t\t\t\t\t\r\n\t\t\t\t\t\t\t\t\t\t\t\t\t<\/a>\r\n\t\t\t\t\t\t\t\r\n\t\t\t\t\t\r\n\t\t\t\t\t<div class=\"absolute\">\r\n\t\t\t\t\t\t\r\n\t\t\t\t\t<\/div>\t\t\t\t\t\r\n\t\t\t\t<\/div>\r\n\t\t\t<\/div>\r\n\t\t\t\t\t\t\t\t<div class=\"col-lg-3 col-md-3 col-sm-6 col-xs-12\">\r\n\t\t\t\t<div class=\"image-w relative\">\r\n\r\n\t\t\t\t\t\t\t\t\t\t\t\t\t\t\t\t\t\t\t\t<a rel=\"69f48d2c8b295\" data-fancybox=\"69f48d2c8b295\" class=\"overlay-none overlay-hover-none scale-none\" href=\"https:\/\/klinik19.com\/wp-content\/uploads\/2024\/03\/247.jpg\" data-caption=\"\" title=\"\" >\r\n\t\t\t\t\t\t\t\t\t\t\t\t\t\r\n\t\t\t\t\t\t\t\t\t\t\t\t\t<img loading=\"lazy\" decoding=\"async\" width=\"362\" height=\"362\" src=\"https:\/\/klinik19.com\/wp-content\/uploads\/2024\/03\/247.jpg\" class=\"attachment-orion_square size-orion_square\" alt=\"\" \/>\t\t\t\t\t\t\t<div class=\"overlay\"><\/div>\r\n\t\t\t\t\t\t\r\n\t\t\t\t\t\t\t\t\t\t\t\t\t<\/a>\r\n\t\t\t\t\t\t\t\r\n\t\t\t\t\t\r\n\t\t\t\t\t<div class=\"absolute\">\r\n\t\t\t\t\t\t\r\n\t\t\t\t\t<\/div>\t\t\t\t\t\r\n\t\t\t\t<\/div>\r\n\t\t\t<\/div>\r\n\t\t\t\t\t\t\t\t<div class=\"col-lg-3 col-md-3 col-sm-6 col-xs-12\">\r\n\t\t\t\t<div class=\"image-w relative\">\r\n\r\n\t\t\t\t\t\t\t\t\t\t\t\t\t\t\t\t\t\t\t\t<a rel=\"69f48d2c8b295\" data-fancybox=\"69f48d2c8b295\" class=\"overlay-none overlay-hover-none scale-none\" href=\"https:\/\/klinik19.com\/wp-content\/uploads\/2024\/03\/212.jpg\" data-caption=\"\" title=\"\" >\r\n\t\t\t\t\t\t\t\t\t\t\t\t\t\r\n\t\t\t\t\t\t\t\t\t\t\t\t\t<img loading=\"lazy\" decoding=\"async\" width=\"332\" height=\"254\" src=\"https:\/\/klinik19.com\/wp-content\/uploads\/2024\/03\/212.jpg\" class=\"attachment-orion_square size-orion_square\" alt=\"\" \/>\t\t\t\t\t\t\t<div class=\"overlay\"><\/div>\r\n\t\t\t\t\t\t\r\n\t\t\t\t\t\t\t\t\t\t\t\t\t<\/a>\r\n\t\t\t\t\t\t\t\r\n\t\t\t\t\t\r\n\t\t\t\t\t<div class=\"absolute\">\r\n\t\t\t\t\t\t\r\n\t\t\t\t\t<\/div>\t\t\t\t\t\r\n\t\t\t\t<\/div>\r\n\t\t\t<\/div>\r\n\t\t\t\t\r\n\t\t\r\n\t<\/div>\r\n<\/div><\/div><\/div><\/div><\/div><\/div><\/div><\/div>","protected":false},"excerpt":{"rendered":"<p>\u00c7orum&#8217;da Dijital Tomografi: Yeni Bir Ba\u015flang\u0131\u00e7 T\u0131p teknolojilerindeki s\u00fcrekli ilerlemeler, sa\u011fl\u0131k hizmetlerinin kalitesini art\u0131rmak ve hastalar\u0131n tedavi s\u00fcre\u00e7lerini iyile\u015ftirmek i\u00e7in \u00f6nemli f\u0131rsatlar sunmaktad\u0131r. Bu ilerlemelerden biri olan dijital tomografi, tan\u0131sal g\u00f6r\u00fcnt\u00fcleme alan\u0131nda \u00e7\u0131\u011f\u0131r a\u00e7an bir geli\u015fme olarak kabul edilmektedir. \u00c7orum&#8217;da, bu yenilik\u00e7i teknolojinin klinik ortamlarda kullan\u0131lmas\u0131yla, sa\u011fl\u0131k hizmetlerinde \u00f6nemli bir d\u00f6n\u00fc\u015f\u00fcm ya\u015fanmaktad\u0131r. &nbsp; \u00c7orum&#8217;daki sa\u011fl\u0131k<\/p>","protected":false},"author":1,"featured_media":0,"parent":0,"menu_order":0,"comment_status":"closed","ping_status":"closed","template":"","meta":{"footnotes":""},"class_list":["post-4248","page","type-page","status-publish","hentry"],"yoast_head":"<!-- This site is optimized with the Yoast SEO plugin v27.5 - https:\/\/yoast.com\/product\/yoast-seo-wordpress\/ -->\n<title>Dijital Tomografi - Klinik19 &Ccedil;orum - A\u011f\u0131z ve Di\u015f Sa\u011fl\u0131\u011f\u0131 Klini\u011fi<\/title>\n<meta name=\"robots\" content=\"index, follow, max-snippet:-1, max-image-preview:large, max-video-preview:-1\" \/>\n<link rel=\"canonical\" href=\"https:\/\/klinik19.com\/de\/dijital-tomografi\/\" \/>\n<meta property=\"og:locale\" content=\"de_DE\" \/>\n<meta property=\"og:type\" content=\"article\" \/>\n<meta property=\"og:title\" content=\"Dijital Tomografi - Klinik19 &Ccedil;orum - A\u011f\u0131z ve Di\u015f Sa\u011fl\u0131\u011f\u0131 Klini\u011fi\" \/>\n<meta property=\"og:description\" content=\"\u00c7orum&#039;da Dijital Tomografi: Yeni Bir Ba\u015flang\u0131\u00e7 T\u0131p teknolojilerindeki s\u00fcrekli ilerlemeler, sa\u011fl\u0131k hizmetlerinin kalitesini art\u0131rmak ve hastalar\u0131n tedavi s\u00fcre\u00e7lerini iyile\u015ftirmek i\u00e7in \u00f6nemli f\u0131rsatlar sunmaktad\u0131r. Bu ilerlemelerden biri olan dijital tomografi, tan\u0131sal g\u00f6r\u00fcnt\u00fcleme alan\u0131nda \u00e7\u0131\u011f\u0131r a\u00e7an bir geli\u015fme olarak kabul edilmektedir. \u00c7orum&#039;da, bu yenilik\u00e7i teknolojinin klinik ortamlarda kullan\u0131lmas\u0131yla, sa\u011fl\u0131k hizmetlerinde \u00f6nemli bir d\u00f6n\u00fc\u015f\u00fcm ya\u015fanmaktad\u0131r. &nbsp; \u00c7orum&#039;daki sa\u011fl\u0131k\" \/>\n<meta property=\"og:url\" content=\"https:\/\/klinik19.com\/de\/dijital-tomografi\/\" \/>\n<meta property=\"og:site_name\" content=\"Klinik19 &Ccedil;orum - A\u011f\u0131z ve Di\u015f Sa\u011fl\u0131\u011f\u0131 Klini\u011fi\" \/>\n<meta property=\"article:publisher\" content=\"https:\/\/www.facebook.com\/klinik19corum\/\" \/>\n<meta property=\"article:modified_time\" content=\"2024-03-09T09:19:59+00:00\" \/>\n<meta property=\"og:image\" content=\"https:\/\/klinik19.com\/wp-content\/uploads\/2024\/03\/152-555x740.jpg\" \/>\n<meta name=\"twitter:card\" content=\"summary_large_image\" \/>\n<meta name=\"twitter:label1\" content=\"Gesch\u00e4tzte Lesezeit\" \/>\n\t<meta name=\"twitter:data1\" content=\"4\u00a0Minuten\" \/>\n<script type=\"application\/ld+json\" class=\"yoast-schema-graph\">{\"@context\":\"https:\\\/\\\/schema.org\",\"@graph\":[{\"@type\":\"WebPage\",\"@id\":\"https:\\\/\\\/klinik19.com\\\/dijital-tomografi\\\/\",\"url\":\"https:\\\/\\\/klinik19.com\\\/dijital-tomografi\\\/\",\"name\":\"Dijital Tomografi - Klinik19 &Ccedil;orum - A\u011f\u0131z ve Di\u015f Sa\u011fl\u0131\u011f\u0131 Klini\u011fi\",\"isPartOf\":{\"@id\":\"https:\\\/\\\/klinik19.com\\\/#website\"},\"primaryImageOfPage\":{\"@id\":\"https:\\\/\\\/klinik19.com\\\/dijital-tomografi\\\/#primaryimage\"},\"image\":{\"@id\":\"https:\\\/\\\/klinik19.com\\\/dijital-tomografi\\\/#primaryimage\"},\"thumbnailUrl\":\"https:\\\/\\\/klinik19.com\\\/wp-content\\\/uploads\\\/2024\\\/03\\\/152-555x740.jpg\",\"datePublished\":\"2024-03-09T09:12:57+00:00\",\"dateModified\":\"2024-03-09T09:19:59+00:00\",\"breadcrumb\":{\"@id\":\"https:\\\/\\\/klinik19.com\\\/dijital-tomografi\\\/#breadcrumb\"},\"inLanguage\":\"de\",\"potentialAction\":[{\"@type\":\"ReadAction\",\"target\":[\"https:\\\/\\\/klinik19.com\\\/dijital-tomografi\\\/\"]}]},{\"@type\":\"ImageObject\",\"inLanguage\":\"de\",\"@id\":\"https:\\\/\\\/klinik19.com\\\/dijital-tomografi\\\/#primaryimage\",\"url\":\"https:\\\/\\\/klinik19.com\\\/wp-content\\\/uploads\\\/2024\\\/03\\\/152-555x740.jpg\",\"contentUrl\":\"https:\\\/\\\/klinik19.com\\\/wp-content\\\/uploads\\\/2024\\\/03\\\/152-555x740.jpg\"},{\"@type\":\"BreadcrumbList\",\"@id\":\"https:\\\/\\\/klinik19.com\\\/dijital-tomografi\\\/#breadcrumb\",\"itemListElement\":[{\"@type\":\"ListItem\",\"position\":1,\"name\":\"Anasayfa\",\"item\":\"https:\\\/\\\/klinik19.com\\\/\"},{\"@type\":\"ListItem\",\"position\":2,\"name\":\"Dijital Tomografi\"}]},{\"@type\":\"WebSite\",\"@id\":\"https:\\\/\\\/klinik19.com\\\/#website\",\"url\":\"https:\\\/\\\/klinik19.com\\\/\",\"name\":\"Klinik19 &Ccedil;orum - A\u011f\u0131z ve Di\u015f Sa\u011fl\u0131\u011f\u0131 Klini\u011fi\",\"description\":\"De\u011fi\u015fimi G&uuml;l&uuml;msemende Hisset\",\"publisher\":{\"@id\":\"https:\\\/\\\/klinik19.com\\\/#organization\"},\"potentialAction\":[{\"@type\":\"SearchAction\",\"target\":{\"@type\":\"EntryPoint\",\"urlTemplate\":\"https:\\\/\\\/klinik19.com\\\/?s={search_term_string}\"},\"query-input\":{\"@type\":\"PropertyValueSpecification\",\"valueRequired\":true,\"valueName\":\"search_term_string\"}}],\"inLanguage\":\"de\"},{\"@type\":\"Organization\",\"@id\":\"https:\\\/\\\/klinik19.com\\\/#organization\",\"name\":\"Klinik19 - A\u011f\u0131z ve Di\u015f Sa\u011fl\u0131\u011f\u0131 Poliklini\u011fi\",\"url\":\"https:\\\/\\\/klinik19.com\\\/\",\"logo\":{\"@type\":\"ImageObject\",\"inLanguage\":\"de\",\"@id\":\"https:\\\/\\\/klinik19.com\\\/#\\\/schema\\\/logo\\\/image\\\/\",\"url\":\"https:\\\/\\\/klinik19.com\\\/wp-content\\\/uploads\\\/2022\\\/02\\\/klinik19-logobg.png\",\"contentUrl\":\"https:\\\/\\\/klinik19.com\\\/wp-content\\\/uploads\\\/2022\\\/02\\\/klinik19-logobg.png\",\"width\":706,\"height\":431,\"caption\":\"Klinik19 - A\u011f\u0131z ve Di\u015f Sa\u011fl\u0131\u011f\u0131 Poliklini\u011fi\"},\"image\":{\"@id\":\"https:\\\/\\\/klinik19.com\\\/#\\\/schema\\\/logo\\\/image\\\/\"},\"sameAs\":[\"https:\\\/\\\/www.facebook.com\\\/klinik19corum\\\/\",\"https:\\\/\\\/www.instagram.com\\\/klinik.19\\\/\"]}]}<\/script>\n<!-- \/ Yoast SEO plugin. -->","yoast_head_json":{"title":"Dijital Tomografi - Klinik19 &Ccedil;orum - A\u011f\u0131z ve Di\u015f Sa\u011fl\u0131\u011f\u0131 Klini\u011fi","robots":{"index":"index","follow":"follow","max-snippet":"max-snippet:-1","max-image-preview":"max-image-preview:large","max-video-preview":"max-video-preview:-1"},"canonical":"https:\/\/klinik19.com\/de\/dijital-tomografi\/","og_locale":"de_DE","og_type":"article","og_title":"Dijital Tomografi - Klinik19 &Ccedil;orum - A\u011f\u0131z ve Di\u015f Sa\u011fl\u0131\u011f\u0131 Klini\u011fi","og_description":"\u00c7orum'da Dijital Tomografi: Yeni Bir Ba\u015flang\u0131\u00e7 T\u0131p teknolojilerindeki s\u00fcrekli ilerlemeler, sa\u011fl\u0131k hizmetlerinin kalitesini art\u0131rmak ve hastalar\u0131n tedavi s\u00fcre\u00e7lerini iyile\u015ftirmek i\u00e7in \u00f6nemli f\u0131rsatlar sunmaktad\u0131r. Bu ilerlemelerden biri olan dijital tomografi, tan\u0131sal g\u00f6r\u00fcnt\u00fcleme alan\u0131nda \u00e7\u0131\u011f\u0131r a\u00e7an bir geli\u015fme olarak kabul edilmektedir. \u00c7orum'da, bu yenilik\u00e7i teknolojinin klinik ortamlarda kullan\u0131lmas\u0131yla, sa\u011fl\u0131k hizmetlerinde \u00f6nemli bir d\u00f6n\u00fc\u015f\u00fcm ya\u015fanmaktad\u0131r. &nbsp; \u00c7orum'daki sa\u011fl\u0131k","og_url":"https:\/\/klinik19.com\/de\/dijital-tomografi\/","og_site_name":"Klinik19 &Ccedil;orum - A\u011f\u0131z ve Di\u015f Sa\u011fl\u0131\u011f\u0131 Klini\u011fi","article_publisher":"https:\/\/www.facebook.com\/klinik19corum\/","article_modified_time":"2024-03-09T09:19:59+00:00","og_image":[{"url":"https:\/\/klinik19.com\/wp-content\/uploads\/2024\/03\/152-555x740.jpg","type":"","width":"","height":""}],"twitter_card":"summary_large_image","twitter_misc":{"Gesch\u00e4tzte Lesezeit":"4\u00a0Minuten"},"schema":{"@context":"https:\/\/schema.org","@graph":[{"@type":"WebPage","@id":"https:\/\/klinik19.com\/dijital-tomografi\/","url":"https:\/\/klinik19.com\/dijital-tomografi\/","name":"Dijital Tomografi - Klinik19 &Ccedil;orum - A\u011f\u0131z ve Di\u015f Sa\u011fl\u0131\u011f\u0131 Klini\u011fi","isPartOf":{"@id":"https:\/\/klinik19.com\/#website"},"primaryImageOfPage":{"@id":"https:\/\/klinik19.com\/dijital-tomografi\/#primaryimage"},"image":{"@id":"https:\/\/klinik19.com\/dijital-tomografi\/#primaryimage"},"thumbnailUrl":"https:\/\/klinik19.com\/wp-content\/uploads\/2024\/03\/152-555x740.jpg","datePublished":"2024-03-09T09:12:57+00:00","dateModified":"2024-03-09T09:19:59+00:00","breadcrumb":{"@id":"https:\/\/klinik19.com\/dijital-tomografi\/#breadcrumb"},"inLanguage":"de","potentialAction":[{"@type":"ReadAction","target":["https:\/\/klinik19.com\/dijital-tomografi\/"]}]},{"@type":"ImageObject","inLanguage":"de","@id":"https:\/\/klinik19.com\/dijital-tomografi\/#primaryimage","url":"https:\/\/klinik19.com\/wp-content\/uploads\/2024\/03\/152-555x740.jpg","contentUrl":"https:\/\/klinik19.com\/wp-content\/uploads\/2024\/03\/152-555x740.jpg"},{"@type":"BreadcrumbList","@id":"https:\/\/klinik19.com\/dijital-tomografi\/#breadcrumb","itemListElement":[{"@type":"ListItem","position":1,"name":"Anasayfa","item":"https:\/\/klinik19.com\/"},{"@type":"ListItem","position":2,"name":"Dijital Tomografi"}]},{"@type":"WebSite","@id":"https:\/\/klinik19.com\/#website","url":"https:\/\/klinik19.com\/","name":"Klinik19 &Ccedil;orum - A\u011f\u0131z ve Di\u015f Sa\u011fl\u0131\u011f\u0131 Klini\u011fi","description":"De\u011fi\u015fimi G&uuml;l&uuml;msemende Hisset","publisher":{"@id":"https:\/\/klinik19.com\/#organization"},"potentialAction":[{"@type":"SearchAction","target":{"@type":"EntryPoint","urlTemplate":"https:\/\/klinik19.com\/?s={search_term_string}"},"query-input":{"@type":"PropertyValueSpecification","valueRequired":true,"valueName":"search_term_string"}}],"inLanguage":"de"},{"@type":"Organization","@id":"https:\/\/klinik19.com\/#organization","name":"Klinik19 - A\u011f\u0131z ve Di\u015f Sa\u011fl\u0131\u011f\u0131 Poliklini\u011fi","url":"https:\/\/klinik19.com\/","logo":{"@type":"ImageObject","inLanguage":"de","@id":"https:\/\/klinik19.com\/#\/schema\/logo\/image\/","url":"https:\/\/klinik19.com\/wp-content\/uploads\/2022\/02\/klinik19-logobg.png","contentUrl":"https:\/\/klinik19.com\/wp-content\/uploads\/2022\/02\/klinik19-logobg.png","width":706,"height":431,"caption":"Klinik19 - A\u011f\u0131z ve Di\u015f Sa\u011fl\u0131\u011f\u0131 Poliklini\u011fi"},"image":{"@id":"https:\/\/klinik19.com\/#\/schema\/logo\/image\/"},"sameAs":["https:\/\/www.facebook.com\/klinik19corum\/","https:\/\/www.instagram.com\/klinik.19\/"]}]}},"_links":{"self":[{"href":"https:\/\/klinik19.com\/de\/wp-json\/wp\/v2\/pages\/4248","targetHints":{"allow":["GET"]}}],"collection":[{"href":"https:\/\/klinik19.com\/de\/wp-json\/wp\/v2\/pages"}],"about":[{"href":"https:\/\/klinik19.com\/de\/wp-json\/wp\/v2\/types\/page"}],"author":[{"embeddable":true,"href":"https:\/\/klinik19.com\/de\/wp-json\/wp\/v2\/users\/1"}],"replies":[{"embeddable":true,"href":"https:\/\/klinik19.com\/de\/wp-json\/wp\/v2\/comments?post=4248"}],"version-history":[{"count":8,"href":"https:\/\/klinik19.com\/de\/wp-json\/wp\/v2\/pages\/4248\/revisions"}],"predecessor-version":[{"id":4268,"href":"https:\/\/klinik19.com\/de\/wp-json\/wp\/v2\/pages\/4248\/revisions\/4268"}],"wp:attachment":[{"href":"https:\/\/klinik19.com\/de\/wp-json\/wp\/v2\/media?parent=4248"}],"curies":[{"name":"wp","href":"https:\/\/api.w.org\/{rel}","templated":true}]}}