{"id":4430,"date":"2025-04-03T18:44:31","date_gmt":"2025-04-03T15:44:31","guid":{"rendered":"https:\/\/klinik19.com\/?page_id=4430"},"modified":"2025-04-03T18:44:32","modified_gmt":"2025-04-03T15:44:32","slug":"horlama-protezi-nedir","status":"publish","type":"page","link":"https:\/\/klinik19.com\/de\/horlama-protezi-nedir\/","title":{"rendered":"Horlama Protezi Nedir"},"content":{"rendered":"<div id=\"pl-4430\"  class=\"panel-layout\" ><div id=\"pg-4430-0\"  class=\"panel-grid panel-has-style\" ><div class=\"divider-no-animation panel-row-style panel-row-style-for-4430-0\" ><div id=\"pgc-4430-0-0\"  class=\"panel-grid-cell\" ><div id=\"panel-4430-0-0-0\" class=\"so-panel widget widget_sow-editor panel-first-child\" data-index=\"0\" ><div class=\"orion custom default panel-widget-style panel-widget-style-for-4430-0-0-0\" ><div\n\t\t\t\n\t\t\tclass=\"so-widget-sow-editor so-widget-sow-editor-base\"\n\t\t\t\n\t\t>\n<div class=\"siteorigin-widget-tinymce textwidget\">\n\t<h2><b>HORLAMA NED\u0130R?<\/b><\/h2>\n<p><span style=\"font-weight: 400;\">Horlama \u00fcst solunum yollar\u0131ndaki yumu\u015fak dokular\u0131n, k\u00fc\u00e7\u00fck dil ve bademci\u011fin uyku esnas\u0131nda gev\u015femesi sonucu hava yolunu daraltmas\u0131yla meydana gelir.<\/span><\/p>\n<p><span style=\"font-weight: 400;\">Ortalama 5 ki\u015fiden birinde g\u00f6r\u00fclmekte olup, erkeklerde kad\u0131nlara g\u00f6re daha s\u0131k olmaktad\u0131r.<\/span><\/p>\n<h2><b>HORLAMANIN YA\u015eAM KAL\u0130TES\u0130 \u00dcST\u00dcNDEK\u0130 ETK\u0130S\u0130\u00a0<\/b><\/h2>\n<p><span style=\"font-weight: 400;\">Horlama ki\u015fisinin hayat\u0131n\u0131 ciddi anlamda olumsuz etkilemektedir. Ki\u015fi uykusunu alamaz, kaliteli uyuyamaz. Bu durumda g\u00fcn i\u00e7inde<\/span><\/p>\n<ul>\n<li><span style=\"font-weight: 400;\">Uykusuzluk<\/span><\/li>\n<li><span style=\"font-weight: 400;\">Konsantrasyon bozuklu\u011fu<\/span><\/li>\n<li><span style=\"font-weight: 400;\">Unutkanl\u0131k<\/span><\/li>\n<li><span style=\"font-weight: 400;\">Bitkinlik<\/span><\/li>\n<li><span style=\"font-weight: 400;\">Ba\u015f a\u011fr\u0131s\u0131 s\u0131kl\u0131kla g\u00f6r\u00fcl\u00fcr.<\/span><\/li>\n<li><span style=\"font-weight: 400;\">Asabiyet belirtileri ve \u00f6fkeli hal<\/span><\/li>\n<li><span style=\"font-weight: 400;\">Ba\u015f a\u011fr\u0131s\u0131<\/span><\/li>\n<\/ul>\n<p><span style=\"font-weight: 400;\">Bir ba\u015fka etkisi de ailelerde, e\u015flerin horlama y\u00fcz\u00fcnden uyumamas\u0131.<\/span><\/p>\n<p><span style=\"font-weight: 400;\">Horlaman\u0131n as\u0131l tehlikeli k\u0131sm\u0131 apnedir. Horlamadan sonra ki\u015fi 10 sn ve \u00fczeri tekrarlayan nefessiz kalma sendromu ya\u015farsa bu apne sendromu olarak adland\u0131r\u0131l\u0131r. Oksijenin yetersiz kalmas\u0131 dolayl\u0131 olarak kalp b\u00fcy\u00fcmesi ve hipertansiyon riskleri artar.<\/span><\/p>\n<h2><b>Horlama Neden Olur?<\/b><\/h2>\n<p><span style=\"font-weight: 400;\">Horlaman\u0131n b\u00fcy\u00fck k\u0131sm\u0131 fazla kilolardan kaynaklan\u0131r.<\/span><\/p>\n<p><span style=\"font-weight: 400;\">Bunun d\u0131\u015f\u0131nda solunum yolu problemleri, ileri ya\u015f, olarak s\u0131ralayabiliriz.<\/span><\/p>\n<h2><b>Horlama Protezi Tedavisi Y\u00f6ntemleri<\/b><\/h2>\n<p><span style=\"font-weight: 400;\">Horlama i\u00e7in g\u00fcn\u00fcm\u00fczde \u00fc\u00e7 tedavi y\u00f6ntemi uygulanmaktad\u0131r.<\/span><\/p>\n<ol>\n<li><span style=\"font-weight: 400;\">Uzmanlarca Cerrahi olarak yumu\u015fak dama\u011fa ve dile yap\u0131lan ameliyat.<\/span><\/li>\n<li><span style=\"font-weight: 400;\">CPAP maskesi<\/span><\/li>\n<li><span style=\"font-weight: 400;\">Horlama Protezleri<\/span><\/li>\n<\/ol>\n<p><span style=\"font-weight: 400;\">Cerrahi uygulama her hastaya uygulanamamakta ve tekrar etme riski bulunmaktad\u0131r.<\/span><\/p>\n<p><span style=\"font-weight: 400;\">CPAP maskesi uyurken kullan\u0131lmaktad\u0131r. S\u00fcrekli hava \u00fcfleyerek t\u0131kan\u0131kl\u0131\u011f\u0131 \u00f6nlemektedir. Burun kurulu\u011fu yapmas\u0131 s\u0131rt \u00fcst\u00fc yatma zorunlulu\u011fu ve aletin \u00e7ok ses \u00e7\u0131kartmas\u0131ndan dolay\u0131 kullan\u0131m\u0131 zor ve pahal\u0131 bir uygulamad\u0131r.<\/span><\/p>\n<h2><b>Horlama Protezi Ve Avantajlar\u0131<\/b><\/h2>\n<p><span style=\"font-weight: 400;\">Uykuda kullan\u0131lan ve di\u015fler \u00fczerine oturan horlama protezi alt \u00e7eneye ve a\u015fa\u011f\u0131 do\u011fru sarkm\u0131\u015f dokular eski gerginli\u011fine kavu\u015fturarak solunum yolunu a\u00e7ar, uyku apnesi ve horlamay\u0131 engeller.<\/span><\/p>\n<ol>\n<li><span style=\"font-weight: 400;\">Kullan\u0131lmaya ba\u015fland\u0131\u011f\u0131 andan itibaren apne ve horlamay\u0131 azalt\u0131r veya keser. <\/span><\/li>\n<li><span style=\"font-weight: 400;\">Ki\u015fiye \u00f6zel haz\u0131rlan\u0131r.<\/span><\/li>\n<li><span style=\"font-weight: 400;\">Kullan\u0131m\u0131 kolay ve rahatt\u0131r. <\/span><\/li>\n<li><span style=\"font-weight: 400;\">K\u00fc\u00e7\u00fck protez kab\u0131na s\u0131\u011far ve her yere ta\u015f\u0131nabilir. <\/span><\/li>\n<li><span style=\"font-weight: 400;\">Horlama protezi daha ekonomiktir.<\/span><\/li>\n<\/ol>\n<\/div>\n<\/div><\/div><\/div><div id=\"panel-4430-0-0-1\" class=\"so-panel widget widget_sow-editor panel-last-child\" data-index=\"1\" ><div class=\"orion custom default panel-widget-style panel-widget-style-for-4430-0-0-1\" ><div\n\t\t\t\n\t\t\tclass=\"so-widget-sow-editor so-widget-sow-editor-base\"\n\t\t\t\n\t\t>\n<div class=\"siteorigin-widget-tinymce textwidget\">\n\t<p>&nbsp;<\/p>\n<p><strong>Bu sayfadaki i\u00e7erik yaln\u0131zca bilgilendirme ama\u00e7l\u0131d\u0131r.<\/strong><br \/>\n<strong>Tan\u0131 ve tedavi i\u00e7in mutlaka di\u015f hekiminize dan\u0131\u015fmal\u0131s\u0131n\u0131z.<\/strong><\/p>\n<\/div>\n<\/div><\/div><\/div><\/div><\/div><\/div><\/div>","protected":false},"excerpt":{"rendered":"<p>HORLAMA NED\u0130R? Horlama \u00fcst solunum yollar\u0131ndaki yumu\u015fak dokular\u0131n, k\u00fc\u00e7\u00fck dil ve bademci\u011fin uyku esnas\u0131nda gev\u015femesi sonucu hava yolunu daraltmas\u0131yla meydana gelir. Ortalama 5 ki\u015fiden birinde g\u00f6r\u00fclmekte olup, erkeklerde kad\u0131nlara g\u00f6re daha s\u0131k olmaktad\u0131r. HORLAMANIN YA\u015eAM KAL\u0130TES\u0130 \u00dcST\u00dcNDEK\u0130 ETK\u0130S\u0130\u00a0 Horlama ki\u015fisinin hayat\u0131n\u0131 ciddi anlamda olumsuz etkilemektedir. Ki\u015fi uykusunu alamaz, kaliteli uyuyamaz. Bu durumda g\u00fcn i\u00e7inde Uykusuzluk<\/p>","protected":false},"author":1,"featured_media":0,"parent":0,"menu_order":0,"comment_status":"closed","ping_status":"closed","template":"","meta":{"footnotes":""},"class_list":["post-4430","page","type-page","status-publish","hentry"],"yoast_head":"<!-- This site is optimized with the Yoast SEO plugin v27.5 - https:\/\/yoast.com\/product\/yoast-seo-wordpress\/ -->\n<title>Horlama Protezi Nedir - Klinik19 &Ccedil;orum - A\u011f\u0131z ve Di\u015f Sa\u011fl\u0131\u011f\u0131 Klini\u011fi<\/title>\n<meta name=\"robots\" content=\"index, follow, max-snippet:-1, max-image-preview:large, max-video-preview:-1\" \/>\n<link rel=\"canonical\" href=\"https:\/\/klinik19.com\/de\/horlama-protezi-nedir\/\" \/>\n<meta property=\"og:locale\" content=\"de_DE\" \/>\n<meta property=\"og:type\" content=\"article\" \/>\n<meta property=\"og:title\" content=\"Horlama Protezi Nedir - Klinik19 &Ccedil;orum - A\u011f\u0131z ve Di\u015f Sa\u011fl\u0131\u011f\u0131 Klini\u011fi\" \/>\n<meta property=\"og:description\" content=\"HORLAMA NED\u0130R? Horlama \u00fcst solunum yollar\u0131ndaki yumu\u015fak dokular\u0131n, k\u00fc\u00e7\u00fck dil ve bademci\u011fin uyku esnas\u0131nda gev\u015femesi sonucu hava yolunu daraltmas\u0131yla meydana gelir. Ortalama 5 ki\u015fiden birinde g\u00f6r\u00fclmekte olup, erkeklerde kad\u0131nlara g\u00f6re daha s\u0131k olmaktad\u0131r. HORLAMANIN YA\u015eAM KAL\u0130TES\u0130 \u00dcST\u00dcNDEK\u0130 ETK\u0130S\u0130\u00a0 Horlama ki\u015fisinin hayat\u0131n\u0131 ciddi anlamda olumsuz etkilemektedir. Ki\u015fi uykusunu alamaz, kaliteli uyuyamaz. Bu durumda g\u00fcn i\u00e7inde Uykusuzluk\" \/>\n<meta property=\"og:url\" content=\"https:\/\/klinik19.com\/de\/horlama-protezi-nedir\/\" \/>\n<meta property=\"og:site_name\" content=\"Klinik19 &Ccedil;orum - A\u011f\u0131z ve Di\u015f Sa\u011fl\u0131\u011f\u0131 Klini\u011fi\" \/>\n<meta property=\"article:publisher\" content=\"https:\/\/www.facebook.com\/klinik19corum\/\" \/>\n<meta property=\"article:modified_time\" content=\"2025-04-03T15:44:32+00:00\" \/>\n<meta name=\"twitter:card\" content=\"summary_large_image\" \/>\n<script type=\"application\/ld+json\" class=\"yoast-schema-graph\">{\"@context\":\"https:\\\/\\\/schema.org\",\"@graph\":[{\"@type\":\"WebPage\",\"@id\":\"https:\\\/\\\/klinik19.com\\\/horlama-protezi-nedir\\\/\",\"url\":\"https:\\\/\\\/klinik19.com\\\/horlama-protezi-nedir\\\/\",\"name\":\"Horlama Protezi Nedir - Klinik19 &Ccedil;orum - A\u011f\u0131z ve Di\u015f Sa\u011fl\u0131\u011f\u0131 Klini\u011fi\",\"isPartOf\":{\"@id\":\"https:\\\/\\\/klinik19.com\\\/#website\"},\"datePublished\":\"2025-04-03T15:44:31+00:00\",\"dateModified\":\"2025-04-03T15:44:32+00:00\",\"breadcrumb\":{\"@id\":\"https:\\\/\\\/klinik19.com\\\/horlama-protezi-nedir\\\/#breadcrumb\"},\"inLanguage\":\"de\",\"potentialAction\":[{\"@type\":\"ReadAction\",\"target\":[\"https:\\\/\\\/klinik19.com\\\/horlama-protezi-nedir\\\/\"]}]},{\"@type\":\"BreadcrumbList\",\"@id\":\"https:\\\/\\\/klinik19.com\\\/horlama-protezi-nedir\\\/#breadcrumb\",\"itemListElement\":[{\"@type\":\"ListItem\",\"position\":1,\"name\":\"Anasayfa\",\"item\":\"https:\\\/\\\/klinik19.com\\\/\"},{\"@type\":\"ListItem\",\"position\":2,\"name\":\"Horlama Protezi Nedir\"}]},{\"@type\":\"WebSite\",\"@id\":\"https:\\\/\\\/klinik19.com\\\/#website\",\"url\":\"https:\\\/\\\/klinik19.com\\\/\",\"name\":\"Klinik19 &Ccedil;orum - A\u011f\u0131z ve Di\u015f Sa\u011fl\u0131\u011f\u0131 Klini\u011fi\",\"description\":\"De\u011fi\u015fimi G&uuml;l&uuml;msemende Hisset\",\"publisher\":{\"@id\":\"https:\\\/\\\/klinik19.com\\\/#organization\"},\"potentialAction\":[{\"@type\":\"SearchAction\",\"target\":{\"@type\":\"EntryPoint\",\"urlTemplate\":\"https:\\\/\\\/klinik19.com\\\/?s={search_term_string}\"},\"query-input\":{\"@type\":\"PropertyValueSpecification\",\"valueRequired\":true,\"valueName\":\"search_term_string\"}}],\"inLanguage\":\"de\"},{\"@type\":\"Organization\",\"@id\":\"https:\\\/\\\/klinik19.com\\\/#organization\",\"name\":\"Klinik19 - A\u011f\u0131z ve Di\u015f Sa\u011fl\u0131\u011f\u0131 Poliklini\u011fi\",\"url\":\"https:\\\/\\\/klinik19.com\\\/\",\"logo\":{\"@type\":\"ImageObject\",\"inLanguage\":\"de\",\"@id\":\"https:\\\/\\\/klinik19.com\\\/#\\\/schema\\\/logo\\\/image\\\/\",\"url\":\"https:\\\/\\\/klinik19.com\\\/wp-content\\\/uploads\\\/2022\\\/02\\\/klinik19-logobg.png\",\"contentUrl\":\"https:\\\/\\\/klinik19.com\\\/wp-content\\\/uploads\\\/2022\\\/02\\\/klinik19-logobg.png\",\"width\":706,\"height\":431,\"caption\":\"Klinik19 - A\u011f\u0131z ve Di\u015f Sa\u011fl\u0131\u011f\u0131 Poliklini\u011fi\"},\"image\":{\"@id\":\"https:\\\/\\\/klinik19.com\\\/#\\\/schema\\\/logo\\\/image\\\/\"},\"sameAs\":[\"https:\\\/\\\/www.facebook.com\\\/klinik19corum\\\/\",\"https:\\\/\\\/www.instagram.com\\\/klinik.19\\\/\"]}]}<\/script>\n<!-- \/ Yoast SEO plugin. -->","yoast_head_json":{"title":"Horlama Protezi Nedir - Klinik19 &Ccedil;orum - A\u011f\u0131z ve Di\u015f Sa\u011fl\u0131\u011f\u0131 Klini\u011fi","robots":{"index":"index","follow":"follow","max-snippet":"max-snippet:-1","max-image-preview":"max-image-preview:large","max-video-preview":"max-video-preview:-1"},"canonical":"https:\/\/klinik19.com\/de\/horlama-protezi-nedir\/","og_locale":"de_DE","og_type":"article","og_title":"Horlama Protezi Nedir - Klinik19 &Ccedil;orum - A\u011f\u0131z ve Di\u015f Sa\u011fl\u0131\u011f\u0131 Klini\u011fi","og_description":"HORLAMA NED\u0130R? Horlama \u00fcst solunum yollar\u0131ndaki yumu\u015fak dokular\u0131n, k\u00fc\u00e7\u00fck dil ve bademci\u011fin uyku esnas\u0131nda gev\u015femesi sonucu hava yolunu daraltmas\u0131yla meydana gelir. Ortalama 5 ki\u015fiden birinde g\u00f6r\u00fclmekte olup, erkeklerde kad\u0131nlara g\u00f6re daha s\u0131k olmaktad\u0131r. HORLAMANIN YA\u015eAM KAL\u0130TES\u0130 \u00dcST\u00dcNDEK\u0130 ETK\u0130S\u0130\u00a0 Horlama ki\u015fisinin hayat\u0131n\u0131 ciddi anlamda olumsuz etkilemektedir. Ki\u015fi uykusunu alamaz, kaliteli uyuyamaz. Bu durumda g\u00fcn i\u00e7inde Uykusuzluk","og_url":"https:\/\/klinik19.com\/de\/horlama-protezi-nedir\/","og_site_name":"Klinik19 &Ccedil;orum - A\u011f\u0131z ve Di\u015f Sa\u011fl\u0131\u011f\u0131 Klini\u011fi","article_publisher":"https:\/\/www.facebook.com\/klinik19corum\/","article_modified_time":"2025-04-03T15:44:32+00:00","twitter_card":"summary_large_image","schema":{"@context":"https:\/\/schema.org","@graph":[{"@type":"WebPage","@id":"https:\/\/klinik19.com\/horlama-protezi-nedir\/","url":"https:\/\/klinik19.com\/horlama-protezi-nedir\/","name":"Horlama Protezi Nedir - Klinik19 &Ccedil;orum - A\u011f\u0131z ve Di\u015f Sa\u011fl\u0131\u011f\u0131 Klini\u011fi","isPartOf":{"@id":"https:\/\/klinik19.com\/#website"},"datePublished":"2025-04-03T15:44:31+00:00","dateModified":"2025-04-03T15:44:32+00:00","breadcrumb":{"@id":"https:\/\/klinik19.com\/horlama-protezi-nedir\/#breadcrumb"},"inLanguage":"de","potentialAction":[{"@type":"ReadAction","target":["https:\/\/klinik19.com\/horlama-protezi-nedir\/"]}]},{"@type":"BreadcrumbList","@id":"https:\/\/klinik19.com\/horlama-protezi-nedir\/#breadcrumb","itemListElement":[{"@type":"ListItem","position":1,"name":"Anasayfa","item":"https:\/\/klinik19.com\/"},{"@type":"ListItem","position":2,"name":"Horlama Protezi Nedir"}]},{"@type":"WebSite","@id":"https:\/\/klinik19.com\/#website","url":"https:\/\/klinik19.com\/","name":"Klinik19 &Ccedil;orum - A\u011f\u0131z ve Di\u015f Sa\u011fl\u0131\u011f\u0131 Klini\u011fi","description":"De\u011fi\u015fimi G&uuml;l&uuml;msemende Hisset","publisher":{"@id":"https:\/\/klinik19.com\/#organization"},"potentialAction":[{"@type":"SearchAction","target":{"@type":"EntryPoint","urlTemplate":"https:\/\/klinik19.com\/?s={search_term_string}"},"query-input":{"@type":"PropertyValueSpecification","valueRequired":true,"valueName":"search_term_string"}}],"inLanguage":"de"},{"@type":"Organization","@id":"https:\/\/klinik19.com\/#organization","name":"Klinik19 - A\u011f\u0131z ve Di\u015f Sa\u011fl\u0131\u011f\u0131 Poliklini\u011fi","url":"https:\/\/klinik19.com\/","logo":{"@type":"ImageObject","inLanguage":"de","@id":"https:\/\/klinik19.com\/#\/schema\/logo\/image\/","url":"https:\/\/klinik19.com\/wp-content\/uploads\/2022\/02\/klinik19-logobg.png","contentUrl":"https:\/\/klinik19.com\/wp-content\/uploads\/2022\/02\/klinik19-logobg.png","width":706,"height":431,"caption":"Klinik19 - A\u011f\u0131z ve Di\u015f Sa\u011fl\u0131\u011f\u0131 Poliklini\u011fi"},"image":{"@id":"https:\/\/klinik19.com\/#\/schema\/logo\/image\/"},"sameAs":["https:\/\/www.facebook.com\/klinik19corum\/","https:\/\/www.instagram.com\/klinik.19\/"]}]}},"_links":{"self":[{"href":"https:\/\/klinik19.com\/de\/wp-json\/wp\/v2\/pages\/4430","targetHints":{"allow":["GET"]}}],"collection":[{"href":"https:\/\/klinik19.com\/de\/wp-json\/wp\/v2\/pages"}],"about":[{"href":"https:\/\/klinik19.com\/de\/wp-json\/wp\/v2\/types\/page"}],"author":[{"embeddable":true,"href":"https:\/\/klinik19.com\/de\/wp-json\/wp\/v2\/users\/1"}],"replies":[{"embeddable":true,"href":"https:\/\/klinik19.com\/de\/wp-json\/wp\/v2\/comments?post=4430"}],"version-history":[{"count":1,"href":"https:\/\/klinik19.com\/de\/wp-json\/wp\/v2\/pages\/4430\/revisions"}],"predecessor-version":[{"id":4432,"href":"https:\/\/klinik19.com\/de\/wp-json\/wp\/v2\/pages\/4430\/revisions\/4432"}],"wp:attachment":[{"href":"https:\/\/klinik19.com\/de\/wp-json\/wp\/v2\/media?parent=4430"}],"curies":[{"name":"wp","href":"https:\/\/api.w.org\/{rel}","templated":true}]}}