{"id":4438,"date":"2025-04-03T18:50:50","date_gmt":"2025-04-03T15:50:50","guid":{"rendered":"https:\/\/klinik19.com\/?page_id=4438"},"modified":"2025-04-03T18:50:50","modified_gmt":"2025-04-03T15:50:50","slug":"cene-kemigi-ve-dis-kistleri","status":"publish","type":"page","link":"https:\/\/klinik19.com\/de\/cene-kemigi-ve-dis-kistleri\/","title":{"rendered":"\u00c7ene Kemi\u011fi ve Di\u015f Kistleri"},"content":{"rendered":"<div id=\"pl-4438\"  class=\"panel-layout\" ><div id=\"pg-4438-0\"  class=\"panel-grid panel-has-style\" ><div class=\"divider-no-animation panel-row-style panel-row-style-for-4438-0\" ><div id=\"pgc-4438-0-0\"  class=\"panel-grid-cell\" ><div id=\"panel-4438-0-0-0\" class=\"so-panel widget widget_sow-editor panel-first-child\" data-index=\"0\" ><div class=\"orion custom default panel-widget-style panel-widget-style-for-4438-0-0-0\" ><div\n\t\t\t\n\t\t\tclass=\"so-widget-sow-editor so-widget-sow-editor-base\"\n\t\t\t\n\t\t>\n<div class=\"siteorigin-widget-tinymce textwidget\">\n\t<p><b>\u00c7ene kemi\u011fi ve di\u015f kistleri<\/b><span style=\"font-weight: 400;\">, genellikle di\u015flerin veya \u00e7ene kemi\u011finin etraf\u0131nda olu\u015fan, s\u0131v\u0131 veya yar\u0131 s\u0131v\u0131 dolu kese \u015feklinde yap\u0131lar olup, \u00e7o\u011funlukla iyi huyludur. Ancak bu kistler, e\u011fer tedavi edilmezse zamanla b\u00fcy\u00fcyebilir ve \u00e7evre dokulara zarar verebilir.<\/span><\/p>\n<h2><b>\u00c7ene Kemi\u011fi Kisti (\u00c7ene Kistleri)<\/b><\/h2>\n<p><span style=\"font-weight: 400;\">\u00c7ene kemi\u011fi kisti, \u00e7ene kemi\u011fi i\u00e7inde veya \u00e7evresindeki dokularda geli\u015fen s\u0131v\u0131 dolu keseciklerdir. Bu kistler, \u00e7ene yap\u0131s\u0131n\u0131 etkileyebilir ve baz\u0131 durumlarda di\u015f kayb\u0131na veya a\u011fr\u0131ya neden olabilir. \u00c7ene kemi\u011fi kistleri genellikle iyi huylu olsa da b\u00fcy\u00fcd\u00fcklerinde \u00e7evre dokulara zarar verebilir. Cerrahi olarak temizlenmeleri gerekir.<\/span><\/p>\n<h3><b>\u00c7ene Kisti T\u00fcrleri:<\/b><\/h3>\n<ol>\n<li style=\"font-weight: 400;\" aria-level=\"1\"><b>Periapikal Kist<\/b><span style=\"font-weight: 400;\">: Di\u015fin k\u00f6k\u00fcnde, di\u015fin enfekte olmas\u0131 sonucu olu\u015fan bir kisttir. En yayg\u0131n \u00e7ene kisti t\u00fcrlerinden biridir ve genellikle di\u015f \u00e7\u00fcr\u00fc\u011f\u00fcne ba\u011fl\u0131 olarak geli\u015fir.<\/span><\/li>\n<li style=\"font-weight: 400;\" aria-level=\"1\"><b>Dentiger\u00f6z Kist<\/b><span style=\"font-weight: 400;\">: Bir di\u015fin geli\u015fim s\u00fcrecinde, di\u015fin etraf\u0131ndaki kistik yap\u0131d\u0131r. \u00c7o\u011funlukla g\u00f6m\u00fcl\u00fc di\u015flerin etraf\u0131nda g\u00f6r\u00fcl\u00fcr.<\/span><\/li>\n<li style=\"font-weight: 400;\" aria-level=\"1\"><b>Odontojenik Kist<\/b><span style=\"font-weight: 400;\">: Di\u015f dokusunun geli\u015fiminden kaynaklanan kistlerdir. Genellikle di\u015fin geli\u015fiminden \u00f6nce olu\u015furlar ve bazen \u00e7ene kemi\u011fini geni\u015fletebilirler.<\/span><\/li>\n<li style=\"font-weight: 400;\" aria-level=\"1\"><b>Follik\u00fcler Kist<\/b><span style=\"font-weight: 400;\">: \u00c7ene kemi\u011finin i\u00e7inde, di\u015fin g\u00f6vdesinin etraf\u0131nda yer alan s\u0131v\u0131 dolu keseciklerdir. Di\u015fin geli\u015fimi tamamlanmadan \u00f6nce olu\u015fabilir.<\/span><\/li>\n<\/ol>\n<h2><b>Di\u015f Kisti Nedir?<\/b><\/h2>\n<p><span style=\"font-weight: 400;\">Di\u015f kisti, di\u015fin etraf\u0131nda olu\u015fan s\u0131v\u0131 dolu keseciklerdir. Bu kistler, genellikle di\u015fin k\u00f6k\u00fcnde veya \u00e7evresinde geli\u015fir. \u00c7o\u011fu zaman iyi huyludur, ancak b\u00fcy\u00fcyerek kom\u015fu dokulara zarar verebilir. Cerrahi olarak temizlenmeleri gerekir.<\/span><\/p>\n<h3><b>Di\u015f Kisti T\u00fcrleri:<\/b><\/h3>\n<ol>\n<li style=\"font-weight: 400;\" aria-level=\"1\"><b>Periapikal Kist<\/b><span style=\"font-weight: 400;\">: Di\u015f k\u00f6k\u00fcn\u00fcn etraf\u0131nda olu\u015fan ve di\u015fi \u00e7evreleyen enfekte dokudan kaynaklanan kisttir. \u00c7\u00fcr\u00fckler veya di\u015f enfeksiyonlar\u0131 sonucu olu\u015fabilir.<\/span><\/li>\n<li style=\"font-weight: 400;\" aria-level=\"1\"><b>Radik\u00fcler Kist<\/b><span style=\"font-weight: 400;\">: Di\u015fin k\u00f6k\u00fcnde bulunan, genellikle di\u015fin enfekte olmas\u0131 sonucu geli\u015fen kisttir. \u00c7o\u011funlukla a\u011fr\u0131s\u0131zd\u0131r ancak tedavi edilmezse b\u00fcy\u00fcyebilir.<\/span><\/li>\n<li style=\"font-weight: 400;\" aria-level=\"1\"><b>Keratokistik Odontojenik T\u00fcm\u00f6r (KCOT)<\/b><span style=\"font-weight: 400;\">: Di\u015fin geli\u015fiminden kaynaklanan, bazen olduk\u00e7a b\u00fcy\u00fck boyutlara ula\u015fabilen bir kist t\u00fcr\u00fcd\u00fcr. Bu kistler, \u00e7evredeki dokulara zarar verebilir.<\/span><\/li>\n<\/ol>\n<h2><b>\u00c7ene Kemi\u011fi ve Di\u015f Kistlerinin Belirtileri<\/b><\/h2>\n<p><span style=\"font-weight: 400;\">Kistlerin b\u00fcy\u00fckl\u00fc\u011f\u00fc ve konumuna ba\u011fl\u0131 olarak, belirtiler de\u011fi\u015febilir. Yayg\u0131n belirtiler \u015funlar olabilir:<\/span><\/p>\n<ul>\n<li style=\"font-weight: 400;\" aria-level=\"1\"><b>A\u011fr\u0131 veya hassasiyet<\/b><span style=\"font-weight: 400;\">: Kistler \u00e7evredeki dokulara bask\u0131 yaparsa a\u011fr\u0131ya veya rahats\u0131zl\u0131\u011fa neden olabilir.<\/span><\/li>\n<li style=\"font-weight: 400;\" aria-level=\"1\"><b>\u015ei\u015flik veya \u015fi\u015flik<\/b><span style=\"font-weight: 400;\">: \u00c7ene b\u00f6lgesinde belirgin bir \u015fi\u015flik veya b\u00fcy\u00fcme g\u00f6r\u00fclebilir.<\/span><\/li>\n<li style=\"font-weight: 400;\" aria-level=\"1\"><b>Di\u015f kayb\u0131 veya di\u015flerin gev\u015femesi<\/b><span style=\"font-weight: 400;\">: Kistler b\u00fcy\u00fcd\u00fck\u00e7e di\u015flere zarar verebilir ve di\u015flerin gev\u015femesine yol a\u00e7abilir.<\/span><\/li>\n<li style=\"font-weight: 400;\" aria-level=\"1\"><b>Enfeksiyon belirtileri<\/b><span style=\"font-weight: 400;\">: \u015ei\u015flik, a\u011fr\u0131 ve k\u0131zar\u0131kl\u0131k gibi enfeksiyon belirtileri ortaya \u00e7\u0131kabilir.<\/span><\/li>\n<li style=\"font-weight: 400;\" aria-level=\"1\"><b>\u00c7ene hareketlerinde zorluk<\/b><span style=\"font-weight: 400;\">: E\u011fer kist, \u00e7ene eklemine veya kaslara bask\u0131 yaparsa, \u00e7ene hareketlerinde k\u0131s\u0131tlanma olabilir.<\/span><\/li>\n<\/ul>\n<h2><b>\u00c7ene Kemi\u011fi ve Di\u015f Kistlerinin Tedavisi<\/b><\/h2>\n<p><span style=\"font-weight: 400;\">\u00c7ene ve di\u015f kistlerinin tedavisi genellikle cerrahidir. Tedavi se\u00e7enekleri \u015funlard\u0131r:<\/span><\/p>\n<ul>\n<li style=\"font-weight: 400;\" aria-level=\"1\"><b>Cerrahi m\u00fcdahale<\/b><span style=\"font-weight: 400;\">: Kistin b\u00fcy\u00fckl\u00fc\u011f\u00fcne, t\u00fcr\u00fcne ve yerle\u015fimine ba\u011fl\u0131 olarak cerrahi olarak kistin al\u0131nmas\u0131 gerekebilir. Bu i\u015flem, kistin \u00e7evresindeki sa\u011fl\u0131kl\u0131 dokulara zarar vermemek i\u00e7in dikkatlice yap\u0131l\u0131r.<\/span><\/li>\n<li style=\"font-weight: 400;\" aria-level=\"1\"><b>Di\u015f tedavisi<\/b><span style=\"font-weight: 400;\">: E\u011fer kist, bir di\u015fin etraf\u0131nda olu\u015fmu\u015fsa, di\u015f \u00e7ekimi veya kanal tedavisi gerekebilir.<\/span><\/li>\n<li style=\"font-weight: 400;\" aria-level=\"1\"><b>\u0130la\u00e7 tedavisi<\/b><span style=\"font-weight: 400;\">: Baz\u0131 kistler, enfekte olmu\u015fsa, antibiyotik tedavisi gerekebilir.<\/span><\/li>\n<li style=\"font-weight: 400;\" aria-level=\"1\"><b>Takip<\/b><span style=\"font-weight: 400;\">: Kistler al\u0131nd\u0131ktan sonra, d\u00fczenli kontroller yap\u0131l\u0131r, \u00e7\u00fcnk\u00fc baz\u0131 kistler tekrar edebilir.<\/span><\/li>\n<\/ul>\n<p><span style=\"font-weight: 400;\">Kistler genellikle iyi huylu olsa da tedavi edilmeden b\u0131rak\u0131ld\u0131\u011f\u0131nda \u00e7ene yap\u0131s\u0131nda ciddi sorunlara neden olabilir. Bu y\u00fczden, di\u015f veya \u00e7ene b\u00f6lgesindeki herhangi bir \u015fi\u015flik veya a\u011fr\u0131 durumunda bir di\u015f hekimine ba\u015fvurmak \u00f6nemlidir.<\/span><\/p>\n<h2><b>\u00c7ENE K\u0130ST\u0130 OPERASYONU A\u011eRILI \u0130\u015eLEMLER M\u0130D\u0130R?<\/b><\/h2>\n<p><span style=\"font-weight: 400;\">Kist operasyonunun di\u015f \u00e7ekimi, implant gibi i\u015flemlerden herhangi bir fark\u0131 yoktur. Di\u011fer cerrahi i\u015flemlerde oldu\u011fu gibi di\u015f hekimi taraf\u0131ndan uygun g\u00f6r\u00fclen antibiyotik, a\u011fr\u0131 kesici ila\u00e7lar ve antiseptik gargaralar kullan\u0131labilir.<\/span><\/p>\n<\/div>\n<\/div><\/div><\/div><div id=\"panel-4438-0-0-1\" class=\"so-panel widget widget_sow-editor panel-last-child\" data-index=\"1\" ><div class=\"orion custom default panel-widget-style panel-widget-style-for-4438-0-0-1\" ><div\n\t\t\t\n\t\t\tclass=\"so-widget-sow-editor so-widget-sow-editor-base\"\n\t\t\t\n\t\t>\n<div class=\"siteorigin-widget-tinymce textwidget\">\n\t<p>&nbsp;<\/p>\n<p><strong>Bu sayfadaki i\u00e7erik yaln\u0131zca bilgilendirme ama\u00e7l\u0131d\u0131r.<\/strong><br \/>\n<strong>Tan\u0131 ve tedavi i\u00e7in mutlaka di\u015f hekiminize dan\u0131\u015fmal\u0131s\u0131n\u0131z.<\/strong><\/p>\n<\/div>\n<\/div><\/div><\/div><\/div><\/div><\/div><\/div>","protected":false},"excerpt":{"rendered":"<p>\u00c7ene kemi\u011fi ve di\u015f kistleri, genellikle di\u015flerin veya \u00e7ene kemi\u011finin etraf\u0131nda olu\u015fan, s\u0131v\u0131 veya yar\u0131 s\u0131v\u0131 dolu kese \u015feklinde yap\u0131lar olup, \u00e7o\u011funlukla iyi huyludur. Ancak bu kistler, e\u011fer tedavi edilmezse zamanla b\u00fcy\u00fcyebilir ve \u00e7evre dokulara zarar verebilir. \u00c7ene Kemi\u011fi Kisti (\u00c7ene Kistleri) \u00c7ene kemi\u011fi kisti, \u00e7ene kemi\u011fi i\u00e7inde veya \u00e7evresindeki dokularda geli\u015fen s\u0131v\u0131 dolu keseciklerdir.<\/p>","protected":false},"author":1,"featured_media":0,"parent":0,"menu_order":0,"comment_status":"closed","ping_status":"closed","template":"","meta":{"footnotes":""},"class_list":["post-4438","page","type-page","status-publish","hentry"],"yoast_head":"<!-- This site is optimized with the Yoast SEO plugin v27.5 - https:\/\/yoast.com\/product\/yoast-seo-wordpress\/ -->\n<title>\u00c7ene Kemi\u011fi ve Di\u015f Kistleri - Klinik19 &Ccedil;orum - A\u011f\u0131z ve Di\u015f Sa\u011fl\u0131\u011f\u0131 Klini\u011fi<\/title>\n<meta name=\"robots\" content=\"index, follow, max-snippet:-1, max-image-preview:large, max-video-preview:-1\" \/>\n<link rel=\"canonical\" href=\"https:\/\/klinik19.com\/de\/tedaviler\/cene-kemigi-ve-dis-kistleri\/\" \/>\n<meta property=\"og:locale\" content=\"de_DE\" \/>\n<meta property=\"og:type\" content=\"article\" \/>\n<meta property=\"og:title\" content=\"\u00c7ene Kemi\u011fi ve Di\u015f Kistleri - Klinik19 &Ccedil;orum - A\u011f\u0131z ve Di\u015f Sa\u011fl\u0131\u011f\u0131 Klini\u011fi\" \/>\n<meta property=\"og:description\" content=\"\u00c7ene kemi\u011fi ve di\u015f kistleri, genellikle di\u015flerin veya \u00e7ene kemi\u011finin etraf\u0131nda olu\u015fan, s\u0131v\u0131 veya yar\u0131 s\u0131v\u0131 dolu kese \u015feklinde yap\u0131lar olup, \u00e7o\u011funlukla iyi huyludur. Ancak bu kistler, e\u011fer tedavi edilmezse zamanla b\u00fcy\u00fcyebilir ve \u00e7evre dokulara zarar verebilir. \u00c7ene Kemi\u011fi Kisti (\u00c7ene Kistleri) \u00c7ene kemi\u011fi kisti, \u00e7ene kemi\u011fi i\u00e7inde veya \u00e7evresindeki dokularda geli\u015fen s\u0131v\u0131 dolu keseciklerdir.\" \/>\n<meta property=\"og:url\" content=\"https:\/\/klinik19.com\/de\/tedaviler\/cene-kemigi-ve-dis-kistleri\/\" \/>\n<meta property=\"og:site_name\" content=\"Klinik19 &Ccedil;orum - A\u011f\u0131z ve Di\u015f Sa\u011fl\u0131\u011f\u0131 Klini\u011fi\" \/>\n<meta property=\"article:publisher\" content=\"https:\/\/www.facebook.com\/klinik19corum\/\" \/>\n<meta name=\"twitter:card\" content=\"summary_large_image\" \/>\n<script type=\"application\/ld+json\" class=\"yoast-schema-graph\">{\"@context\":\"https:\\\/\\\/schema.org\",\"@graph\":[{\"@type\":\"WebPage\",\"@id\":\"https:\\\/\\\/klinik19.com\\\/cene-kemigi-ve-dis-kistleri\\\/\",\"url\":\"https:\\\/\\\/klinik19.com\\\/cene-kemigi-ve-dis-kistleri\\\/\",\"name\":\"\u00c7ene Kemi\u011fi ve Di\u015f Kistleri - Klinik19 &Ccedil;orum - A\u011f\u0131z ve Di\u015f Sa\u011fl\u0131\u011f\u0131 Klini\u011fi\",\"isPartOf\":{\"@id\":\"https:\\\/\\\/klinik19.com\\\/#website\"},\"datePublished\":\"2025-04-03T15:50:50+00:00\",\"breadcrumb\":{\"@id\":\"https:\\\/\\\/klinik19.com\\\/cene-kemigi-ve-dis-kistleri\\\/#breadcrumb\"},\"inLanguage\":\"de\",\"potentialAction\":[{\"@type\":\"ReadAction\",\"target\":[\"https:\\\/\\\/klinik19.com\\\/cene-kemigi-ve-dis-kistleri\\\/\"]}]},{\"@type\":\"BreadcrumbList\",\"@id\":\"https:\\\/\\\/klinik19.com\\\/cene-kemigi-ve-dis-kistleri\\\/#breadcrumb\",\"itemListElement\":[{\"@type\":\"ListItem\",\"position\":1,\"name\":\"Anasayfa\",\"item\":\"https:\\\/\\\/klinik19.com\\\/\"},{\"@type\":\"ListItem\",\"position\":2,\"name\":\"\u00c7ene Kemi\u011fi ve Di\u015f Kistleri\"}]},{\"@type\":\"WebSite\",\"@id\":\"https:\\\/\\\/klinik19.com\\\/#website\",\"url\":\"https:\\\/\\\/klinik19.com\\\/\",\"name\":\"Klinik19 &Ccedil;orum - A\u011f\u0131z ve Di\u015f Sa\u011fl\u0131\u011f\u0131 Klini\u011fi\",\"description\":\"De\u011fi\u015fimi G&uuml;l&uuml;msemende Hisset\",\"publisher\":{\"@id\":\"https:\\\/\\\/klinik19.com\\\/#organization\"},\"potentialAction\":[{\"@type\":\"SearchAction\",\"target\":{\"@type\":\"EntryPoint\",\"urlTemplate\":\"https:\\\/\\\/klinik19.com\\\/?s={search_term_string}\"},\"query-input\":{\"@type\":\"PropertyValueSpecification\",\"valueRequired\":true,\"valueName\":\"search_term_string\"}}],\"inLanguage\":\"de\"},{\"@type\":\"Organization\",\"@id\":\"https:\\\/\\\/klinik19.com\\\/#organization\",\"name\":\"Klinik19 - A\u011f\u0131z ve Di\u015f Sa\u011fl\u0131\u011f\u0131 Poliklini\u011fi\",\"url\":\"https:\\\/\\\/klinik19.com\\\/\",\"logo\":{\"@type\":\"ImageObject\",\"inLanguage\":\"de\",\"@id\":\"https:\\\/\\\/klinik19.com\\\/#\\\/schema\\\/logo\\\/image\\\/\",\"url\":\"https:\\\/\\\/klinik19.com\\\/wp-content\\\/uploads\\\/2022\\\/02\\\/klinik19-logobg.png\",\"contentUrl\":\"https:\\\/\\\/klinik19.com\\\/wp-content\\\/uploads\\\/2022\\\/02\\\/klinik19-logobg.png\",\"width\":706,\"height\":431,\"caption\":\"Klinik19 - A\u011f\u0131z ve Di\u015f Sa\u011fl\u0131\u011f\u0131 Poliklini\u011fi\"},\"image\":{\"@id\":\"https:\\\/\\\/klinik19.com\\\/#\\\/schema\\\/logo\\\/image\\\/\"},\"sameAs\":[\"https:\\\/\\\/www.facebook.com\\\/klinik19corum\\\/\",\"https:\\\/\\\/www.instagram.com\\\/klinik.19\\\/\"]}]}<\/script>\n<!-- \/ Yoast SEO plugin. -->","yoast_head_json":{"title":"\u00c7ene Kemi\u011fi ve Di\u015f Kistleri - Klinik19 &Ccedil;orum - A\u011f\u0131z ve Di\u015f Sa\u011fl\u0131\u011f\u0131 Klini\u011fi","robots":{"index":"index","follow":"follow","max-snippet":"max-snippet:-1","max-image-preview":"max-image-preview:large","max-video-preview":"max-video-preview:-1"},"canonical":"https:\/\/klinik19.com\/de\/tedaviler\/cene-kemigi-ve-dis-kistleri\/","og_locale":"de_DE","og_type":"article","og_title":"\u00c7ene Kemi\u011fi ve Di\u015f Kistleri - Klinik19 &Ccedil;orum - A\u011f\u0131z ve Di\u015f Sa\u011fl\u0131\u011f\u0131 Klini\u011fi","og_description":"\u00c7ene kemi\u011fi ve di\u015f kistleri, genellikle di\u015flerin veya \u00e7ene kemi\u011finin etraf\u0131nda olu\u015fan, s\u0131v\u0131 veya yar\u0131 s\u0131v\u0131 dolu kese \u015feklinde yap\u0131lar olup, \u00e7o\u011funlukla iyi huyludur. Ancak bu kistler, e\u011fer tedavi edilmezse zamanla b\u00fcy\u00fcyebilir ve \u00e7evre dokulara zarar verebilir. \u00c7ene Kemi\u011fi Kisti (\u00c7ene Kistleri) \u00c7ene kemi\u011fi kisti, \u00e7ene kemi\u011fi i\u00e7inde veya \u00e7evresindeki dokularda geli\u015fen s\u0131v\u0131 dolu keseciklerdir.","og_url":"https:\/\/klinik19.com\/de\/tedaviler\/cene-kemigi-ve-dis-kistleri\/","og_site_name":"Klinik19 &Ccedil;orum - A\u011f\u0131z ve Di\u015f Sa\u011fl\u0131\u011f\u0131 Klini\u011fi","article_publisher":"https:\/\/www.facebook.com\/klinik19corum\/","twitter_card":"summary_large_image","schema":{"@context":"https:\/\/schema.org","@graph":[{"@type":"WebPage","@id":"https:\/\/klinik19.com\/cene-kemigi-ve-dis-kistleri\/","url":"https:\/\/klinik19.com\/cene-kemigi-ve-dis-kistleri\/","name":"\u00c7ene Kemi\u011fi ve Di\u015f Kistleri - Klinik19 &Ccedil;orum - A\u011f\u0131z ve Di\u015f Sa\u011fl\u0131\u011f\u0131 Klini\u011fi","isPartOf":{"@id":"https:\/\/klinik19.com\/#website"},"datePublished":"2025-04-03T15:50:50+00:00","breadcrumb":{"@id":"https:\/\/klinik19.com\/cene-kemigi-ve-dis-kistleri\/#breadcrumb"},"inLanguage":"de","potentialAction":[{"@type":"ReadAction","target":["https:\/\/klinik19.com\/cene-kemigi-ve-dis-kistleri\/"]}]},{"@type":"BreadcrumbList","@id":"https:\/\/klinik19.com\/cene-kemigi-ve-dis-kistleri\/#breadcrumb","itemListElement":[{"@type":"ListItem","position":1,"name":"Anasayfa","item":"https:\/\/klinik19.com\/"},{"@type":"ListItem","position":2,"name":"\u00c7ene Kemi\u011fi ve Di\u015f Kistleri"}]},{"@type":"WebSite","@id":"https:\/\/klinik19.com\/#website","url":"https:\/\/klinik19.com\/","name":"Klinik19 &Ccedil;orum - A\u011f\u0131z ve Di\u015f Sa\u011fl\u0131\u011f\u0131 Klini\u011fi","description":"De\u011fi\u015fimi G&uuml;l&uuml;msemende Hisset","publisher":{"@id":"https:\/\/klinik19.com\/#organization"},"potentialAction":[{"@type":"SearchAction","target":{"@type":"EntryPoint","urlTemplate":"https:\/\/klinik19.com\/?s={search_term_string}"},"query-input":{"@type":"PropertyValueSpecification","valueRequired":true,"valueName":"search_term_string"}}],"inLanguage":"de"},{"@type":"Organization","@id":"https:\/\/klinik19.com\/#organization","name":"Klinik19 - A\u011f\u0131z ve Di\u015f Sa\u011fl\u0131\u011f\u0131 Poliklini\u011fi","url":"https:\/\/klinik19.com\/","logo":{"@type":"ImageObject","inLanguage":"de","@id":"https:\/\/klinik19.com\/#\/schema\/logo\/image\/","url":"https:\/\/klinik19.com\/wp-content\/uploads\/2022\/02\/klinik19-logobg.png","contentUrl":"https:\/\/klinik19.com\/wp-content\/uploads\/2022\/02\/klinik19-logobg.png","width":706,"height":431,"caption":"Klinik19 - A\u011f\u0131z ve Di\u015f Sa\u011fl\u0131\u011f\u0131 Poliklini\u011fi"},"image":{"@id":"https:\/\/klinik19.com\/#\/schema\/logo\/image\/"},"sameAs":["https:\/\/www.facebook.com\/klinik19corum\/","https:\/\/www.instagram.com\/klinik.19\/"]}]}},"_links":{"self":[{"href":"https:\/\/klinik19.com\/de\/wp-json\/wp\/v2\/pages\/4438","targetHints":{"allow":["GET"]}}],"collection":[{"href":"https:\/\/klinik19.com\/de\/wp-json\/wp\/v2\/pages"}],"about":[{"href":"https:\/\/klinik19.com\/de\/wp-json\/wp\/v2\/types\/page"}],"author":[{"embeddable":true,"href":"https:\/\/klinik19.com\/de\/wp-json\/wp\/v2\/users\/1"}],"replies":[{"embeddable":true,"href":"https:\/\/klinik19.com\/de\/wp-json\/wp\/v2\/comments?post=4438"}],"version-history":[{"count":1,"href":"https:\/\/klinik19.com\/de\/wp-json\/wp\/v2\/pages\/4438\/revisions"}],"predecessor-version":[{"id":4440,"href":"https:\/\/klinik19.com\/de\/wp-json\/wp\/v2\/pages\/4438\/revisions\/4440"}],"wp:attachment":[{"href":"https:\/\/klinik19.com\/de\/wp-json\/wp\/v2\/media?parent=4438"}],"curies":[{"name":"wp","href":"https:\/\/api.w.org\/{rel}","templated":true}]}}