{"id":8,"date":"2016-09-20T16:10:21","date_gmt":"2016-09-20T16:10:21","guid":{"rendered":"http:\/\/dentalia.orionthemes.com\/demo-1\/?page_id=8"},"modified":"2025-08-15T10:53:56","modified_gmt":"2025-08-15T07:53:56","slug":"iletisim","status":"publish","type":"page","link":"https:\/\/klinik19.com\/de\/kontakt\/","title":{"rendered":"KONTAKT"},"content":{"rendered":"<div id=\"pl-8\"  class=\"panel-layout\" ><div id=\"pg-8-0\"  class=\"panel-grid panel-has-style\" ><div class=\"siteorigin-panels-stretch orion-separator bottom-svg-1 bottom-svg-inside divider-notresponsive divider-no-animation tablet-default mobile-1-in-row desktop-default custom panel-row-style panel-row-style-for-8-0\" data-stretch-type=\"full-width-stretch\" ><div id=\"pgc-8-0-0\"  class=\"panel-grid-cell\" ><div id=\"panel-8-0-0-0\" class=\"widget_text so-panel widget widget_custom_html panel-first-child panel-last-child\" data-index=\"0\" ><div class=\"widget_text orion custom default panel-widget-style panel-widget-style-for-8-0-0-0\" ><div class=\"textwidget custom-html-widget\"><iframe src=\"https:\/\/www.google.com\/maps\/embed?pb=!1m18!1m12!1m3!1d1051.3551403069584!2d34.961840762904274!3d40.56570764956801!2m3!1f0!2f0!3f0!3m2!1i1024!2i768!4f13.1!3m3!1m2!1s0x40872b6359b5641d%3A0x6a6f849366ab49e7!2zS0zEsE7EsEsgMTkgfCDDh29ydW0gw5Z6ZWwgRGnFnyBLbGluacSfaQ!5e0!3m2!1str!2str!4v1723553143267!5m2!1str!2str\" width=\"100%\" height=\"450\" style=\"border:0;\" allowfullscreen=\"\" loading=\"lazy\" referrerpolicy=\"no-referrer-when-downgrade\"><\/iframe><\/div><\/div><\/div><\/div><div id=\"pgc-8-0-1\"  class=\"panel-grid-cell\" ><div id=\"panel-8-0-1-0\" class=\"widget_text so-panel widget widget_custom_html panel-first-child panel-last-child\" data-index=\"1\" ><div class=\"widget_text orion custom default panel-widget-style panel-widget-style-for-8-0-1-0\" ><div class=\"textwidget custom-html-widget\"><iframe src=\"https:\/\/www.google.com\/maps\/embed?pb=!1m18!1m12!1m3!1d3031.3820090484955!2d34.972078476354866!3d40.55524057141767!2m3!1f0!2f0!3f0!3m2!1i1024!2i768!4f13.1!3m3!1m2!1s0x40872b0017076891%3A0x438d23706a54ccfa!2sKlinik19%20Bah%C3%A7elievler!5e0!3m2!1str!2str!4v1755244425111!5m2!1str!2str\" width=\"100%\" height=\"450\" style=\"border:0;\" allowfullscreen=\"\" loading=\"lazy\" referrerpolicy=\"no-referrer-when-downgrade\"><\/iframe><\/div><\/div><\/div><\/div><\/div><\/div><div id=\"pg-8-1\"  class=\"panel-grid panel-has-style\" ><div class=\"siteorigin-panels-stretch divider-no-animation tablet-default mobile-1-in-row desktop-default overlay-light custom panel-row-style panel-row-style-for-8-1\" data-stretch-type=\"full\" data-svg-bottom-color=\"#ffffff\" ><div id=\"pgc-8-1-0\"  class=\"panel-grid-cell panel-grid-cell-empty\" ><\/div><div id=\"pgc-8-1-1\"  class=\"panel-grid-cell panel-grid-cell-mobile-last\" ><div id=\"panel-8-1-1-0\" class=\"so-panel widget widget_orion_heading_w panel-first-child\" data-index=\"2\" ><div class=\"orion custom default panel-widget-style panel-widget-style-for-8-1-1-0\" ><div\n\t\t\t\n\t\t\tclass=\"so-widget-orion_heading_w so-widget-orion_heading_w-base\"\n\t\t\t\n\t\t> \r\n\t\t\t<div class=\"row orion-heading\" style=\"margin-bottom:0px;\">\r\n\t\t<div class=\"col-md-12  separator-style-1 text-center style-h1 style-primary-color\">\r\n\t\t\t<h1 class=\"primary-color\">\r\n\t\t\t\tKONTAKT\t\t\t<\/h1>\r\n\t\t<\/div>\r\n\t<\/div>\r\n\r\n\t<\/div><\/div><\/div><div id=\"panel-8-1-1-1\" class=\"so-panel widget widget_sow-social-media-buttons\" data-index=\"3\" ><div class=\"orion custom tablets-text-center default panel-widget-style panel-widget-style-for-8-1-1-1\" ><div\n\t\t\t\n\t\t\tclass=\"so-widget-sow-social-media-buttons so-widget-sow-social-media-buttons-wire-95f0a3402fba-8\"\n\t\t\t\n\t\t>\n\n<div class=\"social-media-button-container\">\n\t\n\t\t<a \n\t\tclass=\"ow-button-hover sow-social-media-button-facebook-0 sow-social-media-button\" title=\"Facebook \u00fczerinden bize ula\u015f !\" aria-label=\"Facebook \u00fczerinden bize ula\u015f !\" target=\"_blank\" rel=\"noopener noreferrer\" href=\"https:\/\/www.facebook.com\/klinik19corum\/\" \t\t>\n\t\t\t<span>\n\t\t\t\t\t\t\t\t<span class=\"sow-icon-fontawesome sow-fab\" data-sow-icon=\"&#xf39e;\"\n\t\t \n\t\taria-hidden=\"true\"><\/span>\t\t\t\t\t\t\t<\/span>\n\t\t<\/a>\n\t\n\t\t<a \n\t\tclass=\"ow-button-hover sow-social-media-button-instagram-0 sow-social-media-button\" title=\"Instagram \u00fczerinden bize ula\u015f !\" aria-label=\"Instagram \u00fczerinden bize ula\u015f !\" target=\"_blank\" rel=\"noopener noreferrer\" href=\"https:\/\/instagram.com\/\" \t\t>\n\t\t\t<span>\n\t\t\t\t\t\t\t\t<span class=\"sow-icon-fontawesome sow-fab\" data-sow-icon=\"&#xf16d;\"\n\t\t \n\t\taria-hidden=\"true\"><\/span>\t\t\t\t\t\t\t<\/span>\n\t\t<\/a>\n\t\n\t\t<a \n\t\tclass=\"ow-button-hover sow-social-media-button-whatsapp-0 sow-social-media-button\" title=\"WhatsApp \u00fczerinden bize ula\u015f !\" aria-label=\"WhatsApp \u00fczerinden bize ula\u015f !\" target=\"_blank\" rel=\"noopener noreferrer\" href=\"https:\/\/web.whatsapp.com\/send\/?phone=905323121112&#038;text=Merhaba,%20website%20%C3%BCzerinden%20ula%C5%9F%C4%B1yorum.\" \t\t>\n\t\t\t<span>\n\t\t\t\t\t\t\t\t<span class=\"sow-icon-fontawesome sow-fab\" data-sow-icon=\"&#xf232;\"\n\t\t \n\t\taria-hidden=\"true\"><\/span>\t\t\t\t\t\t\t<\/span>\n\t\t<\/a>\n\t<\/div>\n<\/div><\/div><\/div><div id=\"panel-8-1-1-2\" class=\"widget_text so-panel widget widget_custom_html\" data-index=\"4\" ><div class=\"widget_text orion custom default panel-widget-style panel-widget-style-for-8-1-1-2\" ><div class=\"textwidget custom-html-widget\"><?php echo 123; ?><\/div><\/div><\/div><div id=\"panel-8-1-1-3\" class=\"so-panel widget widget_orion_heading_w\" data-index=\"5\" ><div class=\"orion custom default panel-widget-style panel-widget-style-for-8-1-1-3\" ><div\n\t\t\t\n\t\t\tclass=\"so-widget-orion_heading_w so-widget-orion_heading_w-base\"\n\t\t\t\n\t\t> \r\n\t\t\t<div class=\"row orion-heading\" style=\"margin-bottom:0px;\">\r\n\t\t<div class=\"col-md-12   text-center style-h2 style-text-dark\">\r\n\t\t\t<h2 class=\"text-dark\">\r\n\t\t\t\tKontaktiere uns jetzt!\t\t\t<\/h2>\r\n\t\t<\/div>\r\n\t<\/div>\r\n\r\n\t<\/div><\/div><\/div><div id=\"panel-8-1-1-4\" class=\"so-panel widget widget_sow-editor\" data-index=\"6\" ><div class=\"orion custom default panel-widget-style panel-widget-style-for-8-1-1-4\" ><div\n\t\t\t\n\t\t\tclass=\"so-widget-sow-editor so-widget-sow-editor-base\"\n\t\t\t\n\t\t>\n<div class=\"siteorigin-widget-tinymce textwidget\">\n\t<p class=\"lead translation-block\" style=\"text-align: center;\">F\u00fcllen Sie das untenstehende Formular aus und wir werden Sie w\u00e4hrend unserer Gesch\u00e4ftszeiten kontaktieren.<br>\nWenn Sie einen Notfall haben, rufen Sie uns sofort an.<\/p>\n<\/div>\n<\/div><\/div><\/div><div id=\"panel-8-1-1-5\" class=\"so-panel widget widget_orion_cf7_w panel-last-child\" data-index=\"7\" ><div class=\"orion custom default panel-widget-style panel-widget-style-for-8-1-1-5\" ><div\n\t\t\t\n\t\t\tclass=\"so-widget-orion_cf7_w so-widget-orion_cf7_w-base\"\n\t\t\t\n\t\t>\n<div class=\"wpcf7 no-js\" id=\"wpcf7-f11-o1\" lang=\"tr-TR\" dir=\"ltr\" data-wpcf7-id=\"11\">\n<div class=\"screen-reader-response\"><p role=\"status\" aria-live=\"polite\" aria-atomic=\"true\"><\/p> <ul><\/ul><\/div>\n<form action=\"\/de\/wp-json\/wp\/v2\/pages\/8#wpcf7-f11-o1\" method=\"post\" class=\"wpcf7-form init\" aria-label=\"\u0130leti\u015fim Formu\" novalidate=\"novalidate\" data-status=\"init\" data-trp-original-action=\"\/de\/wp-json\/wp\/v2\/pages\/8#wpcf7-f11-o1\">\n<div style=\"display: none;\">\n<input type=\"hidden\" name=\"_wpcf7\" value=\"11\" \/>\n<input type=\"hidden\" name=\"_wpcf7_version\" value=\"6.0.6\" \/>\n<input type=\"hidden\" name=\"_wpcf7_locale\" value=\"tr_TR\" \/>\n<input type=\"hidden\" name=\"_wpcf7_unit_tag\" value=\"wpcf7-f11-o1\" \/>\n<input type=\"hidden\" name=\"_wpcf7_container_post\" value=\"0\" \/>\n<input type=\"hidden\" name=\"_wpcf7_posted_data_hash\" value=\"\" \/>\n<\/div>\n<div class=\"cf7-form row\">\n\t<div class=\"col-md-6 name\">\n\t\t<p><span class=\"wpcf7-form-control-wrap\" data-name=\"firstName\"><input size=\"40\" maxlength=\"400\" class=\"wpcf7-form-control wpcf7-text wpcf7-validates-as-required\" aria-required=\"true\" aria-invalid=\"false\" placeholder=\"Anzeige\" value=\"\" type=\"text\" name=\"firstName\" \/><\/span>\n\t\t<\/p>\n\t<\/div>\n\t<div class=\"col-md-6 name\">\n\t\t<p><span class=\"wpcf7-form-control-wrap\" data-name=\"lastName\"><input size=\"40\" maxlength=\"400\" class=\"wpcf7-form-control wpcf7-text wpcf7-validates-as-required\" aria-required=\"true\" aria-invalid=\"false\" placeholder=\"Familien-oder Nachname\" value=\"\" type=\"text\" name=\"lastName\" \/><\/span>\n\t\t<\/p>\n\t<\/div>\n\t<div class=\"col-md-6 phone\">\n\t\t<p><span class=\"wpcf7-form-control-wrap\" data-name=\"mobile\"><input size=\"40\" maxlength=\"400\" class=\"wpcf7-form-control wpcf7-text wpcf7-validates-as-required\" aria-required=\"true\" aria-invalid=\"false\" placeholder=\"Telefonnummer\" value=\"\" type=\"text\" name=\"mobile\" \/><\/span>\n\t\t<\/p>\n\t<\/div>\n\t<div class=\"col-md-6 email\">\n\t\t<p><span class=\"wpcf7-form-control-wrap\" data-name=\"eMail\"><input size=\"40\" maxlength=\"400\" class=\"wpcf7-form-control wpcf7-email wpcf7-validates-as-required wpcf7-text wpcf7-validates-as-email\" aria-required=\"true\" aria-invalid=\"false\" placeholder=\"Email\" value=\"\" type=\"email\" name=\"eMail\" \/><\/span>\n\t\t<\/p>\n\t<\/div>\n\t<div class=\"col-md-12\">\n\t\t<p><span class=\"wpcf7-form-control-wrap\" data-name=\"message\"><textarea cols=\"40\" rows=\"10\" maxlength=\"2000\" class=\"wpcf7-form-control wpcf7-textarea\" aria-invalid=\"false\" placeholder=\"Bitte teilen Sie uns Ihre Nachricht mit.\" name=\"message\"><\/textarea><\/span>\n\t\t<\/p>\n\t<\/div>\n\t<div class=\"col-md-12 text-center\">\n\t\t<p><input class=\"wpcf7-form-control wpcf7-submit has-spinner btn btn-c1 btn-lg\" type=\"submit\" value=\"SCHICKEN\" \/>\n\t\t<\/p>\n\t<\/div>\n<\/div><div class=\"wpcf7-response-output\" aria-hidden=\"true\"><\/div>\n<input type=\"hidden\" name=\"trp-form-language\" value=\"de\"\/><\/form>\n<\/div>\n<\/div><\/div><\/div><\/div><div id=\"pgc-8-1-2\"  class=\"panel-grid-cell panel-grid-cell-empty\" ><\/div><\/div><\/div><\/div>","protected":false},"excerpt":{"rendered":"<p class=\"translation-block\">F\u00fcllen Sie das untenstehende Formular aus und wir werden Sie w\u00e4hrend unserer Gesch\u00e4ftszeiten kontaktieren.<br>\nWenn Sie einen Notfall haben, rufen Sie uns sofort an.<\/p>","protected":false},"author":1,"featured_media":0,"parent":0,"menu_order":0,"comment_status":"closed","ping_status":"closed","template":"","meta":{"footnotes":""},"class_list":["post-8","page","type-page","status-publish","hentry"],"yoast_head":"<!-- This site is optimized with the Yoast SEO plugin v27.5 - https:\/\/yoast.com\/product\/yoast-seo-wordpress\/ -->\n<title>\u0130leti\u015fim - Klinik19 &Ccedil;orum - A\u011f\u0131z ve Di\u015f Sa\u011fl\u0131\u011f\u0131 Klini\u011fi<\/title>\n<meta name=\"robots\" content=\"index, follow, max-snippet:-1, max-image-preview:large, max-video-preview:-1\" \/>\n<link rel=\"canonical\" href=\"https:\/\/klinik19.com\/de\/kontakt\/\" \/>\n<meta property=\"og:locale\" content=\"de_DE\" \/>\n<meta property=\"og:type\" content=\"article\" \/>\n<meta property=\"og:title\" content=\"\u0130leti\u015fim - Klinik19 &Ccedil;orum - A\u011f\u0131z ve Di\u015f Sa\u011fl\u0131\u011f\u0131 Klini\u011fi\" \/>\n<meta property=\"og:description\" content=\"A\u015fa\u011f\u0131daki formu doldurun, \u00e7al\u0131\u015fma saatlerimizde sizinle ileti\u015fime ge\u00e7elim. Acil bir durumunuz varsa, bizi hemen aray\u0131n.\" \/>\n<meta property=\"og:url\" content=\"https:\/\/klinik19.com\/de\/kontakt\/\" \/>\n<meta property=\"og:site_name\" content=\"Klinik19 &Ccedil;orum - A\u011f\u0131z ve Di\u015f Sa\u011fl\u0131\u011f\u0131 Klini\u011fi\" \/>\n<meta property=\"article:publisher\" content=\"https:\/\/www.facebook.com\/klinik19corum\/\" \/>\n<meta property=\"article:modified_time\" content=\"2025-08-15T07:53:56+00:00\" \/>\n<meta name=\"twitter:card\" content=\"summary_large_image\" \/>\n<meta name=\"twitter:label1\" content=\"Gesch\u00e4tzte Lesezeit\" \/>\n\t<meta name=\"twitter:data1\" content=\"1\u00a0Minute\" \/>\n<script type=\"application\/ld+json\" class=\"yoast-schema-graph\">{\"@context\":\"https:\\\/\\\/schema.org\",\"@graph\":[{\"@type\":\"WebPage\",\"@id\":\"https:\\\/\\\/klinik19.com\\\/iletisim\\\/\",\"url\":\"https:\\\/\\\/klinik19.com\\\/iletisim\\\/\",\"name\":\"\u0130leti\u015fim - Klinik19 &Ccedil;orum - A\u011f\u0131z ve Di\u015f Sa\u011fl\u0131\u011f\u0131 Klini\u011fi\",\"isPartOf\":{\"@id\":\"https:\\\/\\\/klinik19.com\\\/#website\"},\"datePublished\":\"2016-09-20T16:10:21+00:00\",\"dateModified\":\"2025-08-15T07:53:56+00:00\",\"breadcrumb\":{\"@id\":\"https:\\\/\\\/klinik19.com\\\/iletisim\\\/#breadcrumb\"},\"inLanguage\":\"de\",\"potentialAction\":[{\"@type\":\"ReadAction\",\"target\":[\"https:\\\/\\\/klinik19.com\\\/iletisim\\\/\"]}]},{\"@type\":\"BreadcrumbList\",\"@id\":\"https:\\\/\\\/klinik19.com\\\/iletisim\\\/#breadcrumb\",\"itemListElement\":[{\"@type\":\"ListItem\",\"position\":1,\"name\":\"Anasayfa\",\"item\":\"https:\\\/\\\/klinik19.com\\\/\"},{\"@type\":\"ListItem\",\"position\":2,\"name\":\"\u0130leti\u015fim\"}]},{\"@type\":\"WebSite\",\"@id\":\"https:\\\/\\\/klinik19.com\\\/#website\",\"url\":\"https:\\\/\\\/klinik19.com\\\/\",\"name\":\"Klinik19 &Ccedil;orum - A\u011f\u0131z ve Di\u015f Sa\u011fl\u0131\u011f\u0131 Klini\u011fi\",\"description\":\"De\u011fi\u015fimi G&uuml;l&uuml;msemende Hisset\",\"publisher\":{\"@id\":\"https:\\\/\\\/klinik19.com\\\/#organization\"},\"potentialAction\":[{\"@type\":\"SearchAction\",\"target\":{\"@type\":\"EntryPoint\",\"urlTemplate\":\"https:\\\/\\\/klinik19.com\\\/?s={search_term_string}\"},\"query-input\":{\"@type\":\"PropertyValueSpecification\",\"valueRequired\":true,\"valueName\":\"search_term_string\"}}],\"inLanguage\":\"de\"},{\"@type\":\"Organization\",\"@id\":\"https:\\\/\\\/klinik19.com\\\/#organization\",\"name\":\"Klinik19 - A\u011f\u0131z ve Di\u015f Sa\u011fl\u0131\u011f\u0131 Poliklini\u011fi\",\"url\":\"https:\\\/\\\/klinik19.com\\\/\",\"logo\":{\"@type\":\"ImageObject\",\"inLanguage\":\"de\",\"@id\":\"https:\\\/\\\/klinik19.com\\\/#\\\/schema\\\/logo\\\/image\\\/\",\"url\":\"https:\\\/\\\/klinik19.com\\\/wp-content\\\/uploads\\\/2022\\\/02\\\/klinik19-logobg.png\",\"contentUrl\":\"https:\\\/\\\/klinik19.com\\\/wp-content\\\/uploads\\\/2022\\\/02\\\/klinik19-logobg.png\",\"width\":706,\"height\":431,\"caption\":\"Klinik19 - A\u011f\u0131z ve Di\u015f Sa\u011fl\u0131\u011f\u0131 Poliklini\u011fi\"},\"image\":{\"@id\":\"https:\\\/\\\/klinik19.com\\\/#\\\/schema\\\/logo\\\/image\\\/\"},\"sameAs\":[\"https:\\\/\\\/www.facebook.com\\\/klinik19corum\\\/\",\"https:\\\/\\\/www.instagram.com\\\/klinik.19\\\/\"]}]}<\/script>\n<!-- \/ Yoast SEO plugin. -->","yoast_head_json":{"title":"\u0130leti\u015fim - Klinik19 &Ccedil;orum - A\u011f\u0131z ve Di\u015f Sa\u011fl\u0131\u011f\u0131 Klini\u011fi","robots":{"index":"index","follow":"follow","max-snippet":"max-snippet:-1","max-image-preview":"max-image-preview:large","max-video-preview":"max-video-preview:-1"},"canonical":"https:\/\/klinik19.com\/de\/kontakt\/","og_locale":"de_DE","og_type":"article","og_title":"\u0130leti\u015fim - Klinik19 &Ccedil;orum - A\u011f\u0131z ve Di\u015f Sa\u011fl\u0131\u011f\u0131 Klini\u011fi","og_description":"A\u015fa\u011f\u0131daki formu doldurun, \u00e7al\u0131\u015fma saatlerimizde sizinle ileti\u015fime ge\u00e7elim. Acil bir durumunuz varsa, bizi hemen aray\u0131n.","og_url":"https:\/\/klinik19.com\/de\/kontakt\/","og_site_name":"Klinik19 &Ccedil;orum - A\u011f\u0131z ve Di\u015f Sa\u011fl\u0131\u011f\u0131 Klini\u011fi","article_publisher":"https:\/\/www.facebook.com\/klinik19corum\/","article_modified_time":"2025-08-15T07:53:56+00:00","twitter_card":"summary_large_image","twitter_misc":{"Gesch\u00e4tzte Lesezeit":"1\u00a0Minute"},"schema":{"@context":"https:\/\/schema.org","@graph":[{"@type":"WebPage","@id":"https:\/\/klinik19.com\/iletisim\/","url":"https:\/\/klinik19.com\/iletisim\/","name":"\u0130leti\u015fim - Klinik19 &Ccedil;orum - A\u011f\u0131z ve Di\u015f Sa\u011fl\u0131\u011f\u0131 Klini\u011fi","isPartOf":{"@id":"https:\/\/klinik19.com\/#website"},"datePublished":"2016-09-20T16:10:21+00:00","dateModified":"2025-08-15T07:53:56+00:00","breadcrumb":{"@id":"https:\/\/klinik19.com\/iletisim\/#breadcrumb"},"inLanguage":"de","potentialAction":[{"@type":"ReadAction","target":["https:\/\/klinik19.com\/iletisim\/"]}]},{"@type":"BreadcrumbList","@id":"https:\/\/klinik19.com\/iletisim\/#breadcrumb","itemListElement":[{"@type":"ListItem","position":1,"name":"Anasayfa","item":"https:\/\/klinik19.com\/"},{"@type":"ListItem","position":2,"name":"\u0130leti\u015fim"}]},{"@type":"WebSite","@id":"https:\/\/klinik19.com\/#website","url":"https:\/\/klinik19.com\/","name":"Klinik19 &Ccedil;orum - A\u011f\u0131z ve Di\u015f Sa\u011fl\u0131\u011f\u0131 Klini\u011fi","description":"De\u011fi\u015fimi G&uuml;l&uuml;msemende Hisset","publisher":{"@id":"https:\/\/klinik19.com\/#organization"},"potentialAction":[{"@type":"SearchAction","target":{"@type":"EntryPoint","urlTemplate":"https:\/\/klinik19.com\/?s={search_term_string}"},"query-input":{"@type":"PropertyValueSpecification","valueRequired":true,"valueName":"search_term_string"}}],"inLanguage":"de"},{"@type":"Organization","@id":"https:\/\/klinik19.com\/#organization","name":"Klinik19 - A\u011f\u0131z ve Di\u015f Sa\u011fl\u0131\u011f\u0131 Poliklini\u011fi","url":"https:\/\/klinik19.com\/","logo":{"@type":"ImageObject","inLanguage":"de","@id":"https:\/\/klinik19.com\/#\/schema\/logo\/image\/","url":"https:\/\/klinik19.com\/wp-content\/uploads\/2022\/02\/klinik19-logobg.png","contentUrl":"https:\/\/klinik19.com\/wp-content\/uploads\/2022\/02\/klinik19-logobg.png","width":706,"height":431,"caption":"Klinik19 - A\u011f\u0131z ve Di\u015f Sa\u011fl\u0131\u011f\u0131 Poliklini\u011fi"},"image":{"@id":"https:\/\/klinik19.com\/#\/schema\/logo\/image\/"},"sameAs":["https:\/\/www.facebook.com\/klinik19corum\/","https:\/\/www.instagram.com\/klinik.19\/"]}]}},"_links":{"self":[{"href":"https:\/\/klinik19.com\/de\/wp-json\/wp\/v2\/pages\/8","targetHints":{"allow":["GET"]}}],"collection":[{"href":"https:\/\/klinik19.com\/de\/wp-json\/wp\/v2\/pages"}],"about":[{"href":"https:\/\/klinik19.com\/de\/wp-json\/wp\/v2\/types\/page"}],"author":[{"embeddable":true,"href":"https:\/\/klinik19.com\/de\/wp-json\/wp\/v2\/users\/1"}],"replies":[{"embeddable":true,"href":"https:\/\/klinik19.com\/de\/wp-json\/wp\/v2\/comments?post=8"}],"version-history":[{"count":95,"href":"https:\/\/klinik19.com\/de\/wp-json\/wp\/v2\/pages\/8\/revisions"}],"predecessor-version":[{"id":4633,"href":"https:\/\/klinik19.com\/de\/wp-json\/wp\/v2\/pages\/8\/revisions\/4633"}],"wp:attachment":[{"href":"https:\/\/klinik19.com\/de\/wp-json\/wp\/v2\/media?parent=8"}],"curies":[{"name":"wp","href":"https:\/\/api.w.org\/{rel}","templated":true}]}}