{"id":3155,"date":"2022-01-30T11:07:43","date_gmt":"2022-01-30T08:07:43","guid":{"rendered":"https:\/\/klinik19.com\/?page_id=3155"},"modified":"2022-02-17T00:03:40","modified_gmt":"2022-02-16T21:03:40","slug":"agiz-hastaliklari-ve-cene-cerrahisi","status":"publish","type":"page","link":"https:\/\/klinik19.com\/en\/oral-diseases-and-maxillofacial-surgery\/","title":{"rendered":"Oral Diseases and Maxillofacial Surgery"},"content":{"rendered":"<div id=\"pl-3155\"  class=\"panel-layout\" ><div id=\"pg-3155-0\"  class=\"panel-grid panel-has-style\" ><div class=\"divider-no-animation tablet-default mobile-default desktop-default custom panel-row-style panel-row-style-for-3155-0\" ><div id=\"pgc-3155-0-0\"  class=\"panel-grid-cell\" ><div id=\"panel-3155-0-0-0\" class=\"so-panel widget widget_sow-editor panel-first-child panel-last-child\" data-index=\"0\" ><div class=\"orion custom default panel-widget-style panel-widget-style-for-3155-0-0-0\" ><div\n\t\t\t\n\t\t\tclass=\"so-widget-sow-editor so-widget-sow-editor-base\"\n\t\t\t\n\t\t>\n<div class=\"siteorigin-widget-tinymce textwidget\">\n\t<p>It is a department that performs the diagnosis and surgical treatment of all kinds of diseases related to soft tissue (cheek, palate, tongue, lips) and hard tissues (teeth, bones) in the oral cavity by performing operations in the operating room under local anesthesia, general anesthesia or sedation anesthesia.<\/p>\n<h3>Complicated and impacted tooth extractions<\/h3>\n<ul>\n<li>Root tip resection<\/li>\n<li>Cyst operations<\/li>\n<li>Jaw fractures and traumas<\/li>\n<li>Jaw tumors<\/li>\n<li>Jaw joint diseases<\/li>\n<li>Implant surgery<\/li>\n<li>Oral aesthetic surgeries<\/li>\n<li>All operations performed routinely in oral, dental and maxillofacial surgery (impacted dental surgeries, resection and cyst surgeries, preprosthetic and periodontal surgery, etc.)<\/li>\n<\/ul>\n<\/div>\n<\/div><\/div><\/div><\/div><div id=\"pgc-3155-0-1\"  class=\"panel-grid-cell\" ><div id=\"panel-3155-0-1-0\" class=\"so-panel widget widget_orion_image_w panel-first-child panel-last-child\" data-index=\"1\" ><div class=\"orion custom default panel-widget-style panel-widget-style-for-3155-0-1-0\" ><div\n\t\t\t\n\t\t\tclass=\"so-widget-orion_image_w so-widget-orion_image_w-base\"\n\t\t\t\n\t\t>\r\n<div class=\"image-w relative\">\r\n\r\n\t\t\t\t\t\t\t<div class=\"orion_carousel overlay-none overlay-hover-none\">\r\n\t\t\r\n\t\t\t\t\t<img loading=\"lazy\" decoding=\"async\" width=\"637\" height=\"390\" src=\"https:\/\/klinik19.com\/wp-content\/uploads\/2022\/01\/c\u0327ene-cerrahisi.png\" class=\"attachment-orion_carousel size-orion_carousel\" alt=\"a\u011f\u0131z hastal\u0131klar\u0131 ve c\u0327ene cerrahisi\" \/>\t\t\t<div class=\"overlay\"><\/div>\r\n\t\t\r\n\t\t\t\t\t<\/div>\r\n\t\t\t\r\n\t\r\n\t<div class=\"absolute\">\r\n\t\t<div class=\"hover-desc table-wrap\">\r\n\t\t\t<div class=\"cell-wrap\">\r\n\t\t\t\t<h4 class=\"text-light\"><\/h4>\r\n\t\t\t<\/div>\r\n\t\t<\/div>\r\n\t<\/div>\t\t\t\t\t\r\n<\/div>\r\n\r\n<\/div><\/div><\/div><\/div><\/div><\/div><\/div>","protected":false},"excerpt":{"rendered":"<p>A\u011f\u0131z bo\u015flu\u011fu i\u00e7erisinde yer alan yumu\u015fak doku (yanak, damak, dil, dudak gibi) ve sert dokular\u0131 (di\u015fler, kemikler) ilgilendiren her t\u00fcrl\u00fc rahats\u0131zl\u0131\u011f\u0131n te\u015fhisini ve cerrahi tedavisini lokal anestezi, genel anestezi veya sedasyon anestezisi alt\u0131nda ameliyathane ortam\u0131nda operasyonlar yaparak ger\u00e7ekle\u015ftiren bir b\u00f6l\u00fcmd\u00fcr. Komplikasyonlu ve g\u00f6m\u00fck di\u015f \u00e7ekimleri K\u00f6k ucu rezeksiyonu Kist operasyonlar\u0131 \u00c7ene k\u0131r\u0131klar\u0131 ve travmalar \u00c7ene<\/p>","protected":false},"author":1,"featured_media":3156,"parent":0,"menu_order":0,"comment_status":"closed","ping_status":"closed","template":"","meta":{"footnotes":""},"class_list":["post-3155","page","type-page","status-publish","has-post-thumbnail","hentry"],"yoast_head":"<!-- This site is optimized with the Yoast SEO plugin v27.5 - https:\/\/yoast.com\/product\/yoast-seo-wordpress\/ -->\n<title>A\u011f\u0131z Hastal\u0131klar\u0131 ve \u00c7ene Cerrahisi - Klinik19 &Ccedil;orum - A\u011f\u0131z ve Di\u015f Sa\u011fl\u0131\u011f\u0131 Klini\u011fi<\/title>\n<meta name=\"robots\" content=\"index, follow, max-snippet:-1, max-image-preview:large, max-video-preview:-1\" \/>\n<link rel=\"canonical\" href=\"https:\/\/klinik19.com\/en\/oral-diseases-and-maxillofacial-surgery\/\" \/>\n<meta property=\"og:locale\" content=\"en_US\" \/>\n<meta property=\"og:type\" content=\"article\" \/>\n<meta property=\"og:title\" content=\"A\u011f\u0131z Hastal\u0131klar\u0131 ve \u00c7ene Cerrahisi - Klinik19 &Ccedil;orum - A\u011f\u0131z ve Di\u015f Sa\u011fl\u0131\u011f\u0131 Klini\u011fi\" \/>\n<meta property=\"og:description\" content=\"A\u011f\u0131z bo\u015flu\u011fu i\u00e7erisinde yer alan yumu\u015fak doku (yanak, damak, dil, dudak gibi) ve sert dokular\u0131 (di\u015fler, kemikler) ilgilendiren her t\u00fcrl\u00fc rahats\u0131zl\u0131\u011f\u0131n te\u015fhisini ve cerrahi tedavisini lokal anestezi, genel anestezi veya sedasyon anestezisi alt\u0131nda ameliyathane ortam\u0131nda operasyonlar yaparak ger\u00e7ekle\u015ftiren bir b\u00f6l\u00fcmd\u00fcr. Komplikasyonlu ve g\u00f6m\u00fck di\u015f \u00e7ekimleri K\u00f6k ucu rezeksiyonu Kist operasyonlar\u0131 \u00c7ene k\u0131r\u0131klar\u0131 ve travmalar \u00c7ene\" \/>\n<meta property=\"og:url\" content=\"https:\/\/klinik19.com\/en\/oral-diseases-and-maxillofacial-surgery\/\" \/>\n<meta property=\"og:site_name\" content=\"Klinik19 &Ccedil;orum - A\u011f\u0131z ve Di\u015f Sa\u011fl\u0131\u011f\u0131 Klini\u011fi\" \/>\n<meta property=\"article:publisher\" content=\"https:\/\/www.facebook.com\/klinik19corum\/\" \/>\n<meta property=\"article:modified_time\" content=\"2022-02-16T21:03:40+00:00\" \/>\n<meta property=\"og:image\" content=\"https:\/\/klinik19.com\/wp-content\/uploads\/2022\/01\/c\u0327ene-cerrahisi.png\" \/>\n\t<meta property=\"og:image:width\" content=\"637\" \/>\n\t<meta property=\"og:image:height\" content=\"390\" \/>\n\t<meta property=\"og:image:type\" content=\"image\/png\" \/>\n<meta name=\"twitter:card\" content=\"summary_large_image\" \/>\n<meta name=\"twitter:label1\" content=\"Est. reading time\" \/>\n\t<meta name=\"twitter:data1\" content=\"1 minute\" \/>\n<script type=\"application\/ld+json\" class=\"yoast-schema-graph\">{\"@context\":\"https:\\\/\\\/schema.org\",\"@graph\":[{\"@type\":\"WebPage\",\"@id\":\"https:\\\/\\\/klinik19.com\\\/agiz-hastaliklari-ve-cene-cerrahisi\\\/\",\"url\":\"https:\\\/\\\/klinik19.com\\\/agiz-hastaliklari-ve-cene-cerrahisi\\\/\",\"name\":\"A\u011f\u0131z Hastal\u0131klar\u0131 ve \u00c7ene Cerrahisi - Klinik19 &Ccedil;orum - A\u011f\u0131z ve Di\u015f Sa\u011fl\u0131\u011f\u0131 Klini\u011fi\",\"isPartOf\":{\"@id\":\"https:\\\/\\\/klinik19.com\\\/#website\"},\"primaryImageOfPage\":{\"@id\":\"https:\\\/\\\/klinik19.com\\\/agiz-hastaliklari-ve-cene-cerrahisi\\\/#primaryimage\"},\"image\":{\"@id\":\"https:\\\/\\\/klinik19.com\\\/agiz-hastaliklari-ve-cene-cerrahisi\\\/#primaryimage\"},\"thumbnailUrl\":\"https:\\\/\\\/klinik19.com\\\/wp-content\\\/uploads\\\/2022\\\/01\\\/c\u0327ene-cerrahisi.png\",\"datePublished\":\"2022-01-30T08:07:43+00:00\",\"dateModified\":\"2022-02-16T21:03:40+00:00\",\"breadcrumb\":{\"@id\":\"https:\\\/\\\/klinik19.com\\\/agiz-hastaliklari-ve-cene-cerrahisi\\\/#breadcrumb\"},\"inLanguage\":\"en-US\",\"potentialAction\":[{\"@type\":\"ReadAction\",\"target\":[\"https:\\\/\\\/klinik19.com\\\/agiz-hastaliklari-ve-cene-cerrahisi\\\/\"]}]},{\"@type\":\"ImageObject\",\"inLanguage\":\"en-US\",\"@id\":\"https:\\\/\\\/klinik19.com\\\/agiz-hastaliklari-ve-cene-cerrahisi\\\/#primaryimage\",\"url\":\"https:\\\/\\\/klinik19.com\\\/wp-content\\\/uploads\\\/2022\\\/01\\\/c\u0327ene-cerrahisi.png\",\"contentUrl\":\"https:\\\/\\\/klinik19.com\\\/wp-content\\\/uploads\\\/2022\\\/01\\\/c\u0327ene-cerrahisi.png\",\"width\":637,\"height\":390,\"caption\":\"a\u011f\u0131z hastal\u0131klar\u0131 ve c\u0327ene cerrahisi\"},{\"@type\":\"BreadcrumbList\",\"@id\":\"https:\\\/\\\/klinik19.com\\\/agiz-hastaliklari-ve-cene-cerrahisi\\\/#breadcrumb\",\"itemListElement\":[{\"@type\":\"ListItem\",\"position\":1,\"name\":\"Anasayfa\",\"item\":\"https:\\\/\\\/klinik19.com\\\/\"},{\"@type\":\"ListItem\",\"position\":2,\"name\":\"A\u011f\u0131z Hastal\u0131klar\u0131 ve \u00c7ene Cerrahisi\"}]},{\"@type\":\"WebSite\",\"@id\":\"https:\\\/\\\/klinik19.com\\\/#website\",\"url\":\"https:\\\/\\\/klinik19.com\\\/\",\"name\":\"Klinik19 &Ccedil;orum - A\u011f\u0131z ve Di\u015f Sa\u011fl\u0131\u011f\u0131 Klini\u011fi\",\"description\":\"De\u011fi\u015fimi G&uuml;l&uuml;msemende Hisset\",\"publisher\":{\"@id\":\"https:\\\/\\\/klinik19.com\\\/#organization\"},\"potentialAction\":[{\"@type\":\"SearchAction\",\"target\":{\"@type\":\"EntryPoint\",\"urlTemplate\":\"https:\\\/\\\/klinik19.com\\\/?s={search_term_string}\"},\"query-input\":{\"@type\":\"PropertyValueSpecification\",\"valueRequired\":true,\"valueName\":\"search_term_string\"}}],\"inLanguage\":\"en-US\"},{\"@type\":\"Organization\",\"@id\":\"https:\\\/\\\/klinik19.com\\\/#organization\",\"name\":\"Klinik19 - A\u011f\u0131z ve Di\u015f Sa\u011fl\u0131\u011f\u0131 Poliklini\u011fi\",\"url\":\"https:\\\/\\\/klinik19.com\\\/\",\"logo\":{\"@type\":\"ImageObject\",\"inLanguage\":\"en-US\",\"@id\":\"https:\\\/\\\/klinik19.com\\\/#\\\/schema\\\/logo\\\/image\\\/\",\"url\":\"https:\\\/\\\/klinik19.com\\\/wp-content\\\/uploads\\\/2022\\\/02\\\/klinik19-logobg.png\",\"contentUrl\":\"https:\\\/\\\/klinik19.com\\\/wp-content\\\/uploads\\\/2022\\\/02\\\/klinik19-logobg.png\",\"width\":706,\"height\":431,\"caption\":\"Klinik19 - A\u011f\u0131z ve Di\u015f Sa\u011fl\u0131\u011f\u0131 Poliklini\u011fi\"},\"image\":{\"@id\":\"https:\\\/\\\/klinik19.com\\\/#\\\/schema\\\/logo\\\/image\\\/\"},\"sameAs\":[\"https:\\\/\\\/www.facebook.com\\\/klinik19corum\\\/\",\"https:\\\/\\\/www.instagram.com\\\/klinik.19\\\/\"]}]}<\/script>\n<!-- \/ Yoast SEO plugin. -->","yoast_head_json":{"title":"A\u011f\u0131z Hastal\u0131klar\u0131 ve \u00c7ene Cerrahisi - Klinik19 &Ccedil;orum - A\u011f\u0131z ve Di\u015f Sa\u011fl\u0131\u011f\u0131 Klini\u011fi","robots":{"index":"index","follow":"follow","max-snippet":"max-snippet:-1","max-image-preview":"max-image-preview:large","max-video-preview":"max-video-preview:-1"},"canonical":"https:\/\/klinik19.com\/en\/oral-diseases-and-maxillofacial-surgery\/","og_locale":"en_US","og_type":"article","og_title":"A\u011f\u0131z Hastal\u0131klar\u0131 ve \u00c7ene Cerrahisi - Klinik19 &Ccedil;orum - A\u011f\u0131z ve Di\u015f Sa\u011fl\u0131\u011f\u0131 Klini\u011fi","og_description":"A\u011f\u0131z bo\u015flu\u011fu i\u00e7erisinde yer alan yumu\u015fak doku (yanak, damak, dil, dudak gibi) ve sert dokular\u0131 (di\u015fler, kemikler) ilgilendiren her t\u00fcrl\u00fc rahats\u0131zl\u0131\u011f\u0131n te\u015fhisini ve cerrahi tedavisini lokal anestezi, genel anestezi veya sedasyon anestezisi alt\u0131nda ameliyathane ortam\u0131nda operasyonlar yaparak ger\u00e7ekle\u015ftiren bir b\u00f6l\u00fcmd\u00fcr. Komplikasyonlu ve g\u00f6m\u00fck di\u015f \u00e7ekimleri K\u00f6k ucu rezeksiyonu Kist operasyonlar\u0131 \u00c7ene k\u0131r\u0131klar\u0131 ve travmalar \u00c7ene","og_url":"https:\/\/klinik19.com\/en\/oral-diseases-and-maxillofacial-surgery\/","og_site_name":"Klinik19 &Ccedil;orum - A\u011f\u0131z ve Di\u015f Sa\u011fl\u0131\u011f\u0131 Klini\u011fi","article_publisher":"https:\/\/www.facebook.com\/klinik19corum\/","article_modified_time":"2022-02-16T21:03:40+00:00","og_image":[{"width":637,"height":390,"url":"https:\/\/klinik19.com\/wp-content\/uploads\/2022\/01\/c\u0327ene-cerrahisi.png","type":"image\/png"}],"twitter_card":"summary_large_image","twitter_misc":{"Est. reading time":"1 minute"},"schema":{"@context":"https:\/\/schema.org","@graph":[{"@type":"WebPage","@id":"https:\/\/klinik19.com\/agiz-hastaliklari-ve-cene-cerrahisi\/","url":"https:\/\/klinik19.com\/agiz-hastaliklari-ve-cene-cerrahisi\/","name":"A\u011f\u0131z Hastal\u0131klar\u0131 ve \u00c7ene Cerrahisi - Klinik19 &Ccedil;orum - A\u011f\u0131z ve Di\u015f Sa\u011fl\u0131\u011f\u0131 Klini\u011fi","isPartOf":{"@id":"https:\/\/klinik19.com\/#website"},"primaryImageOfPage":{"@id":"https:\/\/klinik19.com\/agiz-hastaliklari-ve-cene-cerrahisi\/#primaryimage"},"image":{"@id":"https:\/\/klinik19.com\/agiz-hastaliklari-ve-cene-cerrahisi\/#primaryimage"},"thumbnailUrl":"https:\/\/klinik19.com\/wp-content\/uploads\/2022\/01\/c\u0327ene-cerrahisi.png","datePublished":"2022-01-30T08:07:43+00:00","dateModified":"2022-02-16T21:03:40+00:00","breadcrumb":{"@id":"https:\/\/klinik19.com\/agiz-hastaliklari-ve-cene-cerrahisi\/#breadcrumb"},"inLanguage":"en-US","potentialAction":[{"@type":"ReadAction","target":["https:\/\/klinik19.com\/agiz-hastaliklari-ve-cene-cerrahisi\/"]}]},{"@type":"ImageObject","inLanguage":"en-US","@id":"https:\/\/klinik19.com\/agiz-hastaliklari-ve-cene-cerrahisi\/#primaryimage","url":"https:\/\/klinik19.com\/wp-content\/uploads\/2022\/01\/c\u0327ene-cerrahisi.png","contentUrl":"https:\/\/klinik19.com\/wp-content\/uploads\/2022\/01\/c\u0327ene-cerrahisi.png","width":637,"height":390,"caption":"a\u011f\u0131z hastal\u0131klar\u0131 ve c\u0327ene cerrahisi"},{"@type":"BreadcrumbList","@id":"https:\/\/klinik19.com\/agiz-hastaliklari-ve-cene-cerrahisi\/#breadcrumb","itemListElement":[{"@type":"ListItem","position":1,"name":"Anasayfa","item":"https:\/\/klinik19.com\/"},{"@type":"ListItem","position":2,"name":"A\u011f\u0131z Hastal\u0131klar\u0131 ve \u00c7ene Cerrahisi"}]},{"@type":"WebSite","@id":"https:\/\/klinik19.com\/#website","url":"https:\/\/klinik19.com\/","name":"Klinik19 &Ccedil;orum - A\u011f\u0131z ve Di\u015f Sa\u011fl\u0131\u011f\u0131 Klini\u011fi","description":"De\u011fi\u015fimi G&uuml;l&uuml;msemende Hisset","publisher":{"@id":"https:\/\/klinik19.com\/#organization"},"potentialAction":[{"@type":"SearchAction","target":{"@type":"EntryPoint","urlTemplate":"https:\/\/klinik19.com\/?s={search_term_string}"},"query-input":{"@type":"PropertyValueSpecification","valueRequired":true,"valueName":"search_term_string"}}],"inLanguage":"en-US"},{"@type":"Organization","@id":"https:\/\/klinik19.com\/#organization","name":"Klinik19 - A\u011f\u0131z ve Di\u015f Sa\u011fl\u0131\u011f\u0131 Poliklini\u011fi","url":"https:\/\/klinik19.com\/","logo":{"@type":"ImageObject","inLanguage":"en-US","@id":"https:\/\/klinik19.com\/#\/schema\/logo\/image\/","url":"https:\/\/klinik19.com\/wp-content\/uploads\/2022\/02\/klinik19-logobg.png","contentUrl":"https:\/\/klinik19.com\/wp-content\/uploads\/2022\/02\/klinik19-logobg.png","width":706,"height":431,"caption":"Klinik19 - A\u011f\u0131z ve Di\u015f Sa\u011fl\u0131\u011f\u0131 Poliklini\u011fi"},"image":{"@id":"https:\/\/klinik19.com\/#\/schema\/logo\/image\/"},"sameAs":["https:\/\/www.facebook.com\/klinik19corum\/","https:\/\/www.instagram.com\/klinik.19\/"]}]}},"_links":{"self":[{"href":"https:\/\/klinik19.com\/en\/wp-json\/wp\/v2\/pages\/3155","targetHints":{"allow":["GET"]}}],"collection":[{"href":"https:\/\/klinik19.com\/en\/wp-json\/wp\/v2\/pages"}],"about":[{"href":"https:\/\/klinik19.com\/en\/wp-json\/wp\/v2\/types\/page"}],"author":[{"embeddable":true,"href":"https:\/\/klinik19.com\/en\/wp-json\/wp\/v2\/users\/1"}],"replies":[{"embeddable":true,"href":"https:\/\/klinik19.com\/en\/wp-json\/wp\/v2\/comments?post=3155"}],"version-history":[{"count":4,"href":"https:\/\/klinik19.com\/en\/wp-json\/wp\/v2\/pages\/3155\/revisions"}],"predecessor-version":[{"id":3436,"href":"https:\/\/klinik19.com\/en\/wp-json\/wp\/v2\/pages\/3155\/revisions\/3436"}],"wp:featuredmedia":[{"embeddable":true,"href":"https:\/\/klinik19.com\/en\/wp-json\/wp\/v2\/media\/3156"}],"wp:attachment":[{"href":"https:\/\/klinik19.com\/en\/wp-json\/wp\/v2\/media?parent=3155"}],"curies":[{"name":"wp","href":"https:\/\/api.w.org\/{rel}","templated":true}]}}