{"id":3559,"date":"2022-02-23T00:56:27","date_gmt":"2022-02-22T21:56:27","guid":{"rendered":"https:\/\/klinik19.com\/?page_id=3559"},"modified":"2022-02-23T01:01:27","modified_gmt":"2022-02-22T22:01:27","slug":"osmancik-dis-klinigi","status":"publish","type":"page","link":"https:\/\/klinik19.com\/en\/osmancik-dental-clinic\/","title":{"rendered":"Osmancik Dental Clinic"},"content":{"rendered":"<div id=\"pl-3559\"  class=\"panel-layout\" ><div id=\"pg-3559-0\"  class=\"panel-grid panel-has-style\" ><div class=\"divider-no-animation panel-row-style panel-row-style-for-3559-0\" ><div id=\"pgc-3559-0-0\"  class=\"panel-grid-cell\" ><div id=\"panel-3559-0-0-0\" class=\"so-panel widget widget_sow-editor panel-first-child\" data-index=\"0\" ><div class=\"orion custom default panel-widget-style panel-widget-style-for-3559-0-0-0\" ><div\n\t\t\t\n\t\t\tclass=\"so-widget-sow-editor so-widget-sow-editor-base\"\n\t\t\t\n\t\t>\n<div class=\"siteorigin-widget-tinymce textwidget\">\n\t<div class=\"vc_empty_space\">\n<p>\u00c7orum \/ Osmanc\u0131k got the dental clinic it deserves!<\/p>\n<p>Clinic 19 works towards patient satisfaction, which is its greatest goal, with its dynamic and educated staff, who closely follow the developments in the field of dental and dental health for the patients coming from Osmanc\u0131k. Located in \u00c7orum, Klinik 19 also serves Osmanc\u0131k. Our dental clinic is a Class A Oral and Dental Health Polyclinic. You can contact us for a healthy smile in life.<\/p>\n<p>Clinic 19 offers many treatment opportunities for Osmanc\u0131k, from smile design to aesthetic dentistry, from implant treatment to prosthetic treatment.<\/p>\n<\/div>\n<div class=\"wpb_text_column wpb_content_element\">\n<div class=\"wpb_wrapper\">\n<h2><strong>Services Provided by Klinik19 Osmanc\u0131k Dental Clinic<\/strong><\/h2>\n<ul>\n<li><a href=\"https:\/\/klinik19.com\/en\/all-on-four\/\">All on Four<\/a> \u2013 Osmanc\u0131k \/ \u00c7orum<\/li>\n<li><a href=\"https:\/\/klinik19.com\/en\/gulus-tasarimi\/\">Smile Design<\/a> \u2013 Osmanc\u0131k \/ \u00c7orum<\/li>\n<li><a href=\"https:\/\/klinik19.com\/en\/laser\/\">Laser<\/a> \u2013 Osmanc\u0131k \/ \u00c7orum<\/li>\n<li><a href=\"https:\/\/klinik19.com\/en\/aesthetic-dentistry\/\">Aesthetic Dentistry<\/a> \u2013 Osmanc\u0131k \/ \u00c7orum<\/li>\n<li><a href=\"https:\/\/klinik19.com\/en\/dental-radiology\/\">Dental Radiology<\/a> \u2013 Osmanc\u0131k \/ \u00c7orum<\/li>\n<li><a href=\"https:\/\/klinik19.com\/en\/tedaviler\/implant-tedavisi\/\">Implant Treatment<\/a> \u2013 Osmanc\u0131k \/ \u00c7orum<\/li>\n<li><a href=\"https:\/\/klinik19.com\/en\/teeth-whitening\/\">Teeth whitening<\/a> \u2013 Osmanc\u0131k \/ \u00c7orum<\/li>\n<li><a href=\"https:\/\/klinik19.com\/en\/orthodontic-treatment\/\">Orthodontic Treatment<\/a> \u2013 Osmanc\u0131k \/ \u00c7orum<\/li>\n<li><a href=\"https:\/\/klinik19.com\/en\/periodontology\/\">Periodontology<\/a> \u2013 Osmanc\u0131k \/ \u00c7orum<\/li>\n<li><a href=\"https:\/\/klinik19.com\/en\/agiz-hastaliklari-ve-cene-cerahisi\/\">Oral Diseases and Maxillofacial Surgery<\/a> \u2013 Osmanc\u0131k \/ \u00c7orum<\/li>\n<li><a href=\"https:\/\/klinik19.com\/en\/prosthetic-treatment\/\">Prosthetic Treatment<\/a> \u2013 Osmanc\u0131k \/ \u00c7orum<\/li>\n<li><a href=\"https:\/\/klinik19.com\/en\/endodonti\/\">Endodontics<\/a> \u2013 Osmanc\u0131k \/ \u00c7orum<\/li>\n<li><a href=\"https:\/\/klinik19.com\/en\/conservative-treatments\/\">Conservative Treatments<\/a> \u2013 Osmanc\u0131k \/ \u00c7orum<\/li>\n<\/ul>\n<\/div>\n<\/div>\n<\/div>\n<\/div><\/div><\/div><div id=\"panel-3559-0-0-1\" class=\"so-panel widget widget_sow-post-carousel panel-last-child\" data-index=\"1\" ><div class=\"orion custom default panel-widget-style panel-widget-style-for-3559-0-0-1\" ><div\n\t\t\t\n\t\t\tclass=\"so-widget-sow-post-carousel so-widget-sow-post-carousel-base-028244467132-3559\"\n\t\t\t\n\t\t>\t<div\n\t\tclass=\"sow-post-carousel-wrapper sow-post-carousel-theme-base\"\n\t\tstyle=\"overflow: hidden; max-width: 100%; min-height: 300px\"\n\t>\n\t\t<div class=\"sow-carousel-title\">\n\t\t\t<div class=\"sow-carousel-navigation\">\n\t\t\t\t\t\t<a href=\"#\" class=\"sow-carousel-next\" title=\"Next\" aria-label=\"Next Posts\" role=\"button\"><\/a>\n\t\t\t\t\t\t<a href=\"#\" class=\"sow-carousel-previous\" title=\"Previous\" aria-label=\"Previous Posts\" role=\"button\"><\/a>\n\t\t\t\t\t<\/div>\n\t<\/div>\n\n<div class=\"sow-carousel-container\">\n\t\t<div class=\"sow-carousel-wrapper\"\n\t\tdata-dir=\"ltr\"\n\t\tstyle=\"opacity: 0;\"\n\t\tdata-widget=\"post\" data-fetching=\"false\" data-page=\"1\" data-ajax-url=\"https:\/\/klinik19.com\/wp-admin\/admin-ajax.php?_widgets_nonce=1d61e2b27c\" data-item_count=\"6\" data-carousel_settings=\"{&quot;loop&quot;:true,&quot;animation&quot;:&quot;Ease&quot;,&quot;animation_speed&quot;:400,&quot;autoplay&quot;:&quot;&quot;,&quot;pauseOnHover&quot;:&quot;&quot;,&quot;autoplaySpeed&quot;:8000,&quot;item_overflow&quot;:true,&quot;autoplay_continuous_scroll&quot;:false}\" data-responsive=\"{&quot;desktop_slides_to_scroll&quot;:1,&quot;tablet_landscape_breakpoint&quot;:1366,&quot;tablet_landscape_slides_to_scroll&quot;:2,&quot;tablet_portrait_breakpoint&quot;:1025,&quot;tablet_portrait_slides_to_scroll&quot;:2,&quot;mobile_breakpoint&quot;:480,&quot;mobile_slides_to_scroll&quot;:1}\" data-variable_width=\"true\" \t>\n\t\t<div\n\t\t\tclass=\"sow-carousel-items\"\n\t\t\t\t\t>\n\t\t\t\t<div class=\"sow-carousel-item\" tabindex=\"-1\" style=\"float: left;\">\n\t\t<div class=\"sow-carousel-thumbnail\">\n\t\t\t\t\t\t\t<a\n\t\t\t\t\thref=\"https:\/\/klinik19.com\/en\/hekimler\/dt-ali-okan-sular\/\"\n\t\t\t\t\t\t\t\t\t\tstyle=\"background-image: url( https:\/\/klinik19.com\/wp-content\/uploads\/2024\/10\/Ali-Okan-Sular-200x300.jpg )\"\n\t\t\t\t\taria-labelledby=\"sow-carousel-id-1036\"\n\t\t\t\t\ttabindex=\"-1\"\n\t\t\t\t>\n\t\t\t\t\t<span class=\"overlay\"><\/span>\n\t\t\t\t<\/a>\n\t\t\t\t\t<\/div>\n\t\t<h3 class=\"sow-carousel-item-title\">\n\t\t\t<a\n\t\t\t\thref=\"https:\/\/klinik19.com\/en\/hekimler\/dt-ali-okan-sular\/\"\n\t\t\t\tid=\"sow-carousel-id-1036\"\n\t\t\t\t\t\t\t\ttabindex=\"-1\"\n\t\t\t>\n\n\t\t\t\tDt. Ali Okan Sular\t\t\t<\/a>\n\t\t<\/h3>\n\t<\/div>\n\t\t<div class=\"sow-carousel-item\" tabindex=\"-1\" style=\"float: left;\">\n\t\t<div class=\"sow-carousel-thumbnail\">\n\t\t\t\t\t\t\t<a\n\t\t\t\t\thref=\"https:\/\/klinik19.com\/en\/hekimler\/uzm-dt-gozde-sular\/\"\n\t\t\t\t\t\t\t\t\t\tstyle=\"background-image: url( https:\/\/klinik19.com\/wp-content\/uploads\/2024\/10\/Go\u0308zde-Sular-200x300.jpg )\"\n\t\t\t\t\taria-labelledby=\"sow-carousel-id-1038\"\n\t\t\t\t\ttabindex=\"-1\"\n\t\t\t\t>\n\t\t\t\t\t<span class=\"overlay\"><\/span>\n\t\t\t\t<\/a>\n\t\t\t\t\t<\/div>\n\t\t<h3 class=\"sow-carousel-item-title\">\n\t\t\t<a\n\t\t\t\thref=\"https:\/\/klinik19.com\/en\/hekimler\/uzm-dt-gozde-sular\/\"\n\t\t\t\tid=\"sow-carousel-id-1038\"\n\t\t\t\t\t\t\t\ttabindex=\"-1\"\n\t\t\t>\n\n\t\t\t\tUzm. Dt. G\u00f6zde Sular\t\t\t<\/a>\n\t\t<\/h3>\n\t<\/div>\n\t\t<div class=\"sow-carousel-item\" tabindex=\"-1\" style=\"float: left;\">\n\t\t<div class=\"sow-carousel-thumbnail\">\n\t\t\t\t\t\t\t<a\n\t\t\t\t\thref=\"https:\/\/klinik19.com\/en\/hekimler\/can-daldiran\/\"\n\t\t\t\t\t\t\t\t\t\tstyle=\"background-image: url( https:\/\/klinik19.com\/wp-content\/uploads\/2026\/03\/can-daldiran-200x300.jpeg )\"\n\t\t\t\t\taria-labelledby=\"sow-carousel-id-4672\"\n\t\t\t\t\ttabindex=\"-1\"\n\t\t\t\t>\n\t\t\t\t\t<span class=\"overlay\"><\/span>\n\t\t\t\t<\/a>\n\t\t\t\t\t<\/div>\n\t\t<h3 class=\"sow-carousel-item-title\">\n\t\t\t<a\n\t\t\t\thref=\"https:\/\/klinik19.com\/en\/hekimler\/can-daldiran\/\"\n\t\t\t\tid=\"sow-carousel-id-4672\"\n\t\t\t\t\t\t\t\ttabindex=\"-1\"\n\t\t\t>\n\n\t\t\t\tCan DALDIRAN\t\t\t<\/a>\n\t\t<\/h3>\n\t<\/div>\n\t\t<div class=\"sow-carousel-item\" tabindex=\"-1\" style=\"float: left;\">\n\t\t<div class=\"sow-carousel-thumbnail\">\n\t\t\t\t\t\t\t<a\n\t\t\t\t\thref=\"https:\/\/klinik19.com\/en\/hekimler\/dt-kamil-ufuk-ozturk\/\"\n\t\t\t\t\t\t\t\t\t\tstyle=\"background-image: url( https:\/\/klinik19.com\/wp-content\/uploads\/2024\/10\/Kamil-Ufuk-O\u0308ztu\u0308rk-200x300.jpg )\"\n\t\t\t\t\taria-labelledby=\"sow-carousel-id-4224\"\n\t\t\t\t\ttabindex=\"-1\"\n\t\t\t\t>\n\t\t\t\t\t<span class=\"overlay\"><\/span>\n\t\t\t\t<\/a>\n\t\t\t\t\t<\/div>\n\t\t<h3 class=\"sow-carousel-item-title\">\n\t\t\t<a\n\t\t\t\thref=\"https:\/\/klinik19.com\/en\/hekimler\/dt-kamil-ufuk-ozturk\/\"\n\t\t\t\tid=\"sow-carousel-id-4224\"\n\t\t\t\t\t\t\t\ttabindex=\"-1\"\n\t\t\t>\n\n\t\t\t\tDt. Kamil Ufuk \u00d6zt\u00fcrk\t\t\t<\/a>\n\t\t<\/h3>\n\t<\/div>\n\t\t<div class=\"sow-carousel-item\" tabindex=\"-1\" style=\"float: left;\">\n\t\t<div class=\"sow-carousel-thumbnail\">\n\t\t\t\t\t\t\t<a\n\t\t\t\t\thref=\"https:\/\/klinik19.com\/en\/hekimler\/huseyin-cakici\/\"\n\t\t\t\t\t\t\t\t\t\tstyle=\"background-image: url( https:\/\/klinik19.com\/wp-content\/uploads\/2024\/10\/Hu\u0308seyin-C\u0327akici-200x300.jpg )\"\n\t\t\t\t\taria-labelledby=\"sow-carousel-id-4312\"\n\t\t\t\t\ttabindex=\"-1\"\n\t\t\t\t>\n\t\t\t\t\t<span class=\"overlay\"><\/span>\n\t\t\t\t<\/a>\n\t\t\t\t\t<\/div>\n\t\t<h3 class=\"sow-carousel-item-title\">\n\t\t\t<a\n\t\t\t\thref=\"https:\/\/klinik19.com\/en\/hekimler\/huseyin-cakici\/\"\n\t\t\t\tid=\"sow-carousel-id-4312\"\n\t\t\t\t\t\t\t\ttabindex=\"-1\"\n\t\t\t>\n\n\t\t\t\tH\u00fcseyin \u00c7ak\u0131c\u0131\t\t\t<\/a>\n\t\t<\/h3>\n\t<\/div>\n\t\t<div class=\"sow-carousel-item\" tabindex=\"-1\" style=\"float: left;\">\n\t\t<div class=\"sow-carousel-thumbnail\">\n\t\t\t\t\t\t\t<a\n\t\t\t\t\thref=\"https:\/\/klinik19.com\/en\/hekimler\/mustafa-umut-bozkurt\/\"\n\t\t\t\t\t\t\t\t\t\tstyle=\"background-image: url( https:\/\/klinik19.com\/wp-content\/uploads\/2025\/09\/DSC_0320-200x300.jpg )\"\n\t\t\t\t\taria-labelledby=\"sow-carousel-id-4636\"\n\t\t\t\t\ttabindex=\"-1\"\n\t\t\t\t>\n\t\t\t\t\t<span class=\"overlay\"><\/span>\n\t\t\t\t<\/a>\n\t\t\t\t\t<\/div>\n\t\t<h3 class=\"sow-carousel-item-title\">\n\t\t\t<a\n\t\t\t\thref=\"https:\/\/klinik19.com\/en\/hekimler\/mustafa-umut-bozkurt\/\"\n\t\t\t\tid=\"sow-carousel-id-4636\"\n\t\t\t\t\t\t\t\ttabindex=\"-1\"\n\t\t\t>\n\n\t\t\t\tMustafa Umut Bozkurt\t\t\t<\/a>\n\t\t<\/h3>\n\t<\/div>\n\t\t\t<\/div>\n\t\t\t<\/div>\n\n\t<\/div>\n\t\t<input type=\"hidden\" name=\"instance_hash\" value=\"f74100da\"\/>\n\t<\/div>\n<\/div><\/div><\/div><\/div><\/div><\/div><div id=\"pg-3559-1\"  class=\"panel-grid panel-has-style\" ><div class=\"divider-no-animation tablet-default mobile-default desktop-default custom panel-row-style panel-row-style-for-3559-1\" ><div id=\"pgc-3559-1-0\"  class=\"panel-grid-cell\" ><div id=\"panel-3559-1-0-0\" class=\"so-panel widget widget_sow-image panel-first-child\" data-index=\"2\" ><div class=\"orion custom default panel-widget-style panel-widget-style-for-3559-1-0-0\" ><div\n\t\t\t\n\t\t\tclass=\"so-widget-sow-image so-widget-sow-image-default-8b5b6f678277-4636\"\n\t\t\t\n\t\t>\n<div class=\"sow-image-container\">\n\t\t<img \n\tsrc=\"https:\/\/klinik19.com\/wp-content\/uploads\/2022\/02\/klinik19-logobg.png\" width=\"706\" height=\"431\" srcset=\"https:\/\/klinik19.com\/wp-content\/uploads\/2022\/02\/klinik19-logobg.png 706w, https:\/\/klinik19.com\/wp-content\/uploads\/2022\/02\/klinik19-logobg-300x183.png 300w\" sizes=\"(max-width: 706px) 100vw, 706px\" title=\"klinik19 logo\" alt=\"klinik19 logo\" \t\tclass=\"so-widget-image\"\/>\n\t<\/div>\n\n<\/div><\/div><\/div><div id=\"panel-3559-1-0-1\" class=\"so-panel widget widget_sow-editor panel-last-child\" data-index=\"3\" ><div class=\"orion custom default panel-widget-style panel-widget-style-for-3559-1-0-1\" ><div\n\t\t\t\n\t\t\tclass=\"so-widget-sow-editor so-widget-sow-editor-base\"\n\t\t\t\n\t\t>\n<div class=\"siteorigin-widget-tinymce textwidget\">\n\t<div class=\"wpb_text_column wpb_content_element\">\n<div class=\"wpb_wrapper\">\n<h3 style=\"text-align: center;\">\u201cSMILE HEALTHY AT LIFE\u201d<\/h3>\n<\/div>\n<\/div>\n<div class=\"wpb_text_column wpb_content_element\">\n<div class=\"wpb_wrapper\">\n<p>Clinic 19 constantly follows the developments in the field of dental and dental health and constantly updates itself.<\/p>\n<p>It has internalized Sterilization and Sanitation as a work discipline.<\/p>\n<p>It is a polyclinic operating in \u00c7orum, where all treatments in the field of Oral and Dental Health are made from a single place with its dynamic and trained team.<\/p>\n<p>Our clinic, which also accepts patients from the surrounding provinces, also gives treatment to patients from the Sungurlu region.<\/p>\n<\/div>\n<\/div>\n<\/div>\n<\/div><\/div><\/div><\/div><div id=\"pgc-3559-1-1\"  class=\"panel-grid-cell\" ><div id=\"panel-3559-1-1-0\" class=\"so-panel widget widget_sow-image panel-first-child\" data-index=\"4\" ><div class=\"orion custom default panel-widget-style panel-widget-style-for-3559-1-1-0\" ><div\n\t\t\t\n\t\t\tclass=\"so-widget-sow-image so-widget-sow-image-default-8b5b6f678277-4636\"\n\t\t\t\n\t\t>\n<div class=\"sow-image-container\">\n\t\t<img \n\tsrc=\"https:\/\/klinik19.com\/wp-content\/uploads\/2022\/01\/klinik19_klinik.jpeg\" width=\"706\" height=\"431\" srcset=\"https:\/\/klinik19.com\/wp-content\/uploads\/2022\/01\/klinik19_klinik.jpeg 706w, https:\/\/klinik19.com\/wp-content\/uploads\/2022\/01\/klinik19_klinik-300x183.jpeg 300w\" sizes=\"(max-width: 706px) 100vw, 706px\" title=\"klinik19 kli\u011fini \u00e7orum\" alt=\"klinik19 kli\u011fini \u00e7orum\" \t\tclass=\"so-widget-image\"\/>\n\t<\/div>\n\n<\/div><\/div><\/div><div id=\"panel-3559-1-1-1\" class=\"so-panel widget widget_sow-editor panel-last-child\" data-index=\"5\" ><div class=\"orion custom default panel-widget-style panel-widget-style-for-3559-1-1-1\" ><div\n\t\t\t\n\t\t\tclass=\"so-widget-sow-editor so-widget-sow-editor-base\"\n\t\t\t\n\t\t>\n<div class=\"siteorigin-widget-tinymce textwidget\">\n\t<div class=\"wpb_text_column wpb_content_element\">\n<div class=\"wpb_wrapper\">\n<div class=\"wpb_text_column wpb_content_element\">\n<div class=\"wpb_wrapper\">\n<div class=\"wpb_text_column wpb_content_element\">\n<div class=\"wpb_wrapper\">\n<h3 style=\"text-align: center;\">\nTEAM MAKES A DIFFERENCE!<\/h3>\n<\/div>\n<\/div>\n<div class=\"wpb_text_column wpb_content_element\">\n<div class=\"wpb_wrapper\">\n<p class=\"translation-block\">Clinic 19, Founders <a href=\"https:\/\/klinik19.com\/en\/hekimler\/uzm-dt-gozde-sular\/\" target=\"_self\">Dr.Dt G\u00f6zde Sular<\/a> and <a href=\"https:\/\/klinik19.com\/en\/hekimler\/dt-ali-okan-sular\/\" target=\"_self\">Dt. Okan Sular<\/a> has a carefully selected and trained team with a dynamic vision.<\/p>\n<p>With its dynamic structure growing day by day, our appendix is growing day by day in proportion to the increasing customer satisfaction.<\/p>\n<\/div>\n<\/div>\n<\/div>\n<\/div>\n<\/div>\n<\/div>\n<\/div>\n<\/div><\/div><\/div><\/div><div id=\"pgc-3559-1-2\"  class=\"panel-grid-cell\" ><div id=\"panel-3559-1-2-0\" class=\"so-panel widget widget_sow-image panel-first-child\" data-index=\"6\" ><div class=\"orion custom default panel-widget-style panel-widget-style-for-3559-1-2-0\" ><div\n\t\t\t\n\t\t\tclass=\"so-widget-sow-image so-widget-sow-image-default-8b5b6f678277-4636\"\n\t\t\t\n\t\t>\n<div class=\"sow-image-container\">\n\t\t<img \n\tsrc=\"https:\/\/klinik19.com\/wp-content\/uploads\/2022\/02\/neden-klinik19.png\" width=\"706\" height=\"431\" srcset=\"https:\/\/klinik19.com\/wp-content\/uploads\/2022\/02\/neden-klinik19.png 706w, https:\/\/klinik19.com\/wp-content\/uploads\/2022\/02\/neden-klinik19-300x183.png 300w\" sizes=\"(max-width: 706px) 100vw, 706px\" title=\"neden klinik19\" alt=\"neden klinik19\" \t\tclass=\"so-widget-image\"\/>\n\t<\/div>\n\n<\/div><\/div><\/div><div id=\"panel-3559-1-2-1\" class=\"so-panel widget widget_sow-editor panel-last-child\" data-index=\"7\" ><div class=\"orion custom default panel-widget-style panel-widget-style-for-3559-1-2-1\" ><div\n\t\t\t\n\t\t\tclass=\"so-widget-sow-editor so-widget-sow-editor-base\"\n\t\t\t\n\t\t>\n<div class=\"siteorigin-widget-tinymce textwidget\">\n\t<div class=\"wpb_text_column wpb_content_element\">\n<div class=\"wpb_wrapper\">\n<div class=\"wpb_text_column wpb_content_element\">\n<div class=\"wpb_wrapper\">\n<div class=\"wpb_text_column wpb_content_element\">\n<div class=\"wpb_wrapper\">\n<div class=\"wpb_text_column wpb_content_element\">\n<div class=\"wpb_wrapper\">\n<h3 style=\"text-align: center;\">WHY CLINIC 19<\/h3>\n<\/div>\n<\/div>\n<div class=\"wpb_text_column wpb_content_element\">\n<div class=\"wpb_wrapper\">\n<p>Clinic 19 \u00c7orum is the first and only A class Oral and Dental Health Polyclinic established in \u00c7orum province.<\/p>\n<p class=\"translation-block\">It aims to <em>Make Life Smile to Life<\/em> with its qualified and friendly team and high-level service quality.<\/p>\n<\/div>\n<\/div>\n<\/div>\n<\/div>\n<\/div>\n<\/div>\n<\/div>\n<\/div>\n<\/div>\n<\/div><\/div><\/div><\/div><\/div><\/div><\/div>","protected":false},"excerpt":{"rendered":"","protected":false},"author":1,"featured_media":0,"parent":0,"menu_order":0,"comment_status":"closed","ping_status":"closed","template":"","meta":{"footnotes":""},"class_list":["post-3559","page","type-page","status-publish","hentry"],"yoast_head":"<!-- This site is optimized with the Yoast SEO plugin v27.5 - https:\/\/yoast.com\/product\/yoast-seo-wordpress\/ -->\n<title>Osmanc\u0131k Di\u015f Klini\u011fi - Klinik19 &Ccedil;orum - A\u011f\u0131z ve Di\u015f Sa\u011fl\u0131\u011f\u0131 Klini\u011fi<\/title>\n<meta name=\"robots\" content=\"index, follow, max-snippet:-1, max-image-preview:large, max-video-preview:-1\" \/>\n<link rel=\"canonical\" href=\"https:\/\/klinik19.com\/en\/osmancik-dental-clinic\/\" \/>\n<meta property=\"og:locale\" content=\"en_US\" \/>\n<meta property=\"og:type\" content=\"article\" \/>\n<meta property=\"og:title\" content=\"Osmanc\u0131k Di\u015f Klini\u011fi - Klinik19 &Ccedil;orum - A\u011f\u0131z ve Di\u015f Sa\u011fl\u0131\u011f\u0131 Klini\u011fi\" \/>\n<meta property=\"og:url\" content=\"https:\/\/klinik19.com\/en\/osmancik-dental-clinic\/\" \/>\n<meta property=\"og:site_name\" content=\"Klinik19 &Ccedil;orum - A\u011f\u0131z ve Di\u015f Sa\u011fl\u0131\u011f\u0131 Klini\u011fi\" \/>\n<meta property=\"article:publisher\" content=\"https:\/\/www.facebook.com\/klinik19corum\/\" \/>\n<meta property=\"article:modified_time\" content=\"2022-02-22T22:01:27+00:00\" \/>\n<meta name=\"twitter:card\" content=\"summary_large_image\" \/>\n<meta name=\"twitter:label1\" content=\"Est. reading time\" \/>\n\t<meta name=\"twitter:data1\" content=\"2 minutes\" \/>\n<script type=\"application\/ld+json\" class=\"yoast-schema-graph\">{\"@context\":\"https:\\\/\\\/schema.org\",\"@graph\":[{\"@type\":\"WebPage\",\"@id\":\"https:\\\/\\\/klinik19.com\\\/osmancik-dis-klinigi\\\/\",\"url\":\"https:\\\/\\\/klinik19.com\\\/osmancik-dis-klinigi\\\/\",\"name\":\"Osmanc\u0131k Di\u015f Klini\u011fi - Klinik19 &Ccedil;orum - A\u011f\u0131z ve Di\u015f Sa\u011fl\u0131\u011f\u0131 Klini\u011fi\",\"isPartOf\":{\"@id\":\"https:\\\/\\\/klinik19.com\\\/#website\"},\"datePublished\":\"2022-02-22T21:56:27+00:00\",\"dateModified\":\"2022-02-22T22:01:27+00:00\",\"breadcrumb\":{\"@id\":\"https:\\\/\\\/klinik19.com\\\/osmancik-dis-klinigi\\\/#breadcrumb\"},\"inLanguage\":\"en-US\",\"potentialAction\":[{\"@type\":\"ReadAction\",\"target\":[\"https:\\\/\\\/klinik19.com\\\/osmancik-dis-klinigi\\\/\"]}]},{\"@type\":\"BreadcrumbList\",\"@id\":\"https:\\\/\\\/klinik19.com\\\/osmancik-dis-klinigi\\\/#breadcrumb\",\"itemListElement\":[{\"@type\":\"ListItem\",\"position\":1,\"name\":\"Anasayfa\",\"item\":\"https:\\\/\\\/klinik19.com\\\/\"},{\"@type\":\"ListItem\",\"position\":2,\"name\":\"Osmanc\u0131k Di\u015f Klini\u011fi\"}]},{\"@type\":\"WebSite\",\"@id\":\"https:\\\/\\\/klinik19.com\\\/#website\",\"url\":\"https:\\\/\\\/klinik19.com\\\/\",\"name\":\"Klinik19 &Ccedil;orum - A\u011f\u0131z ve Di\u015f Sa\u011fl\u0131\u011f\u0131 Klini\u011fi\",\"description\":\"De\u011fi\u015fimi G&uuml;l&uuml;msemende Hisset\",\"publisher\":{\"@id\":\"https:\\\/\\\/klinik19.com\\\/#organization\"},\"potentialAction\":[{\"@type\":\"SearchAction\",\"target\":{\"@type\":\"EntryPoint\",\"urlTemplate\":\"https:\\\/\\\/klinik19.com\\\/?s={search_term_string}\"},\"query-input\":{\"@type\":\"PropertyValueSpecification\",\"valueRequired\":true,\"valueName\":\"search_term_string\"}}],\"inLanguage\":\"en-US\"},{\"@type\":\"Organization\",\"@id\":\"https:\\\/\\\/klinik19.com\\\/#organization\",\"name\":\"Klinik19 - A\u011f\u0131z ve Di\u015f Sa\u011fl\u0131\u011f\u0131 Poliklini\u011fi\",\"url\":\"https:\\\/\\\/klinik19.com\\\/\",\"logo\":{\"@type\":\"ImageObject\",\"inLanguage\":\"en-US\",\"@id\":\"https:\\\/\\\/klinik19.com\\\/#\\\/schema\\\/logo\\\/image\\\/\",\"url\":\"https:\\\/\\\/klinik19.com\\\/wp-content\\\/uploads\\\/2022\\\/02\\\/klinik19-logobg.png\",\"contentUrl\":\"https:\\\/\\\/klinik19.com\\\/wp-content\\\/uploads\\\/2022\\\/02\\\/klinik19-logobg.png\",\"width\":706,\"height\":431,\"caption\":\"Klinik19 - A\u011f\u0131z ve Di\u015f Sa\u011fl\u0131\u011f\u0131 Poliklini\u011fi\"},\"image\":{\"@id\":\"https:\\\/\\\/klinik19.com\\\/#\\\/schema\\\/logo\\\/image\\\/\"},\"sameAs\":[\"https:\\\/\\\/www.facebook.com\\\/klinik19corum\\\/\",\"https:\\\/\\\/www.instagram.com\\\/klinik.19\\\/\"]}]}<\/script>\n<!-- \/ Yoast SEO plugin. -->","yoast_head_json":{"title":"Osmanc\u0131k Di\u015f Klini\u011fi - Klinik19 &Ccedil;orum - A\u011f\u0131z ve Di\u015f Sa\u011fl\u0131\u011f\u0131 Klini\u011fi","robots":{"index":"index","follow":"follow","max-snippet":"max-snippet:-1","max-image-preview":"max-image-preview:large","max-video-preview":"max-video-preview:-1"},"canonical":"https:\/\/klinik19.com\/en\/osmancik-dental-clinic\/","og_locale":"en_US","og_type":"article","og_title":"Osmanc\u0131k Di\u015f Klini\u011fi - Klinik19 &Ccedil;orum - A\u011f\u0131z ve Di\u015f Sa\u011fl\u0131\u011f\u0131 Klini\u011fi","og_url":"https:\/\/klinik19.com\/en\/osmancik-dental-clinic\/","og_site_name":"Klinik19 &Ccedil;orum - A\u011f\u0131z ve Di\u015f Sa\u011fl\u0131\u011f\u0131 Klini\u011fi","article_publisher":"https:\/\/www.facebook.com\/klinik19corum\/","article_modified_time":"2022-02-22T22:01:27+00:00","twitter_card":"summary_large_image","twitter_misc":{"Est. reading time":"2 minutes"},"schema":{"@context":"https:\/\/schema.org","@graph":[{"@type":"WebPage","@id":"https:\/\/klinik19.com\/osmancik-dis-klinigi\/","url":"https:\/\/klinik19.com\/osmancik-dis-klinigi\/","name":"Osmanc\u0131k Di\u015f Klini\u011fi - Klinik19 &Ccedil;orum - A\u011f\u0131z ve Di\u015f Sa\u011fl\u0131\u011f\u0131 Klini\u011fi","isPartOf":{"@id":"https:\/\/klinik19.com\/#website"},"datePublished":"2022-02-22T21:56:27+00:00","dateModified":"2022-02-22T22:01:27+00:00","breadcrumb":{"@id":"https:\/\/klinik19.com\/osmancik-dis-klinigi\/#breadcrumb"},"inLanguage":"en-US","potentialAction":[{"@type":"ReadAction","target":["https:\/\/klinik19.com\/osmancik-dis-klinigi\/"]}]},{"@type":"BreadcrumbList","@id":"https:\/\/klinik19.com\/osmancik-dis-klinigi\/#breadcrumb","itemListElement":[{"@type":"ListItem","position":1,"name":"Anasayfa","item":"https:\/\/klinik19.com\/"},{"@type":"ListItem","position":2,"name":"Osmanc\u0131k Di\u015f Klini\u011fi"}]},{"@type":"WebSite","@id":"https:\/\/klinik19.com\/#website","url":"https:\/\/klinik19.com\/","name":"Klinik19 &Ccedil;orum - A\u011f\u0131z ve Di\u015f Sa\u011fl\u0131\u011f\u0131 Klini\u011fi","description":"De\u011fi\u015fimi G&uuml;l&uuml;msemende Hisset","publisher":{"@id":"https:\/\/klinik19.com\/#organization"},"potentialAction":[{"@type":"SearchAction","target":{"@type":"EntryPoint","urlTemplate":"https:\/\/klinik19.com\/?s={search_term_string}"},"query-input":{"@type":"PropertyValueSpecification","valueRequired":true,"valueName":"search_term_string"}}],"inLanguage":"en-US"},{"@type":"Organization","@id":"https:\/\/klinik19.com\/#organization","name":"Klinik19 - A\u011f\u0131z ve Di\u015f Sa\u011fl\u0131\u011f\u0131 Poliklini\u011fi","url":"https:\/\/klinik19.com\/","logo":{"@type":"ImageObject","inLanguage":"en-US","@id":"https:\/\/klinik19.com\/#\/schema\/logo\/image\/","url":"https:\/\/klinik19.com\/wp-content\/uploads\/2022\/02\/klinik19-logobg.png","contentUrl":"https:\/\/klinik19.com\/wp-content\/uploads\/2022\/02\/klinik19-logobg.png","width":706,"height":431,"caption":"Klinik19 - A\u011f\u0131z ve Di\u015f Sa\u011fl\u0131\u011f\u0131 Poliklini\u011fi"},"image":{"@id":"https:\/\/klinik19.com\/#\/schema\/logo\/image\/"},"sameAs":["https:\/\/www.facebook.com\/klinik19corum\/","https:\/\/www.instagram.com\/klinik.19\/"]}]}},"_links":{"self":[{"href":"https:\/\/klinik19.com\/en\/wp-json\/wp\/v2\/pages\/3559","targetHints":{"allow":["GET"]}}],"collection":[{"href":"https:\/\/klinik19.com\/en\/wp-json\/wp\/v2\/pages"}],"about":[{"href":"https:\/\/klinik19.com\/en\/wp-json\/wp\/v2\/types\/page"}],"author":[{"embeddable":true,"href":"https:\/\/klinik19.com\/en\/wp-json\/wp\/v2\/users\/1"}],"replies":[{"embeddable":true,"href":"https:\/\/klinik19.com\/en\/wp-json\/wp\/v2\/comments?post=3559"}],"version-history":[{"count":20,"href":"https:\/\/klinik19.com\/en\/wp-json\/wp\/v2\/pages\/3559\/revisions"}],"predecessor-version":[{"id":3580,"href":"https:\/\/klinik19.com\/en\/wp-json\/wp\/v2\/pages\/3559\/revisions\/3580"}],"wp:attachment":[{"href":"https:\/\/klinik19.com\/en\/wp-json\/wp\/v2\/media?parent=3559"}],"curies":[{"name":"wp","href":"https:\/\/api.w.org\/{rel}","templated":true}]}}