{"id":3956,"date":"2022-10-09T00:43:21","date_gmt":"2022-10-08T21:43:21","guid":{"rendered":"https:\/\/klinik19.com\/?page_id=3956"},"modified":"2022-10-18T23:33:20","modified_gmt":"2022-10-18T20:33:20","slug":"seyahat-otel-ve-konaklama-yardim-ve-oneriler","status":"publish","type":"page","link":"https:\/\/klinik19.com\/en\/travel-hotel-and-accommodation-help-and-advice\/","title":{"rendered":"Travel, Hotel and Lodging Assistance &amp; Recommendations"},"content":{"rendered":"<div id=\"pl-3956\"  class=\"panel-layout\" ><div id=\"pg-3956-0\"  class=\"panel-grid panel-has-style\" ><div class=\"divider-no-animation panel-row-style panel-row-style-for-3956-0\" ><div id=\"pgc-3956-0-0\"  class=\"panel-grid-cell\" ><div id=\"panel-3956-0-0-0\" class=\"so-panel widget widget_orion_upload_w panel-first-child\" data-index=\"0\" ><div class=\"orion custom default panel-widget-style panel-widget-style-for-3956-0-0-0\" ><div\n\t\t\t\n\t\t\tclass=\"so-widget-orion_upload_w so-widget-orion_upload_w-base\"\n\t\t\t\n\t\t><div class=\"row button-wrap\">\r\n\t\r\n\t\r\n\t\t\t\t<div class=\"col-md-12\">\t\t\r\n\t\t\t<a class=\"btn-download icon-right btn btn-c1 btn-flat\" href=\"https:\/\/klinik19.com\/wp-content\/uploads\/2022\/10\/Travel-EN.docx\" download=\"Travel-EN.docx\">\r\n\t\t\t\t\tDownload Form\t\t\t\t\t\t\t\t\t\t\t<span class=\"sow-icon-typicons\" data-sow-icon=\"&#xe007;\"\n\t\tstyle=\"\" \n\t\taria-hidden=\"true\"><\/span>\t\r\n\t\t\t\t\t\t\t\t\t\t<span class=\"orionicon orionicon-icon_check btn-visited\"><\/span>\r\n\t\t\t<\/a>\r\n\t\t<\/div>\r\n\t\r\n<\/div><\/div><\/div><\/div><div id=\"panel-3956-0-0-1\" class=\"so-panel widget widget_sow-editor panel-last-child\" data-index=\"1\" ><div class=\"orion custom default panel-widget-style panel-widget-style-for-3956-0-0-1\" ><div\n\t\t\t\n\t\t\tclass=\"so-widget-sow-editor so-widget-sow-editor-base\"\n\t\t\t\n\t\t>\n<div class=\"siteorigin-widget-tinymce textwidget\">\n\t<h2><strong>Travel, Hotel and Lodging Assistance &amp; Recommendations<\/strong><\/h2>\n<p>According to your request, Klinik19 International Patient Services Center can give you assistance for you and your family members while you are coordinating your travel, choosing and booking the accommodation before your visit. You will be offered a variety of options with the best prices among our contracted 5star hotels  which are located in the city centers.<\/p>\n<h2><strong>Before Your Trip<\/strong><\/h2>\n<p>Growing numbers of people are choosing to go abroad for medical treatment. Klinik19 is aware that the idea of traveling for treatment bears some difficulties. We are willing to ease this travel and treatment plan and make you feel as comfortable as possible thus here are some precautionary steps you may take before your travel.\n\n<br>\n\nWe have some suggestions for you prior to your travel to T\u00fcrkiye Klinik19.<\/p>\n<ul>\n<li>Make sure with your local healthcare experts that your health condition is available for travel abroad.<\/li>\n<li>Be sure to organize your visa procedures.<\/li>\n<li>Make sure you have your health travel insuarance.<\/li>\n<li>You may want to plan for follow-up care with your local health care provider before you leave your country or with Klinik19 experts.<\/li>\n<li>Be sure that you obtain all copies of your medical reports ,panoramic X-Ray and all your prescriptions\/medicines you take which is essential for your treatment plan.<\/li>\n<li>Check your passport and apply the appropriate visa you need, 'visitor's visa' is not a one which can be extended easily so avoid this option.<\/li>\n<li>Do not forget to check the name and the basic information in your airline's tickets as it is required that your personal information appears on your ID, passport etc. has to be the same as it is stated on your airway tickets.<\/li>\n<li>Keep your medical records and basic contact information in a convenient, safe and easy to access place like your purse or in your hand luggage.<\/li>\n<li>Take into consideration how you will obtain cash in Turkey. You may advise your bank about your travel plans and make an inquiry to access money overseas in a few different ways. In addition,  you may get a credit card which is available to use within Turkey with no limit such as VISA or MasterCard<\/li>\n<li>You will be informed in great detail by one of our international representatives, but you also make sure that you have obtained all the information about the Medical Procedure Process like Details of the person who will pick you up at the airport\nDetails of the person who will be your direct contact at the hospital.<\/li>\n<li>In order to have a smooth travel\/treatment programme and not to feel in a rush, suggesting you to allocate some additional time for yourself throughout your medical treatment and your stay in Turkey.<\/li>\n<\/ul>\n<\/div>\n<\/div><\/div><\/div><\/div><\/div><\/div><\/div>","protected":false},"excerpt":{"rendered":"<p>Seyahat, Otel ve Konaklama Yard\u0131m ve \u00d6neriler Klinik19 Uluslararas\u0131 Hasta Hizmetleri Merkezi, talebinize g\u00f6re seyahatinizi koordine ederken, konaklama yerinizi se\u00e7erken ve ziyaretinizden \u00f6nce rezervasyon yaparken size ve aile \u00fcyelerinize yard\u0131mc\u0131 olabilir \u015fehir merkezlerinde bulunan anla\u015fmal\u0131 5 y\u0131ld\u0131zl\u0131 otelde size en uygun fiyatlarla \u00e7e\u015fitli se\u00e7enekler sunulacakt\u0131r. Seyahatinizden \u00d6nce Giderek artan say\u0131da insan t\u0131bbi tedavi i\u00e7in yurt<\/p>","protected":false},"author":1,"featured_media":0,"parent":0,"menu_order":0,"comment_status":"closed","ping_status":"closed","template":"","meta":{"footnotes":""},"class_list":["post-3956","page","type-page","status-publish","hentry"],"yoast_head":"<!-- This site is optimized with the Yoast SEO plugin v27.6 - https:\/\/yoast.com\/product\/yoast-seo-wordpress\/ -->\n<title>Seyahat, Otel ve Konaklama Yard\u0131m ve \u00d6neriler - Klinik19 &Ccedil;orum - A\u011f\u0131z ve Di\u015f Sa\u011fl\u0131\u011f\u0131 Klini\u011fi<\/title>\n<meta name=\"robots\" content=\"index, follow, max-snippet:-1, max-image-preview:large, max-video-preview:-1\" \/>\n<link rel=\"canonical\" href=\"https:\/\/klinik19.com\/en\/travel-hotel-and-accommodation-help-and-advice\/\" \/>\n<meta property=\"og:locale\" content=\"en_US\" \/>\n<meta property=\"og:type\" content=\"article\" \/>\n<meta property=\"og:title\" content=\"Seyahat, Otel ve Konaklama Yard\u0131m ve \u00d6neriler - Klinik19 &Ccedil;orum - A\u011f\u0131z ve Di\u015f Sa\u011fl\u0131\u011f\u0131 Klini\u011fi\" \/>\n<meta property=\"og:description\" content=\"Seyahat, Otel ve Konaklama Yard\u0131m ve \u00d6neriler Klinik19 Uluslararas\u0131 Hasta Hizmetleri Merkezi, talebinize g\u00f6re seyahatinizi koordine ederken, konaklama yerinizi se\u00e7erken ve ziyaretinizden \u00f6nce rezervasyon yaparken size ve aile \u00fcyelerinize yard\u0131mc\u0131 olabilir \u015fehir merkezlerinde bulunan anla\u015fmal\u0131 5 y\u0131ld\u0131zl\u0131 otelde size en uygun fiyatlarla \u00e7e\u015fitli se\u00e7enekler sunulacakt\u0131r. Seyahatinizden \u00d6nce Giderek artan say\u0131da insan t\u0131bbi tedavi i\u00e7in yurt\" \/>\n<meta property=\"og:url\" content=\"https:\/\/klinik19.com\/en\/travel-hotel-and-accommodation-help-and-advice\/\" \/>\n<meta property=\"og:site_name\" content=\"Klinik19 &Ccedil;orum - A\u011f\u0131z ve Di\u015f Sa\u011fl\u0131\u011f\u0131 Klini\u011fi\" \/>\n<meta property=\"article:publisher\" content=\"https:\/\/www.facebook.com\/klinik19corum\/\" \/>\n<meta property=\"article:modified_time\" content=\"2022-10-18T20:33:20+00:00\" \/>\n<meta name=\"twitter:card\" content=\"summary_large_image\" \/>\n<meta name=\"twitter:label1\" content=\"Est. reading time\" \/>\n\t<meta name=\"twitter:data1\" content=\"3 minutes\" \/>\n<script type=\"application\/ld+json\" class=\"yoast-schema-graph\">{\"@context\":\"https:\\\/\\\/schema.org\",\"@graph\":[{\"@type\":\"WebPage\",\"@id\":\"https:\\\/\\\/klinik19.com\\\/seyahat-otel-ve-konaklama-yardim-ve-oneriler\\\/\",\"url\":\"https:\\\/\\\/klinik19.com\\\/seyahat-otel-ve-konaklama-yardim-ve-oneriler\\\/\",\"name\":\"Seyahat, Otel ve Konaklama Yard\u0131m ve \u00d6neriler - Klinik19 &Ccedil;orum - A\u011f\u0131z ve Di\u015f Sa\u011fl\u0131\u011f\u0131 Klini\u011fi\",\"isPartOf\":{\"@id\":\"https:\\\/\\\/klinik19.com\\\/#website\"},\"datePublished\":\"2022-10-08T21:43:21+00:00\",\"dateModified\":\"2022-10-18T20:33:20+00:00\",\"breadcrumb\":{\"@id\":\"https:\\\/\\\/klinik19.com\\\/seyahat-otel-ve-konaklama-yardim-ve-oneriler\\\/#breadcrumb\"},\"inLanguage\":\"en-US\",\"potentialAction\":[{\"@type\":\"ReadAction\",\"target\":[\"https:\\\/\\\/klinik19.com\\\/seyahat-otel-ve-konaklama-yardim-ve-oneriler\\\/\"]}]},{\"@type\":\"BreadcrumbList\",\"@id\":\"https:\\\/\\\/klinik19.com\\\/seyahat-otel-ve-konaklama-yardim-ve-oneriler\\\/#breadcrumb\",\"itemListElement\":[{\"@type\":\"ListItem\",\"position\":1,\"name\":\"Anasayfa\",\"item\":\"https:\\\/\\\/klinik19.com\\\/\"},{\"@type\":\"ListItem\",\"position\":2,\"name\":\"Seyahat, Otel ve Konaklama Yard\u0131m ve \u00d6neriler\"}]},{\"@type\":\"WebSite\",\"@id\":\"https:\\\/\\\/klinik19.com\\\/#website\",\"url\":\"https:\\\/\\\/klinik19.com\\\/\",\"name\":\"Klinik19 &Ccedil;orum - A\u011f\u0131z ve Di\u015f Sa\u011fl\u0131\u011f\u0131 Klini\u011fi\",\"description\":\"De\u011fi\u015fimi G&uuml;l&uuml;msemende Hisset\",\"publisher\":{\"@id\":\"https:\\\/\\\/klinik19.com\\\/#organization\"},\"potentialAction\":[{\"@type\":\"SearchAction\",\"target\":{\"@type\":\"EntryPoint\",\"urlTemplate\":\"https:\\\/\\\/klinik19.com\\\/?s={search_term_string}\"},\"query-input\":{\"@type\":\"PropertyValueSpecification\",\"valueRequired\":true,\"valueName\":\"search_term_string\"}}],\"inLanguage\":\"en-US\"},{\"@type\":\"Organization\",\"@id\":\"https:\\\/\\\/klinik19.com\\\/#organization\",\"name\":\"Klinik19 - A\u011f\u0131z ve Di\u015f Sa\u011fl\u0131\u011f\u0131 Poliklini\u011fi\",\"url\":\"https:\\\/\\\/klinik19.com\\\/\",\"logo\":{\"@type\":\"ImageObject\",\"inLanguage\":\"en-US\",\"@id\":\"https:\\\/\\\/klinik19.com\\\/#\\\/schema\\\/logo\\\/image\\\/\",\"url\":\"https:\\\/\\\/klinik19.com\\\/wp-content\\\/uploads\\\/2022\\\/02\\\/klinik19-logobg.png\",\"contentUrl\":\"https:\\\/\\\/klinik19.com\\\/wp-content\\\/uploads\\\/2022\\\/02\\\/klinik19-logobg.png\",\"width\":706,\"height\":431,\"caption\":\"Klinik19 - A\u011f\u0131z ve Di\u015f Sa\u011fl\u0131\u011f\u0131 Poliklini\u011fi\"},\"image\":{\"@id\":\"https:\\\/\\\/klinik19.com\\\/#\\\/schema\\\/logo\\\/image\\\/\"},\"sameAs\":[\"https:\\\/\\\/www.facebook.com\\\/klinik19corum\\\/\",\"https:\\\/\\\/www.instagram.com\\\/klinik.19\\\/\"]}]}<\/script>\n<!-- \/ Yoast SEO plugin. -->","yoast_head_json":{"title":"Seyahat, Otel ve Konaklama Yard\u0131m ve \u00d6neriler - Klinik19 &Ccedil;orum - A\u011f\u0131z ve Di\u015f Sa\u011fl\u0131\u011f\u0131 Klini\u011fi","robots":{"index":"index","follow":"follow","max-snippet":"max-snippet:-1","max-image-preview":"max-image-preview:large","max-video-preview":"max-video-preview:-1"},"canonical":"https:\/\/klinik19.com\/en\/travel-hotel-and-accommodation-help-and-advice\/","og_locale":"en_US","og_type":"article","og_title":"Seyahat, Otel ve Konaklama Yard\u0131m ve \u00d6neriler - Klinik19 &Ccedil;orum - A\u011f\u0131z ve Di\u015f Sa\u011fl\u0131\u011f\u0131 Klini\u011fi","og_description":"Seyahat, Otel ve Konaklama Yard\u0131m ve \u00d6neriler Klinik19 Uluslararas\u0131 Hasta Hizmetleri Merkezi, talebinize g\u00f6re seyahatinizi koordine ederken, konaklama yerinizi se\u00e7erken ve ziyaretinizden \u00f6nce rezervasyon yaparken size ve aile \u00fcyelerinize yard\u0131mc\u0131 olabilir \u015fehir merkezlerinde bulunan anla\u015fmal\u0131 5 y\u0131ld\u0131zl\u0131 otelde size en uygun fiyatlarla \u00e7e\u015fitli se\u00e7enekler sunulacakt\u0131r. Seyahatinizden \u00d6nce Giderek artan say\u0131da insan t\u0131bbi tedavi i\u00e7in yurt","og_url":"https:\/\/klinik19.com\/en\/travel-hotel-and-accommodation-help-and-advice\/","og_site_name":"Klinik19 &Ccedil;orum - A\u011f\u0131z ve Di\u015f Sa\u011fl\u0131\u011f\u0131 Klini\u011fi","article_publisher":"https:\/\/www.facebook.com\/klinik19corum\/","article_modified_time":"2022-10-18T20:33:20+00:00","twitter_card":"summary_large_image","twitter_misc":{"Est. reading time":"3 minutes"},"schema":{"@context":"https:\/\/schema.org","@graph":[{"@type":"WebPage","@id":"https:\/\/klinik19.com\/seyahat-otel-ve-konaklama-yardim-ve-oneriler\/","url":"https:\/\/klinik19.com\/seyahat-otel-ve-konaklama-yardim-ve-oneriler\/","name":"Seyahat, Otel ve Konaklama Yard\u0131m ve \u00d6neriler - Klinik19 &Ccedil;orum - A\u011f\u0131z ve Di\u015f Sa\u011fl\u0131\u011f\u0131 Klini\u011fi","isPartOf":{"@id":"https:\/\/klinik19.com\/#website"},"datePublished":"2022-10-08T21:43:21+00:00","dateModified":"2022-10-18T20:33:20+00:00","breadcrumb":{"@id":"https:\/\/klinik19.com\/seyahat-otel-ve-konaklama-yardim-ve-oneriler\/#breadcrumb"},"inLanguage":"en-US","potentialAction":[{"@type":"ReadAction","target":["https:\/\/klinik19.com\/seyahat-otel-ve-konaklama-yardim-ve-oneriler\/"]}]},{"@type":"BreadcrumbList","@id":"https:\/\/klinik19.com\/seyahat-otel-ve-konaklama-yardim-ve-oneriler\/#breadcrumb","itemListElement":[{"@type":"ListItem","position":1,"name":"Anasayfa","item":"https:\/\/klinik19.com\/"},{"@type":"ListItem","position":2,"name":"Seyahat, Otel ve Konaklama Yard\u0131m ve \u00d6neriler"}]},{"@type":"WebSite","@id":"https:\/\/klinik19.com\/#website","url":"https:\/\/klinik19.com\/","name":"Klinik19 &Ccedil;orum - A\u011f\u0131z ve Di\u015f Sa\u011fl\u0131\u011f\u0131 Klini\u011fi","description":"De\u011fi\u015fimi G&uuml;l&uuml;msemende Hisset","publisher":{"@id":"https:\/\/klinik19.com\/#organization"},"potentialAction":[{"@type":"SearchAction","target":{"@type":"EntryPoint","urlTemplate":"https:\/\/klinik19.com\/?s={search_term_string}"},"query-input":{"@type":"PropertyValueSpecification","valueRequired":true,"valueName":"search_term_string"}}],"inLanguage":"en-US"},{"@type":"Organization","@id":"https:\/\/klinik19.com\/#organization","name":"Klinik19 - A\u011f\u0131z ve Di\u015f Sa\u011fl\u0131\u011f\u0131 Poliklini\u011fi","url":"https:\/\/klinik19.com\/","logo":{"@type":"ImageObject","inLanguage":"en-US","@id":"https:\/\/klinik19.com\/#\/schema\/logo\/image\/","url":"https:\/\/klinik19.com\/wp-content\/uploads\/2022\/02\/klinik19-logobg.png","contentUrl":"https:\/\/klinik19.com\/wp-content\/uploads\/2022\/02\/klinik19-logobg.png","width":706,"height":431,"caption":"Klinik19 - A\u011f\u0131z ve Di\u015f Sa\u011fl\u0131\u011f\u0131 Poliklini\u011fi"},"image":{"@id":"https:\/\/klinik19.com\/#\/schema\/logo\/image\/"},"sameAs":["https:\/\/www.facebook.com\/klinik19corum\/","https:\/\/www.instagram.com\/klinik.19\/"]}]}},"_links":{"self":[{"href":"https:\/\/klinik19.com\/en\/wp-json\/wp\/v2\/pages\/3956","targetHints":{"allow":["GET"]}}],"collection":[{"href":"https:\/\/klinik19.com\/en\/wp-json\/wp\/v2\/pages"}],"about":[{"href":"https:\/\/klinik19.com\/en\/wp-json\/wp\/v2\/types\/page"}],"author":[{"embeddable":true,"href":"https:\/\/klinik19.com\/en\/wp-json\/wp\/v2\/users\/1"}],"replies":[{"embeddable":true,"href":"https:\/\/klinik19.com\/en\/wp-json\/wp\/v2\/comments?post=3956"}],"version-history":[{"count":8,"href":"https:\/\/klinik19.com\/en\/wp-json\/wp\/v2\/pages\/3956\/revisions"}],"predecessor-version":[{"id":4005,"href":"https:\/\/klinik19.com\/en\/wp-json\/wp\/v2\/pages\/3956\/revisions\/4005"}],"wp:attachment":[{"href":"https:\/\/klinik19.com\/en\/wp-json\/wp\/v2\/media?parent=3956"}],"curies":[{"name":"wp","href":"https:\/\/api.w.org\/{rel}","templated":true}]}}