{"id":4044,"date":"2022-10-24T20:21:27","date_gmt":"2022-10-24T17:21:27","guid":{"rendered":"https:\/\/klinik19.com\/?page_id=4044"},"modified":"2025-04-02T18:55:17","modified_gmt":"2025-04-02T15:55:17","slug":"zirkonyum-dis-kaplama-emax","status":"publish","type":"page","link":"https:\/\/klinik19.com\/en\/zirkonyum-dis-kaplama-emax\/","title":{"rendered":"Zirkonyum Di\u015f Kaplama"},"content":{"rendered":"<div id=\"pl-4044\"  class=\"panel-layout\" ><div id=\"pg-4044-0\"  class=\"panel-grid panel-has-style\" ><div class=\"divider-no-animation panel-row-style panel-row-style-for-4044-0\" ><div id=\"pgc-4044-0-0\"  class=\"panel-grid-cell\" ><div id=\"panel-4044-0-0-0\" class=\"so-panel widget widget_sow-editor panel-first-child\" data-index=\"0\" ><div class=\"orion custom default panel-widget-style panel-widget-style-for-4044-0-0-0\" ><div\n\t\t\t\n\t\t\tclass=\"so-widget-sow-editor so-widget-sow-editor-base\"\n\t\t\t\n\t\t>\n<div class=\"siteorigin-widget-tinymce textwidget\">\n\t<h2><b>Zirkonyum Destekli Porselen Nedir?<\/b><\/h2>\n<p><span style=\"font-weight: 400;\">Zirkonyum destekli porselen kaplamalar, alt yap\u0131 olarak metal yerine beyaz renge sahip olan zirkonyum ala\u015f\u0131m kullan\u0131lan estetik ve alerjik olmayan protezlerdir<\/span><span style=\"font-weight: 400;\">.<\/span><\/p>\n<h2><b>Zirkonyum Destekli Porselen Kaplamalar\u0131n Avantajlar\u0131 Nelerdir?<\/b><\/h2>\n<p><span style=\"font-weight: 400;\">Zirconium veneers;<\/span><\/p>\n<ul>\n<li style=\"font-weight: 400;\" aria-level=\"1\"><span style=\"font-weight: 400;\">It has an aesthetic appearance very close to natural teeth.<\/span><\/li>\n<li style=\"font-weight: 400;\" aria-level=\"1\"><span style=\"font-weight: 400;\">It is much more aesthetic than metal-supported coatings.<\/span><\/li>\n<li style=\"font-weight: 400;\" aria-level=\"1\"><span style=\"font-weight: 400;\">It reflects light.<\/span><\/li>\n<li style=\"font-weight: 400;\" aria-level=\"1\"><span style=\"font-weight: 400;\">Since a white alloy is used as the infrastructure, no dark line is formed at the gingival level.<\/span><\/li>\n<li style=\"font-weight: 400;\" aria-level=\"1\"><span style=\"font-weight: 400;\">It is 100% compatible with the human body. Does not show allergic reaction.<\/span><\/li>\n<\/ul>\n<h2><b>Full Porselen (EMAX) Kaplama nedir?<\/b><span style=\"font-weight: 400;\">\u00a0<\/span><\/h2>\n<p><span style=\"font-weight: 400;\">Emax (full porselen) kaplamalar g\u00fc\u00e7lendirilmi\u015f porselenden yap\u0131l\u0131rlar. Ad\u0131ndan anla\u015f\u0131ld\u0131\u011f\u0131 gibi alt yap\u0131da metal ya da herhangi bir ba\u015fka madde kullan\u0131lmamaktad\u0131r. Di\u011fer porselen kaplamalara oranla daha y\u00fcksek maliyete sahip olan full porselen kaplamalar do\u011fal di\u015f en yak\u0131n estetik g\u00f6r\u00fcn\u00fcme sahiptirler. DSD Dijital G\u00fcl\u00fc\u015f Tasar\u0131m\u0131 yap\u0131l\u0131rken genellikle Emax kaplamalar uygulan\u0131r.<\/span><\/p>\n<h3><strong>Emax Kaplamalar\u0131n Avantajlar\u0131<\/strong><\/h3>\n<ul>\n<li style=\"font-weight: 400;\" aria-level=\"1\"><span style=\"font-weight: 400;\">Emax son derece do\u011fal ve ger\u00e7ek bir di\u015f g\u00f6r\u00fcn\u00fcm\u00fc sunar. \u015eeffafl\u0131k seviyesi de gayet ideal d\u00fczeydedir ve bu da do\u011fal di\u015f g\u00f6r\u00fcn\u00fcm\u00fcne en yak\u0131n kaplama y\u00f6ntemidir.<\/span><\/li>\n<li style=\"font-weight: 400;\" aria-level=\"1\"><span style=\"font-weight: 400;\">Emax kaplamalar zirkonyum kaplamalardan daha \u015feffaf bir g\u00f6r\u00fcn\u00fcme sahiptir ve daha sa\u011flamd\u0131r.<\/span><\/li>\n<li style=\"font-weight: 400;\" aria-level=\"1\"><span style=\"font-weight: 400;\">Di\u015f etlerinde porselen di\u015flerde oldu\u011fu gibi mor ya da gri g\u00f6r\u00fcn\u00fcme yol a\u00e7maz.<\/span><\/li>\n<li style=\"font-weight: 400;\" aria-level=\"1\"><span style=\"font-weight: 400;\">Doku ile uyumlu oldu\u011fundan alerjik reaksiyon ger\u00e7ekle\u015ftirmez.<\/span><\/li>\n<li style=\"font-weight: 400;\" aria-level=\"1\"><span style=\"font-weight: 400;\">Emax kaplamalar\u0131n \u00fcretim s\u00fcreci di\u011fer y\u00f6ntemlere g\u00f6re \u00e7ok h\u0131zl\u0131d\u0131r<\/span><\/li>\n<li style=\"font-weight: 400;\" aria-level=\"1\"><span style=\"font-weight: 400;\">Pek \u00e7ok di\u015f kaplama y\u00f6ntemi ile k\u0131yasland\u0131\u011f\u0131nda di\u015f eti kenar\u0131 m\u00fckemmel bir g\u00f6r\u00fcn\u00fcm sergiler.<\/span><\/li>\n<li style=\"font-weight: 400;\" aria-level=\"1\"><span style=\"font-weight: 400;\">A\u015f\u0131nmaya kar\u015f\u0131 diren\u00e7li bir yap\u0131ya sahiptir.<\/span><\/li>\n<li style=\"font-weight: 400;\" aria-level=\"1\"><span style=\"font-weight: 400;\">Di\u011fer kaplamalardan farkl\u0131 olarak s\u0131v\u0131 emme d\u00fczeyi d\u00fc\u015f\u00fckt\u00fcr.<\/span><\/li>\n<li style=\"font-weight: 400;\" aria-level=\"1\"><span style=\"font-weight: 400;\">Uzun s\u00fcreli kullan\u0131mlarda da \u015fekil ve renk de\u011fi\u015fikli\u011fi meydana gelmez.<\/span><\/li>\n<\/ul>\n<h3><\/h3>\n<\/div>\n<\/div><\/div><\/div><div id=\"panel-4044-0-0-1\" class=\"so-panel widget widget_sow-editor\" data-index=\"1\" ><div class=\"orion custom default panel-widget-style panel-widget-style-for-4044-0-0-1\" ><div\n\t\t\t\n\t\t\tclass=\"so-widget-sow-editor so-widget-sow-editor-base\"\n\t\t\t\n\t\t>\n<div class=\"siteorigin-widget-tinymce textwidget\">\n\t<p>&nbsp;<\/p>\n<p><strong>Bu sayfadaki i\u00e7erik yaln\u0131zca bilgilendirme ama\u00e7l\u0131d\u0131r.<\/strong><br \/>\n<strong>Tan\u0131 ve tedavi i\u00e7in mutlaka di\u015f hekiminize dan\u0131\u015fmal\u0131s\u0131n\u0131z.<\/strong><\/p>\n<\/div>\n<\/div><\/div><\/div><div id=\"panel-4044-0-0-2\" class=\"so-panel widget widget_sow-image panel-last-child\" data-index=\"2\" ><div class=\"orion custom default panel-widget-style panel-widget-style-for-4044-0-0-2\" ><div\n\t\t\t\n\t\t\tclass=\"so-widget-sow-image so-widget-sow-image-default-dbf295114b96-4044\"\n\t\t\t\n\t\t>\n<div class=\"sow-image-container\">\n\t\t<img \n\tsrc=\"https:\/\/klinik19.com\/wp-content\/uploads\/2022\/01\/klinik19_zirkonyum_corum.png\" width=\"900\" height=\"400\" srcset=\"https:\/\/klinik19.com\/wp-content\/uploads\/2022\/01\/klinik19_zirkonyum_corum.png 900w, https:\/\/klinik19.com\/wp-content\/uploads\/2022\/01\/klinik19_zirkonyum_corum-300x133.png 300w, https:\/\/klinik19.com\/wp-content\/uploads\/2022\/01\/klinik19_zirkonyum_corum-768x341.png 768w, https:\/\/klinik19.com\/wp-content\/uploads\/2022\/01\/klinik19_zirkonyum_corum-750x333.png 750w\" sizes=\"(max-width: 900px) 100vw, 900px\" alt=\"klinik19_zirkonyum_corum\" \t\tclass=\"so-widget-image\"\/>\n\t<\/div>\n\n<\/div><\/div><\/div><\/div><\/div><\/div><\/div>","protected":false},"excerpt":{"rendered":"<p>Zirkonyum Destekli Porselen Nedir? Zirkonyum destekli porselen kaplamalar, alt yap\u0131 olarak metal yerine beyaz renge sahip olan zirkonyum ala\u015f\u0131m kullan\u0131lan estetik ve alerjik olmayan protezlerdir. Zirkonyum Destekli Porselen Kaplamalar\u0131n Avantajlar\u0131 Nelerdir? Zirkonyum kaplamalar; Do\u011fal di\u015fe \u00e7ok yak\u0131n estetik g\u00f6r\u00fcn\u00fcme sahiptir. Metal destekli kaplamalara g\u00f6re \u00e7ok daha estetiktir. I\u015f\u0131\u011f\u0131 yans\u0131t\u0131r. Alt yap\u0131 olarak beyaz renkli ala\u015f\u0131m<\/p>","protected":false},"author":1,"featured_media":0,"parent":0,"menu_order":0,"comment_status":"closed","ping_status":"closed","template":"","meta":{"footnotes":""},"class_list":["post-4044","page","type-page","status-publish","hentry"],"yoast_head":"<!-- This site is optimized with the Yoast SEO plugin v27.5 - https:\/\/yoast.com\/product\/yoast-seo-wordpress\/ -->\n<title>Zirkonyum Di\u015f Kaplama - Klinik19 &Ccedil;orum - A\u011f\u0131z ve Di\u015f Sa\u011fl\u0131\u011f\u0131 Klini\u011fi<\/title>\n<meta name=\"robots\" content=\"index, follow, max-snippet:-1, max-image-preview:large, max-video-preview:-1\" \/>\n<link rel=\"canonical\" href=\"https:\/\/klinik19.com\/en\/zirkonyum-dis-kaplama-emax\/\" \/>\n<meta property=\"og:locale\" content=\"en_US\" \/>\n<meta property=\"og:type\" content=\"article\" \/>\n<meta property=\"og:title\" content=\"Zirkonyum Di\u015f Kaplama - Klinik19 &Ccedil;orum - A\u011f\u0131z ve Di\u015f Sa\u011fl\u0131\u011f\u0131 Klini\u011fi\" \/>\n<meta property=\"og:description\" content=\"Zirkonyum Destekli Porselen Nedir? Zirkonyum destekli porselen kaplamalar, alt yap\u0131 olarak metal yerine beyaz renge sahip olan zirkonyum ala\u015f\u0131m kullan\u0131lan estetik ve alerjik olmayan protezlerdir. Zirkonyum Destekli Porselen Kaplamalar\u0131n Avantajlar\u0131 Nelerdir? Zirkonyum kaplamalar; Do\u011fal di\u015fe \u00e7ok yak\u0131n estetik g\u00f6r\u00fcn\u00fcme sahiptir. Metal destekli kaplamalara g\u00f6re \u00e7ok daha estetiktir. I\u015f\u0131\u011f\u0131 yans\u0131t\u0131r. Alt yap\u0131 olarak beyaz renkli ala\u015f\u0131m\" \/>\n<meta property=\"og:url\" content=\"https:\/\/klinik19.com\/en\/zirkonyum-dis-kaplama-emax\/\" \/>\n<meta property=\"og:site_name\" content=\"Klinik19 &Ccedil;orum - A\u011f\u0131z ve Di\u015f Sa\u011fl\u0131\u011f\u0131 Klini\u011fi\" \/>\n<meta property=\"article:publisher\" content=\"https:\/\/www.facebook.com\/klinik19corum\/\" \/>\n<meta property=\"article:modified_time\" content=\"2025-04-02T15:55:17+00:00\" \/>\n<meta name=\"twitter:card\" content=\"summary_large_image\" \/>\n<meta name=\"twitter:label1\" content=\"Est. reading time\" \/>\n\t<meta name=\"twitter:data1\" content=\"2 minutes\" \/>\n<script type=\"application\/ld+json\" class=\"yoast-schema-graph\">{\"@context\":\"https:\\\/\\\/schema.org\",\"@graph\":[{\"@type\":\"WebPage\",\"@id\":\"https:\\\/\\\/klinik19.com\\\/zirkonyum-dis-kaplama-emax\\\/\",\"url\":\"https:\\\/\\\/klinik19.com\\\/zirkonyum-dis-kaplama-emax\\\/\",\"name\":\"Zirkonyum Di\u015f Kaplama - Klinik19 &Ccedil;orum - A\u011f\u0131z ve Di\u015f Sa\u011fl\u0131\u011f\u0131 Klini\u011fi\",\"isPartOf\":{\"@id\":\"https:\\\/\\\/klinik19.com\\\/#website\"},\"datePublished\":\"2022-10-24T17:21:27+00:00\",\"dateModified\":\"2025-04-02T15:55:17+00:00\",\"breadcrumb\":{\"@id\":\"https:\\\/\\\/klinik19.com\\\/zirkonyum-dis-kaplama-emax\\\/#breadcrumb\"},\"inLanguage\":\"en-US\",\"potentialAction\":[{\"@type\":\"ReadAction\",\"target\":[\"https:\\\/\\\/klinik19.com\\\/zirkonyum-dis-kaplama-emax\\\/\"]}]},{\"@type\":\"BreadcrumbList\",\"@id\":\"https:\\\/\\\/klinik19.com\\\/zirkonyum-dis-kaplama-emax\\\/#breadcrumb\",\"itemListElement\":[{\"@type\":\"ListItem\",\"position\":1,\"name\":\"Anasayfa\",\"item\":\"https:\\\/\\\/klinik19.com\\\/\"},{\"@type\":\"ListItem\",\"position\":2,\"name\":\"Zirkonyum Di\u015f Kaplama\"}]},{\"@type\":\"WebSite\",\"@id\":\"https:\\\/\\\/klinik19.com\\\/#website\",\"url\":\"https:\\\/\\\/klinik19.com\\\/\",\"name\":\"Klinik19 &Ccedil;orum - A\u011f\u0131z ve Di\u015f Sa\u011fl\u0131\u011f\u0131 Klini\u011fi\",\"description\":\"De\u011fi\u015fimi G&uuml;l&uuml;msemende Hisset\",\"publisher\":{\"@id\":\"https:\\\/\\\/klinik19.com\\\/#organization\"},\"potentialAction\":[{\"@type\":\"SearchAction\",\"target\":{\"@type\":\"EntryPoint\",\"urlTemplate\":\"https:\\\/\\\/klinik19.com\\\/?s={search_term_string}\"},\"query-input\":{\"@type\":\"PropertyValueSpecification\",\"valueRequired\":true,\"valueName\":\"search_term_string\"}}],\"inLanguage\":\"en-US\"},{\"@type\":\"Organization\",\"@id\":\"https:\\\/\\\/klinik19.com\\\/#organization\",\"name\":\"Klinik19 - A\u011f\u0131z ve Di\u015f Sa\u011fl\u0131\u011f\u0131 Poliklini\u011fi\",\"url\":\"https:\\\/\\\/klinik19.com\\\/\",\"logo\":{\"@type\":\"ImageObject\",\"inLanguage\":\"en-US\",\"@id\":\"https:\\\/\\\/klinik19.com\\\/#\\\/schema\\\/logo\\\/image\\\/\",\"url\":\"https:\\\/\\\/klinik19.com\\\/wp-content\\\/uploads\\\/2022\\\/02\\\/klinik19-logobg.png\",\"contentUrl\":\"https:\\\/\\\/klinik19.com\\\/wp-content\\\/uploads\\\/2022\\\/02\\\/klinik19-logobg.png\",\"width\":706,\"height\":431,\"caption\":\"Klinik19 - A\u011f\u0131z ve Di\u015f Sa\u011fl\u0131\u011f\u0131 Poliklini\u011fi\"},\"image\":{\"@id\":\"https:\\\/\\\/klinik19.com\\\/#\\\/schema\\\/logo\\\/image\\\/\"},\"sameAs\":[\"https:\\\/\\\/www.facebook.com\\\/klinik19corum\\\/\",\"https:\\\/\\\/www.instagram.com\\\/klinik.19\\\/\"]}]}<\/script>\n<!-- \/ Yoast SEO plugin. -->","yoast_head_json":{"title":"Zirkonyum Di\u015f Kaplama - Klinik19 &Ccedil;orum - A\u011f\u0131z ve Di\u015f Sa\u011fl\u0131\u011f\u0131 Klini\u011fi","robots":{"index":"index","follow":"follow","max-snippet":"max-snippet:-1","max-image-preview":"max-image-preview:large","max-video-preview":"max-video-preview:-1"},"canonical":"https:\/\/klinik19.com\/en\/zirkonyum-dis-kaplama-emax\/","og_locale":"en_US","og_type":"article","og_title":"Zirkonyum Di\u015f Kaplama - Klinik19 &Ccedil;orum - A\u011f\u0131z ve Di\u015f Sa\u011fl\u0131\u011f\u0131 Klini\u011fi","og_description":"Zirkonyum Destekli Porselen Nedir? Zirkonyum destekli porselen kaplamalar, alt yap\u0131 olarak metal yerine beyaz renge sahip olan zirkonyum ala\u015f\u0131m kullan\u0131lan estetik ve alerjik olmayan protezlerdir. Zirkonyum Destekli Porselen Kaplamalar\u0131n Avantajlar\u0131 Nelerdir? Zirkonyum kaplamalar; Do\u011fal di\u015fe \u00e7ok yak\u0131n estetik g\u00f6r\u00fcn\u00fcme sahiptir. Metal destekli kaplamalara g\u00f6re \u00e7ok daha estetiktir. I\u015f\u0131\u011f\u0131 yans\u0131t\u0131r. Alt yap\u0131 olarak beyaz renkli ala\u015f\u0131m","og_url":"https:\/\/klinik19.com\/en\/zirkonyum-dis-kaplama-emax\/","og_site_name":"Klinik19 &Ccedil;orum - A\u011f\u0131z ve Di\u015f Sa\u011fl\u0131\u011f\u0131 Klini\u011fi","article_publisher":"https:\/\/www.facebook.com\/klinik19corum\/","article_modified_time":"2025-04-02T15:55:17+00:00","twitter_card":"summary_large_image","twitter_misc":{"Est. reading time":"2 minutes"},"schema":{"@context":"https:\/\/schema.org","@graph":[{"@type":"WebPage","@id":"https:\/\/klinik19.com\/zirkonyum-dis-kaplama-emax\/","url":"https:\/\/klinik19.com\/zirkonyum-dis-kaplama-emax\/","name":"Zirkonyum Di\u015f Kaplama - Klinik19 &Ccedil;orum - A\u011f\u0131z ve Di\u015f Sa\u011fl\u0131\u011f\u0131 Klini\u011fi","isPartOf":{"@id":"https:\/\/klinik19.com\/#website"},"datePublished":"2022-10-24T17:21:27+00:00","dateModified":"2025-04-02T15:55:17+00:00","breadcrumb":{"@id":"https:\/\/klinik19.com\/zirkonyum-dis-kaplama-emax\/#breadcrumb"},"inLanguage":"en-US","potentialAction":[{"@type":"ReadAction","target":["https:\/\/klinik19.com\/zirkonyum-dis-kaplama-emax\/"]}]},{"@type":"BreadcrumbList","@id":"https:\/\/klinik19.com\/zirkonyum-dis-kaplama-emax\/#breadcrumb","itemListElement":[{"@type":"ListItem","position":1,"name":"Anasayfa","item":"https:\/\/klinik19.com\/"},{"@type":"ListItem","position":2,"name":"Zirkonyum Di\u015f Kaplama"}]},{"@type":"WebSite","@id":"https:\/\/klinik19.com\/#website","url":"https:\/\/klinik19.com\/","name":"Klinik19 &Ccedil;orum - A\u011f\u0131z ve Di\u015f Sa\u011fl\u0131\u011f\u0131 Klini\u011fi","description":"De\u011fi\u015fimi G&uuml;l&uuml;msemende Hisset","publisher":{"@id":"https:\/\/klinik19.com\/#organization"},"potentialAction":[{"@type":"SearchAction","target":{"@type":"EntryPoint","urlTemplate":"https:\/\/klinik19.com\/?s={search_term_string}"},"query-input":{"@type":"PropertyValueSpecification","valueRequired":true,"valueName":"search_term_string"}}],"inLanguage":"en-US"},{"@type":"Organization","@id":"https:\/\/klinik19.com\/#organization","name":"Klinik19 - A\u011f\u0131z ve Di\u015f Sa\u011fl\u0131\u011f\u0131 Poliklini\u011fi","url":"https:\/\/klinik19.com\/","logo":{"@type":"ImageObject","inLanguage":"en-US","@id":"https:\/\/klinik19.com\/#\/schema\/logo\/image\/","url":"https:\/\/klinik19.com\/wp-content\/uploads\/2022\/02\/klinik19-logobg.png","contentUrl":"https:\/\/klinik19.com\/wp-content\/uploads\/2022\/02\/klinik19-logobg.png","width":706,"height":431,"caption":"Klinik19 - A\u011f\u0131z ve Di\u015f Sa\u011fl\u0131\u011f\u0131 Poliklini\u011fi"},"image":{"@id":"https:\/\/klinik19.com\/#\/schema\/logo\/image\/"},"sameAs":["https:\/\/www.facebook.com\/klinik19corum\/","https:\/\/www.instagram.com\/klinik.19\/"]}]}},"_links":{"self":[{"href":"https:\/\/klinik19.com\/en\/wp-json\/wp\/v2\/pages\/4044","targetHints":{"allow":["GET"]}}],"collection":[{"href":"https:\/\/klinik19.com\/en\/wp-json\/wp\/v2\/pages"}],"about":[{"href":"https:\/\/klinik19.com\/en\/wp-json\/wp\/v2\/types\/page"}],"author":[{"embeddable":true,"href":"https:\/\/klinik19.com\/en\/wp-json\/wp\/v2\/users\/1"}],"replies":[{"embeddable":true,"href":"https:\/\/klinik19.com\/en\/wp-json\/wp\/v2\/comments?post=4044"}],"version-history":[{"count":4,"href":"https:\/\/klinik19.com\/en\/wp-json\/wp\/v2\/pages\/4044\/revisions"}],"predecessor-version":[{"id":4404,"href":"https:\/\/klinik19.com\/en\/wp-json\/wp\/v2\/pages\/4044\/revisions\/4404"}],"wp:attachment":[{"href":"https:\/\/klinik19.com\/en\/wp-json\/wp\/v2\/media?parent=4044"}],"curies":[{"name":"wp","href":"https:\/\/api.w.org\/{rel}","templated":true}]}}