{"id":4417,"date":"2025-04-03T18:33:19","date_gmt":"2025-04-03T15:33:19","guid":{"rendered":"https:\/\/klinik19.com\/?page_id=4417"},"modified":"2025-04-03T18:33:19","modified_gmt":"2025-04-03T15:33:19","slug":"dental-botoks","status":"publish","type":"page","link":"https:\/\/klinik19.com\/en\/dental-botoks\/","title":{"rendered":"Dental Botoks"},"content":{"rendered":"<div id=\"pl-4417\"  class=\"panel-layout\" ><div id=\"pg-4417-0\"  class=\"panel-grid panel-has-style\" ><div class=\"divider-no-animation panel-row-style panel-row-style-for-4417-0\" ><div id=\"pgc-4417-0-0\"  class=\"panel-grid-cell\" ><div id=\"panel-4417-0-0-0\" class=\"so-panel widget widget_sow-editor panel-first-child\" data-index=\"0\" ><div class=\"orion custom default panel-widget-style panel-widget-style-for-4417-0-0-0\" ><div\n\t\t\t\n\t\t\tclass=\"so-widget-sow-editor so-widget-sow-editor-base\"\n\t\t\t\n\t\t>\n<div class=\"siteorigin-widget-tinymce textwidget\">\n\t<p><span style=\"font-weight: 400;\">Dental botoks, genellikle di\u015f hekimleri taraf\u0131ndan kullan\u0131lan bir tedavi y\u00f6ntemidir ve di\u015f, \u00e7ene kaslar\u0131 ile ilgili sorunlar\u0131 \u00e7\u00f6zmek i\u00e7in uygulan\u0131r. Botoks (botulinum toksini), kaslar\u0131 ge\u00e7ici olarak gev\u015feten bir protein olup, genellikle estetik ama\u00e7larla k\u0131r\u0131\u015f\u0131kl\u0131klar\u0131 azaltmak i\u00e7in kullan\u0131l\u0131r. Ancak dental botoks, a\u015fa\u011f\u0131daki sorunlar\u0131 tedavi etmek i\u00e7in de uygulanabilir:<\/span><\/p>\n<p><b>Bruksizm (Di\u015f G\u0131c\u0131rdatma ve S\u0131kma)<\/b><span style=\"font-weight: 400;\">: Di\u015flerin g\u0131c\u0131rdat\u0131lmas\u0131 veya s\u0131k\u0131lmas\u0131, \u00e7ene kaslar\u0131n\u0131 a\u015f\u0131r\u0131 zorlayabilir ve a\u011fr\u0131ya, di\u015flerde a\u015f\u0131nmaya ve \u00e7ene eklemi problemlerine yol a\u00e7abilir. Botoks, bu kaslar\u0131n gev\u015femesine yard\u0131mc\u0131 olarak, bruksizm nedeniyle olu\u015fan a\u011fr\u0131lar\u0131 azaltabilir.<\/span><\/p>\n<p><b>\u00c7ene A\u011fr\u0131lar\u0131 ve Temporomandibular Eklem (TME) Problemleri<\/b><span style=\"font-weight: 400;\">: \u00c7ene eklemi ile ilgili rahats\u0131zl\u0131klar ve kas spazmlar\u0131 botoks ile hafifletilebilir. \u00c7ene kaslar\u0131n\u0131n fazla \u00e7al\u0131\u015fmas\u0131, a\u011fr\u0131ya ve \u00e7ene hareketlili\u011finde zorluklara neden olabilir. Botoks bu kaslar\u0131 rahatlat\u0131r.<\/span><\/p>\n<p><b>Estetik Ama\u00e7lar:<\/b><span style=\"font-weight: 400;\"> Dental botoks, g\u00fcl\u00fcmseme \u00e7izgilerini yumu\u015fatmak veya di\u015f etlerinin a\u015f\u0131r\u0131 g\u00f6r\u00fcnmesini engellemek i\u00e7in de kullan\u0131labilir.<\/span> <span style=\"font-weight: 400;\">G\u00fcl\u00fc\u015f s\u0131ras\u0131nda di\u015f etlerinin fazla g\u00f6r\u00fcnmesi durumunda, \u00fcst dudak kaslar\u0131n\u0131 gev\u015feterek estetik bir iyile\u015fme sa\u011flar\u00a0<\/span><\/p>\n<p><span style=\"font-weight: 400;\">Botoks uygulamalar\u0131 genellikle a\u011fr\u0131s\u0131zd\u0131r ve etkisi birka\u00e7 g\u00fcn i\u00e7inde g\u00f6r\u00fclmeye ba\u015flar. Uygulama sonras\u0131 kaslar rahatlar ve tedavi edilen b\u00f6lgedeki problemler hafifler. Ancak etkisi ge\u00e7icidir ve birka\u00e7 ayda bir tekrarlanmas\u0131 gerekebilir.<\/span><\/p>\n<p><span style=\"font-weight: 400;\">Dental botox, a\u011f\u0131z ve \u00e7ene sa\u011fl\u0131\u011f\u0131 ile estetik g\u00f6r\u00fcn\u00fcm\u00fc iyile\u015ftirmek i\u00e7in etkili bir y\u00f6ntem olarak \u00f6ne \u00e7\u0131kmaktad\u0131r. Ancak, potansiyel riskler ve d\u00fczenleyici k\u0131s\u0131tlamalar nedeniyle, bu tedavinin yaln\u0131zca lisansl\u0131 ve deneyimli di\u015f hekimleri taraf\u0131ndan uygulanmas\u0131 \u00f6nemlidir.<\/span><\/p>\n<p><span style=\"font-weight: 400;\">Botoksun di\u015f hekimleri taraf\u0131ndan do\u011fru \u015fekilde uygulanmas\u0131, tedaviye en iyi sonu\u00e7lar\u0131 elde etmeyi sa\u011flar.<\/span><\/p>\n<\/div>\n<\/div><\/div><\/div><div id=\"panel-4417-0-0-1\" class=\"so-panel widget widget_sow-editor panel-last-child\" data-index=\"1\" ><div class=\"orion custom default panel-widget-style panel-widget-style-for-4417-0-0-1\" ><div\n\t\t\t\n\t\t\tclass=\"so-widget-sow-editor so-widget-sow-editor-base\"\n\t\t\t\n\t\t>\n<div class=\"siteorigin-widget-tinymce textwidget\">\n\t<p>&nbsp;<\/p>\n<p><strong>Bu sayfadaki i\u00e7erik yaln\u0131zca bilgilendirme ama\u00e7l\u0131d\u0131r.<\/strong><br \/>\n<strong>Tan\u0131 ve tedavi i\u00e7in mutlaka di\u015f hekiminize dan\u0131\u015fmal\u0131s\u0131n\u0131z.<\/strong><\/p>\n<\/div>\n<\/div><\/div><\/div><\/div><\/div><\/div><\/div>","protected":false},"excerpt":{"rendered":"<p>Dental botoks, genellikle di\u015f hekimleri taraf\u0131ndan kullan\u0131lan bir tedavi y\u00f6ntemidir ve di\u015f, \u00e7ene kaslar\u0131 ile ilgili sorunlar\u0131 \u00e7\u00f6zmek i\u00e7in uygulan\u0131r. Botoks (botulinum toksini), kaslar\u0131 ge\u00e7ici olarak gev\u015feten bir protein olup, genellikle estetik ama\u00e7larla k\u0131r\u0131\u015f\u0131kl\u0131klar\u0131 azaltmak i\u00e7in kullan\u0131l\u0131r. Ancak dental botoks, a\u015fa\u011f\u0131daki sorunlar\u0131 tedavi etmek i\u00e7in de uygulanabilir: Bruksizm (Di\u015f G\u0131c\u0131rdatma ve S\u0131kma): Di\u015flerin g\u0131c\u0131rdat\u0131lmas\u0131 veya<\/p>","protected":false},"author":1,"featured_media":0,"parent":0,"menu_order":0,"comment_status":"closed","ping_status":"closed","template":"","meta":{"footnotes":""},"class_list":["post-4417","page","type-page","status-publish","hentry"],"yoast_head":"<!-- This site is optimized with the Yoast SEO plugin v27.5 - https:\/\/yoast.com\/product\/yoast-seo-wordpress\/ -->\n<title>Dental Botoks - Klinik19 &Ccedil;orum - A\u011f\u0131z ve Di\u015f Sa\u011fl\u0131\u011f\u0131 Klini\u011fi<\/title>\n<meta name=\"robots\" content=\"index, follow, max-snippet:-1, max-image-preview:large, max-video-preview:-1\" \/>\n<link rel=\"canonical\" href=\"https:\/\/klinik19.com\/en\/dental-botoks\/\" \/>\n<meta property=\"og:locale\" content=\"en_US\" \/>\n<meta property=\"og:type\" content=\"article\" \/>\n<meta property=\"og:title\" content=\"Dental Botoks - Klinik19 &Ccedil;orum - A\u011f\u0131z ve Di\u015f Sa\u011fl\u0131\u011f\u0131 Klini\u011fi\" \/>\n<meta property=\"og:description\" content=\"Dental botoks, genellikle di\u015f hekimleri taraf\u0131ndan kullan\u0131lan bir tedavi y\u00f6ntemidir ve di\u015f, \u00e7ene kaslar\u0131 ile ilgili sorunlar\u0131 \u00e7\u00f6zmek i\u00e7in uygulan\u0131r. Botoks (botulinum toksini), kaslar\u0131 ge\u00e7ici olarak gev\u015feten bir protein olup, genellikle estetik ama\u00e7larla k\u0131r\u0131\u015f\u0131kl\u0131klar\u0131 azaltmak i\u00e7in kullan\u0131l\u0131r. Ancak dental botoks, a\u015fa\u011f\u0131daki sorunlar\u0131 tedavi etmek i\u00e7in de uygulanabilir: Bruksizm (Di\u015f G\u0131c\u0131rdatma ve S\u0131kma): Di\u015flerin g\u0131c\u0131rdat\u0131lmas\u0131 veya\" \/>\n<meta property=\"og:url\" content=\"https:\/\/klinik19.com\/en\/dental-botoks\/\" \/>\n<meta property=\"og:site_name\" content=\"Klinik19 &Ccedil;orum - A\u011f\u0131z ve Di\u015f Sa\u011fl\u0131\u011f\u0131 Klini\u011fi\" \/>\n<meta property=\"article:publisher\" content=\"https:\/\/www.facebook.com\/klinik19corum\/\" \/>\n<meta name=\"twitter:card\" content=\"summary_large_image\" \/>\n<script type=\"application\/ld+json\" class=\"yoast-schema-graph\">{\"@context\":\"https:\\\/\\\/schema.org\",\"@graph\":[{\"@type\":\"WebPage\",\"@id\":\"https:\\\/\\\/klinik19.com\\\/de\\\/dental-botoks\\\/\",\"url\":\"https:\\\/\\\/klinik19.com\\\/de\\\/dental-botoks\\\/\",\"name\":\"Dental Botoks - Klinik19 &Ccedil;orum - A\u011f\u0131z ve Di\u015f Sa\u011fl\u0131\u011f\u0131 Klini\u011fi\",\"isPartOf\":{\"@id\":\"https:\\\/\\\/klinik19.com\\\/#website\"},\"datePublished\":\"2025-04-03T15:33:19+00:00\",\"breadcrumb\":{\"@id\":\"https:\\\/\\\/klinik19.com\\\/de\\\/dental-botoks\\\/#breadcrumb\"},\"inLanguage\":\"en-US\",\"potentialAction\":[{\"@type\":\"ReadAction\",\"target\":[\"https:\\\/\\\/klinik19.com\\\/de\\\/dental-botoks\\\/\"]}]},{\"@type\":\"BreadcrumbList\",\"@id\":\"https:\\\/\\\/klinik19.com\\\/de\\\/dental-botoks\\\/#breadcrumb\",\"itemListElement\":[{\"@type\":\"ListItem\",\"position\":1,\"name\":\"Anasayfa\",\"item\":\"https:\\\/\\\/klinik19.com\\\/\"},{\"@type\":\"ListItem\",\"position\":2,\"name\":\"Dental Botoks\"}]},{\"@type\":\"WebSite\",\"@id\":\"https:\\\/\\\/klinik19.com\\\/#website\",\"url\":\"https:\\\/\\\/klinik19.com\\\/\",\"name\":\"Klinik19 &Ccedil;orum - A\u011f\u0131z ve Di\u015f Sa\u011fl\u0131\u011f\u0131 Klini\u011fi\",\"description\":\"De\u011fi\u015fimi G&uuml;l&uuml;msemende Hisset\",\"publisher\":{\"@id\":\"https:\\\/\\\/klinik19.com\\\/#organization\"},\"potentialAction\":[{\"@type\":\"SearchAction\",\"target\":{\"@type\":\"EntryPoint\",\"urlTemplate\":\"https:\\\/\\\/klinik19.com\\\/?s={search_term_string}\"},\"query-input\":{\"@type\":\"PropertyValueSpecification\",\"valueRequired\":true,\"valueName\":\"search_term_string\"}}],\"inLanguage\":\"en-US\"},{\"@type\":\"Organization\",\"@id\":\"https:\\\/\\\/klinik19.com\\\/#organization\",\"name\":\"Klinik19 - A\u011f\u0131z ve Di\u015f Sa\u011fl\u0131\u011f\u0131 Poliklini\u011fi\",\"url\":\"https:\\\/\\\/klinik19.com\\\/\",\"logo\":{\"@type\":\"ImageObject\",\"inLanguage\":\"en-US\",\"@id\":\"https:\\\/\\\/klinik19.com\\\/#\\\/schema\\\/logo\\\/image\\\/\",\"url\":\"https:\\\/\\\/klinik19.com\\\/wp-content\\\/uploads\\\/2022\\\/02\\\/klinik19-logobg.png\",\"contentUrl\":\"https:\\\/\\\/klinik19.com\\\/wp-content\\\/uploads\\\/2022\\\/02\\\/klinik19-logobg.png\",\"width\":706,\"height\":431,\"caption\":\"Klinik19 - A\u011f\u0131z ve Di\u015f Sa\u011fl\u0131\u011f\u0131 Poliklini\u011fi\"},\"image\":{\"@id\":\"https:\\\/\\\/klinik19.com\\\/#\\\/schema\\\/logo\\\/image\\\/\"},\"sameAs\":[\"https:\\\/\\\/www.facebook.com\\\/klinik19corum\\\/\",\"https:\\\/\\\/www.instagram.com\\\/klinik.19\\\/\"]}]}<\/script>\n<!-- \/ Yoast SEO plugin. -->","yoast_head_json":{"title":"Dental Botoks - Klinik19 &Ccedil;orum - A\u011f\u0131z ve Di\u015f Sa\u011fl\u0131\u011f\u0131 Klini\u011fi","robots":{"index":"index","follow":"follow","max-snippet":"max-snippet:-1","max-image-preview":"max-image-preview:large","max-video-preview":"max-video-preview:-1"},"canonical":"https:\/\/klinik19.com\/en\/dental-botoks\/","og_locale":"en_US","og_type":"article","og_title":"Dental Botoks - Klinik19 &Ccedil;orum - A\u011f\u0131z ve Di\u015f Sa\u011fl\u0131\u011f\u0131 Klini\u011fi","og_description":"Dental botoks, genellikle di\u015f hekimleri taraf\u0131ndan kullan\u0131lan bir tedavi y\u00f6ntemidir ve di\u015f, \u00e7ene kaslar\u0131 ile ilgili sorunlar\u0131 \u00e7\u00f6zmek i\u00e7in uygulan\u0131r. Botoks (botulinum toksini), kaslar\u0131 ge\u00e7ici olarak gev\u015feten bir protein olup, genellikle estetik ama\u00e7larla k\u0131r\u0131\u015f\u0131kl\u0131klar\u0131 azaltmak i\u00e7in kullan\u0131l\u0131r. Ancak dental botoks, a\u015fa\u011f\u0131daki sorunlar\u0131 tedavi etmek i\u00e7in de uygulanabilir: Bruksizm (Di\u015f G\u0131c\u0131rdatma ve S\u0131kma): Di\u015flerin g\u0131c\u0131rdat\u0131lmas\u0131 veya","og_url":"https:\/\/klinik19.com\/en\/dental-botoks\/","og_site_name":"Klinik19 &Ccedil;orum - A\u011f\u0131z ve Di\u015f Sa\u011fl\u0131\u011f\u0131 Klini\u011fi","article_publisher":"https:\/\/www.facebook.com\/klinik19corum\/","twitter_card":"summary_large_image","schema":{"@context":"https:\/\/schema.org","@graph":[{"@type":"WebPage","@id":"https:\/\/klinik19.com\/de\/dental-botoks\/","url":"https:\/\/klinik19.com\/de\/dental-botoks\/","name":"Dental Botoks - Klinik19 &Ccedil;orum - A\u011f\u0131z ve Di\u015f Sa\u011fl\u0131\u011f\u0131 Klini\u011fi","isPartOf":{"@id":"https:\/\/klinik19.com\/#website"},"datePublished":"2025-04-03T15:33:19+00:00","breadcrumb":{"@id":"https:\/\/klinik19.com\/de\/dental-botoks\/#breadcrumb"},"inLanguage":"en-US","potentialAction":[{"@type":"ReadAction","target":["https:\/\/klinik19.com\/de\/dental-botoks\/"]}]},{"@type":"BreadcrumbList","@id":"https:\/\/klinik19.com\/de\/dental-botoks\/#breadcrumb","itemListElement":[{"@type":"ListItem","position":1,"name":"Anasayfa","item":"https:\/\/klinik19.com\/"},{"@type":"ListItem","position":2,"name":"Dental Botoks"}]},{"@type":"WebSite","@id":"https:\/\/klinik19.com\/#website","url":"https:\/\/klinik19.com\/","name":"Klinik19 &Ccedil;orum - A\u011f\u0131z ve Di\u015f Sa\u011fl\u0131\u011f\u0131 Klini\u011fi","description":"De\u011fi\u015fimi G&uuml;l&uuml;msemende Hisset","publisher":{"@id":"https:\/\/klinik19.com\/#organization"},"potentialAction":[{"@type":"SearchAction","target":{"@type":"EntryPoint","urlTemplate":"https:\/\/klinik19.com\/?s={search_term_string}"},"query-input":{"@type":"PropertyValueSpecification","valueRequired":true,"valueName":"search_term_string"}}],"inLanguage":"en-US"},{"@type":"Organization","@id":"https:\/\/klinik19.com\/#organization","name":"Klinik19 - A\u011f\u0131z ve Di\u015f Sa\u011fl\u0131\u011f\u0131 Poliklini\u011fi","url":"https:\/\/klinik19.com\/","logo":{"@type":"ImageObject","inLanguage":"en-US","@id":"https:\/\/klinik19.com\/#\/schema\/logo\/image\/","url":"https:\/\/klinik19.com\/wp-content\/uploads\/2022\/02\/klinik19-logobg.png","contentUrl":"https:\/\/klinik19.com\/wp-content\/uploads\/2022\/02\/klinik19-logobg.png","width":706,"height":431,"caption":"Klinik19 - A\u011f\u0131z ve Di\u015f Sa\u011fl\u0131\u011f\u0131 Poliklini\u011fi"},"image":{"@id":"https:\/\/klinik19.com\/#\/schema\/logo\/image\/"},"sameAs":["https:\/\/www.facebook.com\/klinik19corum\/","https:\/\/www.instagram.com\/klinik.19\/"]}]}},"_links":{"self":[{"href":"https:\/\/klinik19.com\/en\/wp-json\/wp\/v2\/pages\/4417","targetHints":{"allow":["GET"]}}],"collection":[{"href":"https:\/\/klinik19.com\/en\/wp-json\/wp\/v2\/pages"}],"about":[{"href":"https:\/\/klinik19.com\/en\/wp-json\/wp\/v2\/types\/page"}],"author":[{"embeddable":true,"href":"https:\/\/klinik19.com\/en\/wp-json\/wp\/v2\/users\/1"}],"replies":[{"embeddable":true,"href":"https:\/\/klinik19.com\/en\/wp-json\/wp\/v2\/comments?post=4417"}],"version-history":[{"count":1,"href":"https:\/\/klinik19.com\/en\/wp-json\/wp\/v2\/pages\/4417\/revisions"}],"predecessor-version":[{"id":4419,"href":"https:\/\/klinik19.com\/en\/wp-json\/wp\/v2\/pages\/4417\/revisions\/4419"}],"wp:attachment":[{"href":"https:\/\/klinik19.com\/en\/wp-json\/wp\/v2\/media?parent=4417"}],"curies":[{"name":"wp","href":"https:\/\/api.w.org\/{rel}","templated":true}]}}