{"id":4427,"date":"2025-04-03T18:41:18","date_gmt":"2025-04-03T15:41:18","guid":{"rendered":"https:\/\/klinik19.com\/?page_id=4427"},"modified":"2025-04-03T18:41:18","modified_gmt":"2025-04-03T15:41:18","slug":"total-protez-nedir","status":"publish","type":"page","link":"https:\/\/klinik19.com\/en\/total-protez-nedir\/","title":{"rendered":"Total Protez Nedir?"},"content":{"rendered":"<div id=\"pl-4427\"  class=\"panel-layout\" ><div id=\"pg-4427-0\"  class=\"panel-grid panel-has-style\" ><div class=\"divider-no-animation panel-row-style panel-row-style-for-4427-0\" ><div id=\"pgc-4427-0-0\"  class=\"panel-grid-cell\" ><div id=\"panel-4427-0-0-0\" class=\"so-panel widget widget_sow-editor panel-first-child\" data-index=\"0\" ><div class=\"orion custom default panel-widget-style panel-widget-style-for-4427-0-0-0\" ><div\n\t\t\t\n\t\t\tclass=\"so-widget-sow-editor so-widget-sow-editor-base\"\n\t\t\t\n\t\t>\n<div class=\"siteorigin-widget-tinymce textwidget\">\n\t<p><span style=\"font-weight: 400;\">T\u00fcm di\u015flerini kaybeden a\u011f\u0131zda hi\u00e7 di\u015fi olmayan hastalara yap\u0131lan, tak\u0131l\u0131p \u00e7\u0131kar\u0131lan halk aras\u0131nda damak olarak bilinen protez t\u00fcr\u00fcd\u00fcr. <\/span><span style=\"font-weight: 400;\">Total protezler a\u011f\u0131zda tutucu g\u00f6revi g\u00f6ren hi\u00e7bir di\u015f olmad\u0131\u011f\u0131ndan \u00e7ok rahat de\u011fildirler. Yemek yerken, konu\u015furken, hareket edebilirler. Ancak hasta kullan\u0131m\u0131na al\u0131\u015f\u0131nca kendi di\u015fleri gibi rahatl\u0131kla kullanabilir. <\/span><span style=\"font-weight: 400;\">\u00dcst \u00e7ene alt \u00e7eneye g\u00f6re daha iyi tutmaktad\u0131r, ancak alt \u00e7enede hem tutucu yer daha az hem de dil oldu\u011fu i\u00e7in daha \u00e7ok hareket edebilmektedir. <\/span><span style=\"font-weight: 400;\">Total protezlerin tutuculu\u011fu i\u00e7in sa\u011flam, kaliteli kemik olmal\u0131d\u0131r. Kemi\u011fin ince zay\u0131f oldu\u011fu durumlarda implantlardan yararlanmak gerekir. \u0130mplant say\u0131s\u0131 kemik durumuna g\u00f6re karar verilerek uygulan\u0131r. \u0130mplantlar \u00fczerine tutturulan \u00f6zel par\u00e7alar ile total protezler \u00e7ok daha rahat hale getirilebilmektedir.<\/span><\/p>\n<h2><b>Parsiyel (Kancal\u0131) Protez Nedir?<\/b><\/h2>\n<p><span style=\"font-weight: 400;\">Di\u015fsiz b\u00f6lgelerin sabit kron k\u00f6pr\u00fc protezler ile tedavi edilemeyecek oldu\u011fu durumlarda kullan\u0131lan hareketli protez t\u00fcr\u00fcd\u00fcr.<\/span><\/p>\n<p><span style=\"font-weight: 400;\">Kro\u015feler halk dilinde kanca olarak bilinmektedir.<\/span><\/p>\n<p><span style=\"font-weight: 400;\">Mevcut sa\u011flam di\u015flere kro\u015feler yard\u0131m\u0131yla tutunur.<\/span><\/p>\n<p><span style=\"font-weight: 400;\">Total protezlere g\u00f6re daha tutucudur.<\/span><\/p>\n<p><span style=\"font-weight: 400;\">Rahatl\u0131kla tak\u0131l\u0131p \u00e7\u0131kar\u0131labilir ve temizlenebilir.<\/span><\/p>\n<p><span style=\"font-weight: 400;\">\u00d6n di\u015flere kancalar\u0131n (kro\u015felerin) denk gelmesi durumunda, estetik olarak dezavantaj olu\u015fmaktad\u0131r.<\/span><\/p>\n<h2><b>Hassas Ba\u011flant\u0131l\u0131 Protezler<\/b><\/h2>\n<p><span style=\"font-weight: 400;\">Di\u015f kayb\u0131n\u0131n birden \u00e7ok olup, sabit kron k\u00f6pr\u00fc protezlerinin yap\u0131lmad\u0131\u011f\u0131 durumlarda uygulan\u0131r.<\/span><\/p>\n<p><span style=\"font-weight: 400;\">Kancal\u0131 (kro\u015feli) protezlerden fark\u0131, kancalar yerine g\u00f6r\u00fclmeyen \u00f6zel tutucu sistemlerin olmas\u0131d\u0131r.<\/span><\/p>\n<p><span style=\"font-weight: 400;\">Bu tutucular sayesinde, hem \u00f6n b\u00f6lgede g\u00f6r\u00fcnen metal kancalara gerek kalmamaktad\u0131r, hem de daha s\u0131k\u0131 tutan kullan\u0131\u015fl\u0131 protezler yap\u0131labilmektedir.<\/span><\/p>\n<p><span style=\"font-weight: 400;\">Yani hem estetik hem de kullan\u0131\u015fl\u0131d\u0131r.<\/span><\/p>\n<\/div>\n<\/div><\/div><\/div><div id=\"panel-4427-0-0-1\" class=\"so-panel widget widget_sow-editor panel-last-child\" data-index=\"1\" ><div class=\"orion custom default panel-widget-style panel-widget-style-for-4427-0-0-1\" ><div\n\t\t\t\n\t\t\tclass=\"so-widget-sow-editor so-widget-sow-editor-base\"\n\t\t\t\n\t\t>\n<div class=\"siteorigin-widget-tinymce textwidget\">\n\t<p>&nbsp;<\/p>\n<p><strong>Bu sayfadaki i\u00e7erik yaln\u0131zca bilgilendirme ama\u00e7l\u0131d\u0131r.<\/strong><br \/>\n<strong>Tan\u0131 ve tedavi i\u00e7in mutlaka di\u015f hekiminize dan\u0131\u015fmal\u0131s\u0131n\u0131z.<\/strong><\/p>\n<\/div>\n<\/div><\/div><\/div><\/div><\/div><\/div><\/div>","protected":false},"excerpt":{"rendered":"<p>T\u00fcm di\u015flerini kaybeden a\u011f\u0131zda hi\u00e7 di\u015fi olmayan hastalara yap\u0131lan, tak\u0131l\u0131p \u00e7\u0131kar\u0131lan halk aras\u0131nda damak olarak bilinen protez t\u00fcr\u00fcd\u00fcr. Total protezler a\u011f\u0131zda tutucu g\u00f6revi g\u00f6ren hi\u00e7bir di\u015f olmad\u0131\u011f\u0131ndan \u00e7ok rahat de\u011fildirler. Yemek yerken, konu\u015furken, hareket edebilirler. Ancak hasta kullan\u0131m\u0131na al\u0131\u015f\u0131nca kendi di\u015fleri gibi rahatl\u0131kla kullanabilir. \u00dcst \u00e7ene alt \u00e7eneye g\u00f6re daha iyi tutmaktad\u0131r, ancak alt \u00e7enede<\/p>","protected":false},"author":1,"featured_media":0,"parent":0,"menu_order":0,"comment_status":"closed","ping_status":"closed","template":"","meta":{"footnotes":""},"class_list":["post-4427","page","type-page","status-publish","hentry"],"yoast_head":"<!-- This site is optimized with the Yoast SEO plugin v27.5 - https:\/\/yoast.com\/product\/yoast-seo-wordpress\/ -->\n<title>Total Protez Nedir? - Klinik19 &Ccedil;orum - A\u011f\u0131z ve Di\u015f Sa\u011fl\u0131\u011f\u0131 Klini\u011fi<\/title>\n<meta name=\"robots\" content=\"index, follow, max-snippet:-1, max-image-preview:large, max-video-preview:-1\" \/>\n<link rel=\"canonical\" href=\"https:\/\/klinik19.com\/en\/total-protez-nedir\/\" \/>\n<meta property=\"og:locale\" content=\"en_US\" \/>\n<meta property=\"og:type\" content=\"article\" \/>\n<meta property=\"og:title\" content=\"Total Protez Nedir? - Klinik19 &Ccedil;orum - A\u011f\u0131z ve Di\u015f Sa\u011fl\u0131\u011f\u0131 Klini\u011fi\" \/>\n<meta property=\"og:description\" content=\"T\u00fcm di\u015flerini kaybeden a\u011f\u0131zda hi\u00e7 di\u015fi olmayan hastalara yap\u0131lan, tak\u0131l\u0131p \u00e7\u0131kar\u0131lan halk aras\u0131nda damak olarak bilinen protez t\u00fcr\u00fcd\u00fcr. Total protezler a\u011f\u0131zda tutucu g\u00f6revi g\u00f6ren hi\u00e7bir di\u015f olmad\u0131\u011f\u0131ndan \u00e7ok rahat de\u011fildirler. Yemek yerken, konu\u015furken, hareket edebilirler. Ancak hasta kullan\u0131m\u0131na al\u0131\u015f\u0131nca kendi di\u015fleri gibi rahatl\u0131kla kullanabilir. \u00dcst \u00e7ene alt \u00e7eneye g\u00f6re daha iyi tutmaktad\u0131r, ancak alt \u00e7enede\" \/>\n<meta property=\"og:url\" content=\"https:\/\/klinik19.com\/en\/total-protez-nedir\/\" \/>\n<meta property=\"og:site_name\" content=\"Klinik19 &Ccedil;orum - A\u011f\u0131z ve Di\u015f Sa\u011fl\u0131\u011f\u0131 Klini\u011fi\" \/>\n<meta property=\"article:publisher\" content=\"https:\/\/www.facebook.com\/klinik19corum\/\" \/>\n<meta name=\"twitter:card\" content=\"summary_large_image\" \/>\n<script type=\"application\/ld+json\" class=\"yoast-schema-graph\">{\"@context\":\"https:\\\/\\\/schema.org\",\"@graph\":[{\"@type\":\"WebPage\",\"@id\":\"https:\\\/\\\/klinik19.com\\\/total-protez-nedir\\\/\",\"url\":\"https:\\\/\\\/klinik19.com\\\/total-protez-nedir\\\/\",\"name\":\"Total Protez Nedir? - Klinik19 &Ccedil;orum - A\u011f\u0131z ve Di\u015f Sa\u011fl\u0131\u011f\u0131 Klini\u011fi\",\"isPartOf\":{\"@id\":\"https:\\\/\\\/klinik19.com\\\/#website\"},\"datePublished\":\"2025-04-03T15:41:18+00:00\",\"breadcrumb\":{\"@id\":\"https:\\\/\\\/klinik19.com\\\/total-protez-nedir\\\/#breadcrumb\"},\"inLanguage\":\"en-US\",\"potentialAction\":[{\"@type\":\"ReadAction\",\"target\":[\"https:\\\/\\\/klinik19.com\\\/total-protez-nedir\\\/\"]}]},{\"@type\":\"BreadcrumbList\",\"@id\":\"https:\\\/\\\/klinik19.com\\\/total-protez-nedir\\\/#breadcrumb\",\"itemListElement\":[{\"@type\":\"ListItem\",\"position\":1,\"name\":\"Anasayfa\",\"item\":\"https:\\\/\\\/klinik19.com\\\/\"},{\"@type\":\"ListItem\",\"position\":2,\"name\":\"Total Protez Nedir?\"}]},{\"@type\":\"WebSite\",\"@id\":\"https:\\\/\\\/klinik19.com\\\/#website\",\"url\":\"https:\\\/\\\/klinik19.com\\\/\",\"name\":\"Klinik19 &Ccedil;orum - A\u011f\u0131z ve Di\u015f Sa\u011fl\u0131\u011f\u0131 Klini\u011fi\",\"description\":\"De\u011fi\u015fimi G&uuml;l&uuml;msemende Hisset\",\"publisher\":{\"@id\":\"https:\\\/\\\/klinik19.com\\\/#organization\"},\"potentialAction\":[{\"@type\":\"SearchAction\",\"target\":{\"@type\":\"EntryPoint\",\"urlTemplate\":\"https:\\\/\\\/klinik19.com\\\/?s={search_term_string}\"},\"query-input\":{\"@type\":\"PropertyValueSpecification\",\"valueRequired\":true,\"valueName\":\"search_term_string\"}}],\"inLanguage\":\"en-US\"},{\"@type\":\"Organization\",\"@id\":\"https:\\\/\\\/klinik19.com\\\/#organization\",\"name\":\"Klinik19 - A\u011f\u0131z ve Di\u015f Sa\u011fl\u0131\u011f\u0131 Poliklini\u011fi\",\"url\":\"https:\\\/\\\/klinik19.com\\\/\",\"logo\":{\"@type\":\"ImageObject\",\"inLanguage\":\"en-US\",\"@id\":\"https:\\\/\\\/klinik19.com\\\/#\\\/schema\\\/logo\\\/image\\\/\",\"url\":\"https:\\\/\\\/klinik19.com\\\/wp-content\\\/uploads\\\/2022\\\/02\\\/klinik19-logobg.png\",\"contentUrl\":\"https:\\\/\\\/klinik19.com\\\/wp-content\\\/uploads\\\/2022\\\/02\\\/klinik19-logobg.png\",\"width\":706,\"height\":431,\"caption\":\"Klinik19 - A\u011f\u0131z ve Di\u015f Sa\u011fl\u0131\u011f\u0131 Poliklini\u011fi\"},\"image\":{\"@id\":\"https:\\\/\\\/klinik19.com\\\/#\\\/schema\\\/logo\\\/image\\\/\"},\"sameAs\":[\"https:\\\/\\\/www.facebook.com\\\/klinik19corum\\\/\",\"https:\\\/\\\/www.instagram.com\\\/klinik.19\\\/\"]}]}<\/script>\n<!-- \/ Yoast SEO plugin. -->","yoast_head_json":{"title":"Total Protez Nedir? - Klinik19 &Ccedil;orum - A\u011f\u0131z ve Di\u015f Sa\u011fl\u0131\u011f\u0131 Klini\u011fi","robots":{"index":"index","follow":"follow","max-snippet":"max-snippet:-1","max-image-preview":"max-image-preview:large","max-video-preview":"max-video-preview:-1"},"canonical":"https:\/\/klinik19.com\/en\/total-protez-nedir\/","og_locale":"en_US","og_type":"article","og_title":"Total Protez Nedir? - Klinik19 &Ccedil;orum - A\u011f\u0131z ve Di\u015f Sa\u011fl\u0131\u011f\u0131 Klini\u011fi","og_description":"T\u00fcm di\u015flerini kaybeden a\u011f\u0131zda hi\u00e7 di\u015fi olmayan hastalara yap\u0131lan, tak\u0131l\u0131p \u00e7\u0131kar\u0131lan halk aras\u0131nda damak olarak bilinen protez t\u00fcr\u00fcd\u00fcr. Total protezler a\u011f\u0131zda tutucu g\u00f6revi g\u00f6ren hi\u00e7bir di\u015f olmad\u0131\u011f\u0131ndan \u00e7ok rahat de\u011fildirler. Yemek yerken, konu\u015furken, hareket edebilirler. Ancak hasta kullan\u0131m\u0131na al\u0131\u015f\u0131nca kendi di\u015fleri gibi rahatl\u0131kla kullanabilir. \u00dcst \u00e7ene alt \u00e7eneye g\u00f6re daha iyi tutmaktad\u0131r, ancak alt \u00e7enede","og_url":"https:\/\/klinik19.com\/en\/total-protez-nedir\/","og_site_name":"Klinik19 &Ccedil;orum - A\u011f\u0131z ve Di\u015f Sa\u011fl\u0131\u011f\u0131 Klini\u011fi","article_publisher":"https:\/\/www.facebook.com\/klinik19corum\/","twitter_card":"summary_large_image","schema":{"@context":"https:\/\/schema.org","@graph":[{"@type":"WebPage","@id":"https:\/\/klinik19.com\/total-protez-nedir\/","url":"https:\/\/klinik19.com\/total-protez-nedir\/","name":"Total Protez Nedir? - Klinik19 &Ccedil;orum - A\u011f\u0131z ve Di\u015f Sa\u011fl\u0131\u011f\u0131 Klini\u011fi","isPartOf":{"@id":"https:\/\/klinik19.com\/#website"},"datePublished":"2025-04-03T15:41:18+00:00","breadcrumb":{"@id":"https:\/\/klinik19.com\/total-protez-nedir\/#breadcrumb"},"inLanguage":"en-US","potentialAction":[{"@type":"ReadAction","target":["https:\/\/klinik19.com\/total-protez-nedir\/"]}]},{"@type":"BreadcrumbList","@id":"https:\/\/klinik19.com\/total-protez-nedir\/#breadcrumb","itemListElement":[{"@type":"ListItem","position":1,"name":"Anasayfa","item":"https:\/\/klinik19.com\/"},{"@type":"ListItem","position":2,"name":"Total Protez Nedir?"}]},{"@type":"WebSite","@id":"https:\/\/klinik19.com\/#website","url":"https:\/\/klinik19.com\/","name":"Klinik19 &Ccedil;orum - A\u011f\u0131z ve Di\u015f Sa\u011fl\u0131\u011f\u0131 Klini\u011fi","description":"De\u011fi\u015fimi G&uuml;l&uuml;msemende Hisset","publisher":{"@id":"https:\/\/klinik19.com\/#organization"},"potentialAction":[{"@type":"SearchAction","target":{"@type":"EntryPoint","urlTemplate":"https:\/\/klinik19.com\/?s={search_term_string}"},"query-input":{"@type":"PropertyValueSpecification","valueRequired":true,"valueName":"search_term_string"}}],"inLanguage":"en-US"},{"@type":"Organization","@id":"https:\/\/klinik19.com\/#organization","name":"Klinik19 - A\u011f\u0131z ve Di\u015f Sa\u011fl\u0131\u011f\u0131 Poliklini\u011fi","url":"https:\/\/klinik19.com\/","logo":{"@type":"ImageObject","inLanguage":"en-US","@id":"https:\/\/klinik19.com\/#\/schema\/logo\/image\/","url":"https:\/\/klinik19.com\/wp-content\/uploads\/2022\/02\/klinik19-logobg.png","contentUrl":"https:\/\/klinik19.com\/wp-content\/uploads\/2022\/02\/klinik19-logobg.png","width":706,"height":431,"caption":"Klinik19 - A\u011f\u0131z ve Di\u015f Sa\u011fl\u0131\u011f\u0131 Poliklini\u011fi"},"image":{"@id":"https:\/\/klinik19.com\/#\/schema\/logo\/image\/"},"sameAs":["https:\/\/www.facebook.com\/klinik19corum\/","https:\/\/www.instagram.com\/klinik.19\/"]}]}},"_links":{"self":[{"href":"https:\/\/klinik19.com\/en\/wp-json\/wp\/v2\/pages\/4427","targetHints":{"allow":["GET"]}}],"collection":[{"href":"https:\/\/klinik19.com\/en\/wp-json\/wp\/v2\/pages"}],"about":[{"href":"https:\/\/klinik19.com\/en\/wp-json\/wp\/v2\/types\/page"}],"author":[{"embeddable":true,"href":"https:\/\/klinik19.com\/en\/wp-json\/wp\/v2\/users\/1"}],"replies":[{"embeddable":true,"href":"https:\/\/klinik19.com\/en\/wp-json\/wp\/v2\/comments?post=4427"}],"version-history":[{"count":1,"href":"https:\/\/klinik19.com\/en\/wp-json\/wp\/v2\/pages\/4427\/revisions"}],"predecessor-version":[{"id":4429,"href":"https:\/\/klinik19.com\/en\/wp-json\/wp\/v2\/pages\/4427\/revisions\/4429"}],"wp:attachment":[{"href":"https:\/\/klinik19.com\/en\/wp-json\/wp\/v2\/media?parent=4427"}],"curies":[{"name":"wp","href":"https:\/\/api.w.org\/{rel}","templated":true}]}}