{"id":4433,"date":"2025-04-03T18:47:12","date_gmt":"2025-04-03T15:47:12","guid":{"rendered":"https:\/\/klinik19.com\/?page_id=4433"},"modified":"2025-04-03T18:48:41","modified_gmt":"2025-04-03T15:48:41","slug":"klinik-19-total-bakim","status":"publish","type":"page","link":"https:\/\/klinik19.com\/en\/klinik-19-total-bakim\/","title":{"rendered":"Klinik19 Total Bak\u0131m"},"content":{"rendered":"<div id=\"pl-4433\"  class=\"panel-layout\" ><div id=\"pg-4433-0\"  class=\"panel-grid panel-has-style\" ><div class=\"divider-no-animation panel-row-style panel-row-style-for-4433-0\" ><div id=\"pgc-4433-0-0\"  class=\"panel-grid-cell\" ><div id=\"panel-4433-0-0-0\" class=\"so-panel widget widget_sow-editor panel-first-child\" data-index=\"0\" ><div class=\"orion custom default panel-widget-style panel-widget-style-for-4433-0-0-0\" ><div\n\t\t\t\n\t\t\tclass=\"so-widget-sow-editor so-widget-sow-editor-base\"\n\t\t\t\n\t\t>\n<div class=\"siteorigin-widget-tinymce textwidget\">\n\t<p><span style=\"font-weight: 400;\">Total bak\u0131mda di\u015flerinizin her y\u00fczeyini en ince ayr\u0131nt\u0131s\u0131na kadar derinlemesine lekelerden temizleme ve tekrar olu\u015fmas\u0131n\u0131 engellemek i\u00e7in yap\u0131lan i\u015flemler s\u0131ras\u0131yla;<\/span><\/p>\n<ul>\n<li style=\"font-weight: 400;\" aria-level=\"1\"><span style=\"font-weight: 400;\">Dudak \u00e7evresinin \u00f6zel bir nemlendirici ile bak\u0131m\u0131<\/span><\/li>\n<li style=\"font-weight: 400;\" aria-level=\"1\"><span style=\"font-weight: 400;\">Ultrasonic bir cihazla tatarlar\u0131n temizlenmesi<\/span><\/li>\n<li style=\"font-weight: 400;\" aria-level=\"1\"><span style=\"font-weight: 400;\">Airflow cihaz\u0131 ile bas\u0131n\u00e7l\u0131 toz, su hava ile lekelerin giderilmesi<\/span><\/li>\n<li style=\"font-weight: 400;\" aria-level=\"1\"><span style=\"font-weight: 400;\">\u00d6zel pat ile di\u015flerin cilalanmas\u0131<\/span><\/li>\n<li style=\"font-weight: 400;\" aria-level=\"1\"><span style=\"font-weight: 400;\">Dil y\u00fczeyinin temizlenmesi<\/span><\/li>\n<li style=\"font-weight: 400;\" aria-level=\"1\"><span style=\"font-weight: 400;\">Di\u015flerinizin aras\u0131n\u0131n di\u015f ipi ile temizlenmesi<\/span><\/li>\n<li style=\"font-weight: 400;\" aria-level=\"1\"><span style=\"font-weight: 400;\">Mine g\u00fc\u00e7lendirici flour uygulanmas\u0131<\/span><\/li>\n<li style=\"font-weight: 400;\" aria-level=\"1\"><span style=\"font-weight: 400;\">A\u011f\u0131z hijyen e\u011fitimi verilmesi<\/span><\/li>\n<\/ul>\n<h2><b>Total Bak\u0131m Ne Zaman Yap\u0131lmal\u0131?<\/b><\/h2>\n<p><span style=\"font-weight: 400;\">Di\u015flerde plak, tartar, leke ve di\u015f ta\u015flar\u0131 olu\u015ftu\u011funda,<\/span><\/p>\n<p><span style=\"font-weight: 400;\">A\u011f\u0131zda k\u00f6t\u00fc koku oldu\u011funda,<\/span><\/p>\n<p><span style=\"font-weight: 400;\">Di\u015f etlerinde \u015fi\u015flik ve kanama oldu\u011funda,<\/span><\/p>\n<h2><b>Total Bak\u0131m Ne S\u0131kl\u0131kla Yapt\u0131rmam Gerekir?<\/b><\/h2>\n<p><span style=\"font-weight: 400;\">Bu temizlik i\u015flemi 6 ayda bir kez yap\u0131lmas\u0131 gerekir.<\/span><\/p>\n<h3><b>Bu \u0130\u015flemler Ne Kadar S\u00fcrer?<\/b><\/h3>\n<p><span style=\"font-weight: 400;\">8 kalem i\u015flem toplamda 30-45 dakika s\u00fcrer.<\/span><\/p>\n<h3><b>Temizlik \u0130\u015flemi Di\u015fleri \u00c7izer Mi?<\/b><\/h3>\n<p><span style=\"font-weight: 400;\">Total bak\u0131m aksine di\u015flerinizin y\u00fczeyini eskisine g\u00f6re daha parlak ve kaygan hale getirir.<\/span><\/p>\n<h3><b>Bak\u0131m Sonras\u0131 Di\u015flerim Beyazlar M\u0131?<\/b><\/h3>\n<p><span style=\"font-weight: 400;\">Bu i\u015flemler sonucunda di\u015fler eski orijinal rengine geri d\u00f6ner. \u00dczerindeki lekeler \u00e7\u0131kaca\u011f\u0131ndan bir miktar beyazlama olacakt\u0131r.<\/span><\/p>\n<\/div>\n<\/div><\/div><\/div><div id=\"panel-4433-0-0-1\" class=\"so-panel widget widget_sow-editor panel-last-child\" data-index=\"1\" ><div class=\"orion custom default panel-widget-style panel-widget-style-for-4433-0-0-1\" ><div\n\t\t\t\n\t\t\tclass=\"so-widget-sow-editor so-widget-sow-editor-base\"\n\t\t\t\n\t\t>\n<div class=\"siteorigin-widget-tinymce textwidget\">\n\t<p>&nbsp;<\/p>\n<p><strong>Bu sayfadaki i\u00e7erik yaln\u0131zca bilgilendirme ama\u00e7l\u0131d\u0131r.<\/strong><br \/>\n<strong>Tan\u0131 ve tedavi i\u00e7in mutlaka di\u015f hekiminize dan\u0131\u015fmal\u0131s\u0131n\u0131z.<\/strong><\/p>\n<\/div>\n<\/div><\/div><\/div><\/div><\/div><\/div><\/div>","protected":false},"excerpt":{"rendered":"<p>Total bak\u0131mda di\u015flerinizin her y\u00fczeyini en ince ayr\u0131nt\u0131s\u0131na kadar derinlemesine lekelerden temizleme ve tekrar olu\u015fmas\u0131n\u0131 engellemek i\u00e7in yap\u0131lan i\u015flemler s\u0131ras\u0131yla; Dudak \u00e7evresinin \u00f6zel bir nemlendirici ile bak\u0131m\u0131 Ultrasonic bir cihazla tatarlar\u0131n temizlenmesi Airflow cihaz\u0131 ile bas\u0131n\u00e7l\u0131 toz, su hava ile lekelerin giderilmesi \u00d6zel pat ile di\u015flerin cilalanmas\u0131 Dil y\u00fczeyinin temizlenmesi Di\u015flerinizin aras\u0131n\u0131n di\u015f ipi ile<\/p>","protected":false},"author":1,"featured_media":0,"parent":0,"menu_order":0,"comment_status":"closed","ping_status":"closed","template":"","meta":{"footnotes":""},"class_list":["post-4433","page","type-page","status-publish","hentry"],"yoast_head":"<!-- This site is optimized with the Yoast SEO plugin v27.5 - https:\/\/yoast.com\/product\/yoast-seo-wordpress\/ -->\n<title>Klinik19 Total Bak\u0131m - Klinik19 &Ccedil;orum - A\u011f\u0131z ve Di\u015f Sa\u011fl\u0131\u011f\u0131 Klini\u011fi<\/title>\n<meta name=\"robots\" content=\"index, follow, max-snippet:-1, max-image-preview:large, max-video-preview:-1\" \/>\n<link rel=\"canonical\" href=\"https:\/\/klinik19.com\/en\/klinik-19-total-bakim\/\" \/>\n<meta property=\"og:locale\" content=\"en_US\" \/>\n<meta property=\"og:type\" content=\"article\" \/>\n<meta property=\"og:title\" content=\"Klinik19 Total Bak\u0131m - Klinik19 &Ccedil;orum - A\u011f\u0131z ve Di\u015f Sa\u011fl\u0131\u011f\u0131 Klini\u011fi\" \/>\n<meta property=\"og:description\" content=\"Total bak\u0131mda di\u015flerinizin her y\u00fczeyini en ince ayr\u0131nt\u0131s\u0131na kadar derinlemesine lekelerden temizleme ve tekrar olu\u015fmas\u0131n\u0131 engellemek i\u00e7in yap\u0131lan i\u015flemler s\u0131ras\u0131yla; Dudak \u00e7evresinin \u00f6zel bir nemlendirici ile bak\u0131m\u0131 Ultrasonic bir cihazla tatarlar\u0131n temizlenmesi Airflow cihaz\u0131 ile bas\u0131n\u00e7l\u0131 toz, su hava ile lekelerin giderilmesi \u00d6zel pat ile di\u015flerin cilalanmas\u0131 Dil y\u00fczeyinin temizlenmesi Di\u015flerinizin aras\u0131n\u0131n di\u015f ipi ile\" \/>\n<meta property=\"og:url\" content=\"https:\/\/klinik19.com\/en\/klinik-19-total-bakim\/\" \/>\n<meta property=\"og:site_name\" content=\"Klinik19 &Ccedil;orum - A\u011f\u0131z ve Di\u015f Sa\u011fl\u0131\u011f\u0131 Klini\u011fi\" \/>\n<meta property=\"article:publisher\" content=\"https:\/\/www.facebook.com\/klinik19corum\/\" \/>\n<meta property=\"article:modified_time\" content=\"2025-04-03T15:48:41+00:00\" \/>\n<meta name=\"twitter:card\" content=\"summary_large_image\" \/>\n<meta name=\"twitter:label1\" content=\"Est. reading time\" \/>\n\t<meta name=\"twitter:data1\" content=\"2 minutes\" \/>\n<script type=\"application\/ld+json\" class=\"yoast-schema-graph\">{\"@context\":\"https:\\\/\\\/schema.org\",\"@graph\":[{\"@type\":\"WebPage\",\"@id\":\"https:\\\/\\\/klinik19.com\\\/klinik-19-total-bakim\\\/\",\"url\":\"https:\\\/\\\/klinik19.com\\\/klinik-19-total-bakim\\\/\",\"name\":\"Klinik19 Total Bak\u0131m - Klinik19 &Ccedil;orum - A\u011f\u0131z ve Di\u015f Sa\u011fl\u0131\u011f\u0131 Klini\u011fi\",\"isPartOf\":{\"@id\":\"https:\\\/\\\/klinik19.com\\\/#website\"},\"datePublished\":\"2025-04-03T15:47:12+00:00\",\"dateModified\":\"2025-04-03T15:48:41+00:00\",\"breadcrumb\":{\"@id\":\"https:\\\/\\\/klinik19.com\\\/klinik-19-total-bakim\\\/#breadcrumb\"},\"inLanguage\":\"en-US\",\"potentialAction\":[{\"@type\":\"ReadAction\",\"target\":[\"https:\\\/\\\/klinik19.com\\\/klinik-19-total-bakim\\\/\"]}]},{\"@type\":\"BreadcrumbList\",\"@id\":\"https:\\\/\\\/klinik19.com\\\/klinik-19-total-bakim\\\/#breadcrumb\",\"itemListElement\":[{\"@type\":\"ListItem\",\"position\":1,\"name\":\"Anasayfa\",\"item\":\"https:\\\/\\\/klinik19.com\\\/\"},{\"@type\":\"ListItem\",\"position\":2,\"name\":\"Klinik19 Total Bak\u0131m\"}]},{\"@type\":\"WebSite\",\"@id\":\"https:\\\/\\\/klinik19.com\\\/#website\",\"url\":\"https:\\\/\\\/klinik19.com\\\/\",\"name\":\"Klinik19 &Ccedil;orum - A\u011f\u0131z ve Di\u015f Sa\u011fl\u0131\u011f\u0131 Klini\u011fi\",\"description\":\"De\u011fi\u015fimi G&uuml;l&uuml;msemende Hisset\",\"publisher\":{\"@id\":\"https:\\\/\\\/klinik19.com\\\/#organization\"},\"potentialAction\":[{\"@type\":\"SearchAction\",\"target\":{\"@type\":\"EntryPoint\",\"urlTemplate\":\"https:\\\/\\\/klinik19.com\\\/?s={search_term_string}\"},\"query-input\":{\"@type\":\"PropertyValueSpecification\",\"valueRequired\":true,\"valueName\":\"search_term_string\"}}],\"inLanguage\":\"en-US\"},{\"@type\":\"Organization\",\"@id\":\"https:\\\/\\\/klinik19.com\\\/#organization\",\"name\":\"Klinik19 - A\u011f\u0131z ve Di\u015f Sa\u011fl\u0131\u011f\u0131 Poliklini\u011fi\",\"url\":\"https:\\\/\\\/klinik19.com\\\/\",\"logo\":{\"@type\":\"ImageObject\",\"inLanguage\":\"en-US\",\"@id\":\"https:\\\/\\\/klinik19.com\\\/#\\\/schema\\\/logo\\\/image\\\/\",\"url\":\"https:\\\/\\\/klinik19.com\\\/wp-content\\\/uploads\\\/2022\\\/02\\\/klinik19-logobg.png\",\"contentUrl\":\"https:\\\/\\\/klinik19.com\\\/wp-content\\\/uploads\\\/2022\\\/02\\\/klinik19-logobg.png\",\"width\":706,\"height\":431,\"caption\":\"Klinik19 - A\u011f\u0131z ve Di\u015f Sa\u011fl\u0131\u011f\u0131 Poliklini\u011fi\"},\"image\":{\"@id\":\"https:\\\/\\\/klinik19.com\\\/#\\\/schema\\\/logo\\\/image\\\/\"},\"sameAs\":[\"https:\\\/\\\/www.facebook.com\\\/klinik19corum\\\/\",\"https:\\\/\\\/www.instagram.com\\\/klinik.19\\\/\"]}]}<\/script>\n<!-- \/ Yoast SEO plugin. -->","yoast_head_json":{"title":"Klinik19 Total Bak\u0131m - Klinik19 &Ccedil;orum - A\u011f\u0131z ve Di\u015f Sa\u011fl\u0131\u011f\u0131 Klini\u011fi","robots":{"index":"index","follow":"follow","max-snippet":"max-snippet:-1","max-image-preview":"max-image-preview:large","max-video-preview":"max-video-preview:-1"},"canonical":"https:\/\/klinik19.com\/en\/klinik-19-total-bakim\/","og_locale":"en_US","og_type":"article","og_title":"Klinik19 Total Bak\u0131m - Klinik19 &Ccedil;orum - A\u011f\u0131z ve Di\u015f Sa\u011fl\u0131\u011f\u0131 Klini\u011fi","og_description":"Total bak\u0131mda di\u015flerinizin her y\u00fczeyini en ince ayr\u0131nt\u0131s\u0131na kadar derinlemesine lekelerden temizleme ve tekrar olu\u015fmas\u0131n\u0131 engellemek i\u00e7in yap\u0131lan i\u015flemler s\u0131ras\u0131yla; Dudak \u00e7evresinin \u00f6zel bir nemlendirici ile bak\u0131m\u0131 Ultrasonic bir cihazla tatarlar\u0131n temizlenmesi Airflow cihaz\u0131 ile bas\u0131n\u00e7l\u0131 toz, su hava ile lekelerin giderilmesi \u00d6zel pat ile di\u015flerin cilalanmas\u0131 Dil y\u00fczeyinin temizlenmesi Di\u015flerinizin aras\u0131n\u0131n di\u015f ipi ile","og_url":"https:\/\/klinik19.com\/en\/klinik-19-total-bakim\/","og_site_name":"Klinik19 &Ccedil;orum - A\u011f\u0131z ve Di\u015f Sa\u011fl\u0131\u011f\u0131 Klini\u011fi","article_publisher":"https:\/\/www.facebook.com\/klinik19corum\/","article_modified_time":"2025-04-03T15:48:41+00:00","twitter_card":"summary_large_image","twitter_misc":{"Est. reading time":"2 minutes"},"schema":{"@context":"https:\/\/schema.org","@graph":[{"@type":"WebPage","@id":"https:\/\/klinik19.com\/klinik-19-total-bakim\/","url":"https:\/\/klinik19.com\/klinik-19-total-bakim\/","name":"Klinik19 Total Bak\u0131m - Klinik19 &Ccedil;orum - A\u011f\u0131z ve Di\u015f Sa\u011fl\u0131\u011f\u0131 Klini\u011fi","isPartOf":{"@id":"https:\/\/klinik19.com\/#website"},"datePublished":"2025-04-03T15:47:12+00:00","dateModified":"2025-04-03T15:48:41+00:00","breadcrumb":{"@id":"https:\/\/klinik19.com\/klinik-19-total-bakim\/#breadcrumb"},"inLanguage":"en-US","potentialAction":[{"@type":"ReadAction","target":["https:\/\/klinik19.com\/klinik-19-total-bakim\/"]}]},{"@type":"BreadcrumbList","@id":"https:\/\/klinik19.com\/klinik-19-total-bakim\/#breadcrumb","itemListElement":[{"@type":"ListItem","position":1,"name":"Anasayfa","item":"https:\/\/klinik19.com\/"},{"@type":"ListItem","position":2,"name":"Klinik19 Total Bak\u0131m"}]},{"@type":"WebSite","@id":"https:\/\/klinik19.com\/#website","url":"https:\/\/klinik19.com\/","name":"Klinik19 &Ccedil;orum - A\u011f\u0131z ve Di\u015f Sa\u011fl\u0131\u011f\u0131 Klini\u011fi","description":"De\u011fi\u015fimi G&uuml;l&uuml;msemende Hisset","publisher":{"@id":"https:\/\/klinik19.com\/#organization"},"potentialAction":[{"@type":"SearchAction","target":{"@type":"EntryPoint","urlTemplate":"https:\/\/klinik19.com\/?s={search_term_string}"},"query-input":{"@type":"PropertyValueSpecification","valueRequired":true,"valueName":"search_term_string"}}],"inLanguage":"en-US"},{"@type":"Organization","@id":"https:\/\/klinik19.com\/#organization","name":"Klinik19 - A\u011f\u0131z ve Di\u015f Sa\u011fl\u0131\u011f\u0131 Poliklini\u011fi","url":"https:\/\/klinik19.com\/","logo":{"@type":"ImageObject","inLanguage":"en-US","@id":"https:\/\/klinik19.com\/#\/schema\/logo\/image\/","url":"https:\/\/klinik19.com\/wp-content\/uploads\/2022\/02\/klinik19-logobg.png","contentUrl":"https:\/\/klinik19.com\/wp-content\/uploads\/2022\/02\/klinik19-logobg.png","width":706,"height":431,"caption":"Klinik19 - A\u011f\u0131z ve Di\u015f Sa\u011fl\u0131\u011f\u0131 Poliklini\u011fi"},"image":{"@id":"https:\/\/klinik19.com\/#\/schema\/logo\/image\/"},"sameAs":["https:\/\/www.facebook.com\/klinik19corum\/","https:\/\/www.instagram.com\/klinik.19\/"]}]}},"_links":{"self":[{"href":"https:\/\/klinik19.com\/en\/wp-json\/wp\/v2\/pages\/4433","targetHints":{"allow":["GET"]}}],"collection":[{"href":"https:\/\/klinik19.com\/en\/wp-json\/wp\/v2\/pages"}],"about":[{"href":"https:\/\/klinik19.com\/en\/wp-json\/wp\/v2\/types\/page"}],"author":[{"embeddable":true,"href":"https:\/\/klinik19.com\/en\/wp-json\/wp\/v2\/users\/1"}],"replies":[{"embeddable":true,"href":"https:\/\/klinik19.com\/en\/wp-json\/wp\/v2\/comments?post=4433"}],"version-history":[{"count":3,"href":"https:\/\/klinik19.com\/en\/wp-json\/wp\/v2\/pages\/4433\/revisions"}],"predecessor-version":[{"id":4437,"href":"https:\/\/klinik19.com\/en\/wp-json\/wp\/v2\/pages\/4433\/revisions\/4437"}],"wp:attachment":[{"href":"https:\/\/klinik19.com\/en\/wp-json\/wp\/v2\/media?parent=4433"}],"curies":[{"name":"wp","href":"https:\/\/api.w.org\/{rel}","templated":true}]}}