{"id":4444,"date":"2025-04-03T18:53:57","date_gmt":"2025-04-03T15:53:57","guid":{"rendered":"https:\/\/klinik19.com\/?page_id=4444"},"modified":"2025-04-03T18:53:57","modified_gmt":"2025-04-03T15:53:57","slug":"pembe-estetik","status":"publish","type":"page","link":"https:\/\/klinik19.com\/en\/pembe-estetik\/","title":{"rendered":"Pembe Estetik"},"content":{"rendered":"<div id=\"pl-4444\"  class=\"panel-layout\" ><div id=\"pg-4444-0\"  class=\"panel-grid panel-has-style\" ><div class=\"divider-no-animation panel-row-style panel-row-style-for-4444-0\" ><div id=\"pgc-4444-0-0\"  class=\"panel-grid-cell\" ><div id=\"panel-4444-0-0-0\" class=\"so-panel widget widget_sow-editor panel-first-child\" data-index=\"0\" ><div class=\"orion custom default panel-widget-style panel-widget-style-for-4444-0-0-0\" ><div\n\t\t\t\n\t\t\tclass=\"so-widget-sow-editor so-widget-sow-editor-base\"\n\t\t\t\n\t\t>\n<div class=\"siteorigin-widget-tinymce textwidget\">\n\t<h2><b>PEMBE ESTET\u0130K NED\u0130R?<\/b><\/h2>\n<p><span style=\"font-weight: 400;\">Estetik bir g\u00fcl\u00fc\u015fe sahip olmak i\u00e7in di\u015flerinizin d\u00fcz ve beyaz olmas\u0131 tek ba\u015f\u0131na yeterli olmaz. Di\u015f etlerinizin uyumlu, simetrik ve sa\u011fl\u0131kl\u0131 olmas\u0131 gerekir.<\/span><\/p>\n<p><span style=\"font-weight: 400;\">Her di\u015fin di\u015f eti seviyesi olmas\u0131 gereken standart bir \u015fekli ve yeri vard\u0131r. Bu standartlar d\u0131\u015f\u0131nda estetik elde etmek zor olur.<\/span><\/p>\n<p><span style=\"font-weight: 400;\">Sa\u011fl\u0131kl\u0131 di\u015f etleri a\u00e7\u0131k renkte pembe, di\u015fe ve kemi\u011fe s\u0131k\u0131 yap\u0131\u015fm\u0131\u015f olup, portakal kabu\u011funa benzer p\u00fct\u00fcrl\u00fc g\u00f6r\u00fcn\u00fcm\u00fc olur.<\/span><\/p>\n<p><span style=\"font-weight: 400;\">Di\u015f etinin di\u015f ile uyumuna pembe estetik denir.<\/span><\/p>\n<h2><b>Pembe Estetik Problemleri<\/b><\/h2>\n<p><span style=\"font-weight: 400;\">K\u0131rm\u0131z\u0131, \u015fi\u015f, kanamal\u0131 di\u015f eti<\/span><\/p>\n<p><span style=\"font-weight: 400;\">Fazla uzun ve di\u015fi kapatan di\u015f etleri<\/span><\/p>\n<p><span style=\"font-weight: 400;\">\u00dcst \u00e7enede sark\u0131kl\u0131ktan dolay\u0131 di\u015f etlerinin \u00e7ok g\u00f6r\u00fcnmesi (Gummy smile)<\/span><\/p>\n<p><span style=\"font-weight: 400;\">Di\u015f etlerinin a\u015f\u0131r\u0131 \u00e7ekilmesi<\/span><\/p>\n<p><span style=\"font-weight: 400;\">Di\u015f etlerinin seviyelerinin \u00e7ok farkl\u0131 olmas\u0131<\/span><\/p>\n<p><span style=\"font-weight: 400;\">Di\u015flerde yap\u0131lan 1 mm de\u011fi\u015fiklik di\u015f esteti\u011finde inan\u0131lmaz de\u011fi\u015fime sebep oldu\u011fu gibi, di\u015f etlerinde de yap\u0131lan de\u011fi\u015fikler m\u00fckemmel sonu\u00e7lar elde etmemizi sa\u011flar.<\/span><\/p>\n<p><span style=\"font-weight: 400;\">Diod lazer ile di\u015f etleriniz \u00e7ok rahat, h\u0131zl\u0131 ve operasyon sonras\u0131 \u00e7ok konforlu bir \u015fekilde k\u0131salt\u0131l\u0131r.<\/span><\/p>\n<\/div>\n<\/div><\/div><\/div><div id=\"panel-4444-0-0-1\" class=\"so-panel widget widget_sow-editor panel-last-child\" data-index=\"1\" ><div class=\"orion custom default panel-widget-style panel-widget-style-for-4444-0-0-1\" ><div\n\t\t\t\n\t\t\tclass=\"so-widget-sow-editor so-widget-sow-editor-base\"\n\t\t\t\n\t\t>\n<div class=\"siteorigin-widget-tinymce textwidget\">\n\t<p>&nbsp;<\/p>\n<p><strong>Bu sayfadaki i\u00e7erik yaln\u0131zca bilgilendirme ama\u00e7l\u0131d\u0131r.<\/strong><br \/>\n<strong>Tan\u0131 ve tedavi i\u00e7in mutlaka di\u015f hekiminize dan\u0131\u015fmal\u0131s\u0131n\u0131z.<\/strong><\/p>\n<\/div>\n<\/div><\/div><\/div><\/div><\/div><\/div><\/div>","protected":false},"excerpt":{"rendered":"<p>PEMBE ESTET\u0130K NED\u0130R? Estetik bir g\u00fcl\u00fc\u015fe sahip olmak i\u00e7in di\u015flerinizin d\u00fcz ve beyaz olmas\u0131 tek ba\u015f\u0131na yeterli olmaz. Di\u015f etlerinizin uyumlu, simetrik ve sa\u011fl\u0131kl\u0131 olmas\u0131 gerekir. Her di\u015fin di\u015f eti seviyesi olmas\u0131 gereken standart bir \u015fekli ve yeri vard\u0131r. Bu standartlar d\u0131\u015f\u0131nda estetik elde etmek zor olur. Sa\u011fl\u0131kl\u0131 di\u015f etleri a\u00e7\u0131k renkte pembe, di\u015fe ve<\/p>","protected":false},"author":1,"featured_media":0,"parent":0,"menu_order":0,"comment_status":"closed","ping_status":"closed","template":"","meta":{"footnotes":""},"class_list":["post-4444","page","type-page","status-publish","hentry"],"yoast_head":"<!-- This site is optimized with the Yoast SEO plugin v27.5 - https:\/\/yoast.com\/product\/yoast-seo-wordpress\/ -->\n<title>Pembe Estetik - Klinik19 &Ccedil;orum - A\u011f\u0131z ve Di\u015f Sa\u011fl\u0131\u011f\u0131 Klini\u011fi<\/title>\n<meta name=\"robots\" content=\"index, follow, max-snippet:-1, max-image-preview:large, max-video-preview:-1\" \/>\n<link rel=\"canonical\" href=\"https:\/\/klinik19.com\/en\/pembe-estetik\/\" \/>\n<meta property=\"og:locale\" content=\"en_US\" \/>\n<meta property=\"og:type\" content=\"article\" \/>\n<meta property=\"og:title\" content=\"Pembe Estetik - Klinik19 &Ccedil;orum - A\u011f\u0131z ve Di\u015f Sa\u011fl\u0131\u011f\u0131 Klini\u011fi\" \/>\n<meta property=\"og:description\" content=\"PEMBE ESTET\u0130K NED\u0130R? Estetik bir g\u00fcl\u00fc\u015fe sahip olmak i\u00e7in di\u015flerinizin d\u00fcz ve beyaz olmas\u0131 tek ba\u015f\u0131na yeterli olmaz. Di\u015f etlerinizin uyumlu, simetrik ve sa\u011fl\u0131kl\u0131 olmas\u0131 gerekir. Her di\u015fin di\u015f eti seviyesi olmas\u0131 gereken standart bir \u015fekli ve yeri vard\u0131r. Bu standartlar d\u0131\u015f\u0131nda estetik elde etmek zor olur. Sa\u011fl\u0131kl\u0131 di\u015f etleri a\u00e7\u0131k renkte pembe, di\u015fe ve\" \/>\n<meta property=\"og:url\" content=\"https:\/\/klinik19.com\/en\/pembe-estetik\/\" \/>\n<meta property=\"og:site_name\" content=\"Klinik19 &Ccedil;orum - A\u011f\u0131z ve Di\u015f Sa\u011fl\u0131\u011f\u0131 Klini\u011fi\" \/>\n<meta property=\"article:publisher\" content=\"https:\/\/www.facebook.com\/klinik19corum\/\" \/>\n<meta name=\"twitter:card\" content=\"summary_large_image\" \/>\n<script type=\"application\/ld+json\" class=\"yoast-schema-graph\">{\"@context\":\"https:\\\/\\\/schema.org\",\"@graph\":[{\"@type\":\"WebPage\",\"@id\":\"https:\\\/\\\/klinik19.com\\\/pembe-estetik\\\/\",\"url\":\"https:\\\/\\\/klinik19.com\\\/pembe-estetik\\\/\",\"name\":\"Pembe Estetik - Klinik19 &Ccedil;orum - A\u011f\u0131z ve Di\u015f Sa\u011fl\u0131\u011f\u0131 Klini\u011fi\",\"isPartOf\":{\"@id\":\"https:\\\/\\\/klinik19.com\\\/#website\"},\"datePublished\":\"2025-04-03T15:53:57+00:00\",\"breadcrumb\":{\"@id\":\"https:\\\/\\\/klinik19.com\\\/pembe-estetik\\\/#breadcrumb\"},\"inLanguage\":\"en-US\",\"potentialAction\":[{\"@type\":\"ReadAction\",\"target\":[\"https:\\\/\\\/klinik19.com\\\/pembe-estetik\\\/\"]}]},{\"@type\":\"BreadcrumbList\",\"@id\":\"https:\\\/\\\/klinik19.com\\\/pembe-estetik\\\/#breadcrumb\",\"itemListElement\":[{\"@type\":\"ListItem\",\"position\":1,\"name\":\"Anasayfa\",\"item\":\"https:\\\/\\\/klinik19.com\\\/\"},{\"@type\":\"ListItem\",\"position\":2,\"name\":\"Pembe Estetik\"}]},{\"@type\":\"WebSite\",\"@id\":\"https:\\\/\\\/klinik19.com\\\/#website\",\"url\":\"https:\\\/\\\/klinik19.com\\\/\",\"name\":\"Klinik19 &Ccedil;orum - A\u011f\u0131z ve Di\u015f Sa\u011fl\u0131\u011f\u0131 Klini\u011fi\",\"description\":\"De\u011fi\u015fimi G&uuml;l&uuml;msemende Hisset\",\"publisher\":{\"@id\":\"https:\\\/\\\/klinik19.com\\\/#organization\"},\"potentialAction\":[{\"@type\":\"SearchAction\",\"target\":{\"@type\":\"EntryPoint\",\"urlTemplate\":\"https:\\\/\\\/klinik19.com\\\/?s={search_term_string}\"},\"query-input\":{\"@type\":\"PropertyValueSpecification\",\"valueRequired\":true,\"valueName\":\"search_term_string\"}}],\"inLanguage\":\"en-US\"},{\"@type\":\"Organization\",\"@id\":\"https:\\\/\\\/klinik19.com\\\/#organization\",\"name\":\"Klinik19 - A\u011f\u0131z ve Di\u015f Sa\u011fl\u0131\u011f\u0131 Poliklini\u011fi\",\"url\":\"https:\\\/\\\/klinik19.com\\\/\",\"logo\":{\"@type\":\"ImageObject\",\"inLanguage\":\"en-US\",\"@id\":\"https:\\\/\\\/klinik19.com\\\/#\\\/schema\\\/logo\\\/image\\\/\",\"url\":\"https:\\\/\\\/klinik19.com\\\/wp-content\\\/uploads\\\/2022\\\/02\\\/klinik19-logobg.png\",\"contentUrl\":\"https:\\\/\\\/klinik19.com\\\/wp-content\\\/uploads\\\/2022\\\/02\\\/klinik19-logobg.png\",\"width\":706,\"height\":431,\"caption\":\"Klinik19 - A\u011f\u0131z ve Di\u015f Sa\u011fl\u0131\u011f\u0131 Poliklini\u011fi\"},\"image\":{\"@id\":\"https:\\\/\\\/klinik19.com\\\/#\\\/schema\\\/logo\\\/image\\\/\"},\"sameAs\":[\"https:\\\/\\\/www.facebook.com\\\/klinik19corum\\\/\",\"https:\\\/\\\/www.instagram.com\\\/klinik.19\\\/\"]}]}<\/script>\n<!-- \/ Yoast SEO plugin. -->","yoast_head_json":{"title":"Pembe Estetik - Klinik19 &Ccedil;orum - A\u011f\u0131z ve Di\u015f Sa\u011fl\u0131\u011f\u0131 Klini\u011fi","robots":{"index":"index","follow":"follow","max-snippet":"max-snippet:-1","max-image-preview":"max-image-preview:large","max-video-preview":"max-video-preview:-1"},"canonical":"https:\/\/klinik19.com\/en\/pembe-estetik\/","og_locale":"en_US","og_type":"article","og_title":"Pembe Estetik - Klinik19 &Ccedil;orum - A\u011f\u0131z ve Di\u015f Sa\u011fl\u0131\u011f\u0131 Klini\u011fi","og_description":"PEMBE ESTET\u0130K NED\u0130R? Estetik bir g\u00fcl\u00fc\u015fe sahip olmak i\u00e7in di\u015flerinizin d\u00fcz ve beyaz olmas\u0131 tek ba\u015f\u0131na yeterli olmaz. Di\u015f etlerinizin uyumlu, simetrik ve sa\u011fl\u0131kl\u0131 olmas\u0131 gerekir. Her di\u015fin di\u015f eti seviyesi olmas\u0131 gereken standart bir \u015fekli ve yeri vard\u0131r. Bu standartlar d\u0131\u015f\u0131nda estetik elde etmek zor olur. Sa\u011fl\u0131kl\u0131 di\u015f etleri a\u00e7\u0131k renkte pembe, di\u015fe ve","og_url":"https:\/\/klinik19.com\/en\/pembe-estetik\/","og_site_name":"Klinik19 &Ccedil;orum - A\u011f\u0131z ve Di\u015f Sa\u011fl\u0131\u011f\u0131 Klini\u011fi","article_publisher":"https:\/\/www.facebook.com\/klinik19corum\/","twitter_card":"summary_large_image","schema":{"@context":"https:\/\/schema.org","@graph":[{"@type":"WebPage","@id":"https:\/\/klinik19.com\/pembe-estetik\/","url":"https:\/\/klinik19.com\/pembe-estetik\/","name":"Pembe Estetik - Klinik19 &Ccedil;orum - A\u011f\u0131z ve Di\u015f Sa\u011fl\u0131\u011f\u0131 Klini\u011fi","isPartOf":{"@id":"https:\/\/klinik19.com\/#website"},"datePublished":"2025-04-03T15:53:57+00:00","breadcrumb":{"@id":"https:\/\/klinik19.com\/pembe-estetik\/#breadcrumb"},"inLanguage":"en-US","potentialAction":[{"@type":"ReadAction","target":["https:\/\/klinik19.com\/pembe-estetik\/"]}]},{"@type":"BreadcrumbList","@id":"https:\/\/klinik19.com\/pembe-estetik\/#breadcrumb","itemListElement":[{"@type":"ListItem","position":1,"name":"Anasayfa","item":"https:\/\/klinik19.com\/"},{"@type":"ListItem","position":2,"name":"Pembe Estetik"}]},{"@type":"WebSite","@id":"https:\/\/klinik19.com\/#website","url":"https:\/\/klinik19.com\/","name":"Klinik19 &Ccedil;orum - A\u011f\u0131z ve Di\u015f Sa\u011fl\u0131\u011f\u0131 Klini\u011fi","description":"De\u011fi\u015fimi G&uuml;l&uuml;msemende Hisset","publisher":{"@id":"https:\/\/klinik19.com\/#organization"},"potentialAction":[{"@type":"SearchAction","target":{"@type":"EntryPoint","urlTemplate":"https:\/\/klinik19.com\/?s={search_term_string}"},"query-input":{"@type":"PropertyValueSpecification","valueRequired":true,"valueName":"search_term_string"}}],"inLanguage":"en-US"},{"@type":"Organization","@id":"https:\/\/klinik19.com\/#organization","name":"Klinik19 - A\u011f\u0131z ve Di\u015f Sa\u011fl\u0131\u011f\u0131 Poliklini\u011fi","url":"https:\/\/klinik19.com\/","logo":{"@type":"ImageObject","inLanguage":"en-US","@id":"https:\/\/klinik19.com\/#\/schema\/logo\/image\/","url":"https:\/\/klinik19.com\/wp-content\/uploads\/2022\/02\/klinik19-logobg.png","contentUrl":"https:\/\/klinik19.com\/wp-content\/uploads\/2022\/02\/klinik19-logobg.png","width":706,"height":431,"caption":"Klinik19 - A\u011f\u0131z ve Di\u015f Sa\u011fl\u0131\u011f\u0131 Poliklini\u011fi"},"image":{"@id":"https:\/\/klinik19.com\/#\/schema\/logo\/image\/"},"sameAs":["https:\/\/www.facebook.com\/klinik19corum\/","https:\/\/www.instagram.com\/klinik.19\/"]}]}},"_links":{"self":[{"href":"https:\/\/klinik19.com\/en\/wp-json\/wp\/v2\/pages\/4444","targetHints":{"allow":["GET"]}}],"collection":[{"href":"https:\/\/klinik19.com\/en\/wp-json\/wp\/v2\/pages"}],"about":[{"href":"https:\/\/klinik19.com\/en\/wp-json\/wp\/v2\/types\/page"}],"author":[{"embeddable":true,"href":"https:\/\/klinik19.com\/en\/wp-json\/wp\/v2\/users\/1"}],"replies":[{"embeddable":true,"href":"https:\/\/klinik19.com\/en\/wp-json\/wp\/v2\/comments?post=4444"}],"version-history":[{"count":1,"href":"https:\/\/klinik19.com\/en\/wp-json\/wp\/v2\/pages\/4444\/revisions"}],"predecessor-version":[{"id":4446,"href":"https:\/\/klinik19.com\/en\/wp-json\/wp\/v2\/pages\/4444\/revisions\/4446"}],"wp:attachment":[{"href":"https:\/\/klinik19.com\/en\/wp-json\/wp\/v2\/media?parent=4444"}],"curies":[{"name":"wp","href":"https:\/\/api.w.org\/{rel}","templated":true}]}}